{"id":1399,"date":"2022-12-08T12:10:29","date_gmt":"2022-12-08T12:10:29","guid":{"rendered":"https:\/\/www.virtualskills.eu\/motivation\/"},"modified":"2023-02-06T11:47:59","modified_gmt":"2023-02-06T11:47:59","slug":"motivation","status":"publish","type":"page","link":"https:\/\/www.virtualskills.eu\/de\/motivation\/","title":{"rendered":"Motivation"},"content":{"rendered":"<section class=\"wpb-content-wrapper\"><p>[vc_row css_animation=&#8220;&#8220; row_type=&#8220;row&#8220; use_row_as_full_screen_section=&#8220;no&#8220; type=&#8220;grid&#8220; angled_section=&#8220;no&#8220; text_align=&#8220;left&#8220; background_image_as_pattern=&#8220;without_pattern&#8220; css=&#8220;.vc_custom_1477991881291{padding-top: 84px !important;}&#8220;][vc_column offset=&#8220;vc_col-lg-6 vc_col-md-6&#8243;][vc_empty_space height=&#8220;8px&#8220;][vc_single_image image=&#8220;176&#8243; img_size=&#8220;full&#8220; qode_css_animation=&#8220;&#8220;][vc_empty_space height=&#8220;45px&#8220;][\/vc_column][vc_column offset=&#8220;vc_col-lg-6 vc_col-md-6&#8243;][vc_column_text]<span class=\"color_12\">Die F\u00e4higkeit, in virtuellen Teams zu arbeiten, ist zu einer der grundlegenden Besch\u00e4ftigungsf\u00e4higkeiten geworden. Die Herausforderungen bei der Arbeit in virtuellen Teams sind vielschichtig. Solche Teams haben mit dem Fehlen herk\u00f6mmlicher Mechanismen zur Vertrauensbildung zu k\u00e4mpfen, die Kommunikation wird durch das Fehlen visueller Signale wie K\u00f6rpersprache und Mimik erheblich erschwert und die L\u00f6sung von Konflikten im Team ist oft schwieriger als in herk\u00f6mmlichen Teams. Der Aufbau von Beziehungen und die Bew\u00e4ltigung von Gef\u00fchlen der Isolation tragen ebenfalls zu den Herausforderungen der Arbeit in virtuellen Teams bei. Besonders wichtig ist die multikulturelle Dimension. Kulturelle Vielfalt stellt an sich schon eine Herausforderung in der Gesch\u00e4ftskommunikation dar, aber in einer virtuellen Umgebung wird ihre Bedeutung noch st\u00e4rker hervorgehoben. Personen, die in virtuellen Teams arbeiten, sollten \u00fcber ein ausreichendes Mass an technologischem Wissen verf\u00fcgen, um effizient und effektiv mit anderen Teammitgliedern kommunizieren und ihre Aufgaben erf\u00fcllen zu k\u00f6nnen.<\/span>[\/vc_column_text][\/vc_column][\/vc_row][vc_row css_animation=&#8220;&#8220; row_type=&#8220;row&#8220; use_row_as_full_screen_section=&#8220;no&#8220; type=&#8220;grid&#8220; angled_section=&#8220;no&#8220; text_align=&#8220;left&#8220; background_image_as_pattern=&#8220;without_pattern&#8220; css=&#8220;.vc_custom_1670501966051{padding-top: 20px !important;}&#8220; z_index=&#8220;&#8220;][vc_column offset=&#8220;vc_col-lg-6 vc_col-md-6&#8243;][vc_column_text]<\/p>\n<div id=\"comp-kohmztr0\" class=\"_1ncY2\">Die Flexjobs-Umfrage aus dem Jahr 2018 zeigt, dass die Telearbeit von 2017 bis 2018 um 22 Prozent zugenommen hat. Aktuellere Zahlen aus den USA und Europa zeigen, dass etwa ein Drittel aller Besch\u00e4ftigten in den USA in virtuellen Teams zusammenarbeiten. Wie die Covid-19-Pandemie gezeigt hat, sind virtuelle Teams in Krisenzeiten die einzige M\u00f6glichkeit, selbst f\u00fcr T\u00e4tigkeiten in intrinsisch ausgerichteten Organisationen zu funktionieren. Verschiedene Aspekte der digitalen Transformation werden in den Bildungsprogrammen der Hochschulen und sogar einiger Gymnasien behandelt, aber es fehlt ein klarer Schwerpunkt auf dem Aufbau von F\u00e4higkeiten f\u00fcr die Arbeit in virtuellen Teams. Dies sollte nicht \u00fcberraschen, da sich das Wissen \u00fcber die F\u00e4higkeiten zur Arbeit in virtuellen Teams derzeit noch in einem fr\u00fchen Entwicklungsstadium befindet. Damit die europ\u00e4ische Gesellschaft im digitalen Zeitalter prosperieren kann, muss die europ\u00e4ische Jugend in die Lage versetzt werden, die Vorteile der Arbeit in virtuellen, multikulturellen Teams zu nutzen.<\/div>\n<p>[\/vc_column_text][\/vc_column][vc_column offset=&#8220;vc_col-lg-6 vc_col-md-6&#8243;][vc_empty_space height=&#8220;8px&#8220;][vc_single_image image=&#8220;185&#8243; img_size=&#8220;full&#8220; qode_css_animation=&#8220;&#8220;][vc_empty_space height=&#8220;45px&#8220;][\/vc_column][\/vc_row]<\/p>\n<\/section>","protected":false},"excerpt":{"rendered":"<p>[vc_row css_animation=&#8220;&#8220; row_type=&#8220;row&#8220; use_row_as_full_screen_section=&#8220;no&#8220; type=&#8220;grid&#8220; angled_section=&#8220;no&#8220; text_align=&#8220;left&#8220; background_image_as_pattern=&#8220;without_pattern&#8220; css=&#8220;.vc_custom_1477991881291{padding-top: 84px !important;}&#8220;][vc_column offset=&#8220;vc_col-lg-6 vc_col-md-6&#8243;][vc_empty_space height=&#8220;8px&#8220;][vc_single_image image=&#8220;176&#8243; img_size=&#8220;full&#8220; qode_css_animation=&#8220;&#8220;][vc_empty_space height=&#8220;45px&#8220;][\/vc_column][vc_column offset=&#8220;vc_col-lg-6 vc_col-md-6&#8243;][vc_column_text]Die F\u00e4higkeit, in virtuellen Teams zu arbeiten, ist zu einer der grundlegenden Besch\u00e4ftigungsf\u00e4higkeiten geworden. Die Herausforderungen bei der Arbeit in virtuellen Teams sind vielschichtig. Solche Teams&#8230;<\/p>\n","protected":false},"author":1,"featured_media":0,"parent":0,"menu_order":0,"comment_status":"closed","ping_status":"closed","template":"full_width.php","meta":{"footnotes":""},"class_list":["post-1399","page","type-page","status-publish","hentry"],"_links":{"self":[{"href":"https:\/\/www.virtualskills.eu\/de\/wp-json\/wp\/v2\/pages\/1399","targetHints":{"allow":["GET"]}}],"collection":[{"href":"https:\/\/www.virtualskills.eu\/de\/wp-json\/wp\/v2\/pages"}],"about":[{"href":"https:\/\/www.virtualskills.eu\/de\/wp-json\/wp\/v2\/types\/page"}],"author":[{"embeddable":true,"href":"https:\/\/www.virtualskills.eu\/de\/wp-json\/wp\/v2\/users\/1"}],"replies":[{"embeddable":true,"href":"https:\/\/www.virtualskills.eu\/de\/wp-json\/wp\/v2\/comments?post=1399"}],"version-history":[{"count":1,"href":"https:\/\/www.virtualskills.eu\/de\/wp-json\/wp\/v2\/pages\/1399\/revisions"}],"predecessor-version":[{"id":1400,"href":"https:\/\/www.virtualskills.eu\/de\/wp-json\/wp\/v2\/pages\/1399\/revisions\/1400"}],"wp:attachment":[{"href":"https:\/\/www.virtualskills.eu\/de\/wp-json\/wp\/v2\/media?parent=1399"}],"curies":[{"name":"wp","href":"https:\/\/api.w.org\/{rel}","templated":true}]}}