{"id":1401,"date":"2022-12-08T12:25:10","date_gmt":"2022-12-08T12:25:10","guid":{"rendered":"https:\/\/www.virtualskills.eu\/consortium\/"},"modified":"2023-02-08T14:30:39","modified_gmt":"2023-02-08T14:30:39","slug":"konsortium","status":"publish","type":"page","link":"https:\/\/www.virtualskills.eu\/de\/konsortium\/","title":{"rendered":"Konsortium"},"content":{"rendered":"<section class=\"wpb-content-wrapper\"><p>[vc_row css_animation=&#8220;&#8220; row_type=&#8220;row&#8220; use_row_as_full_screen_section=&#8220;no&#8220; type=&#8220;grid&#8220; angled_section=&#8220;no&#8220; text_align=&#8220;left&#8220; background_image_as_pattern=&#8220;without_pattern&#8220; css=&#8220;.vc_custom_1477990979174{padding-top: 30px !important;padding-bottom: 30px !important;background-color: #ffffff !important;}&#8220;][vc_column][vc_column_text]<\/p>\n<div id=\"comp-kohojt6o\" class=\"_1Q9if _3bcaz\" data-testid=\"richTextElement\">\n<p class=\"font_8\"><img loading=\"lazy\" decoding=\"async\" class=\"wp-image-402 alignleft\" src=\"https:\/\/www.virtualskills.eu\/wp-content\/uploads\/2022\/12\/VIBES-logos-300x161.png\" alt=\"\" width=\"201\" height=\"108\" srcset=\"https:\/\/www.virtualskills.eu\/wp-content\/uploads\/2022\/12\/VIBES-logos-300x161.png 300w, https:\/\/www.virtualskills.eu\/wp-content\/uploads\/2022\/12\/VIBES-logos.png 370w\" sizes=\"auto, (max-width: 201px) 100vw, 201px\" \/><\/p>\n<p>Das in der Schweiz von Movetia gef\u00f6rderte Entwicklungsprojekt fokussiert Kompetenzen, welche f\u00fcr die zuk\u00fcnftige Besch\u00e4ftigungsf\u00e4higkeit junger Menschen im digitalen Zeitalter relevant sind: die F\u00e4higkeit, im virtuellen Raum und in multikulturellen Teams effektiv zu arbeiten und zu performen.<\/p>\n<p>Unser Konsortium besteht aus 7 Partnern aus 5 L\u00e4ndern (Kroatien, Finnland, Estland, Belgien und der Schweiz), die \u00fcber relevante F\u00e4higkeiten und Kompetenzen f\u00fcr eine effiziente und effektive Umsetzung der Projektaktivit\u00e4ten verf\u00fcgen. Der Hauptvorteil dieses l\u00e4nder\u00fcbergreifenden, interdisziplin\u00e4ren Projekts besteht darin, dass wir &#8222;Best Practices&#8220; aus jedem Land nutzen k\u00f6nnen, um mit ihnen zu beginnen und gemeinsame Ans\u00e4tze zum Aufbau der F\u00e4higkeiten virtueller Teams zu entwickeln.<\/p>\n<p>&nbsp;<\/p>\n<p>Durch die gemeinsame Erarbeitung innovativer Ans\u00e4tze zur F\u00f6rderung von Kooperationsf\u00e4higkeiten, Vernetzungsm\u00f6glichkeiten und der Entwicklung von Innovation und strategischen F\u00e4higkeiten wollen wir zwei Zielbereiche unterst\u00fctzen. Erstens wollen wir die Innovations- und unternehmerischen F\u00e4higkeiten der Studenten entwickeln und zweitens wollen wir die Erweiterung dieser F\u00e4higkeiten und Module als potenzielle Entwicklungsressourcen f\u00fcr KMUs unterst\u00fctzen, die innovative Entrepreneure ben\u00f6tigen. Das Konsortium zielt darauf ab, innovative virtuelle Teams zu entwickeln und zu erweitern, um neue unternehmerische F\u00e4higkeiten und M\u00f6glichkeiten zu schaffen und gleichzeitig eine nachhaltigere individuelle Kompetenz zu entwickeln, die sich leichter anpassen und neue Marktchancen schaffen kann.<\/p>\n<p class=\"font_8\">Wir zielen nicht darauf ab, Menschen f\u00fcr bestehende Rollen auszubilden, die schnell veralten, sondern eine unternehmerische Einstellung zu entwickeln, um zu verstehen, dass eine st\u00e4ndige Weiterentwicklung der individuellen und organisatorischen F\u00e4higkeiten als Reaktion auf sich bietende Chancen erforderlich ist. Wir glauben, dass die Verbesserung der F\u00e4higkeiten von Einzelpersonen zur effektiven Teilnahme an virtuellen transnationalen Teams ein praktikabler Ansatz f\u00fcr eine nachhaltige wirtschaftliche Entwicklung ist.<\/p>\n<\/div>\n<p>[\/vc_column_text][\/vc_column][\/vc_row][vc_row css_animation=&#8220;&#8220; row_type=&#8220;row&#8220; use_row_as_full_screen_section=&#8220;no&#8220; type=&#8220;grid&#8220; angled_section=&#8220;no&#8220; text_align=&#8220;left&#8220; background_image_as_pattern=&#8220;without_pattern&#8220; css=&#8220;.vc_custom_1477990979174{padding-top: 30px !important;padding-bottom: 30px !important;background-color: #ffffff !important;}&#8220;][vc_column width=&#8220;1\/3&#8243;][vc_single_image image=&#8220;474&#8243; img_size=&#8220;&#8220; alignment=&#8220;center&#8220; onclick=&#8220;custom_link&#8220; qode_css_animation=&#8220;&#8220; link=&#8220;https:\/\/www.virtualskills.eu\/de\/unidu\/&#8220;][\/vc_column][vc_column width=&#8220;1\/3&#8243;][vc_single_image image=&#8220;476&#8243; img_size=&#8220;&#8220; alignment=&#8220;center&#8220; onclick=&#8220;custom_link&#8220; qode_css_animation=&#8220;&#8220; link=&#8220;https:\/\/www.virtualskills.eu\/de\/ebs\/&#8220;][\/vc_column][vc_column width=&#8220;1\/3&#8243;][vc_single_image image=&#8220;478&#8243; img_size=&#8220;&#8220; alignment=&#8220;center&#8220; onclick=&#8220;custom_link&#8220; qode_css_animation=&#8220;&#8220; link=&#8220;https:\/\/www.virtualskills.eu\/de\/lab\/&#8220;][\/vc_column][\/vc_row][vc_row css_animation=&#8220;&#8220; row_type=&#8220;row&#8220; use_row_as_full_screen_section=&#8220;no&#8220; type=&#8220;grid&#8220; angled_section=&#8220;no&#8220; text_align=&#8220;left&#8220; background_image_as_pattern=&#8220;without_pattern&#8220; css=&#8220;.vc_custom_1477990979174{padding-top: 30px !important;padding-bottom: 30px !important;background-color: #ffffff !important;}&#8220;][vc_column width=&#8220;1\/3&#8243;][vc_single_image image=&#8220;480&#8243; img_size=&#8220;&#8220; alignment=&#8220;center&#8220; onclick=&#8220;custom_link&#8220; qode_css_animation=&#8220;&#8220; link=&#8220;https:\/\/www.virtualskills.eu\/de\/swa\/&#8220;][\/vc_column][vc_column width=&#8220;1\/3&#8243;][vc_single_image image=&#8220;482&#8243; img_size=&#8220;&#8220; alignment=&#8220;center&#8220; onclick=&#8220;custom_link&#8220; qode_css_animation=&#8220;&#8220; link=&#8220;https:\/\/www.virtualskills.eu\/de\/die-hoehere-schule-fuer-wirtschaft-und-handel\/&#8220;][\/vc_column][vc_column width=&#8220;1\/3&#8243;][vc_single_image image=&#8220;484&#8243; img_size=&#8220;&#8220; alignment=&#8220;center&#8220; onclick=&#8220;custom_link&#8220; qode_css_animation=&#8220;&#8220; css=&#8220;.vc_custom_1675866626826{padding-top: 30px !important;}&#8220; link=&#8220;https:\/\/www.virtualskills.eu\/de\/ihf\/&#8220;][\/vc_column][\/vc_row][vc_row css_animation=&#8220;&#8220; row_type=&#8220;row&#8220; use_row_as_full_screen_section=&#8220;no&#8220; type=&#8220;grid&#8220; angled_section=&#8220;no&#8220; text_align=&#8220;left&#8220; background_image_as_pattern=&#8220;without_pattern&#8220; css=&#8220;.vc_custom_1477990979174{padding-top: 30px !important;padding-bottom: 30px !important;background-color: #ffffff !important;}&#8220;][vc_column][vc_single_image image=&#8220;493&#8243; img_size=&#8220;&#8220; alignment=&#8220;center&#8220; onclick=&#8220;custom_link&#8220; qode_css_animation=&#8220;&#8220; link=&#8220;https:\/\/www.virtualskills.eu\/de\/die-fachhochschule-graubuenden\/&#8220;][\/vc_column][\/vc_row][vc_row css_animation=&#8220;&#8220; row_type=&#8220;row&#8220; use_row_as_full_screen_section=&#8220;no&#8220; type=&#8220;full_width&#8220; angled_section=&#8220;no&#8220; text_align=&#8220;left&#8220; background_image_as_pattern=&#8220;without_pattern&#8220;][vc_column][\/vc_column][\/vc_row]<\/p>\n<\/section>","protected":false},"excerpt":{"rendered":"<p>[vc_row css_animation=&#8220;&#8220; row_type=&#8220;row&#8220; use_row_as_full_screen_section=&#8220;no&#8220; type=&#8220;grid&#8220; angled_section=&#8220;no&#8220; text_align=&#8220;left&#8220; background_image_as_pattern=&#8220;without_pattern&#8220; css=&#8220;.vc_custom_1477990979174{padding-top: 30px !important;padding-bottom: 30px !important;background-color: #ffffff !important;}&#8220;][vc_column][vc_column_text] Das in der Schweiz von Movetia gef\u00f6rderte Entwicklungsprojekt fokussiert Kompetenzen, welche f\u00fcr die zuk\u00fcnftige Besch\u00e4ftigungsf\u00e4higkeit junger Menschen im digitalen Zeitalter relevant sind: die F\u00e4higkeit, im virtuellen Raum und in multikulturellen&#8230;<\/p>\n","protected":false},"author":1,"featured_media":0,"parent":0,"menu_order":0,"comment_status":"closed","ping_status":"closed","template":"full_width.php","meta":{"footnotes":""},"class_list":["post-1401","page","type-page","status-publish","hentry"],"_links":{"self":[{"href":"https:\/\/www.virtualskills.eu\/de\/wp-json\/wp\/v2\/pages\/1401","targetHints":{"allow":["GET"]}}],"collection":[{"href":"https:\/\/www.virtualskills.eu\/de\/wp-json\/wp\/v2\/pages"}],"about":[{"href":"https:\/\/www.virtualskills.eu\/de\/wp-json\/wp\/v2\/types\/page"}],"author":[{"embeddable":true,"href":"https:\/\/www.virtualskills.eu\/de\/wp-json\/wp\/v2\/users\/1"}],"replies":[{"embeddable":true,"href":"https:\/\/www.virtualskills.eu\/de\/wp-json\/wp\/v2\/comments?post=1401"}],"version-history":[{"count":4,"href":"https:\/\/www.virtualskills.eu\/de\/wp-json\/wp\/v2\/pages\/1401\/revisions"}],"predecessor-version":[{"id":1439,"href":"https:\/\/www.virtualskills.eu\/de\/wp-json\/wp\/v2\/pages\/1401\/revisions\/1439"}],"wp:attachment":[{"href":"https:\/\/www.virtualskills.eu\/de\/wp-json\/wp\/v2\/media?parent=1401"}],"curies":[{"name":"wp","href":"https:\/\/api.w.org\/{rel}","templated":true}]}}