{"id":1418,"date":"2022-12-08T13:30:46","date_gmt":"2022-12-08T13:30:46","guid":{"rendered":"https:\/\/www.virtualskills.eu\/unidu\/"},"modified":"2023-02-08T14:18:34","modified_gmt":"2023-02-08T14:18:34","slug":"unidu","status":"publish","type":"page","link":"https:\/\/www.virtualskills.eu\/de\/unidu\/","title":{"rendered":"Die Universit\u00e4t Dubrovnik"},"content":{"rendered":"<section class=\"wpb-content-wrapper\"><p>[vc_row css_animation=&#8220;&#8220; row_type=&#8220;row&#8220; use_row_as_full_screen_section=&#8220;no&#8220; type=&#8220;grid&#8220; angled_section=&#8220;no&#8220; text_align=&#8220;left&#8220; background_image_as_pattern=&#8220;without_pattern&#8220; css=&#8220;.vc_custom_1477990979174{padding-top: 30px !important;padding-bottom: 30px !important;background-color: #ffffff !important;}&#8220;][vc_column width=&#8220;1\/3&#8243;][vc_single_image image=&#8220;474&#8243; img_size=&#8220;&#8220; alignment=&#8220;center&#8220; qode_css_animation=&#8220;&#8220;][\/vc_column][vc_column width=&#8220;1\/3&#8243;][\/vc_column][vc_column width=&#8220;1\/3&#8243;][vc_single_image image=&#8220;507&#8243; img_size=&#8220;250&#215;74&#8243; alignment=&#8220;center&#8220; qode_css_animation=&#8220;&#8220;][\/vc_column][\/vc_row][vc_row css_animation=&#8220;&#8220; row_type=&#8220;row&#8220; use_row_as_full_screen_section=&#8220;no&#8220; type=&#8220;grid&#8220; angled_section=&#8220;no&#8220; text_align=&#8220;left&#8220; background_image_as_pattern=&#8220;without_pattern&#8220; css=&#8220;.vc_custom_1477990979174{padding-top: 30px !important;padding-bottom: 30px !important;background-color: #ffffff !important;}&#8220;][vc_column][vc_column_text]<\/p>\n<div id=\"comp-kohojt6o\" class=\"_1Q9if _3bcaz\" data-testid=\"richTextElement\">\n<div id=\"comp-kohonn0i1\" class=\"_1Q9if _3bcaz\" data-testid=\"richTextElement\">\n<p>Die Universit\u00e4t Dubrovnik ist eine \u00f6ffentliche Universit\u00e4t, die 2003 gegr\u00fcndet wurde und sich in Dubrovnik, Kroatien, befindet. Sie besteht aus sieben Abteilungen mit 257 Mitarbeitern, von denen 90 einen Doktortitel haben. Die Fakult\u00e4t f\u00fcr Wirtschaft und Business (DEB) wurde 1970 als Fakult\u00e4t f\u00fcr Tourismus und Aussenhandel Dubrovnik gegr\u00fcndet. Vision und Auftrag der Universit\u00e4t sind es, eine international anerkannte Einrichtung zu werden, die durch Bildung und wissenschaftliche Arbeit die h\u00f6chsten Anspr\u00fcchen gen\u00fcgt, aktiv zur lokalen, nationalen und internationalen akademischen Gemeinschaft beitr\u00e4gt. Heute ist die DEB an mehreren Projekten und Bildungsaktivit\u00e4ten beteiligt, die darauf abzielen, die digitale Transformation zu verstehen und zu verstehen, wie sie die Art und Weise, wie die Menschen leben und arbeiten, ver\u00e4ndert, sowie auf den Aufbau von Besch\u00e4ftigungsf\u00e4higkeiten bei den Studierenden.<\/p>\n<p>Innerhalb des DEB gibt es auch ein Zentrum f\u00fcr Forschung zur digitalen Transformation CREDO. CREDO wird mit seinen F\u00e4higkeiten und seinem Wissen aktiv zu den Aktivit\u00e4ten des Projekts beitragen. CREDO ist an Aktivit\u00e4ten zum Aufbau von F\u00e4higkeiten im Bereich des digitalen Unternehmertums durch die Erasmus+ Projekte IDEA (Inspiring digital entrepreneurship), E+SLEM (Entrepreneurial Self-Leadership Education through Virtual Training) und ESSENCE beteiligt. Als Koordinator und Partner hat CREDO auch Erfahrung im Aufbau von Kooperationen zwischen Universit\u00e4ten und der Industrie durch CBHE-Aktivit\u00e4ten. CREDO ist Koordinator des Erasmus+ CBHE-Projekts ELEGANT, das in Jordanien und im Libanon industrieorientierte Ausbildungspraktiken an IKT-Hochschulen entwickelt, um die transversalen F\u00e4higkeiten der Studierenden zu st\u00e4rken.<\/p>\n<p>Mitarbeiter von CREDO sind an dem vom ESF finanzierten Projekt E4 beteiligt, das die Qualit\u00e4t, Relevanz und Effizienz der Hochschulbildung durch die Entwicklung und den Einsatz moderner Lehrmethoden verbessern soll, sowie an dem Projekt Opera II, das auf die St\u00e4rkung der Zusammenarbeit zwischen Wissenschaft und Wirtschaft bei der Bewertung der Bed\u00fcrfnisse des Arbeitsmarktes und der Entwicklung der Humanressourcen in Kroatien abzielt. Im Laufe der Jahre waren die derzeitigen Mitglieder von CREDO an der Entwicklung und Durchf\u00fchrung von Programmen f\u00fcr lebenslanges Lernen beteiligt, die auf die Verbesserung der Besch\u00e4ftigungsf\u00e4higkeit von Hochschulabsolventen und Arbeitslosen abzielen. Die Forscher des CREDO haben ihre Forschungsarbeiten zu projektrelevanten Themen in weltweit f\u00fchrenden wissenschaftlichen Zeitschriften im Bereich der Wirtschaftswissenschaften wie European Economic Review, Journal of Business Research, Small Business Economics, Journal of Technology Transfer, Research Policy, Technovatoin oder Regional Studies ver\u00f6ffentlicht.<\/p>\n<p>Der kroatische Studiengang verf\u00fcgt \u00fcber reiche Erfahrungen mit der Modernisierung von Lehrpl\u00e4nen und der Anpassung seiner Programme an die Bed\u00fcrfnisse des Arbeitsmarktes in einem turbulenten \u00dcbergangsumfeld.<\/p>\n<\/div>\n<\/div>\n<p>[\/vc_column_text][\/vc_column][\/vc_row][vc_row css_animation=&#8220;&#8220; row_type=&#8220;row&#8220; use_row_as_full_screen_section=&#8220;no&#8220; type=&#8220;grid&#8220; angled_section=&#8220;no&#8220; text_align=&#8220;left&#8220; background_image_as_pattern=&#8220;without_pattern&#8220; css=&#8220;.vc_custom_1477990979174{padding-top: 30px !important;padding-bottom: 30px !important;background-color: #ffffff !important;}&#8220;][vc_column][vc_btn title=&#8220;Go to web&#8220; align=&#8220;right&#8220; link=&#8220;url:https%3A%2F%2Fcredo.unidu.hr%2Findex.php%2Fen%2F&#8220;][\/vc_column][\/vc_row][vc_row css_animation=&#8220;&#8220; row_type=&#8220;row&#8220; use_row_as_full_screen_section=&#8220;no&#8220; type=&#8220;full_width&#8220; angled_section=&#8220;no&#8220; text_align=&#8220;left&#8220; background_image_as_pattern=&#8220;without_pattern&#8220;][vc_column][\/vc_column][\/vc_row]<\/p>\n<\/section>","protected":false},"excerpt":{"rendered":"<p>[vc_row css_animation=&#8220;&#8220; row_type=&#8220;row&#8220; use_row_as_full_screen_section=&#8220;no&#8220; type=&#8220;grid&#8220; angled_section=&#8220;no&#8220; text_align=&#8220;left&#8220; background_image_as_pattern=&#8220;without_pattern&#8220; css=&#8220;.vc_custom_1477990979174{padding-top: 30px !important;padding-bottom: 30px !important;background-color: #ffffff !important;}&#8220;][vc_column width=&#8220;1\/3&#8243;][vc_single_image image=&#8220;474&#8243; img_size=&#8220;&#8220; alignment=&#8220;center&#8220; qode_css_animation=&#8220;&#8220;][\/vc_column][vc_column width=&#8220;1\/3&#8243;][\/vc_column][vc_column width=&#8220;1\/3&#8243;][vc_single_image image=&#8220;507&#8243; img_size=&#8220;250&#215;74&#8243; alignment=&#8220;center&#8220; qode_css_animation=&#8220;&#8220;][\/vc_column][\/vc_row][vc_row css_animation=&#8220;&#8220; row_type=&#8220;row&#8220; use_row_as_full_screen_section=&#8220;no&#8220; type=&#8220;grid&#8220; angled_section=&#8220;no&#8220; text_align=&#8220;left&#8220; background_image_as_pattern=&#8220;without_pattern&#8220; css=&#8220;.vc_custom_1477990979174{padding-top: 30px !important;padding-bottom: 30px !important;background-color: #ffffff !important;}&#8220;][vc_column][vc_column_text] Die Universit\u00e4t Dubrovnik ist eine&#8230;<\/p>\n","protected":false},"author":1,"featured_media":0,"parent":0,"menu_order":0,"comment_status":"closed","ping_status":"closed","template":"full_width.php","meta":{"footnotes":""},"class_list":["post-1418","page","type-page","status-publish","hentry"],"_links":{"self":[{"href":"https:\/\/www.virtualskills.eu\/de\/wp-json\/wp\/v2\/pages\/1418","targetHints":{"allow":["GET"]}}],"collection":[{"href":"https:\/\/www.virtualskills.eu\/de\/wp-json\/wp\/v2\/pages"}],"about":[{"href":"https:\/\/www.virtualskills.eu\/de\/wp-json\/wp\/v2\/types\/page"}],"author":[{"embeddable":true,"href":"https:\/\/www.virtualskills.eu\/de\/wp-json\/wp\/v2\/users\/1"}],"replies":[{"embeddable":true,"href":"https:\/\/www.virtualskills.eu\/de\/wp-json\/wp\/v2\/comments?post=1418"}],"version-history":[{"count":2,"href":"https:\/\/www.virtualskills.eu\/de\/wp-json\/wp\/v2\/pages\/1418\/revisions"}],"predecessor-version":[{"id":1420,"href":"https:\/\/www.virtualskills.eu\/de\/wp-json\/wp\/v2\/pages\/1418\/revisions\/1420"}],"wp:attachment":[{"href":"https:\/\/www.virtualskills.eu\/de\/wp-json\/wp\/v2\/media?parent=1418"}],"curies":[{"name":"wp","href":"https:\/\/api.w.org\/{rel}","templated":true}]}}