{"id":1421,"date":"2022-12-08T13:38:15","date_gmt":"2022-12-08T13:38:15","guid":{"rendered":"https:\/\/www.virtualskills.eu\/ebs\/"},"modified":"2023-02-08T14:19:56","modified_gmt":"2023-02-08T14:19:56","slug":"ebs","status":"publish","type":"page","link":"https:\/\/www.virtualskills.eu\/de\/ebs\/","title":{"rendered":"Die Estonian Business School (EBS)"},"content":{"rendered":"<section class=\"wpb-content-wrapper\"><p>[vc_row css_animation=&#8220;&#8220; row_type=&#8220;row&#8220; use_row_as_full_screen_section=&#8220;no&#8220; type=&#8220;grid&#8220; angled_section=&#8220;no&#8220; text_align=&#8220;left&#8220; background_image_as_pattern=&#8220;without_pattern&#8220; css=&#8220;.vc_custom_1477990979174{padding-top: 30px !important;padding-bottom: 30px !important;background-color: #ffffff !important;}&#8220;][vc_column width=&#8220;1\/3&#8243;][vc_single_image image=&#8220;476&#8243; img_size=&#8220;&#8220; alignment=&#8220;center&#8220; qode_css_animation=&#8220;&#8220;][\/vc_column][vc_column width=&#8220;1\/3&#8243;][\/vc_column][vc_column width=&#8220;1\/3&#8243;][\/vc_column][\/vc_row][vc_row css_animation=&#8220;&#8220; row_type=&#8220;row&#8220; use_row_as_full_screen_section=&#8220;no&#8220; type=&#8220;grid&#8220; angled_section=&#8220;no&#8220; text_align=&#8220;left&#8220; background_image_as_pattern=&#8220;without_pattern&#8220; css=&#8220;.vc_custom_1477990979174{padding-top: 30px !important;padding-bottom: 30px !important;background-color: #ffffff !important;}&#8220;][vc_column][vc_column_text]<\/p>\n<div id=\"comp-kohojt6o\" class=\"_1Q9if _3bcaz\" data-testid=\"richTextElement\">\n<div id=\"comp-kohonn0i1\" class=\"_1Q9if _3bcaz\" data-testid=\"richTextElement\">\n<div id=\"comp-kohp0dri2\" class=\"_1Q9if _3bcaz\" data-testid=\"richTextElement\">\n<p>Die Estonian Business School (EBS) ist die \u00e4lteste private Wirtschaftshochschule im Baltikum und wurde 1988 gegr\u00fcndet. Als frei stehende private Business School im Besitz der SA Estonian Business School (gemeinn\u00fctzige Stiftung) ist die Hochschule finanziell unabh\u00e4ngig und erh\u00e4lt vom Staat nur eine begrenzte Finanzierung der Forschungsbasis. Als Business School mit Universit\u00e4tsstatus bietet die EBS Bachelor-, Master- und Promotionsstudieng\u00e4nge nur in der Studiengruppe Wirtschaft und Verwaltung an.<\/p>\n<p>Die Vermittlung internationaler Lernerfahrungen ist ein wesentlicher Bestandteil der EBS-Strategie. Als die internationalste Universit\u00e4t Estlands verfolgen wir bewusst und strategisch das Ziel, den Anteil der internationalen Dozenten und die Mobilit\u00e4t der Dozenten zu erh\u00f6hen, die Zusammenarbeit mit akademischen und unternehmerischen Partnern zu st\u00e4rken und die Mobilit\u00e4t der Studenten zu verbessern. Die EBS ist auch aktiv an internationalen Projekten der Entwicklungszusammenarbeit beteiligt.<\/p>\n<p>In Lehre und Forschung st\u00fctzt sich die EBS auf ein Netzwerk von Kontakten und Partnerschaften mit Business Schools, der Wirtschaft und dem \u00f6ffentlichen Sektor in Estland und im Ausland. Die Aktivit\u00e4ten der EBS orientieren sich an den Grunds\u00e4tzen von Ethik, Verantwortung und Nachhaltigkeit. Die EBS hat 61 Partneruniversit\u00e4ten in 30 L\u00e4ndern. Bei den Bachelor-Studieng\u00e4ngen bel\u00e4uft sich die Gesamtzahl der Partner auf 57, von denen 29 \u00fcber mindestens eine der f\u00fchrenden institutionellen Akkreditierungen, entweder EQUIS oder AACSB, verf\u00fcgen. Dar\u00fcber hinaus verf\u00fcgen 12 Partner \u00fcber eine EPAS-Programmakkreditierung. 10 Partner verf\u00fcgen \u00fcber den sogenannten &#8222;Triple Crown&#8220;-Status.<\/p>\n<\/div>\n<\/div>\n<\/div>\n<p>[\/vc_column_text][\/vc_column][\/vc_row][vc_row css_animation=&#8220;&#8220; row_type=&#8220;row&#8220; use_row_as_full_screen_section=&#8220;no&#8220; type=&#8220;grid&#8220; angled_section=&#8220;no&#8220; text_align=&#8220;left&#8220; background_image_as_pattern=&#8220;without_pattern&#8220; css=&#8220;.vc_custom_1477990979174{padding-top: 30px !important;padding-bottom: 30px !important;background-color: #ffffff !important;}&#8220;][vc_column][vc_btn title=&#8220;Go to web&#8220; align=&#8220;right&#8220; link=&#8220;url:https%3A%2F%2Febs.ee%2F&#8220;][\/vc_column][\/vc_row][vc_row css_animation=&#8220;&#8220; row_type=&#8220;row&#8220; use_row_as_full_screen_section=&#8220;no&#8220; type=&#8220;full_width&#8220; angled_section=&#8220;no&#8220; text_align=&#8220;left&#8220; background_image_as_pattern=&#8220;without_pattern&#8220;][vc_column][\/vc_column][\/vc_row]<\/p>\n<\/section>","protected":false},"excerpt":{"rendered":"<p>[vc_row css_animation=&#8220;&#8220; row_type=&#8220;row&#8220; use_row_as_full_screen_section=&#8220;no&#8220; type=&#8220;grid&#8220; angled_section=&#8220;no&#8220; text_align=&#8220;left&#8220; background_image_as_pattern=&#8220;without_pattern&#8220; css=&#8220;.vc_custom_1477990979174{padding-top: 30px !important;padding-bottom: 30px !important;background-color: #ffffff !important;}&#8220;][vc_column width=&#8220;1\/3&#8243;][vc_single_image image=&#8220;476&#8243; img_size=&#8220;&#8220; alignment=&#8220;center&#8220; qode_css_animation=&#8220;&#8220;][\/vc_column][vc_column width=&#8220;1\/3&#8243;][\/vc_column][vc_column width=&#8220;1\/3&#8243;][\/vc_column][\/vc_row][vc_row css_animation=&#8220;&#8220; row_type=&#8220;row&#8220; use_row_as_full_screen_section=&#8220;no&#8220; type=&#8220;grid&#8220; angled_section=&#8220;no&#8220; text_align=&#8220;left&#8220; background_image_as_pattern=&#8220;without_pattern&#8220; css=&#8220;.vc_custom_1477990979174{padding-top: 30px !important;padding-bottom: 30px !important;background-color: #ffffff !important;}&#8220;][vc_column][vc_column_text] Die Estonian Business School (EBS) ist die \u00e4lteste private&#8230;<\/p>\n","protected":false},"author":1,"featured_media":0,"parent":0,"menu_order":0,"comment_status":"closed","ping_status":"closed","template":"full_width.php","meta":{"footnotes":""},"class_list":["post-1421","page","type-page","status-publish","hentry"],"_links":{"self":[{"href":"https:\/\/www.virtualskills.eu\/de\/wp-json\/wp\/v2\/pages\/1421","targetHints":{"allow":["GET"]}}],"collection":[{"href":"https:\/\/www.virtualskills.eu\/de\/wp-json\/wp\/v2\/pages"}],"about":[{"href":"https:\/\/www.virtualskills.eu\/de\/wp-json\/wp\/v2\/types\/page"}],"author":[{"embeddable":true,"href":"https:\/\/www.virtualskills.eu\/de\/wp-json\/wp\/v2\/users\/1"}],"replies":[{"embeddable":true,"href":"https:\/\/www.virtualskills.eu\/de\/wp-json\/wp\/v2\/comments?post=1421"}],"version-history":[{"count":3,"href":"https:\/\/www.virtualskills.eu\/de\/wp-json\/wp\/v2\/pages\/1421\/revisions"}],"predecessor-version":[{"id":1424,"href":"https:\/\/www.virtualskills.eu\/de\/wp-json\/wp\/v2\/pages\/1421\/revisions\/1424"}],"wp:attachment":[{"href":"https:\/\/www.virtualskills.eu\/de\/wp-json\/wp\/v2\/media?parent=1421"}],"curies":[{"name":"wp","href":"https:\/\/api.w.org\/{rel}","templated":true}]}}