{"id":1425,"date":"2022-12-08T13:40:57","date_gmt":"2022-12-08T13:40:57","guid":{"rendered":"https:\/\/www.virtualskills.eu\/lab\/"},"modified":"2023-02-08T14:21:19","modified_gmt":"2023-02-08T14:21:19","slug":"lab","status":"publish","type":"page","link":"https:\/\/www.virtualskills.eu\/de\/lab\/","title":{"rendered":"Die LAB University of Applied Sciences"},"content":{"rendered":"<section class=\"wpb-content-wrapper\"><p>[vc_row css_animation=&#8220;&#8220; row_type=&#8220;row&#8220; use_row_as_full_screen_section=&#8220;no&#8220; type=&#8220;grid&#8220; angled_section=&#8220;no&#8220; text_align=&#8220;left&#8220; background_image_as_pattern=&#8220;without_pattern&#8220; css=&#8220;.vc_custom_1477990979174{padding-top: 30px !important;padding-bottom: 30px !important;background-color: #ffffff !important;}&#8220;][vc_column width=&#8220;1\/3&#8243;][vc_single_image image=&#8220;478&#8243; img_size=&#8220;&#8220; alignment=&#8220;center&#8220; qode_css_animation=&#8220;&#8220;][\/vc_column][vc_column width=&#8220;1\/3&#8243;][\/vc_column][vc_column width=&#8220;1\/3&#8243;][\/vc_column][\/vc_row][vc_row css_animation=&#8220;&#8220; row_type=&#8220;row&#8220; use_row_as_full_screen_section=&#8220;no&#8220; type=&#8220;grid&#8220; angled_section=&#8220;no&#8220; text_align=&#8220;left&#8220; background_image_as_pattern=&#8220;without_pattern&#8220; css=&#8220;.vc_custom_1477990979174{padding-top: 30px !important;padding-bottom: 30px !important;background-color: #ffffff !important;}&#8220;][vc_column][vc_column_text]Die LAB University of Applied Sciences ist eine v\u00f6llig neue Einrichtung. Die Lahti University of Applied Sciences (Lahti UAS) und die Saimaa University of Applied Sciences (Saimia) haben zum 1.1.2020 fusioniert und gr\u00fcnden gemeinsam die LAB. LAB ist eine Hochschuleinrichtung mit Schwerpunkt auf Innovation, Wirtschaft und Industrie. Sie ist in Lahti und Lappeenranta t\u00e4tig und bietet Bildung in einer Offline- und Online-Umgebung an. Mit 8 500 Studierenden und 360 Lehrkr\u00e4ften und anderen Mitarbeitern ist LAB die sechstgr\u00f6sste Hochschule f\u00fcr angewandte Wissenschaften in Finnland.<\/p>\n<p>Unsere Spezialgebiete im Bereich Forschung, Entwicklung und Innovation (FEI) sind Kreislaufwirtschaft, Design, Kommerzialisierung von Innovationen und Dienstleistungsinnovationen f\u00fcr Gesundheit und Wohlbefinden. Die angewandte Forschung von LAB zielt darauf ab, neue und verbesserte Produkte, Produktionssysteme, Methoden und Dienstleistungen zu finden, zu entwickeln und zu produzieren. Die Schwerpunktbereiche sind in die Lehre, das Lernen und die Organisationsphilosophie integriert.<\/p>\n<p>Das Ziel von LAB ist es, das Arbeitsleben, das Unternehmertum, das regionale Lern- und Innovationsumfeld zu entwickeln, das Wohlergehen des Einzelnen und der Umwelt zu f\u00f6rdern und schliesslich die Internationalisierung zu unterst\u00fctzen. LAB f\u00f6rdert die regionale Wettbewerbsf\u00e4higkeit in enger Zusammenarbeit mit dem lokalen Besch\u00e4ftigungssektor und bietet Studenten die M\u00f6glichkeit, an multidisziplin\u00e4ren, praxisnahen Industrieprojekten zu arbeiten.<\/p>\n<p>LAB ist ein innovativer Partner auf dem Gebiet der FEI. Das FEI-Volumen betr\u00e4gt j\u00e4hrlich etwa 9 Millionen Euro. Seit 2003 haben die Fachhochschulen Lahti und Saimaa an Hunderten von EU-finanzierten Projekten teilgenommen, sowohl auf nationaler als auch auf internationaler Ebene, darunter Erasmus+, Strukturfonds, Interreg Central Baltic, Interreg Europe, Interreg Baltic Sea Region usw.<\/p>\n<p>Das Fachwissen von LAB beruht auf hoch qualifizierten Mitarbeitern, einem soliden Hintergrund in verschiedenen Bildungsbereichen, starken regionalen und internationalen Netzwerken und einer erfolgreichen Zusammenarbeit mit Partnern und Gesch\u00e4ftskontakten sowohl in Finnland als auch im Ausland. Mit einer proaktiven und ergebnisorientierten Einstellung zielen die internationalen Aktivit\u00e4ten von LAB darauf ab, neue und authentische Lernsituationen und innovative p\u00e4dagogische L\u00f6sungen zu schaffen. Dies bedeutet neue Innovationen, neue Produkte und Dienstleistungen, neue Arbeitsmethoden und -prozesse sowie neue Wege f\u00fcr die Arbeit der Zukunft.<\/p>\n<p>LAB ist Teil der LUT-Gruppe, wobei die Lappeenranta University of Technology LUT als Hauptorganisation fungiert.[\/vc_column_text][\/vc_column][\/vc_row][vc_row css_animation=&#8220;&#8220; row_type=&#8220;row&#8220; use_row_as_full_screen_section=&#8220;no&#8220; type=&#8220;grid&#8220; angled_section=&#8220;no&#8220; text_align=&#8220;left&#8220; background_image_as_pattern=&#8220;without_pattern&#8220; css=&#8220;.vc_custom_1477990979174{padding-top: 30px !important;padding-bottom: 30px !important;background-color: #ffffff !important;}&#8220;][vc_column][vc_btn title=&#8220;Go to web&#8220; align=&#8220;right&#8220; link=&#8220;url:http%3A%2F%2Fwww.lab.fi%2F&#8220;][\/vc_column][\/vc_row][vc_row css_animation=&#8220;&#8220; row_type=&#8220;row&#8220; use_row_as_full_screen_section=&#8220;no&#8220; type=&#8220;full_width&#8220; angled_section=&#8220;no&#8220; text_align=&#8220;left&#8220; background_image_as_pattern=&#8220;without_pattern&#8220;][vc_column][\/vc_column][\/vc_row]<\/p>\n<\/section>","protected":false},"excerpt":{"rendered":"<p>[vc_row css_animation=&#8220;&#8220; row_type=&#8220;row&#8220; use_row_as_full_screen_section=&#8220;no&#8220; type=&#8220;grid&#8220; angled_section=&#8220;no&#8220; text_align=&#8220;left&#8220; background_image_as_pattern=&#8220;without_pattern&#8220; css=&#8220;.vc_custom_1477990979174{padding-top: 30px !important;padding-bottom: 30px !important;background-color: #ffffff !important;}&#8220;][vc_column width=&#8220;1\/3&#8243;][vc_single_image image=&#8220;478&#8243; img_size=&#8220;&#8220; alignment=&#8220;center&#8220; qode_css_animation=&#8220;&#8220;][\/vc_column][vc_column width=&#8220;1\/3&#8243;][\/vc_column][vc_column width=&#8220;1\/3&#8243;][\/vc_column][\/vc_row][vc_row css_animation=&#8220;&#8220; row_type=&#8220;row&#8220; use_row_as_full_screen_section=&#8220;no&#8220; type=&#8220;grid&#8220; angled_section=&#8220;no&#8220; text_align=&#8220;left&#8220; background_image_as_pattern=&#8220;without_pattern&#8220; css=&#8220;.vc_custom_1477990979174{padding-top: 30px !important;padding-bottom: 30px !important;background-color: #ffffff !important;}&#8220;][vc_column][vc_column_text]Die LAB University of Applied Sciences ist eine v\u00f6llig neue&#8230;<\/p>\n","protected":false},"author":1,"featured_media":0,"parent":0,"menu_order":0,"comment_status":"closed","ping_status":"closed","template":"full_width.php","meta":{"footnotes":""},"class_list":["post-1425","page","type-page","status-publish","hentry"],"_links":{"self":[{"href":"https:\/\/www.virtualskills.eu\/de\/wp-json\/wp\/v2\/pages\/1425","targetHints":{"allow":["GET"]}}],"collection":[{"href":"https:\/\/www.virtualskills.eu\/de\/wp-json\/wp\/v2\/pages"}],"about":[{"href":"https:\/\/www.virtualskills.eu\/de\/wp-json\/wp\/v2\/types\/page"}],"author":[{"embeddable":true,"href":"https:\/\/www.virtualskills.eu\/de\/wp-json\/wp\/v2\/users\/1"}],"replies":[{"embeddable":true,"href":"https:\/\/www.virtualskills.eu\/de\/wp-json\/wp\/v2\/comments?post=1425"}],"version-history":[{"count":2,"href":"https:\/\/www.virtualskills.eu\/de\/wp-json\/wp\/v2\/pages\/1425\/revisions"}],"predecessor-version":[{"id":1427,"href":"https:\/\/www.virtualskills.eu\/de\/wp-json\/wp\/v2\/pages\/1425\/revisions\/1427"}],"wp:attachment":[{"href":"https:\/\/www.virtualskills.eu\/de\/wp-json\/wp\/v2\/media?parent=1425"}],"curies":[{"name":"wp","href":"https:\/\/api.w.org\/{rel}","templated":true}]}}