{"id":1428,"date":"2022-12-08T13:42:56","date_gmt":"2022-12-08T13:42:56","guid":{"rendered":"https:\/\/www.virtualskills.eu\/swa\/"},"modified":"2023-02-08T14:24:04","modified_gmt":"2023-02-08T14:24:04","slug":"swa","status":"publish","type":"page","link":"https:\/\/www.virtualskills.eu\/de\/swa\/","title":{"rendered":"Smartwork Association"},"content":{"rendered":"<section class=\"wpb-content-wrapper\"><p>[vc_row css_animation=&#8220;&#8220; row_type=&#8220;row&#8220; use_row_as_full_screen_section=&#8220;no&#8220; type=&#8220;grid&#8220; angled_section=&#8220;no&#8220; text_align=&#8220;left&#8220; background_image_as_pattern=&#8220;without_pattern&#8220; css=&#8220;.vc_custom_1477990979174{padding-top: 30px !important;padding-bottom: 30px !important;background-color: #ffffff !important;}&#8220;][vc_column width=&#8220;1\/3&#8243;][vc_single_image image=&#8220;480&#8243; img_size=&#8220;&#8220; alignment=&#8220;center&#8220; qode_css_animation=&#8220;&#8220;][\/vc_column][vc_column width=&#8220;1\/3&#8243;][\/vc_column][vc_column width=&#8220;1\/3&#8243;][\/vc_column][\/vc_row][vc_row css_animation=&#8220;&#8220; row_type=&#8220;row&#8220; use_row_as_full_screen_section=&#8220;no&#8220; type=&#8220;grid&#8220; angled_section=&#8220;no&#8220; text_align=&#8220;left&#8220; background_image_as_pattern=&#8220;without_pattern&#8220; css=&#8220;.vc_custom_1477990979174{padding-top: 30px !important;padding-bottom: 30px !important;background-color: #ffffff !important;}&#8220;][vc_column][vc_column_text]Die 2007 gegr\u00fcndete Smartwork Association (NGO) steht f\u00fcr intelligente und zeitgem\u00e4sse Arbeitspraktiken. Die Aufgabe der Smartwork Association ist es, intelligente Arbeit einschliesslich Fernarbeit, in Estland zu f\u00f6rdern, um den Menschen zu erm\u00f6glichen, in einer f\u00fcr sie geeigneten Form und an einem geeigneten Ort zu arbeiten. Durch verschiedene Aktivit\u00e4ten tragen wir dazu bei, Estlands Arbeitsmarkt flexibler und anpassungsf\u00e4higer zu machen, um den Anforderungen des \u00e4usseren Umfelds besser gerecht zu werden (z. B. Globalisierung, Entwicklung von Technologien und IKT, ver\u00e4nderte Erwartungen der Arbeitnehmer, verst\u00e4rkter Wettbewerb um Talente usw.).<\/p>\n<p>Bei Smartwork legen wir Wert darauf:<\/p>\n<ul>\n<li>Intelligente Arbeitspraktiken im Allgemeinen, bei denen der Schwerpunkt auf dem Arbeitsergebnis liegt und nicht auf der Zeit und dem Ort, an dem die Arbeit erledigt wurde;<\/li>\n<li>Autonomie der Mitarbeiter (einschliesslich Flexibilit\u00e4t bei der Wahl, wie, wann und wo die Arbeit erledigt wird)<\/li>\n<li>Rollen-, wert- und kompetenzbasierte Managementpraktiken;<\/li>\n<li>Maximierung des Potenzials und der Vorteile der Entwicklung von IKT;<\/li>\n<li>Unsere Hauptaktivit\u00e4ten umfassen:<\/li>\n<li>Sammlung von Best Practices aus verschiedenen Organisationen auf der ganzen Welt und Weitergabe an unsere lokalen Organisationen;<\/li>\n<li>Durchf\u00fchrung von Forschungsarbeiten in Zusammenarbeit mit Universit\u00e4ten, um den aktuellen Stand in estnischen Organisationen in Bezug auf den Einsatz intelligenter Arbeitspraktiken sowie den aktuellen und zuk\u00fcnftigen Bedarf an Mitarbeiterkompetenzen zu ermitteln;<\/li>\n<li>Entwicklung der Kompetenzen aktueller und zuk\u00fcnftiger Manager und Mitarbeitenden;<\/li>\n<li>Durchf\u00fchrung und Teilnahme an verschiedenen internationalen und lokalen Projekten, die von der EU, lokalen Beh\u00f6rden und\/oder privaten Organisationen finanziert werden.<\/li>\n<\/ul>\n<p>[\/vc_column_text][\/vc_column][\/vc_row][vc_row css_animation=&#8220;&#8220; row_type=&#8220;row&#8220; use_row_as_full_screen_section=&#8220;no&#8220; type=&#8220;grid&#8220; angled_section=&#8220;no&#8220; text_align=&#8220;left&#8220; background_image_as_pattern=&#8220;without_pattern&#8220; css=&#8220;.vc_custom_1477990979174{padding-top: 30px !important;padding-bottom: 30px !important;background-color: #ffffff !important;}&#8220;][vc_column][vc_btn title=&#8220;Go to web&#8220; align=&#8220;right&#8220; link=&#8220;url:http%3A%2F%2Fwww.smartwork.ee%2F&#8220;][\/vc_column][\/vc_row][vc_row css_animation=&#8220;&#8220; row_type=&#8220;row&#8220; use_row_as_full_screen_section=&#8220;no&#8220; type=&#8220;full_width&#8220; angled_section=&#8220;no&#8220; text_align=&#8220;left&#8220; background_image_as_pattern=&#8220;without_pattern&#8220;][vc_column][\/vc_column][\/vc_row]<\/p>\n<\/section>","protected":false},"excerpt":{"rendered":"<p>[vc_row css_animation=&#8220;&#8220; row_type=&#8220;row&#8220; use_row_as_full_screen_section=&#8220;no&#8220; type=&#8220;grid&#8220; angled_section=&#8220;no&#8220; text_align=&#8220;left&#8220; background_image_as_pattern=&#8220;without_pattern&#8220; css=&#8220;.vc_custom_1477990979174{padding-top: 30px !important;padding-bottom: 30px !important;background-color: #ffffff !important;}&#8220;][vc_column width=&#8220;1\/3&#8243;][vc_single_image image=&#8220;480&#8243; img_size=&#8220;&#8220; alignment=&#8220;center&#8220; qode_css_animation=&#8220;&#8220;][\/vc_column][vc_column width=&#8220;1\/3&#8243;][\/vc_column][vc_column width=&#8220;1\/3&#8243;][\/vc_column][\/vc_row][vc_row css_animation=&#8220;&#8220; row_type=&#8220;row&#8220; use_row_as_full_screen_section=&#8220;no&#8220; type=&#8220;grid&#8220; angled_section=&#8220;no&#8220; text_align=&#8220;left&#8220; background_image_as_pattern=&#8220;without_pattern&#8220; css=&#8220;.vc_custom_1477990979174{padding-top: 30px !important;padding-bottom: 30px !important;background-color: #ffffff !important;}&#8220;][vc_column][vc_column_text]Die 2007 gegr\u00fcndete Smartwork Association (NGO) steht f\u00fcr intelligente und&#8230;<\/p>\n","protected":false},"author":1,"featured_media":0,"parent":0,"menu_order":0,"comment_status":"closed","ping_status":"closed","template":"full_width.php","meta":{"footnotes":""},"class_list":["post-1428","page","type-page","status-publish","hentry"],"_links":{"self":[{"href":"https:\/\/www.virtualskills.eu\/de\/wp-json\/wp\/v2\/pages\/1428","targetHints":{"allow":["GET"]}}],"collection":[{"href":"https:\/\/www.virtualskills.eu\/de\/wp-json\/wp\/v2\/pages"}],"about":[{"href":"https:\/\/www.virtualskills.eu\/de\/wp-json\/wp\/v2\/types\/page"}],"author":[{"embeddable":true,"href":"https:\/\/www.virtualskills.eu\/de\/wp-json\/wp\/v2\/users\/1"}],"replies":[{"embeddable":true,"href":"https:\/\/www.virtualskills.eu\/de\/wp-json\/wp\/v2\/comments?post=1428"}],"version-history":[{"count":1,"href":"https:\/\/www.virtualskills.eu\/de\/wp-json\/wp\/v2\/pages\/1428\/revisions"}],"predecessor-version":[{"id":1429,"href":"https:\/\/www.virtualskills.eu\/de\/wp-json\/wp\/v2\/pages\/1428\/revisions\/1429"}],"wp:attachment":[{"href":"https:\/\/www.virtualskills.eu\/de\/wp-json\/wp\/v2\/media?parent=1428"}],"curies":[{"name":"wp","href":"https:\/\/api.w.org\/{rel}","templated":true}]}}