{"id":1430,"date":"2022-12-08T13:46:31","date_gmt":"2022-12-08T13:46:31","guid":{"rendered":"https:\/\/www.virtualskills.eu\/higher-school-of-economics-and-trade\/"},"modified":"2023-02-08T14:25:07","modified_gmt":"2023-02-08T14:25:07","slug":"die-hoehere-schule-fuer-wirtschaft-und-handel","status":"publish","type":"page","link":"https:\/\/www.virtualskills.eu\/de\/die-hoehere-schule-fuer-wirtschaft-und-handel\/","title":{"rendered":"Die H\u00f6here Schule f\u00fcr Wirtschaft und Handel"},"content":{"rendered":"<section class=\"wpb-content-wrapper\"><p>[vc_row css_animation=&#8220;&#8220; row_type=&#8220;row&#8220; use_row_as_full_screen_section=&#8220;no&#8220; type=&#8220;grid&#8220; angled_section=&#8220;no&#8220; text_align=&#8220;left&#8220; background_image_as_pattern=&#8220;without_pattern&#8220; css=&#8220;.vc_custom_1477990979174{padding-top: 30px !important;padding-bottom: 30px !important;background-color: #ffffff !important;}&#8220;][vc_column width=&#8220;1\/3&#8243;][vc_single_image image=&#8220;482&#8243; img_size=&#8220;&#8220; alignment=&#8220;center&#8220; qode_css_animation=&#8220;&#8220;][\/vc_column][vc_column width=&#8220;1\/3&#8243;][\/vc_column][vc_column width=&#8220;1\/3&#8243;][\/vc_column][\/vc_row][vc_row css_animation=&#8220;&#8220; row_type=&#8220;row&#8220; use_row_as_full_screen_section=&#8220;no&#8220; type=&#8220;grid&#8220; angled_section=&#8220;no&#8220; text_align=&#8220;left&#8220; background_image_as_pattern=&#8220;without_pattern&#8220; css=&#8220;.vc_custom_1477990979174{padding-top: 30px !important;padding-bottom: 30px !important;background-color: #ffffff !important;}&#8220;][vc_column][vc_column_text]Die H\u00f6here Schule f\u00fcr Wirtschaft und Handel ist eines der Berufsbildungszentren in Dubrovnik, was bedeutet, dass die Studierenden einen ersten Beruf erlernen, der es ihnen erm\u00f6glicht, in den Arbeitsmarkt integriert zu werden. F\u00fcr die Studierende, die ihr Studium auf Universit\u00e4tsniveau fortsetzen m\u00f6chten, organisiert die Schule zus\u00e4tzliche Kurse, um sie optimal auf die Abschlusspr\u00fcfungen vorzubereiten und so den vertikalen \u00dcbergang zu den gew\u00fcnschten Universit\u00e4ten zu gew\u00e4hrleisten.<\/p>\n<p>Unsere Schule bietet eine Ausbildung f\u00fcr die vierj\u00e4hrigen Studieng\u00e4nge Wirtschaft, Handel und Gesch\u00e4ftssekretariat sowie ein dreij\u00e4hriges Programm f\u00fcr den Kaufmannsgehilfen (Einzelhandel) an. Um die Vielfalt der Programme zu bereichern, haben wir vor einigen Jahren die allgemeine Wirtschaftslehre in das Programm des Gymnasiums aufgenommen. Die Schule ist ausserdem vom kroatischen Bildungsministerium f\u00fcr den Studiengang Recht zugelassen. Jedes dieser Programme besteht aus einem allgemeinen und einem beruflichen Lehrplan.<\/p>\n<p>Unsere Schule hat eine lange Tradition im Bildungswesen. Sie ist die Rechtsnachfolgerin der 1913 gegr\u00fcndeten Schule. Im Jahr 2018. feierten wir das 105-j\u00e4hrige Bestehen. Heute gibt es an unserer Schule 350 Sch\u00fclerinnen und Sch\u00fcler in 18 Klassen, 40 Lehrkr\u00e4fte und insgesamt 50 Mitarbeitenden. Unsere Sch\u00fcler im Alter von 15 bis 18 Jahren werden f\u00fcr eine T\u00e4tigkeit in den Bereichen Rechnungswesen, Finanzen, Banken, Versicherungen, Handel und Verwaltung ausgebildet. W\u00e4hrend des Studiums werden die Sch\u00fcler ermutigt, selbst zu denken und ihr eigenes Unternehmen zu gr\u00fcnden. Sie lernen, wie man ein Unternehmen gr\u00fcndet, eine Gesch\u00e4ftsidee entwickelt und mit imagin\u00e4ren Produkten arbeitet, aber mit realen Dokumenten umgeht. F\u00fcr die Entwicklung von Kommunikationsf\u00e4higkeiten gibt es das Programm der Rednerschule. Dieses Programm wurde von IPA EU-Fonds entwickelt. Die Schule hat an mehreren von Erasmus+ finanzierten Projekten teilgenommen und war die erste beg\u00fcnstigte Schule in der Region Dubrovnik.[\/vc_column_text][\/vc_column][\/vc_row][vc_row css_animation=&#8220;&#8220; row_type=&#8220;row&#8220; use_row_as_full_screen_section=&#8220;no&#8220; type=&#8220;grid&#8220; angled_section=&#8220;no&#8220; text_align=&#8220;left&#8220; background_image_as_pattern=&#8220;without_pattern&#8220; css=&#8220;.vc_custom_1477990979174{padding-top: 30px !important;padding-bottom: 30px !important;background-color: #ffffff !important;}&#8220;][vc_column][vc_btn title=&#8220;Go to web&#8220; align=&#8220;right&#8220; link=&#8220;url:https%3A%2F%2Fekonomska-dubrovnik.com%2F&#8220;][\/vc_column][\/vc_row][vc_row css_animation=&#8220;&#8220; row_type=&#8220;row&#8220; use_row_as_full_screen_section=&#8220;no&#8220; type=&#8220;full_width&#8220; angled_section=&#8220;no&#8220; text_align=&#8220;left&#8220; background_image_as_pattern=&#8220;without_pattern&#8220;][vc_column][\/vc_column][\/vc_row]<\/p>\n<\/section>","protected":false},"excerpt":{"rendered":"<p>[vc_row css_animation=&#8220;&#8220; row_type=&#8220;row&#8220; use_row_as_full_screen_section=&#8220;no&#8220; type=&#8220;grid&#8220; angled_section=&#8220;no&#8220; text_align=&#8220;left&#8220; background_image_as_pattern=&#8220;without_pattern&#8220; css=&#8220;.vc_custom_1477990979174{padding-top: 30px !important;padding-bottom: 30px !important;background-color: #ffffff !important;}&#8220;][vc_column width=&#8220;1\/3&#8243;][vc_single_image image=&#8220;482&#8243; img_size=&#8220;&#8220; alignment=&#8220;center&#8220; qode_css_animation=&#8220;&#8220;][\/vc_column][vc_column width=&#8220;1\/3&#8243;][\/vc_column][vc_column width=&#8220;1\/3&#8243;][\/vc_column][\/vc_row][vc_row css_animation=&#8220;&#8220; row_type=&#8220;row&#8220; use_row_as_full_screen_section=&#8220;no&#8220; type=&#8220;grid&#8220; angled_section=&#8220;no&#8220; text_align=&#8220;left&#8220; background_image_as_pattern=&#8220;without_pattern&#8220; css=&#8220;.vc_custom_1477990979174{padding-top: 30px !important;padding-bottom: 30px !important;background-color: #ffffff !important;}&#8220;][vc_column][vc_column_text]Die H\u00f6here Schule f\u00fcr Wirtschaft und Handel ist eines der&#8230;<\/p>\n","protected":false},"author":1,"featured_media":0,"parent":0,"menu_order":0,"comment_status":"closed","ping_status":"closed","template":"full_width.php","meta":{"footnotes":""},"class_list":["post-1430","page","type-page","status-publish","hentry"],"_links":{"self":[{"href":"https:\/\/www.virtualskills.eu\/de\/wp-json\/wp\/v2\/pages\/1430","targetHints":{"allow":["GET"]}}],"collection":[{"href":"https:\/\/www.virtualskills.eu\/de\/wp-json\/wp\/v2\/pages"}],"about":[{"href":"https:\/\/www.virtualskills.eu\/de\/wp-json\/wp\/v2\/types\/page"}],"author":[{"embeddable":true,"href":"https:\/\/www.virtualskills.eu\/de\/wp-json\/wp\/v2\/users\/1"}],"replies":[{"embeddable":true,"href":"https:\/\/www.virtualskills.eu\/de\/wp-json\/wp\/v2\/comments?post=1430"}],"version-history":[{"count":2,"href":"https:\/\/www.virtualskills.eu\/de\/wp-json\/wp\/v2\/pages\/1430\/revisions"}],"predecessor-version":[{"id":1432,"href":"https:\/\/www.virtualskills.eu\/de\/wp-json\/wp\/v2\/pages\/1430\/revisions\/1432"}],"wp:attachment":[{"href":"https:\/\/www.virtualskills.eu\/de\/wp-json\/wp\/v2\/media?parent=1430"}],"curies":[{"name":"wp","href":"https:\/\/api.w.org\/{rel}","templated":true}]}}