{"id":1433,"date":"2022-12-08T13:47:35","date_gmt":"2022-12-08T13:47:35","guid":{"rendered":"https:\/\/www.virtualskills.eu\/ihf\/"},"modified":"2023-02-08T14:26:33","modified_gmt":"2023-02-08T14:26:33","slug":"ihf","status":"publish","type":"page","link":"https:\/\/www.virtualskills.eu\/de\/ihf\/","title":{"rendered":"Institut de Haute Formation aux Politiques Communautaires"},"content":{"rendered":"<section class=\"wpb-content-wrapper\"><p>[vc_row css_animation=&#8220;&#8220; row_type=&#8220;row&#8220; use_row_as_full_screen_section=&#8220;no&#8220; type=&#8220;grid&#8220; angled_section=&#8220;no&#8220; text_align=&#8220;left&#8220; background_image_as_pattern=&#8220;without_pattern&#8220; css=&#8220;.vc_custom_1477990979174{padding-top: 30px !important;padding-bottom: 30px !important;background-color: #ffffff !important;}&#8220;][vc_column width=&#8220;1\/3&#8243;][vc_single_image image=&#8220;484&#8243; img_size=&#8220;&#8220; alignment=&#8220;center&#8220; qode_css_animation=&#8220;&#8220;][\/vc_column][vc_column width=&#8220;1\/3&#8243;][\/vc_column][vc_column width=&#8220;1\/3&#8243;][\/vc_column][\/vc_row][vc_row css_animation=&#8220;&#8220; row_type=&#8220;row&#8220; use_row_as_full_screen_section=&#8220;no&#8220; type=&#8220;grid&#8220; angled_section=&#8220;no&#8220; text_align=&#8220;left&#8220; background_image_as_pattern=&#8220;without_pattern&#8220; css=&#8220;.vc_custom_1477990979174{padding-top: 30px !important;padding-bottom: 30px !important;background-color: #ffffff !important;}&#8220;][vc_column][vc_column_text]Institut de Haute Formation aux Politiques Communautaires asbl, ist eine gemeinn\u00fctzige Organisation, die 2003 in Br\u00fcssel (Belgien) gegr\u00fcndet wurde.<br \/>\nDas Hauptziel des IHF ist es, die Gemeinschaft (einschliesslich gemeinn\u00fctziger Organisationen und lokaler Beh\u00f6rden) bei der Entwicklung einer umfassenderen internationalen Zusammenarbeit zu unterst\u00fctzen, und zwar durch spezialisierte Schulungsmassnahmen zur europ\u00e4ischen Politik und die Verbreitung europ\u00e4ischer Werte.<br \/>\nEines der Mittel, um dieses Ziel zu erreichen, ist die Organisation von hochspezialisierten Kursen und Seminaren, die auf die Entwicklung europ\u00e4ischer Projekte ausgerichtet sind. Die Kurse konzentrieren sich auf EU-Politik und -Gesetzgebung, internationale Beziehungen und Projektmanagement und f\u00f6rdern die M\u00f6glichkeit zur Teilnahme an EU-finanzierten Programmen.<br \/>\nDas IHF organisiert auch Studiengruppen nach Br\u00fcssel f\u00fcr junge Hochschulabsolventen, Vertreter lokaler Beh\u00f6rden, KMU und Universit\u00e4ten und f\u00f6rdert so Mobilit\u00e4tsaktivit\u00e4ten auf verschiedenen Ausbildungsebenen. Seit 2004 hat IHF mehr als 40 Studienbesuche in Br\u00fcssel f\u00fcr mehr als 500 Personen organisiert.<br \/>\nIHF nahm als assoziierter Partner an fr\u00fcheren EU-finanzierten Projekten teil und trug haupts\u00e4chlich zu den Verbreitungs- und Verwertungsaktivit\u00e4ten bei. IHF bietet weitere Unterst\u00fctzung durch kontinuierliche Beobachtung der EU-Gesetzgebung und der Aktivit\u00e4ten der europ\u00e4ischen Institutionen und die konsequente Verbreitung entsprechender Informationen, Unterst\u00fctzung bei der Suche nach Partnern und dem Aufbau von Netzwerken.<br \/>\nDank ihrer Pr\u00e4senz in Br\u00fcssel hat die IHF asbl einschl\u00e4gige Erfahrung in der Organisation von Verbreitungs- und Verwertungsaktivit\u00e4ten auf EU-Ebene durch Kontakte mit Europaabgeordneten, anderen europ\u00e4ischen Verb\u00e4nden und Institutionen, Interessengruppen, Verbrauchergruppen usw. gesammelt.<br \/>\n[\/vc_column_text][\/vc_column][\/vc_row][vc_row css_animation=&#8220;&#8220; row_type=&#8220;row&#8220; use_row_as_full_screen_section=&#8220;no&#8220; type=&#8220;grid&#8220; angled_section=&#8220;no&#8220; text_align=&#8220;left&#8220; background_image_as_pattern=&#8220;without_pattern&#8220; css=&#8220;.vc_custom_1477990979174{padding-top: 30px !important;padding-bottom: 30px !important;background-color: #ffffff !important;}&#8220;][vc_column][vc_btn title=&#8220;Go to web&#8220; align=&#8220;right&#8220; link=&#8220;url:https%3A%2F%2Fwww.ihfeurope.eu%2F&#8220;][\/vc_column][\/vc_row][vc_row css_animation=&#8220;&#8220; row_type=&#8220;row&#8220; use_row_as_full_screen_section=&#8220;no&#8220; type=&#8220;full_width&#8220; angled_section=&#8220;no&#8220; text_align=&#8220;left&#8220; background_image_as_pattern=&#8220;without_pattern&#8220;][vc_column][\/vc_column][\/vc_row]<\/p>\n<\/section>","protected":false},"excerpt":{"rendered":"<p>[vc_row css_animation=&#8220;&#8220; row_type=&#8220;row&#8220; use_row_as_full_screen_section=&#8220;no&#8220; type=&#8220;grid&#8220; angled_section=&#8220;no&#8220; text_align=&#8220;left&#8220; background_image_as_pattern=&#8220;without_pattern&#8220; css=&#8220;.vc_custom_1477990979174{padding-top: 30px !important;padding-bottom: 30px !important;background-color: #ffffff !important;}&#8220;][vc_column width=&#8220;1\/3&#8243;][vc_single_image image=&#8220;484&#8243; img_size=&#8220;&#8220; alignment=&#8220;center&#8220; qode_css_animation=&#8220;&#8220;][\/vc_column][vc_column width=&#8220;1\/3&#8243;][\/vc_column][vc_column width=&#8220;1\/3&#8243;][\/vc_column][\/vc_row][vc_row css_animation=&#8220;&#8220; row_type=&#8220;row&#8220; use_row_as_full_screen_section=&#8220;no&#8220; type=&#8220;grid&#8220; angled_section=&#8220;no&#8220; text_align=&#8220;left&#8220; background_image_as_pattern=&#8220;without_pattern&#8220; css=&#8220;.vc_custom_1477990979174{padding-top: 30px !important;padding-bottom: 30px !important;background-color: #ffffff !important;}&#8220;][vc_column][vc_column_text]Institut de Haute Formation aux Politiques Communautaires asbl, ist eine&#8230;<\/p>\n","protected":false},"author":1,"featured_media":0,"parent":0,"menu_order":0,"comment_status":"closed","ping_status":"closed","template":"full_width.php","meta":{"footnotes":""},"class_list":["post-1433","page","type-page","status-publish","hentry"],"_links":{"self":[{"href":"https:\/\/www.virtualskills.eu\/de\/wp-json\/wp\/v2\/pages\/1433","targetHints":{"allow":["GET"]}}],"collection":[{"href":"https:\/\/www.virtualskills.eu\/de\/wp-json\/wp\/v2\/pages"}],"about":[{"href":"https:\/\/www.virtualskills.eu\/de\/wp-json\/wp\/v2\/types\/page"}],"author":[{"embeddable":true,"href":"https:\/\/www.virtualskills.eu\/de\/wp-json\/wp\/v2\/users\/1"}],"replies":[{"embeddable":true,"href":"https:\/\/www.virtualskills.eu\/de\/wp-json\/wp\/v2\/comments?post=1433"}],"version-history":[{"count":2,"href":"https:\/\/www.virtualskills.eu\/de\/wp-json\/wp\/v2\/pages\/1433\/revisions"}],"predecessor-version":[{"id":1435,"href":"https:\/\/www.virtualskills.eu\/de\/wp-json\/wp\/v2\/pages\/1433\/revisions\/1435"}],"wp:attachment":[{"href":"https:\/\/www.virtualskills.eu\/de\/wp-json\/wp\/v2\/media?parent=1433"}],"curies":[{"name":"wp","href":"https:\/\/api.w.org\/{rel}","templated":true}]}}