{"id":1436,"date":"2022-12-08T13:50:40","date_gmt":"2022-12-08T13:50:40","guid":{"rendered":"https:\/\/www.virtualskills.eu\/university-of-applied-sciences-of-the-grisons\/"},"modified":"2023-02-08T14:27:50","modified_gmt":"2023-02-08T14:27:50","slug":"die-fachhochschule-graubuenden","status":"publish","type":"page","link":"https:\/\/www.virtualskills.eu\/de\/die-fachhochschule-graubuenden\/","title":{"rendered":"Die Fachhochschule Graub\u00fcnden"},"content":{"rendered":"<section class=\"wpb-content-wrapper\"><p>[vc_row css_animation=&#8220;&#8220; row_type=&#8220;row&#8220; use_row_as_full_screen_section=&#8220;no&#8220; type=&#8220;grid&#8220; angled_section=&#8220;no&#8220; text_align=&#8220;left&#8220; background_image_as_pattern=&#8220;without_pattern&#8220; css=&#8220;.vc_custom_1477990979174{padding-top: 30px !important;padding-bottom: 30px !important;background-color: #ffffff !important;}&#8220;][vc_column width=&#8220;1\/3&#8243;][vc_single_image image=&#8220;493&#8243; img_size=&#8220;&#8220; alignment=&#8220;center&#8220; qode_css_animation=&#8220;&#8220;][\/vc_column][vc_column width=&#8220;1\/3&#8243;][\/vc_column][vc_column width=&#8220;1\/3&#8243;][\/vc_column][\/vc_row][vc_row css_animation=&#8220;&#8220; row_type=&#8220;row&#8220; use_row_as_full_screen_section=&#8220;no&#8220; type=&#8220;grid&#8220; angled_section=&#8220;no&#8220; text_align=&#8220;left&#8220; background_image_as_pattern=&#8220;without_pattern&#8220; css=&#8220;.vc_custom_1670507499281{padding-bottom: 30px !important;background-color: #ffffff !important;}&#8220; z_index=&#8220;&#8220;][vc_column][vc_column_text]Die Fachhochschule Graub\u00fcnden ist eine innovative und unternehmerisch denkende und wirkende Hochschule mit \u00fcber 2&#8217;000 Studierenden. Sie bildet Menschen zu verantwortungsvollen und kompetenten Fach- und F\u00fchrungskr\u00e4ften aus. Als Fachhochschule mit starker regionaler Verankerung zieht die Fachhochschule Graub\u00fcnden mit ihrer einladenden Atmosph\u00e4re Studierende von ausserhalb des Kantons und sogar aus der ganzen Schweiz an. Mit ihrer angewandten Forschung tr\u00e4gt sie zur Entwicklung von Innovationen, Wissen und L\u00f6sungen f\u00fcr die Gesellschaft bei. Die Fachhochschule Graub\u00fcnden bietet eine Reihe von Bachelor-, Master- und Weiterbildungsstudieng\u00e4ngen in den Bereichen Architektur, Bauingenieurwesen, Digital Science, Management, Multimedia Production, Photonics, Technologie und Tourismus an. Zudem ist sie in der angewandten Forschung und Entwicklung t\u00e4tig und erbringt Beratungs- und andere Dienstleistungen in allen Disziplinen. Die institutionelle Akkreditierung nach dem Bundesgesetz \u00fcber die F\u00f6rderung und Koordination des schweizerischen Hochschulwesens (HFKG) sowie die Erlangung von vier Sternen im Rahmen des Peer-Assessments &#8222;EFQM Recognised for Excellence&#8220; und die Zertifizierung nach ISO 9001 und ISO 29990 bilden eine wichtige Grundlage f\u00fcr die Gesamtentwicklung der Fachhochschule Graub\u00fcnden. Die innovative Fachhochschule Graub\u00fcnden ist seit dem Jahr 2000 Teil der Fachhochschule Ostschweiz (FHO Ostschweiz). Die Geschichte der Hochschule geht auf das Jahr 1963 zur\u00fcck.[\/vc_column_text][\/vc_column][\/vc_row][vc_row css_animation=&#8220;&#8220; row_type=&#8220;row&#8220; use_row_as_full_screen_section=&#8220;no&#8220; type=&#8220;grid&#8220; angled_section=&#8220;no&#8220; text_align=&#8220;left&#8220; background_image_as_pattern=&#8220;without_pattern&#8220; css=&#8220;.vc_custom_1477990979174{padding-top: 30px !important;padding-bottom: 30px !important;background-color: #ffffff !important;}&#8220;][vc_column][vc_btn title=&#8220;Go to web&#8220; align=&#8220;right&#8220; link=&#8220;url:http%3A%2F%2Fwww.fhgr.ch%2F&#8220;][\/vc_column][\/vc_row][vc_row css_animation=&#8220;&#8220; row_type=&#8220;row&#8220; use_row_as_full_screen_section=&#8220;no&#8220; type=&#8220;full_width&#8220; angled_section=&#8220;no&#8220; text_align=&#8220;left&#8220; background_image_as_pattern=&#8220;without_pattern&#8220;][vc_column][\/vc_column][\/vc_row]<\/p>\n<\/section>","protected":false},"excerpt":{"rendered":"<p>[vc_row css_animation=&#8220;&#8220; row_type=&#8220;row&#8220; use_row_as_full_screen_section=&#8220;no&#8220; type=&#8220;grid&#8220; angled_section=&#8220;no&#8220; text_align=&#8220;left&#8220; background_image_as_pattern=&#8220;without_pattern&#8220; css=&#8220;.vc_custom_1477990979174{padding-top: 30px !important;padding-bottom: 30px !important;background-color: #ffffff !important;}&#8220;][vc_column width=&#8220;1\/3&#8243;][vc_single_image image=&#8220;493&#8243; img_size=&#8220;&#8220; alignment=&#8220;center&#8220; qode_css_animation=&#8220;&#8220;][\/vc_column][vc_column width=&#8220;1\/3&#8243;][\/vc_column][vc_column width=&#8220;1\/3&#8243;][\/vc_column][\/vc_row][vc_row css_animation=&#8220;&#8220; row_type=&#8220;row&#8220; use_row_as_full_screen_section=&#8220;no&#8220; type=&#8220;grid&#8220; angled_section=&#8220;no&#8220; text_align=&#8220;left&#8220; background_image_as_pattern=&#8220;without_pattern&#8220; css=&#8220;.vc_custom_1670507499281{padding-bottom: 30px !important;background-color: #ffffff !important;}&#8220; z_index=&#8220;&#8220;][vc_column][vc_column_text]Die Fachhochschule Graub\u00fcnden ist eine innovative und unternehmerisch denkende und wirkende&#8230;<\/p>\n","protected":false},"author":1,"featured_media":0,"parent":0,"menu_order":0,"comment_status":"closed","ping_status":"closed","template":"full_width.php","meta":{"footnotes":""},"class_list":["post-1436","page","type-page","status-publish","hentry"],"_links":{"self":[{"href":"https:\/\/www.virtualskills.eu\/de\/wp-json\/wp\/v2\/pages\/1436","targetHints":{"allow":["GET"]}}],"collection":[{"href":"https:\/\/www.virtualskills.eu\/de\/wp-json\/wp\/v2\/pages"}],"about":[{"href":"https:\/\/www.virtualskills.eu\/de\/wp-json\/wp\/v2\/types\/page"}],"author":[{"embeddable":true,"href":"https:\/\/www.virtualskills.eu\/de\/wp-json\/wp\/v2\/users\/1"}],"replies":[{"embeddable":true,"href":"https:\/\/www.virtualskills.eu\/de\/wp-json\/wp\/v2\/comments?post=1436"}],"version-history":[{"count":1,"href":"https:\/\/www.virtualskills.eu\/de\/wp-json\/wp\/v2\/pages\/1436\/revisions"}],"predecessor-version":[{"id":1437,"href":"https:\/\/www.virtualskills.eu\/de\/wp-json\/wp\/v2\/pages\/1436\/revisions\/1437"}],"wp:attachment":[{"href":"https:\/\/www.virtualskills.eu\/de\/wp-json\/wp\/v2\/media?parent=1436"}],"curies":[{"name":"wp","href":"https:\/\/api.w.org\/{rel}","templated":true}]}}