{"id":1452,"date":"2022-12-08T21:50:17","date_gmt":"2022-12-08T21:50:17","guid":{"rendered":"https:\/\/www.virtualskills.eu\/project\/"},"modified":"2023-02-08T18:01:23","modified_gmt":"2023-02-08T18:01:23","slug":"projekt","status":"publish","type":"page","link":"https:\/\/www.virtualskills.eu\/de\/projekt\/","title":{"rendered":"Projekt"},"content":{"rendered":"<section class=\"wpb-content-wrapper\"><p>[vc_row css_animation=&#8220;&#8220; row_type=&#8220;row&#8220; use_row_as_full_screen_section=&#8220;no&#8220; type=&#8220;grid&#8220; angled_section=&#8220;no&#8220; text_align=&#8220;left&#8220; background_image_as_pattern=&#8220;without_pattern&#8220; css=&#8220;.vc_custom_1481534274629{padding-bottom: 40px !important;}&#8220;][vc_column offset=&#8220;vc_col-lg-6 vc_col-md-6&#8243;][vc_empty_space][vc_column_text]<\/p>\n<h3>\u00dcber <strong>VIBES<\/strong><\/h3>\n<p>[\/vc_column_text][vc_column_text]VIBES (Virtual Business Skills Empowerment) befasst sich mit zwei Arten von F\u00e4higkeiten, die f\u00fcr die zuk\u00fcnftige Besch\u00e4ftigungsf\u00e4higkeit junger Europ\u00e4er im digitalen Zeitalter von Bedeutung sind: Die F\u00e4higkeit, in virtuellen und multikulturellen Teams zu arbeiten. Anstatt Menschen f\u00fcr bestehende Rollen auszubilden, die schnell veralten, zielt VIBES darauf ab, eine unternehmerische Einstellung zu entwickeln, um zu verstehen, dass eine st\u00e4ndige Weiterentwicklung individueller und organisatorischer F\u00e4higkeiten als Reaktion auf sich bietende Chancen erforderlich ist. Die gemeinsame Erarbeitung innovativer Ans\u00e4tze f\u00fcr die Entwicklung von Kooperationsf\u00e4higkeiten, Vernetzungsm\u00f6glichkeiten und die Entwicklung von Innovation und strategischen F\u00e4higkeiten wird eine nachhaltigere individuelle Qualifikation erm\u00f6glichen, die sich leichter anpassen und neue Marktchancen schaffen kann.<\/p>\n<p>Ein Team von sieben Institutionen aus Kroatien, Estland, Finnland, Belgien und der Schweiz wird sich auf bew\u00e4hrte Praktiken aus den einzelnen L\u00e4ndern st\u00fctzen, um Studien- und Ausbildungsmodule f\u00fcr den Aufbau der F\u00e4higkeiten virtueller Teams zu entwickeln und zu liefern, mit Prozessbeschreibungen der Lernergebnisse und Methoden als integrierte Prozesse, unterst\u00fctzende Werkzeuge und Bewertungsmethoden und -kriterien. Es wird ein virtueller Raum f\u00fcr die Zusammenarbeit geschaffen, in dem Lernmaterialien, Erfahrungen und Ideen ausgetauscht werden k\u00f6nnen, um die interkulturelle Zusammenarbeit und den Austausch von Lehrerfahrungen und Wissen zu f\u00f6rdern. Unsere Module k\u00f6nnen als potenzielle Entwicklungsressourcen f\u00fcr KMUs dienen, die auf der Suche nach innovativen Entrepreneuren sind.<br \/>\n[\/vc_column_text][\/vc_column][vc_column offset=&#8220;vc_col-lg-6 vc_col-md-6&#8243;]<div class=\"qode-accordion-holder clearfix qode-accordion qode-initial \">\n\t<h5 class=\"clearfix qode-title-holder\">\n<span class=\"qode-tab-title\">\n\t\t\t<span class=\"qode-tab-title-icon\">\n\t\t\t<span aria-hidden=\"true\" class=\"qode_icon_font_elegant arrow_left-right \" ><\/span>\t\t<\/span>\n\t    <span class=\"qode-tab-title-inner\">\n        Engagement des VIBES-Unternehmens    <\/span>\n<\/span>\n<span class=\"qode-accordion-mark\">\n    <span class=\"qode-accordion-mark-icon\">\n        <span class=\"icon_plus\"><\/span>\n        <span class=\"icon_minus-06\"><\/span>\n    <\/span>\n<\/span>\n<\/h5>\n<div  class=\"qode-accordion-content qode-acc-title-with-icon\" style=\"background-image: url(https:\/\/www.virtualskills.eu\/wp-content\/uploads\/2016\/09\/accordion-1.jpg); padding: 19px 73px 39px 60px\">\n    <div class=\"qode-accordion-content-inner\">\n        [vc_column_text]<span style=\"color: #ffffff;\">Der erste Teil der Ausbildungsaktivit\u00e4ten wird im Rahmen der regul\u00e4ren Aktivit\u00e4ten der an VIBES beteiligten Hochschuleinrichtungen durchgef\u00fchrt. <\/span>[\/vc_column_text][vc_empty_space height=&#8220;23px&#8220;]<a  itemprop=\"url\" href=\"https:\/\/www.virtualskills.eu\/de\/engagement-des-vibes-unternehmens\/\" target=\"_self\"  class=\"qbutton  small right white default  qode-button-shadow\" style=\"\">Explore<\/a>    <\/div>\n<\/div><h5 class=\"clearfix qode-title-holder\">\n<span class=\"qode-tab-title\">\n\t\t\t<span class=\"qode-tab-title-icon\">\n\t\t\t<span aria-hidden=\"true\" class=\"qode_icon_font_elegant arrow_left-up \" ><\/span>\t\t<\/span>\n\t    <span class=\"qode-tab-title-inner\">\n        Entwicklung von VIBES-Inhalten    <\/span>\n<\/span>\n<span class=\"qode-accordion-mark\">\n    <span class=\"qode-accordion-mark-icon\">\n        <span class=\"icon_plus\"><\/span>\n        <span class=\"icon_minus-06\"><\/span>\n    <\/span>\n<\/span>\n<\/h5>\n<div  class=\"qode-accordion-content qode-acc-title-with-icon\" style=\"background-image: url(https:\/\/www.virtualskills.eu\/wp-content\/uploads\/2016\/09\/accordion-4.jpg); padding: 19px 73px 39px 60px\">\n    <div class=\"qode-accordion-content-inner\">\n        [vc_column_text]<span style=\"color: #ffffff;\">VIBES entwickelt die empfohlenen F\u00e4higkeiten f\u00fcr die Arbeit in multikulturellen virtuellen Teams durch die Entwicklung von Bildungsinhalten und Prozessen,&#8230;. <\/span>[\/vc_column_text][vc_empty_space height=&#8220;23px&#8220;]<a  itemprop=\"url\" href=\"https:\/\/www.virtualskills.eu\/de\/entwicklung-von-vibes-inhalten\/\" target=\"_self\"  class=\"qbutton  small right white default  qode-button-shadow\" style=\"\">Explore<\/a>    <\/div>\n<\/div><h5 class=\"clearfix qode-title-holder\">\n<span class=\"qode-tab-title\">\n\t\t\t<span class=\"qode-tab-title-icon\">\n\t\t\t<span aria-hidden=\"true\" class=\"qode_icon_font_elegant arrow_expand_alt \" ><\/span>\t\t<\/span>\n\t    <span class=\"qode-tab-title-inner\">\n        VIBES-Plattform f\u00fcr die Zusammenarbeit    <\/span>\n<\/span>\n<span class=\"qode-accordion-mark\">\n    <span class=\"qode-accordion-mark-icon\">\n        <span class=\"icon_plus\"><\/span>\n        <span class=\"icon_minus-06\"><\/span>\n    <\/span>\n<\/span>\n<\/h5>\n<div  class=\"qode-accordion-content qode-acc-title-with-icon\" style=\"background-image: url(https:\/\/www.virtualskills.eu\/wp-content\/uploads\/2016\/09\/accordion-3.jpg); padding: 19px 73px 39px 60px\">\n    <div class=\"qode-accordion-content-inner\">\n        [vc_column_text]<span style=\"color: #ffffff;\">Die Plattform wird als offene Bildungsressourcenplattform, als digitaler Lernknotenpunkt f\u00fcr virtuelle Fertigkeiten konzipiert.<\/span>[\/vc_column_text][vc_empty_space height=&#8220;23px&#8220;]<a  itemprop=\"url\" href=\"https:\/\/www.virtualskills.eu\/de\/vibes-plattform-fuer-die-zusammenarbeit\/\" target=\"_self\"  class=\"qbutton  small right white default  qode-button-shadow\" style=\"\">Explore<\/a>    <\/div>\n<\/div><h5 class=\"clearfix qode-title-holder\">\n<span class=\"qode-tab-title\">\n\t\t\t<span class=\"qode-tab-title-icon\">\n\t\t\t<span aria-hidden=\"true\" class=\"qode_icon_font_elegant arrow_left-down \" ><\/span>\t\t<\/span>\n\t    <span class=\"qode-tab-title-inner\">\n        VIBES-Unternehmenserhebung    <\/span>\n<\/span>\n<span class=\"qode-accordion-mark\">\n    <span class=\"qode-accordion-mark-icon\">\n        <span class=\"icon_plus\"><\/span>\n        <span class=\"icon_minus-06\"><\/span>\n    <\/span>\n<\/span>\n<\/h5>\n<div  class=\"qode-accordion-content qode-acc-title-with-icon\" style=\"background-image: url(https:\/\/www.virtualskills.eu\/wp-content\/uploads\/2016\/09\/accordion-1.jpg); padding: 19px 73px 39px 60px\">\n    <div class=\"qode-accordion-content-inner\">\n        [vc_column_text]<span style=\"color: #ffffff;\">Derzeit befindet sich das Wissen \u00fcber die F\u00e4higkeiten zur Arbeit in virtuellen Teams noch in einem fr\u00fchen Stadium der Entwicklung. <\/span>[\/vc_column_text][vc_empty_space height=&#8220;23px&#8220;]<a  itemprop=\"url\" href=\"https:\/\/www.virtualskills.eu\/de\/vibes-unternehmenserhebung\/\" target=\"_self\"  class=\"qbutton  small right white default  qode-button-shadow\" style=\"\">Explore<\/a>    <\/div>\n<\/div><h5 class=\"clearfix qode-title-holder\">\n<span class=\"qode-tab-title\">\n\t\t\t<span class=\"qode-tab-title-icon\">\n\t\t\t<span aria-hidden=\"true\" class=\"qode_icon_font_elegant arrow_move \" ><\/span>\t\t<\/span>\n\t    <span class=\"qode-tab-title-inner\">\n        VIBES competence mapping    <\/span>\n<\/span>\n<span class=\"qode-accordion-mark\">\n    <span class=\"qode-accordion-mark-icon\">\n        <span class=\"icon_plus\"><\/span>\n        <span class=\"icon_minus-06\"><\/span>\n    <\/span>\n<\/span>\n<\/h5>\n<div  class=\"qode-accordion-content qode-acc-title-with-icon\" style=\"background-image: url(https:\/\/www.virtualskills.eu\/wp-content\/uploads\/2016\/09\/accordion.jpg); padding: 19px 73px 39px 60px\">\n    <div class=\"qode-accordion-content-inner\">\n        [vc_column_text]<span style=\"color: #ffffff;\">As a first concrete step in project implementation VIBES team will perform comprehensive mapping of country and pan-European practices in building of virtual team working skills at high-school, university and adult education levels. <\/span>[\/vc_column_text][vc_empty_space height=&#8220;23px&#8220;]<a  itemprop=\"url\" href=\"https:\/\/www.virtualskills.eu\/vibes-competence-mapping\/\" target=\"_self\"  class=\"qbutton  small right white default  qode-button-shadow\" style=\"\">Explore<\/a>    <\/div>\n<\/div><\/div>[\/vc_column][\/vc_row][vc_row css_animation=&#8220;&#8220; row_type=&#8220;row&#8220; use_row_as_full_screen_section=&#8220;no&#8220; type=&#8220;full_width&#8220; angled_section=&#8220;no&#8220; text_align=&#8220;left&#8220; background_image_as_pattern=&#8220;without_pattern&#8220;][vc_column][vc_column_text][\/vc_column_text][\/vc_column][\/vc_row]<\/p>\n<\/section>","protected":false},"excerpt":{"rendered":"<p>[vc_row css_animation=&#8220;&#8220; row_type=&#8220;row&#8220; use_row_as_full_screen_section=&#8220;no&#8220; type=&#8220;grid&#8220; angled_section=&#8220;no&#8220; text_align=&#8220;left&#8220; background_image_as_pattern=&#8220;without_pattern&#8220; css=&#8220;.vc_custom_1481534274629{padding-bottom: 40px !important;}&#8220;][vc_column offset=&#8220;vc_col-lg-6 vc_col-md-6&#8243;][vc_empty_space][vc_column_text] \u00dcber VIBES [\/vc_column_text][vc_column_text]VIBES (Virtual Business Skills Empowerment) befasst sich mit zwei Arten von F\u00e4higkeiten, die f\u00fcr die zuk\u00fcnftige Besch\u00e4ftigungsf\u00e4higkeit junger Europ\u00e4er im digitalen Zeitalter von Bedeutung sind: Die F\u00e4higkeit, in virtuellen und&#8230;<\/p>\n","protected":false},"author":1,"featured_media":0,"parent":0,"menu_order":0,"comment_status":"closed","ping_status":"closed","template":"full_width.php","meta":{"footnotes":""},"class_list":["post-1452","page","type-page","status-publish","hentry"],"_links":{"self":[{"href":"https:\/\/www.virtualskills.eu\/de\/wp-json\/wp\/v2\/pages\/1452","targetHints":{"allow":["GET"]}}],"collection":[{"href":"https:\/\/www.virtualskills.eu\/de\/wp-json\/wp\/v2\/pages"}],"about":[{"href":"https:\/\/www.virtualskills.eu\/de\/wp-json\/wp\/v2\/types\/page"}],"author":[{"embeddable":true,"href":"https:\/\/www.virtualskills.eu\/de\/wp-json\/wp\/v2\/users\/1"}],"replies":[{"embeddable":true,"href":"https:\/\/www.virtualskills.eu\/de\/wp-json\/wp\/v2\/comments?post=1452"}],"version-history":[{"count":4,"href":"https:\/\/www.virtualskills.eu\/de\/wp-json\/wp\/v2\/pages\/1452\/revisions"}],"predecessor-version":[{"id":1469,"href":"https:\/\/www.virtualskills.eu\/de\/wp-json\/wp\/v2\/pages\/1452\/revisions\/1469"}],"wp:attachment":[{"href":"https:\/\/www.virtualskills.eu\/de\/wp-json\/wp\/v2\/media?parent=1452"}],"curies":[{"name":"wp","href":"https:\/\/api.w.org\/{rel}","templated":true}]}}