{"id":1456,"date":"2022-12-08T21:34:23","date_gmt":"2022-12-08T21:34:23","guid":{"rendered":"https:\/\/www.virtualskills.eu\/vibes-company-engagement\/"},"modified":"2023-02-08T17:50:50","modified_gmt":"2023-02-08T17:50:50","slug":"engagement-des-vibes-unternehmens","status":"publish","type":"page","link":"https:\/\/www.virtualskills.eu\/de\/engagement-des-vibes-unternehmens\/","title":{"rendered":"Engagement des VIBES-Unternehmens"},"content":{"rendered":"<section class=\"wpb-content-wrapper\"><p>[vc_row css_animation=&#8220;&#8220; row_type=&#8220;row&#8220; use_row_as_full_screen_section=&#8220;no&#8220; type=&#8220;grid&#8220; angled_section=&#8220;no&#8220; text_align=&#8220;left&#8220; background_image_as_pattern=&#8220;without_pattern&#8220; css=&#8220;.vc_custom_1477990979174{padding-top: 30px !important;padding-bottom: 30px !important;background-color: #ffffff !important;}&#8220;][vc_column width=&#8220;1\/3&#8243;][vc_single_image image=&#8220;553&#8243; img_size=&#8220;&#8220; alignment=&#8220;center&#8220; qode_css_animation=&#8220;&#8220;][\/vc_column][vc_column width=&#8220;1\/3&#8243;][\/vc_column][vc_column width=&#8220;1\/3&#8243;][\/vc_column][\/vc_row][vc_row css_animation=&#8220;&#8220; row_type=&#8220;row&#8220; use_row_as_full_screen_section=&#8220;no&#8220; type=&#8220;grid&#8220; angled_section=&#8220;no&#8220; text_align=&#8220;left&#8220; background_image_as_pattern=&#8220;without_pattern&#8220; css=&#8220;.vc_custom_1477990979174{padding-top: 30px !important;padding-bottom: 30px !important;background-color: #ffffff !important;}&#8220;][vc_column][vc_column_text]<\/p>\n<div id=\"comp-kohojt6o\" class=\"_1Q9if _3bcaz\" data-testid=\"richTextElement\">\n<div id=\"comp-kohonn0i1\" class=\"_1Q9if _3bcaz\" data-testid=\"richTextElement\">\n<div id=\"comp-kohp0dri2\" class=\"_1Q9if _3bcaz\" data-testid=\"richTextElement\">\n<div id=\"comp-kohp6qxk2\" class=\"_1Q9if _3bcaz\" data-testid=\"richTextElement\">\n<div id=\"comp-kohqko6d4\" class=\"_1Q9if _3bcaz\" data-testid=\"richTextElement\">Der erste Teil der Ausbildungsaktivit\u00e4ten wird im Rahmen der regul\u00e4ren Aktivit\u00e4ten der an VIBES beteiligten Hochschuleinrichtungen durchgef\u00fchrt. Es werden Verbindungen zur Gesch\u00e4ftswelt hergestellt, um relevante Unternehmen und Fachleute zu gewinnen, die in das Coaching einbezogen werden. Die Erprobung und Validierung von VIBES-Ergebnissen wird eine endg\u00fcltige Feinabstimmung des Inhalts erm\u00f6glichen und der ersten Kohorte von Empf\u00e4ngern (Studenten und Sch\u00fclern) gezielte F\u00e4higkeiten zur virtuellen Teamarbeit vermitteln. Im Anschluss daran werden Leitlinien und Anleitungen f\u00fcr die Anwendung nicht nur des Inhalts, sondern auch der Methodik durch diejenigen Praktiker erstellt, die an der Entwicklung eigener Ausbildungsinhalte f\u00fcr den Aufbau der gleichen Art von F\u00e4higkeiten interessiert sind. All diese Materialien werden auf der VIBES OER-Plattform frei zug\u00e4nglich sein. Auf diese Weise leistet VIBES Pionierarbeit beim europaweiten kultur\u00fcbergreifenden Training virtueller Teamarbeitsf\u00e4higkeiten und bei der Bereitstellung frei verf\u00fcgbarer Inhalte f\u00fcr die Ausweitung solcher Bildungs-\/Schulungsinhalte in verschiedenen Schul- und Unternehmenskontexten. Dies wird nicht nur eine Feinabstimmung der erstellten Inhalte erm\u00f6glichen, sondern auch zum ersten Mal vollst\u00e4ndig \u00fcbertragbare Materialien f\u00fcr die Anwendung und Erstellung von Inhalten in einem der unterversorgten Bereiche mit klarem Handlungsbedarf bereitstellen<\/div>\n<\/div>\n<\/div>\n<\/div>\n<\/div>\n<p>[\/vc_column_text][\/vc_column][\/vc_row][vc_row css_animation=&#8220;&#8220; row_type=&#8220;row&#8220; use_row_as_full_screen_section=&#8220;no&#8220; type=&#8220;full_width&#8220; angled_section=&#8220;no&#8220; text_align=&#8220;left&#8220; background_image_as_pattern=&#8220;without_pattern&#8220;][vc_column][\/vc_column][\/vc_row]<\/p>\n<\/section>","protected":false},"excerpt":{"rendered":"<p>[vc_row css_animation=&#8220;&#8220; row_type=&#8220;row&#8220; use_row_as_full_screen_section=&#8220;no&#8220; type=&#8220;grid&#8220; angled_section=&#8220;no&#8220; text_align=&#8220;left&#8220; background_image_as_pattern=&#8220;without_pattern&#8220; css=&#8220;.vc_custom_1477990979174{padding-top: 30px !important;padding-bottom: 30px !important;background-color: #ffffff !important;}&#8220;][vc_column width=&#8220;1\/3&#8243;][vc_single_image image=&#8220;553&#8243; img_size=&#8220;&#8220; alignment=&#8220;center&#8220; qode_css_animation=&#8220;&#8220;][\/vc_column][vc_column width=&#8220;1\/3&#8243;][\/vc_column][vc_column width=&#8220;1\/3&#8243;][\/vc_column][\/vc_row][vc_row css_animation=&#8220;&#8220; row_type=&#8220;row&#8220; use_row_as_full_screen_section=&#8220;no&#8220; type=&#8220;grid&#8220; angled_section=&#8220;no&#8220; text_align=&#8220;left&#8220; background_image_as_pattern=&#8220;without_pattern&#8220; css=&#8220;.vc_custom_1477990979174{padding-top: 30px !important;padding-bottom: 30px !important;background-color: #ffffff !important;}&#8220;][vc_column][vc_column_text] Der erste Teil der Ausbildungsaktivit\u00e4ten wird im Rahmen der&#8230;<\/p>\n","protected":false},"author":1,"featured_media":0,"parent":0,"menu_order":0,"comment_status":"closed","ping_status":"closed","template":"full_width.php","meta":{"footnotes":""},"class_list":["post-1456","page","type-page","status-publish","hentry"],"_links":{"self":[{"href":"https:\/\/www.virtualskills.eu\/de\/wp-json\/wp\/v2\/pages\/1456","targetHints":{"allow":["GET"]}}],"collection":[{"href":"https:\/\/www.virtualskills.eu\/de\/wp-json\/wp\/v2\/pages"}],"about":[{"href":"https:\/\/www.virtualskills.eu\/de\/wp-json\/wp\/v2\/types\/page"}],"author":[{"embeddable":true,"href":"https:\/\/www.virtualskills.eu\/de\/wp-json\/wp\/v2\/users\/1"}],"replies":[{"embeddable":true,"href":"https:\/\/www.virtualskills.eu\/de\/wp-json\/wp\/v2\/comments?post=1456"}],"version-history":[{"count":2,"href":"https:\/\/www.virtualskills.eu\/de\/wp-json\/wp\/v2\/pages\/1456\/revisions"}],"predecessor-version":[{"id":1458,"href":"https:\/\/www.virtualskills.eu\/de\/wp-json\/wp\/v2\/pages\/1456\/revisions\/1458"}],"wp:attachment":[{"href":"https:\/\/www.virtualskills.eu\/de\/wp-json\/wp\/v2\/media?parent=1456"}],"curies":[{"name":"wp","href":"https:\/\/api.w.org\/{rel}","templated":true}]}}