{"id":1459,"date":"2022-12-08T21:33:36","date_gmt":"2022-12-08T21:33:36","guid":{"rendered":"https:\/\/www.virtualskills.eu\/vibes-content-development\/"},"modified":"2023-02-08T17:52:34","modified_gmt":"2023-02-08T17:52:34","slug":"entwicklung-von-vibes-inhalten","status":"publish","type":"page","link":"https:\/\/www.virtualskills.eu\/de\/entwicklung-von-vibes-inhalten\/","title":{"rendered":"Entwicklung von VIBES-Inhalten"},"content":{"rendered":"<section class=\"wpb-content-wrapper\"><p>[vc_row css_animation=&#8220;&#8220; row_type=&#8220;row&#8220; use_row_as_full_screen_section=&#8220;no&#8220; type=&#8220;grid&#8220; angled_section=&#8220;no&#8220; text_align=&#8220;left&#8220; background_image_as_pattern=&#8220;without_pattern&#8220; css=&#8220;.vc_custom_1477990979174{padding-top: 30px !important;padding-bottom: 30px !important;background-color: #ffffff !important;}&#8220;][vc_column width=&#8220;1\/3&#8243;][vc_single_image image=&#8220;553&#8243; img_size=&#8220;&#8220; alignment=&#8220;center&#8220; qode_css_animation=&#8220;&#8220;][\/vc_column][vc_column width=&#8220;1\/3&#8243;][\/vc_column][vc_column width=&#8220;1\/3&#8243;][\/vc_column][\/vc_row][vc_row css_animation=&#8220;&#8220; row_type=&#8220;row&#8220; use_row_as_full_screen_section=&#8220;no&#8220; type=&#8220;grid&#8220; angled_section=&#8220;no&#8220; text_align=&#8220;left&#8220; background_image_as_pattern=&#8220;without_pattern&#8220; css=&#8220;.vc_custom_1477990979174{padding-top: 30px !important;padding-bottom: 30px !important;background-color: #ffffff !important;}&#8220;][vc_column][vc_column_text]VIBES entwickelt die empfohlenen F\u00e4higkeiten f\u00fcr die Arbeit in multikulturellen virtuellen Teams durch die Entwicklung von Bildungsinhalten und Prozessen, die f\u00fcr verschiedene Ebenen von Akteuren in unterschiedlichen Kontexten angepasst werden k\u00f6nnen. Dieser Ansatz unterst\u00fctzt die Erstellung und Entwicklung einer Reihe von Modulen oder Prozessen, die in Zusammenarbeit mit unseren Partnerorganisationen als Prototypen entwickelt und getestet werden k\u00f6nnen. Durch die gemeinsame Erstellung von Materialien und Prozessen durch die Zusammenarbeit der drei Ebenen von Bildungseinrichtungen (Highschool, Undergraduate und Master\/Professionals) zielen wir darauf ab, einen logischen Entwicklungspfad innerhalb der Lernumgebungen zu schaffen, der das individuelle Lernen unterst\u00fctzt, aber auch die Interaktion der Vielfalt der virtuellen Teams zwischen diesen Ebenen f\u00f6rdert. Diese Art der Interaktion spiegelt die tats\u00e4chliche Vielfalt fr\u00fcherer Bildungserfahrungen wider und kann angepasst werden, um verschiedene Arten von Lernerfahrungen und -zielen zu unterst\u00fctzen.<\/p>\n<p>&nbsp;<\/p>\n<p>Wir werden einen modularen systematischen Ansatz entwickeln, um die Implementierung und k\u00fcnftige Modifizierung dieser Module f\u00fcr multikulturelle virtuelle Teams als Teil der Open-Access-Ziele von Erasmus+ zu unterst\u00fctzen, sodass andere Bildungseinrichtungen diese Module nutzen und ihren Nutzen auf andere Online-Schulungssituationen im Gesch\u00e4ftsleben ausweiten k\u00f6nnen. Die Schaffung einer virtuellen Organisation zur Bew\u00e4ltigung dieser Herausforderungen ist ein neuartiger Ansatz, weil er damit zusammenh\u00e4ngt, wie unsere digital bewussten Studierenden verstehen, wie sie ihr Bewusstsein ausrichten und mobilisieren k\u00f6nnen.<\/p>\n<p>&nbsp;<\/p>\n<p>Es w\u00fcrde eine Reihe von Kursen oder Modulen erstellt, getestet und angepasst, um einen konkreteren Prozess zu schaffen. Diese Kurse sollen nicht dazu dienen, ein neues grundlegendes Gesch\u00e4ftshandbuch zu erstellen, sondern vielmehr das kreative und kritische Denken der Studierende zu integrieren und zu entwickeln, um zu verstehen, wie man ein Gesch\u00e4ftskonzept initiiert und es in potenziell testbare Bereiche entwickelt, die in den verschiedenen Partnerl\u00e4ndern erprobt werden k\u00f6nnen. Diese Module f\u00fcr multikulturelle virtuelle Teams werden verschiedene Rollen und Ziele beinhalten, sodass verschiedene Benutzer die Unterschiede in den Perspektiven, Zielen und Ergebnissen sch\u00e4tzen lernen, indem sie entweder aus einer anderen Rolle oder Perspektive in die Problembereiche eintreten und dadurch das Bewusstsein daf\u00fcr sch\u00e4rfen, wie sich die Vielfalt direkt auf die harten Ergebnisse eines Prozesses auswirkt, aber noch wichtiger ist, dass die Soft Skills f\u00fcr die erfolgreiche Navigation in virtuellen Umgebungen erforderlich sind.[\/vc_column_text][\/vc_column][\/vc_row][vc_row css_animation=&#8220;&#8220; row_type=&#8220;row&#8220; use_row_as_full_screen_section=&#8220;no&#8220; type=&#8220;full_width&#8220; angled_section=&#8220;no&#8220; text_align=&#8220;left&#8220; background_image_as_pattern=&#8220;without_pattern&#8220;][vc_column][\/vc_column][\/vc_row]<\/p>\n<\/section>","protected":false},"excerpt":{"rendered":"<p>[vc_row css_animation=&#8220;&#8220; row_type=&#8220;row&#8220; use_row_as_full_screen_section=&#8220;no&#8220; type=&#8220;grid&#8220; angled_section=&#8220;no&#8220; text_align=&#8220;left&#8220; background_image_as_pattern=&#8220;without_pattern&#8220; css=&#8220;.vc_custom_1477990979174{padding-top: 30px !important;padding-bottom: 30px !important;background-color: #ffffff !important;}&#8220;][vc_column width=&#8220;1\/3&#8243;][vc_single_image image=&#8220;553&#8243; img_size=&#8220;&#8220; alignment=&#8220;center&#8220; qode_css_animation=&#8220;&#8220;][\/vc_column][vc_column width=&#8220;1\/3&#8243;][\/vc_column][vc_column width=&#8220;1\/3&#8243;][\/vc_column][\/vc_row][vc_row css_animation=&#8220;&#8220; row_type=&#8220;row&#8220; use_row_as_full_screen_section=&#8220;no&#8220; type=&#8220;grid&#8220; angled_section=&#8220;no&#8220; text_align=&#8220;left&#8220; background_image_as_pattern=&#8220;without_pattern&#8220; css=&#8220;.vc_custom_1477990979174{padding-top: 30px !important;padding-bottom: 30px !important;background-color: #ffffff !important;}&#8220;][vc_column][vc_column_text]VIBES entwickelt die empfohlenen F\u00e4higkeiten f\u00fcr die Arbeit in multikulturellen&#8230;<\/p>\n","protected":false},"author":1,"featured_media":0,"parent":0,"menu_order":0,"comment_status":"closed","ping_status":"closed","template":"full_width.php","meta":{"footnotes":""},"class_list":["post-1459","page","type-page","status-publish","hentry"],"_links":{"self":[{"href":"https:\/\/www.virtualskills.eu\/de\/wp-json\/wp\/v2\/pages\/1459","targetHints":{"allow":["GET"]}}],"collection":[{"href":"https:\/\/www.virtualskills.eu\/de\/wp-json\/wp\/v2\/pages"}],"about":[{"href":"https:\/\/www.virtualskills.eu\/de\/wp-json\/wp\/v2\/types\/page"}],"author":[{"embeddable":true,"href":"https:\/\/www.virtualskills.eu\/de\/wp-json\/wp\/v2\/users\/1"}],"replies":[{"embeddable":true,"href":"https:\/\/www.virtualskills.eu\/de\/wp-json\/wp\/v2\/comments?post=1459"}],"version-history":[{"count":2,"href":"https:\/\/www.virtualskills.eu\/de\/wp-json\/wp\/v2\/pages\/1459\/revisions"}],"predecessor-version":[{"id":1461,"href":"https:\/\/www.virtualskills.eu\/de\/wp-json\/wp\/v2\/pages\/1459\/revisions\/1461"}],"wp:attachment":[{"href":"https:\/\/www.virtualskills.eu\/de\/wp-json\/wp\/v2\/media?parent=1459"}],"curies":[{"name":"wp","href":"https:\/\/api.w.org\/{rel}","templated":true}]}}