{"id":1462,"date":"2022-12-08T21:31:01","date_gmt":"2022-12-08T21:31:01","guid":{"rendered":"https:\/\/www.virtualskills.eu\/vibes-collaborative-platform\/"},"modified":"2023-02-08T17:53:44","modified_gmt":"2023-02-08T17:53:44","slug":"vibes-plattform-fuer-die-zusammenarbeit","status":"publish","type":"page","link":"https:\/\/www.virtualskills.eu\/de\/vibes-plattform-fuer-die-zusammenarbeit\/","title":{"rendered":"VIBES-Plattform f\u00fcr die Zusammenarbeit"},"content":{"rendered":"<section class=\"wpb-content-wrapper\"><p>[vc_row css_animation=&#8220;&#8220; row_type=&#8220;row&#8220; use_row_as_full_screen_section=&#8220;no&#8220; type=&#8220;grid&#8220; angled_section=&#8220;no&#8220; text_align=&#8220;left&#8220; background_image_as_pattern=&#8220;without_pattern&#8220; css=&#8220;.vc_custom_1477990979174{padding-top: 30px !important;padding-bottom: 30px !important;background-color: #ffffff !important;}&#8220;][vc_column width=&#8220;1\/3&#8243;][vc_single_image image=&#8220;553&#8243; img_size=&#8220;&#8220; alignment=&#8220;center&#8220; qode_css_animation=&#8220;&#8220;][\/vc_column][vc_column width=&#8220;1\/3&#8243;][\/vc_column][vc_column width=&#8220;1\/3&#8243;][\/vc_column][\/vc_row][vc_row css_animation=&#8220;&#8220; row_type=&#8220;row&#8220; use_row_as_full_screen_section=&#8220;no&#8220; type=&#8220;grid&#8220; angled_section=&#8220;no&#8220; text_align=&#8220;left&#8220; background_image_as_pattern=&#8220;without_pattern&#8220; css=&#8220;.vc_custom_1477990979174{padding-top: 30px !important;padding-bottom: 30px !important;background-color: #ffffff !important;}&#8220;][vc_column][vc_column_text]<\/p>\n<div id=\"comp-kohojt6o\" class=\"_1Q9if _3bcaz\" data-testid=\"richTextElement\">\n<div id=\"comp-kohonn0i1\" class=\"_1Q9if _3bcaz\" data-testid=\"richTextElement\">\n<div id=\"comp-kohp0dri2\" class=\"_1Q9if _3bcaz\" data-testid=\"richTextElement\">\n<div id=\"comp-kohp6qxk2\" class=\"_1Q9if _3bcaz\" data-testid=\"richTextElement\">\n<div id=\"comp-kohqko6d4\" class=\"_1Q9if _3bcaz\" data-testid=\"richTextElement\">\n<div id=\"comp-kohr95q3\" class=\"_1Q9if _3bcaz\" data-testid=\"richTextElement\">\n<div id=\"comp-kohrnryd2\" class=\"_1Q9if _3bcaz\" data-testid=\"richTextElement\">\n<p>Die Plattform wird als offene Bildungsressourcenplattform, als digitaler Lernknotenpunkt f\u00fcr virtuelle Fertigkeiten konzipiert. Sie ist als lernende Organisation gedacht, die auch Dritte einbezieht, die an der F\u00f6rderung ihrer virtuellen digitalen F\u00e4higkeiten durch den Austausch von agilen Lernressourcen interessiert sind. Der Inhalt der Plattform umfasst Projektanleitungen in Form von Ausschreibungen (&#8222;reale Probleme&#8220; und Herausforderungen innerhalb und ausserhalb von Institutionen), Wissensressourcen, die nach Themen gegliedert sind, Ausschreibungen f\u00fcr studentische Herausforderungen, eine Datenbank mit vollst\u00e4ndig aufbereiteten Best Practices, Vorlagen, Handb\u00fcchern f\u00fcr Train-the-Trainer-Workshops, Fallstudien, Richtlinien f\u00fcr die Gestaltung und Durchf\u00fchrung von l\u00f6sungsbasiertem Denken (insbesondere Design Thinking, Prototyping, EDU-SCRUM, Projektmanagement und Sprints). Es handelt sich um eine achtsame Sammlung im Hinblick auf interne Differenzierung und Kursbewertung mit dem Ziel, ein lebendiges \u00d6kosystem von Wissen, neuartiger Didaktik, Herausforderungen und Partnern zu schaffen, die virtuell an Fachwissen und L\u00f6sungen interagieren.<\/p>\n<p>&nbsp;<\/p>\n<p>Der Austausch von Fachwissen zielt darauf ab, die virtuelle Zusammenarbeit in kultur\u00fcbergreifenden Teams zu f\u00f6rdern. Interaktionsstrukturen werden in der Tradition von Design Thinking Prototyping und Teaching as Design aufgebaut und erprobt. Hauptziel ist es, die virtuelle Zusammenarbeit und das Lernen durch den Einsatz aktueller Lernprodukte und -werkzeuge zu etablieren, zu erhalten und st\u00e4ndig zu verbessern. Der Austausch erfolgt (a) innerhalb der Institutionen und (b) ein institutions\u00fcbergreifender Fachaustausch (z. B. Wirtschaftsdozierende von Universit\u00e4t und Hochschule). Auf dieser Plattform werden reale Herausforderungen ausgetauscht und durch enge virtuelle \/ kultur\u00fcbergreifende Zusammenarbeit zwischen Dozierenden und Studierenden der Institutionen angegangen. Als Wissensbasis f\u00fcr eine lernende Organisation f\u00f6rdert sie die F\u00e4higkeiten zur Zusammenarbeit bei jedem Projektauftrag oder Prototyping-Prozess (Design Thinking). Dozierende und Unternehmen werden als Coaches, Fall- und Szenariogestalter einbezogen. Die Studierenden haben die M\u00f6glichkeit, sich f\u00fcr Projekte zu bewerben und nicht nur ihre Motivation zur Bew\u00e4ltigung der Herausforderung, sondern auch ihre F\u00e4higkeit\/Reife zur virtuellen Zusammenarbeit in einem unternehmerischen Umfeld unter Beweis zu stellen.<\/p>\n<\/div>\n<\/div>\n<\/div>\n<\/div>\n<\/div>\n<\/div>\n<\/div>\n<p>[\/vc_column_text][\/vc_column][\/vc_row][vc_row css_animation=&#8220;&#8220; row_type=&#8220;row&#8220; use_row_as_full_screen_section=&#8220;no&#8220; type=&#8220;full_width&#8220; angled_section=&#8220;no&#8220; text_align=&#8220;left&#8220; background_image_as_pattern=&#8220;without_pattern&#8220;][vc_column][\/vc_column][\/vc_row]<\/p>\n<\/section>","protected":false},"excerpt":{"rendered":"<p>[vc_row css_animation=&#8220;&#8220; row_type=&#8220;row&#8220; use_row_as_full_screen_section=&#8220;no&#8220; type=&#8220;grid&#8220; angled_section=&#8220;no&#8220; text_align=&#8220;left&#8220; background_image_as_pattern=&#8220;without_pattern&#8220; css=&#8220;.vc_custom_1477990979174{padding-top: 30px !important;padding-bottom: 30px !important;background-color: #ffffff !important;}&#8220;][vc_column width=&#8220;1\/3&#8243;][vc_single_image image=&#8220;553&#8243; img_size=&#8220;&#8220; alignment=&#8220;center&#8220; qode_css_animation=&#8220;&#8220;][\/vc_column][vc_column width=&#8220;1\/3&#8243;][\/vc_column][vc_column width=&#8220;1\/3&#8243;][\/vc_column][\/vc_row][vc_row css_animation=&#8220;&#8220; row_type=&#8220;row&#8220; use_row_as_full_screen_section=&#8220;no&#8220; type=&#8220;grid&#8220; angled_section=&#8220;no&#8220; text_align=&#8220;left&#8220; background_image_as_pattern=&#8220;without_pattern&#8220; css=&#8220;.vc_custom_1477990979174{padding-top: 30px !important;padding-bottom: 30px !important;background-color: #ffffff !important;}&#8220;][vc_column][vc_column_text] Die Plattform wird als offene Bildungsressourcenplattform, als digitaler Lernknotenpunkt&#8230;<\/p>\n","protected":false},"author":1,"featured_media":0,"parent":0,"menu_order":0,"comment_status":"closed","ping_status":"closed","template":"full_width.php","meta":{"footnotes":""},"class_list":["post-1462","page","type-page","status-publish","hentry"],"_links":{"self":[{"href":"https:\/\/www.virtualskills.eu\/de\/wp-json\/wp\/v2\/pages\/1462","targetHints":{"allow":["GET"]}}],"collection":[{"href":"https:\/\/www.virtualskills.eu\/de\/wp-json\/wp\/v2\/pages"}],"about":[{"href":"https:\/\/www.virtualskills.eu\/de\/wp-json\/wp\/v2\/types\/page"}],"author":[{"embeddable":true,"href":"https:\/\/www.virtualskills.eu\/de\/wp-json\/wp\/v2\/users\/1"}],"replies":[{"embeddable":true,"href":"https:\/\/www.virtualskills.eu\/de\/wp-json\/wp\/v2\/comments?post=1462"}],"version-history":[{"count":2,"href":"https:\/\/www.virtualskills.eu\/de\/wp-json\/wp\/v2\/pages\/1462\/revisions"}],"predecessor-version":[{"id":1464,"href":"https:\/\/www.virtualskills.eu\/de\/wp-json\/wp\/v2\/pages\/1462\/revisions\/1464"}],"wp:attachment":[{"href":"https:\/\/www.virtualskills.eu\/de\/wp-json\/wp\/v2\/media?parent=1462"}],"curies":[{"name":"wp","href":"https:\/\/api.w.org\/{rel}","templated":true}]}}