{"id":1465,"date":"2022-12-08T21:29:57","date_gmt":"2022-12-08T21:29:57","guid":{"rendered":"https:\/\/www.virtualskills.eu\/vibes-business-survey\/"},"modified":"2023-02-08T17:55:46","modified_gmt":"2023-02-08T17:55:46","slug":"vibes-unternehmenserhebung","status":"publish","type":"page","link":"https:\/\/www.virtualskills.eu\/de\/vibes-unternehmenserhebung\/","title":{"rendered":"VIBES-Unternehmenserhebung"},"content":{"rendered":"<section class=\"wpb-content-wrapper\"><p>[vc_row css_animation=&#8220;&#8220; row_type=&#8220;row&#8220; use_row_as_full_screen_section=&#8220;no&#8220; type=&#8220;grid&#8220; angled_section=&#8220;no&#8220; text_align=&#8220;left&#8220; background_image_as_pattern=&#8220;without_pattern&#8220; css=&#8220;.vc_custom_1477990979174{padding-top: 30px !important;padding-bottom: 30px !important;background-color: #ffffff !important;}&#8220;][vc_column width=&#8220;1\/3&#8243;][vc_single_image image=&#8220;553&#8243; img_size=&#8220;&#8220; alignment=&#8220;center&#8220; qode_css_animation=&#8220;&#8220;][\/vc_column][vc_column width=&#8220;1\/3&#8243;][\/vc_column][vc_column width=&#8220;1\/3&#8243;][\/vc_column][\/vc_row][vc_row css_animation=&#8220;&#8220; row_type=&#8220;row&#8220; use_row_as_full_screen_section=&#8220;no&#8220; type=&#8220;grid&#8220; angled_section=&#8220;no&#8220; text_align=&#8220;left&#8220; background_image_as_pattern=&#8220;without_pattern&#8220; css=&#8220;.vc_custom_1477990979174{padding-top: 30px !important;padding-bottom: 30px !important;background-color: #ffffff !important;}&#8220;][vc_column][vc_column_text]<\/p>\n<div id=\"comp-kohojt6o\" class=\"_1Q9if _3bcaz\" data-testid=\"richTextElement\">\n<div id=\"comp-kohonn0i1\" class=\"_1Q9if _3bcaz\" data-testid=\"richTextElement\">\n<div id=\"comp-kohp0dri2\" class=\"_1Q9if _3bcaz\" data-testid=\"richTextElement\">\n<div id=\"comp-kohp6qxk2\" class=\"_1Q9if _3bcaz\" data-testid=\"richTextElement\">\n<div id=\"comp-kohqko6d4\" class=\"_1Q9if _3bcaz\" data-testid=\"richTextElement\">\n<div id=\"comp-kohqw96l1\" class=\"_1Q9if _3bcaz\" data-testid=\"richTextElement\">\n<p>Derzeit befindet sich das Wissen \u00fcber die F\u00e4higkeiten zur Arbeit in virtuellen Teams noch in einem fr\u00fchen Stadium der Entwicklung. Das Problem mit den vorhandenen Wissensressourcen ist, dass sie haupts\u00e4chlich einen quantitativen Top-Down-Ansatz bei der Wissensgenerierung verwendet haben, der begrenzt, was wir \u00fcber die Ph\u00e4nomene der in der Zukunft ben\u00f6tigten F\u00e4higkeiten zur virtuellen Teamarbeit wissen k\u00f6nnen. Es besteht ein Bedarf an aktuellen und zukunftsorientierten Informationen, da sich die digitalen Technologien sowie die Art und Weise, wie sie in die organisatorischen Prozesse mit dem Ziel, neue Gesch\u00e4ftsm\u00f6glichkeiten zu schaffen, implementiert werden, schnell \u00e4ndern.<\/p>\n<p>&nbsp;<\/p>\n<p>Das europ\u00e4ische Rahmenwerk &#8222;DigiComp&#8220; bietet ein allgemeines Verst\u00e4ndnis f\u00fcr die erforderlichen F\u00e4higkeiten zur digitalen Zusammenarbeit, jedoch ist ein umfassenderes und tieferes Wissen erforderlich, insbesondere in Bezug auf die F\u00e4higkeiten zur virtuellen Teamarbeit als Teil digitaler Gesch\u00e4ftsumgebungen. VIBES wird einen Rahmen f\u00fcr virtuelle Teamarbeitsf\u00e4higkeiten (der derzeit nicht existiert) und eine Methodik entwickeln. Es wird eine qualitative Erhebung durchgef\u00fchrt, um die F\u00e4higkeiten zur virtuellen Teamarbeit zu ermitteln, die ein tieferes Verst\u00e4ndnis daf\u00fcr erm\u00f6glicht, welche F\u00e4higkeiten ben\u00f6tigt werden und wie sie sich im heutigen Gesch\u00e4ftsumfeld manifestieren.<\/p>\n<p>Die Ergebnisse der Umfrage werden es dem Konsortium erm\u00f6glichen, innovative Bildungsinhalte und Methoden f\u00fcr die Entwicklung virtueller Teamarbeitsf\u00e4higkeiten bei unseren zuk\u00fcnftigen Arbeitskr\u00e4ften zu entwickeln, um die Entwicklung neuer grenz\u00fcberschreitender Gesch\u00e4ftsm\u00f6glichkeiten zu f\u00f6rdern. Diese Ergebnisse k\u00f6nnen w\u00e4hrend und nach dem Projekt von Interessengruppen und Bildungseinrichtungen als Grundlage f\u00fcr die Entwicklung von Lernerfahrungen genutzt werden.<\/p>\n<\/div>\n<\/div>\n<\/div>\n<\/div>\n<\/div>\n<\/div>\n<p>[\/vc_column_text][\/vc_column][\/vc_row][vc_row css_animation=&#8220;&#8220; row_type=&#8220;row&#8220; use_row_as_full_screen_section=&#8220;no&#8220; type=&#8220;full_width&#8220; angled_section=&#8220;no&#8220; text_align=&#8220;left&#8220; background_image_as_pattern=&#8220;without_pattern&#8220;][vc_column][\/vc_column][\/vc_row]<\/p>\n<\/section>","protected":false},"excerpt":{"rendered":"<p>[vc_row css_animation=&#8220;&#8220; row_type=&#8220;row&#8220; use_row_as_full_screen_section=&#8220;no&#8220; type=&#8220;grid&#8220; angled_section=&#8220;no&#8220; text_align=&#8220;left&#8220; background_image_as_pattern=&#8220;without_pattern&#8220; css=&#8220;.vc_custom_1477990979174{padding-top: 30px !important;padding-bottom: 30px !important;background-color: #ffffff !important;}&#8220;][vc_column width=&#8220;1\/3&#8243;][vc_single_image image=&#8220;553&#8243; img_size=&#8220;&#8220; alignment=&#8220;center&#8220; qode_css_animation=&#8220;&#8220;][\/vc_column][vc_column width=&#8220;1\/3&#8243;][\/vc_column][vc_column width=&#8220;1\/3&#8243;][\/vc_column][\/vc_row][vc_row css_animation=&#8220;&#8220; row_type=&#8220;row&#8220; use_row_as_full_screen_section=&#8220;no&#8220; type=&#8220;grid&#8220; angled_section=&#8220;no&#8220; text_align=&#8220;left&#8220; background_image_as_pattern=&#8220;without_pattern&#8220; css=&#8220;.vc_custom_1477990979174{padding-top: 30px !important;padding-bottom: 30px !important;background-color: #ffffff !important;}&#8220;][vc_column][vc_column_text] Derzeit befindet sich das Wissen \u00fcber die F\u00e4higkeiten zur&#8230;<\/p>\n","protected":false},"author":1,"featured_media":0,"parent":0,"menu_order":0,"comment_status":"closed","ping_status":"closed","template":"full_width.php","meta":{"footnotes":""},"class_list":["post-1465","page","type-page","status-publish","hentry"],"_links":{"self":[{"href":"https:\/\/www.virtualskills.eu\/de\/wp-json\/wp\/v2\/pages\/1465","targetHints":{"allow":["GET"]}}],"collection":[{"href":"https:\/\/www.virtualskills.eu\/de\/wp-json\/wp\/v2\/pages"}],"about":[{"href":"https:\/\/www.virtualskills.eu\/de\/wp-json\/wp\/v2\/types\/page"}],"author":[{"embeddable":true,"href":"https:\/\/www.virtualskills.eu\/de\/wp-json\/wp\/v2\/users\/1"}],"replies":[{"embeddable":true,"href":"https:\/\/www.virtualskills.eu\/de\/wp-json\/wp\/v2\/comments?post=1465"}],"version-history":[{"count":3,"href":"https:\/\/www.virtualskills.eu\/de\/wp-json\/wp\/v2\/pages\/1465\/revisions"}],"predecessor-version":[{"id":1468,"href":"https:\/\/www.virtualskills.eu\/de\/wp-json\/wp\/v2\/pages\/1465\/revisions\/1468"}],"wp:attachment":[{"href":"https:\/\/www.virtualskills.eu\/de\/wp-json\/wp\/v2\/media?parent=1465"}],"curies":[{"name":"wp","href":"https:\/\/api.w.org\/{rel}","templated":true}]}}