{"id":1484,"date":"2022-12-08T12:25:10","date_gmt":"2022-12-08T12:25:10","guid":{"rendered":"https:\/\/www.virtualskills.eu\/consortium\/"},"modified":"2023-02-08T18:58:06","modified_gmt":"2023-02-08T18:58:06","slug":"meeskond","status":"publish","type":"page","link":"https:\/\/www.virtualskills.eu\/et\/meeskond\/","title":{"rendered":"Meeskond"},"content":{"rendered":"<section class=\"wpb-content-wrapper\"><p>[vc_row css_animation=&#8221;&#8221; row_type=&#8221;row&#8221; use_row_as_full_screen_section=&#8221;no&#8221; type=&#8221;grid&#8221; angled_section=&#8221;no&#8221; text_align=&#8221;left&#8221; background_image_as_pattern=&#8221;without_pattern&#8221; css=&#8221;.vc_custom_1477990979174{padding-top: 30px !important;padding-bottom: 30px !important;background-color: #ffffff !important;}&#8221;][vc_column][vc_column_text]<\/p>\n<div id=\"comp-kohojt6o\" class=\"_1Q9if _3bcaz\" data-testid=\"richTextElement\">\n<p class=\"font_8\"><img loading=\"lazy\" decoding=\"async\" class=\"wp-image-402 alignleft\" src=\"https:\/\/www.virtualskills.eu\/wp-content\/uploads\/2022\/12\/VIBES-logos-300x161.png\" alt=\"\" width=\"201\" height=\"108\" srcset=\"https:\/\/www.virtualskills.eu\/wp-content\/uploads\/2022\/12\/VIBES-logos-300x161.png 300w, https:\/\/www.virtualskills.eu\/wp-content\/uploads\/2022\/12\/VIBES-logos.png 370w\" sizes=\"auto, (max-width: 201px) 100vw, 201px\" \/><\/p>\n<p>Konsortsium koosneb 7 partnerist 5 riigist (HR, FI, EE, BE, SUI), kellel on asjakohased oskused ja p\u00e4devused projekti tegevuste t\u00f5husaks ja tulemuslikuks elluviimiseks. Rahvusvahelise interdistsiplinaarse projekti peamine eelis on see, et saame kasutada iga riigi parimaid praktikaid arendamaks koost\u00f6\u00f6p\u00f5hiseid l\u00e4henemisviise virtuaalsete meeskondade t\u00f6\u00f6tajate v\u00f5imekuse suurendamiseks.<\/p>\n<p>&nbsp;<\/p>\n<p>Konsortsiumi peamine eesm\u00e4rk on luua kursus, mille abil arendada virtuaalse meeskonnat\u00f6\u00f6 p\u00e4devusi, mis aitavad kasutada EU \u00fchisturu eeliseid ja sellest tulenevaid \u00e4riv\u00f5imalusi.<\/p>\n<p>&nbsp;<\/p>\n<p class=\"font_8\">Samuti on oluline v\u00e4lja tuua, et meie eesm\u00e4rk ei ole koolitada inimesi olemasolevate rollide jaoks, mis vananevad kiiresti. Eesm\u00e4rk on arendada ettev\u00f5tlikku suhtumist ja oskust reageerida esilekerkivatele v\u00f5imalustele mida realiseerida meeskonnat\u00f6\u00f6oskuste abil. Usume, et \u00fcksikisikute v\u00f5imekuse kasvatmine virtuaalsetes rahvusvahelistes meeskondades t\u00f5husalt osalemiseks on oluline nurgakivi\u00a0 j\u00e4tkusuutlikule majandusarengule.<\/p>\n<\/div>\n<p>[\/vc_column_text][\/vc_column][\/vc_row][vc_row css_animation=&#8221;&#8221; row_type=&#8221;row&#8221; use_row_as_full_screen_section=&#8221;no&#8221; type=&#8221;grid&#8221; angled_section=&#8221;no&#8221; text_align=&#8221;left&#8221; background_image_as_pattern=&#8221;without_pattern&#8221; css=&#8221;.vc_custom_1477990979174{padding-top: 30px !important;padding-bottom: 30px !important;background-color: #ffffff !important;}&#8221;][vc_column width=&#8221;1\/3&#8243;][vc_single_image image=&#8221;474&#8243; img_size=&#8221;&#8221; alignment=&#8221;center&#8221; onclick=&#8221;custom_link&#8221; qode_css_animation=&#8221;&#8221; link=&#8221;https:\/\/www.virtualskills.eu\/et\/unidu\/&#8221;][\/vc_column][vc_column width=&#8221;1\/3&#8243;][vc_single_image image=&#8221;476&#8243; img_size=&#8221;&#8221; alignment=&#8221;center&#8221; onclick=&#8221;custom_link&#8221; qode_css_animation=&#8221;&#8221; link=&#8221;https:\/\/www.virtualskills.eu\/et\/ebs\/&#8221;][\/vc_column][vc_column width=&#8221;1\/3&#8243;][vc_single_image image=&#8221;478&#8243; img_size=&#8221;&#8221; alignment=&#8221;center&#8221; onclick=&#8221;custom_link&#8221; qode_css_animation=&#8221;&#8221; link=&#8221;https:\/\/www.virtualskills.eu\/et\/lab\/&#8221;][\/vc_column][\/vc_row][vc_row css_animation=&#8221;&#8221; row_type=&#8221;row&#8221; use_row_as_full_screen_section=&#8221;no&#8221; type=&#8221;grid&#8221; angled_section=&#8221;no&#8221; text_align=&#8221;left&#8221; background_image_as_pattern=&#8221;without_pattern&#8221; css=&#8221;.vc_custom_1477990979174{padding-top: 30px !important;padding-bottom: 30px !important;background-color: #ffffff !important;}&#8221;][vc_column width=&#8221;1\/3&#8243;][vc_single_image image=&#8221;480&#8243; img_size=&#8221;&#8221; alignment=&#8221;center&#8221; onclick=&#8221;custom_link&#8221; qode_css_animation=&#8221;&#8221; link=&#8221;https:\/\/www.virtualskills.eu\/et\/swa\/&#8221;][\/vc_column][vc_column width=&#8221;1\/3&#8243;][vc_single_image image=&#8221;482&#8243; img_size=&#8221;&#8221; alignment=&#8221;center&#8221; onclick=&#8221;custom_link&#8221; qode_css_animation=&#8221;&#8221; link=&#8221;https:\/\/www.virtualskills.eu\/et\/higher-school-of-economics-and-trade\/&#8221;][\/vc_column][vc_column width=&#8221;1\/3&#8243;][vc_single_image image=&#8221;484&#8243; img_size=&#8221;&#8221; alignment=&#8221;center&#8221; onclick=&#8221;custom_link&#8221; qode_css_animation=&#8221;&#8221; css=&#8221;.vc_custom_1675882630211{padding-top: 30px !important;}&#8221; link=&#8221;https:\/\/www.virtualskills.eu\/et\/ihf\/&#8221;][\/vc_column][\/vc_row][vc_row css_animation=&#8221;&#8221; row_type=&#8221;row&#8221; use_row_as_full_screen_section=&#8221;no&#8221; type=&#8221;grid&#8221; angled_section=&#8221;no&#8221; text_align=&#8221;left&#8221; background_image_as_pattern=&#8221;without_pattern&#8221; css=&#8221;.vc_custom_1477990979174{padding-top: 30px !important;padding-bottom: 30px !important;background-color: #ffffff !important;}&#8221;][vc_column][vc_single_image image=&#8221;493&#8243; img_size=&#8221;&#8221; alignment=&#8221;center&#8221; onclick=&#8221;custom_link&#8221; qode_css_animation=&#8221;&#8221; link=&#8221;https:\/\/www.virtualskills.eu\/et\/fhgr\/&#8221;][\/vc_column][\/vc_row][vc_row css_animation=&#8221;&#8221; row_type=&#8221;row&#8221; use_row_as_full_screen_section=&#8221;no&#8221; type=&#8221;full_width&#8221; angled_section=&#8221;no&#8221; text_align=&#8221;left&#8221; background_image_as_pattern=&#8221;without_pattern&#8221;][vc_column][\/vc_column][\/vc_row]<\/p>\n<\/section>","protected":false},"excerpt":{"rendered":"<p>[vc_row css_animation=&#8221;&#8221; row_type=&#8221;row&#8221; use_row_as_full_screen_section=&#8221;no&#8221; type=&#8221;grid&#8221; angled_section=&#8221;no&#8221; text_align=&#8221;left&#8221; background_image_as_pattern=&#8221;without_pattern&#8221; css=&#8221;.vc_custom_1477990979174{padding-top: 30px !important;padding-bottom: 30px !important;background-color: #ffffff !important;}&#8221;][vc_column][vc_column_text] Konsortsium koosneb 7 partnerist 5 riigist (HR, FI, EE, BE, SUI), kellel on asjakohased oskused ja p\u00e4devused projekti tegevuste t\u00f5husaks ja tulemuslikuks elluviimiseks. Rahvusvahelise interdistsiplinaarse projekti peamine eelis on see,&#8230;<\/p>\n","protected":false},"author":1,"featured_media":0,"parent":0,"menu_order":0,"comment_status":"closed","ping_status":"closed","template":"full_width.php","meta":{"footnotes":""},"class_list":["post-1484","page","type-page","status-publish","hentry"],"_links":{"self":[{"href":"https:\/\/www.virtualskills.eu\/et\/wp-json\/wp\/v2\/pages\/1484","targetHints":{"allow":["GET"]}}],"collection":[{"href":"https:\/\/www.virtualskills.eu\/et\/wp-json\/wp\/v2\/pages"}],"about":[{"href":"https:\/\/www.virtualskills.eu\/et\/wp-json\/wp\/v2\/types\/page"}],"author":[{"embeddable":true,"href":"https:\/\/www.virtualskills.eu\/et\/wp-json\/wp\/v2\/users\/1"}],"replies":[{"embeddable":true,"href":"https:\/\/www.virtualskills.eu\/et\/wp-json\/wp\/v2\/comments?post=1484"}],"version-history":[{"count":4,"href":"https:\/\/www.virtualskills.eu\/et\/wp-json\/wp\/v2\/pages\/1484\/revisions"}],"predecessor-version":[{"id":1517,"href":"https:\/\/www.virtualskills.eu\/et\/wp-json\/wp\/v2\/pages\/1484\/revisions\/1517"}],"wp:attachment":[{"href":"https:\/\/www.virtualskills.eu\/et\/wp-json\/wp\/v2\/media?parent=1484"}],"curies":[{"name":"wp","href":"https:\/\/api.w.org\/{rel}","templated":true}]}}