{"id":1490,"date":"2022-12-08T12:15:24","date_gmt":"2022-12-08T12:15:24","guid":{"rendered":"https:\/\/www.virtualskills.eu\/objectives\/"},"modified":"2023-02-08T18:33:43","modified_gmt":"2023-02-08T18:33:43","slug":"eesmargid","status":"publish","type":"page","link":"https:\/\/www.virtualskills.eu\/et\/eesmargid\/","title":{"rendered":"Eesm\u00e4rgid"},"content":{"rendered":"<section class=\"wpb-content-wrapper\"><p>[vc_row css_animation=&#8221;&#8221; row_type=&#8221;row&#8221; use_row_as_full_screen_section=&#8221;no&#8221; type=&#8221;grid&#8221; angled_section=&#8221;no&#8221; text_align=&#8221;left&#8221; background_image_as_pattern=&#8221;without_pattern&#8221; css=&#8221;.vc_custom_1477930468034{padding-top: 81px !important;}&#8221;][vc_column offset=&#8221;vc_col-lg-6 vc_col-md-6&#8243;][vc_empty_space height=&#8221;8px&#8221;][vc_single_image image=&#8221;186&#8243; img_size=&#8221;full&#8221; qode_css_animation=&#8221;&#8221;][vc_empty_space height=&#8221;45px&#8221;][\/vc_column][vc_column offset=&#8221;vc_col-lg-6 vc_col-md-6&#8243;][vc_column_text]<span class=\"color_12\">Olemasolevad haridusprogrammid katavad k\u00fcll v\u00e4iksemaid osasid virtuaalse meeskonnat\u00f6\u00f6 oskustest, kuid puudus on terviklikust l\u00e4henemisest. VIBES t\u00e4idab selle l\u00fcnga, t\u00f6\u00f6tades v\u00e4lja ja tehes vabalt k\u00e4ttesaadavaks tervikliku \u00f5ppe- ja koolitussisu, mis varustab meie sihtr\u00fchma \u2013 \u00fcli\u00f5pilased ja g\u00fcmnaasiumi\u00f5pilased virtuaalse meeskonnaga t\u00f6\u00f6tamiseks vajalike oskustega. VIBES-i programmi raames loodud kursusel on mitmeid innovaatlisi aspekte. N\u00e4iteks v\u00f5imalus \u00f5petada keskkooli, bakalauresuse ja magistri tudengeid koos, nii, et \u00fchine \u00f5pe mitte ei v\u00e4henda, vaid hoopis s\u00fcvendab \u00f5piv\u00e4ljundite omandamist. VIBES kursuse \u00fcleshitus, meetodid ja sisu tuginevad kaasaegsetele \u00f5ppimise k\u00e4sitlustele, mis muuhulgas t\u00e4hendab, et VIBES kursuse \u00fclesehitus on realistlik ja praktiline. L\u00f5imides omavahel kaasaegsed meeskonnat\u00f6\u00f6 teooriad ja\u00a0 praktilise kogemuse omandavad \u00f5pilased oskusi, mis on vajalikud t\u00f6\u00f6alase konkurentsiv\u00f5ime t\u00f5stmiseks h\u00fcbriidajastul.<\/span>[\/vc_column_text][\/vc_column][\/vc_row][vc_row css_animation=&#8221;&#8221; row_type=&#8221;row&#8221; use_row_as_full_screen_section=&#8221;no&#8221; type=&#8221;grid&#8221; angled_section=&#8221;no&#8221; text_align=&#8221;left&#8221; background_image_as_pattern=&#8221;without_pattern&#8221; css=&#8221;.vc_custom_1670501941371{padding-top: 20px !important;padding-bottom: 81px !important;}&#8221; z_index=&#8221;&#8221;][vc_column offset=&#8221;vc_col-lg-6 vc_col-md-6&#8243;][vc_column_text]<\/p>\n<div class=\"\" data-mesh-id=\"comp-kohq4bioinlineContent\" data-testid=\"inline-content\">\n<div data-mesh-id=\"comp-kohq4bioinlineContent-gridContainer\" data-testid=\"mesh-container-content\">\n<div id=\"comp-kohq4bjj3\" class=\"_1Q9if _3bcaz\" data-testid=\"richTextElement\">\n<h3 class=\"font_7\"><span class=\"color_12\">VIBES\u00b4is me:<\/span><\/h3>\n<ul>\n<li>Kaardistasime virtuaalseks meeskonnat\u00f6\u00f6ks vajalikud p\u00e4devused;<\/li>\n<li>Arendasime mitmekesise haridussisu koos meetodidega, mille eesm\u00e4rk on arendada sihtr\u00fchma virtuaalse meeskonnat\u00f6\u00f6 oskusi.<\/li>\n<li>Testisime loodud haridussisu ja meetodeid ja t\u00e4iendasime neid vastavalt saadud tagasisidele.<\/li>\n<li>T\u00f6\u00f6tasime v\u00e4lja juhised antud sisu ja meetodite rakendamiseks;<\/li>\n<li>L\u00f5ime veebiplatvormi, kus \u00f5petajad ja koolitajad saavad ligip\u00e4\u00e4su loodud haridussisule kui ka omavahel infot ja ideid vahetada.<\/li>\n<\/ul>\n<\/div>\n<\/div>\n<\/div>\n<p>[\/vc_column_text][\/vc_column][vc_column offset=&#8221;vc_col-lg-6 vc_col-md-6&#8243;][vc_empty_space height=&#8221;8px&#8221;][vc_single_image image=&#8221;187&#8243; img_size=&#8221;full&#8221; qode_css_animation=&#8221;&#8221;][vc_empty_space height=&#8221;45px&#8221;][\/vc_column][\/vc_row]<\/p>\n<\/section>","protected":false},"excerpt":{"rendered":"<p>[vc_row css_animation=&#8221;&#8221; row_type=&#8221;row&#8221; use_row_as_full_screen_section=&#8221;no&#8221; type=&#8221;grid&#8221; angled_section=&#8221;no&#8221; text_align=&#8221;left&#8221; background_image_as_pattern=&#8221;without_pattern&#8221; css=&#8221;.vc_custom_1477930468034{padding-top: 81px !important;}&#8221;][vc_column offset=&#8221;vc_col-lg-6 vc_col-md-6&#8243;][vc_empty_space height=&#8221;8px&#8221;][vc_single_image image=&#8221;186&#8243; img_size=&#8221;full&#8221; qode_css_animation=&#8221;&#8221;][vc_empty_space height=&#8221;45px&#8221;][\/vc_column][vc_column offset=&#8221;vc_col-lg-6 vc_col-md-6&#8243;][vc_column_text]Olemasolevad haridusprogrammid katavad k\u00fcll v\u00e4iksemaid osasid virtuaalse meeskonnat\u00f6\u00f6 oskustest, kuid puudus on terviklikust l\u00e4henemisest. VIBES t\u00e4idab selle l\u00fcnga, t\u00f6\u00f6tades v\u00e4lja ja tehes vabalt k\u00e4ttesaadavaks tervikliku \u00f5ppe-&#8230;<\/p>\n","protected":false},"author":1,"featured_media":0,"parent":0,"menu_order":0,"comment_status":"closed","ping_status":"closed","template":"full_width.php","meta":{"footnotes":""},"class_list":["post-1490","page","type-page","status-publish","hentry"],"_links":{"self":[{"href":"https:\/\/www.virtualskills.eu\/et\/wp-json\/wp\/v2\/pages\/1490","targetHints":{"allow":["GET"]}}],"collection":[{"href":"https:\/\/www.virtualskills.eu\/et\/wp-json\/wp\/v2\/pages"}],"about":[{"href":"https:\/\/www.virtualskills.eu\/et\/wp-json\/wp\/v2\/types\/page"}],"author":[{"embeddable":true,"href":"https:\/\/www.virtualskills.eu\/et\/wp-json\/wp\/v2\/users\/1"}],"replies":[{"embeddable":true,"href":"https:\/\/www.virtualskills.eu\/et\/wp-json\/wp\/v2\/comments?post=1490"}],"version-history":[{"count":2,"href":"https:\/\/www.virtualskills.eu\/et\/wp-json\/wp\/v2\/pages\/1490\/revisions"}],"predecessor-version":[{"id":1492,"href":"https:\/\/www.virtualskills.eu\/et\/wp-json\/wp\/v2\/pages\/1490\/revisions\/1492"}],"wp:attachment":[{"href":"https:\/\/www.virtualskills.eu\/et\/wp-json\/wp\/v2\/media?parent=1490"}],"curies":[{"name":"wp","href":"https:\/\/api.w.org\/{rel}","templated":true}]}}