{"id":1495,"date":"2022-12-08T13:30:46","date_gmt":"2022-12-08T13:30:46","guid":{"rendered":"https:\/\/www.virtualskills.eu\/unidu\/"},"modified":"2023-02-08T18:39:04","modified_gmt":"2023-02-08T18:39:04","slug":"unidu","status":"publish","type":"page","link":"https:\/\/www.virtualskills.eu\/et\/unidu\/","title":{"rendered":"Dubrovniku \u00dclikool"},"content":{"rendered":"<section class=\"wpb-content-wrapper\"><p>[vc_row css_animation=&#8221;&#8221; row_type=&#8221;row&#8221; use_row_as_full_screen_section=&#8221;no&#8221; type=&#8221;grid&#8221; angled_section=&#8221;no&#8221; text_align=&#8221;left&#8221; background_image_as_pattern=&#8221;without_pattern&#8221; css=&#8221;.vc_custom_1477990979174{padding-top: 30px !important;padding-bottom: 30px !important;background-color: #ffffff !important;}&#8221;][vc_column width=&#8221;1\/3&#8243;][vc_single_image image=&#8221;474&#8243; img_size=&#8221;&#8221; alignment=&#8221;center&#8221; qode_css_animation=&#8221;&#8221;][\/vc_column][vc_column width=&#8221;1\/3&#8243;][\/vc_column][vc_column width=&#8221;1\/3&#8243;][vc_single_image image=&#8221;507&#8243; img_size=&#8221;250&#215;74&#8243; alignment=&#8221;center&#8221; qode_css_animation=&#8221;&#8221;][\/vc_column][\/vc_row][vc_row css_animation=&#8221;&#8221; row_type=&#8221;row&#8221; use_row_as_full_screen_section=&#8221;no&#8221; type=&#8221;grid&#8221; angled_section=&#8221;no&#8221; text_align=&#8221;left&#8221; background_image_as_pattern=&#8221;without_pattern&#8221; css=&#8221;.vc_custom_1477990979174{padding-top: 30px !important;padding-bottom: 30px !important;background-color: #ffffff !important;}&#8221;][vc_column][vc_column_text]<\/p>\n<div id=\"comp-kohojt6o\" class=\"_1Q9if _3bcaz\" data-testid=\"richTextElement\">\n<div id=\"comp-kohonn0i1\" class=\"_1Q9if _3bcaz\" data-testid=\"richTextElement\">\n<p>Dubrovniku \u00dclikool on 2003. aastal asutatud avalik-\u00f5iguslik \u00fclikool, mis asub Horvaatias Dubrovnikus. See koosneb seitsmest osakonnast, kus t\u00f6\u00f6tab 257 t\u00f6\u00f6tajat, kellest 90 on doktorikraadiga. UNIDU majandus- ja \u00e4riosakond (DEB) asutati 1970. aastal Dubrovniku turismi- ja v\u00e4liskaubanduse teaduskonnana. \u00dclikooli visiooniks ja missiooniks on olnud algusest peale saada rahvusvaheliselt tunnustatud institutsiooniks, mis panustab aktiivselt kohalikku, rahvuslikku ja rahvusvahelist akadeemilist kogukonda l\u00e4bi k\u00f5rgeimate tippstandarditega koosk\u00f5las oleva hariduse ja teadust\u00f6\u00f6. T\u00e4nap\u00e4eval on DEB kaasatud mitmetesse projektidesse ja haridustegevustesse, mille eesm\u00e4rk on m\u00f5ista digitaalset transformatsiooni ja seda, kuidas see muudab inimeste elu- ja t\u00f6\u00f6korraldust ning arendada \u00f5pilaste t\u00f6\u00f6alast konkurentsiv\u00f5imet.<\/p>\n<p>&nbsp;<\/p>\n<p>DEB-is tegutseb ka digitaalse transformatsiooni uurimiskeskus CREDO. CREDO panustab oma oskuste ja teadmistega aktiivselt erinevate projekti tegevustesse. N\u00e4iteks on CREDO kaasatud digiettev\u00f5tluse valdkonna oskuste arendamise tegevustessej\u00e4rgmiste Erasmus+ strateegiliste partnerlusprojektide kaudu: Inspiring Digital Ettev\u00f5tlus, IDEA, E+SLEM Entrepreneurial Self-Leadership Education ja ESSENCE. Samuti CREDO-l kogemus \u00fclikoolide ja t\u00f6\u00f6stuse omavahelise koost\u00f6\u00f6 loomisel CBHE tegevuste kaudu koordinaatori ja partneri rollis. CREDO on ka porjektide juhtimise kogemus, n\u00e4iteks on CREO Erasmus+ CBHE projekti ELEGANT koordinaator, mis arendab Jordaania ja Liibanoni IKT \u00fclikoolide valdkonnap\u00f5hiseid hariduspraktikaid eesm\u00e4rgiga tugevdada \u00f5pilaste \u00fclekantavaid p\u00e4devusi.<\/p>\n<p>UNIDU-l on tal rikkalik kogemus \u00f5ppekavade moderniseerimisel ja programmide kohandamisel, et rahuldada paremini t\u00f6\u00f6turu vajadusi tormilisest muutuvas majanduskeskkonas.<\/p>\n<\/div>\n<\/div>\n<p>[\/vc_column_text][\/vc_column][\/vc_row][vc_row css_animation=&#8221;&#8221; row_type=&#8221;row&#8221; use_row_as_full_screen_section=&#8221;no&#8221; type=&#8221;grid&#8221; angled_section=&#8221;no&#8221; text_align=&#8221;left&#8221; background_image_as_pattern=&#8221;without_pattern&#8221; css=&#8221;.vc_custom_1477990979174{padding-top: 30px !important;padding-bottom: 30px !important;background-color: #ffffff !important;}&#8221;][vc_column][vc_btn title=&#8221;Go to web&#8221; align=&#8221;right&#8221; link=&#8221;url:https%3A%2F%2Fcredo.unidu.hr%2Findex.php%2Fen%2F&#8221;][\/vc_column][\/vc_row][vc_row css_animation=&#8221;&#8221; row_type=&#8221;row&#8221; use_row_as_full_screen_section=&#8221;no&#8221; type=&#8221;full_width&#8221; angled_section=&#8221;no&#8221; text_align=&#8221;left&#8221; background_image_as_pattern=&#8221;without_pattern&#8221;][vc_column][\/vc_column][\/vc_row]<\/p>\n<\/section>","protected":false},"excerpt":{"rendered":"<p>[vc_row css_animation=&#8221;&#8221; row_type=&#8221;row&#8221; use_row_as_full_screen_section=&#8221;no&#8221; type=&#8221;grid&#8221; angled_section=&#8221;no&#8221; text_align=&#8221;left&#8221; background_image_as_pattern=&#8221;without_pattern&#8221; css=&#8221;.vc_custom_1477990979174{padding-top: 30px !important;padding-bottom: 30px !important;background-color: #ffffff !important;}&#8221;][vc_column width=&#8221;1\/3&#8243;][vc_single_image image=&#8221;474&#8243; img_size=&#8221;&#8221; alignment=&#8221;center&#8221; qode_css_animation=&#8221;&#8221;][\/vc_column][vc_column width=&#8221;1\/3&#8243;][\/vc_column][vc_column width=&#8221;1\/3&#8243;][vc_single_image image=&#8221;507&#8243; img_size=&#8221;250&#215;74&#8243; alignment=&#8221;center&#8221; qode_css_animation=&#8221;&#8221;][\/vc_column][\/vc_row][vc_row css_animation=&#8221;&#8221; row_type=&#8221;row&#8221; use_row_as_full_screen_section=&#8221;no&#8221; type=&#8221;grid&#8221; angled_section=&#8221;no&#8221; text_align=&#8221;left&#8221; background_image_as_pattern=&#8221;without_pattern&#8221; css=&#8221;.vc_custom_1477990979174{padding-top: 30px !important;padding-bottom: 30px !important;background-color: #ffffff !important;}&#8221;][vc_column][vc_column_text] Dubrovniku \u00dclikool on 2003. aastal&#8230;<\/p>\n","protected":false},"author":1,"featured_media":0,"parent":0,"menu_order":0,"comment_status":"closed","ping_status":"closed","template":"full_width.php","meta":{"footnotes":""},"class_list":["post-1495","page","type-page","status-publish","hentry"],"_links":{"self":[{"href":"https:\/\/www.virtualskills.eu\/et\/wp-json\/wp\/v2\/pages\/1495","targetHints":{"allow":["GET"]}}],"collection":[{"href":"https:\/\/www.virtualskills.eu\/et\/wp-json\/wp\/v2\/pages"}],"about":[{"href":"https:\/\/www.virtualskills.eu\/et\/wp-json\/wp\/v2\/types\/page"}],"author":[{"embeddable":true,"href":"https:\/\/www.virtualskills.eu\/et\/wp-json\/wp\/v2\/users\/1"}],"replies":[{"embeddable":true,"href":"https:\/\/www.virtualskills.eu\/et\/wp-json\/wp\/v2\/comments?post=1495"}],"version-history":[{"count":2,"href":"https:\/\/www.virtualskills.eu\/et\/wp-json\/wp\/v2\/pages\/1495\/revisions"}],"predecessor-version":[{"id":1497,"href":"https:\/\/www.virtualskills.eu\/et\/wp-json\/wp\/v2\/pages\/1495\/revisions\/1497"}],"wp:attachment":[{"href":"https:\/\/www.virtualskills.eu\/et\/wp-json\/wp\/v2\/media?parent=1495"}],"curies":[{"name":"wp","href":"https:\/\/api.w.org\/{rel}","templated":true}]}}