{"id":1498,"date":"2022-12-08T13:38:15","date_gmt":"2022-12-08T13:38:15","guid":{"rendered":"https:\/\/www.virtualskills.eu\/ebs\/"},"modified":"2023-02-08T18:40:16","modified_gmt":"2023-02-08T18:40:16","slug":"ebs","status":"publish","type":"page","link":"https:\/\/www.virtualskills.eu\/et\/ebs\/","title":{"rendered":"Estonian Business School (EBS)"},"content":{"rendered":"<section class=\"wpb-content-wrapper\"><p>[vc_row css_animation=&#8221;&#8221; row_type=&#8221;row&#8221; use_row_as_full_screen_section=&#8221;no&#8221; type=&#8221;grid&#8221; angled_section=&#8221;no&#8221; text_align=&#8221;left&#8221; background_image_as_pattern=&#8221;without_pattern&#8221; css=&#8221;.vc_custom_1477990979174{padding-top: 30px !important;padding-bottom: 30px !important;background-color: #ffffff !important;}&#8221;][vc_column width=&#8221;1\/3&#8243;][vc_single_image image=&#8221;476&#8243; img_size=&#8221;&#8221; alignment=&#8221;center&#8221; qode_css_animation=&#8221;&#8221;][\/vc_column][vc_column width=&#8221;1\/3&#8243;][\/vc_column][vc_column width=&#8221;1\/3&#8243;][\/vc_column][\/vc_row][vc_row css_animation=&#8221;&#8221; row_type=&#8221;row&#8221; use_row_as_full_screen_section=&#8221;no&#8221; type=&#8221;grid&#8221; angled_section=&#8221;no&#8221; text_align=&#8221;left&#8221; background_image_as_pattern=&#8221;without_pattern&#8221; css=&#8221;.vc_custom_1477990979174{padding-top: 30px !important;padding-bottom: 30px !important;background-color: #ffffff !important;}&#8221;][vc_column][vc_column_text]<\/p>\n<div id=\"comp-kohojt6o\" class=\"_1Q9if _3bcaz\" data-testid=\"richTextElement\">\n<div id=\"comp-kohonn0i1\" class=\"_1Q9if _3bcaz\" data-testid=\"richTextElement\">\n<div id=\"comp-kohp0dri2\" class=\"_1Q9if _3bcaz\" data-testid=\"richTextElement\">\n<p>Estonian Business School (EBS), asutatud 1988. aastal, on vanim eraettev\u00f5tlusk\u00f5rgkool Baltikumis. SA Estonian Business School (mittetulundusfond) omanduses oleva eraldiseisva eraettev\u00f5tlusk\u00f5rgkoolina on \u00fclikool rahaliselt iseseisev ja saab ainult piiratud ulatuses rahastust riigilt. \u00dclikool pakub EBS bakalaureuse-, magistri- ja doktori\u00f5ppe programme \u00e4rinduse ja halduse valdkondades.<\/p>\n<p>&nbsp;<\/p>\n<p>Rahvusvahelise \u00f5ppimiskogemuse pakkumine on EBSi strateegia lahutamatu osa. Eesti k\u00f5ige rahvusvahelisema \u00fclikoolina taotleb EBS teadlikult ja strateegiliselt rahvusvahelise \u00f5ppej\u00f5udude ja \u00f5ppej\u00f5udude mobiilsuse osakaalu suurendamist, koost\u00f6\u00f6 tugevdamist akadeemiliste ja korporatiivsete partneritega ning \u00fcli\u00f5pilaste mobiilsuse suurendamist. EBS osaleb aktiivselt ka rahvusvahelistes arengukoost\u00f6\u00f6projektides.<\/p>\n<p>&nbsp;<\/p>\n<p>\u00d5ppe- ja teadust\u00f6\u00f6s tugineb EBS kontaktidele teiste \u00e4rikoolidega, \u00e4riringkondadega ja avaliku sektoriga nii Eestis kui ka v\u00e4lismaal. EBS-i tegevuses juhindutakse eetika, vastutustunde ja j\u00e4tkusuutlikkuse p\u00f5him\u00f5tetest. EBS-il on 61 partner\u00fclikooli 30 riigis. Bakalaureuse\u00f5ppe programmides on partnerite koguarv 57, neist 29 partneril on v\u00e4hemalt \u00fcks juhtivatest institutsionaalsetest akrediteeringutest, kas EQUIS v\u00f5i AACSB. Lisaks kuulub EPAS programmi akrediteering 12 partnerile. 10 partnerit omavad niinimetatud \u201cTriple Crown\u201d staatust.<\/p>\n<\/div>\n<\/div>\n<\/div>\n<p>[\/vc_column_text][\/vc_column][\/vc_row][vc_row css_animation=&#8221;&#8221; row_type=&#8221;row&#8221; use_row_as_full_screen_section=&#8221;no&#8221; type=&#8221;grid&#8221; angled_section=&#8221;no&#8221; text_align=&#8221;left&#8221; background_image_as_pattern=&#8221;without_pattern&#8221; css=&#8221;.vc_custom_1477990979174{padding-top: 30px !important;padding-bottom: 30px !important;background-color: #ffffff !important;}&#8221;][vc_column][vc_btn title=&#8221;Go to web&#8221; align=&#8221;right&#8221; link=&#8221;url:https%3A%2F%2Febs.ee%2F&#8221;][\/vc_column][\/vc_row][vc_row css_animation=&#8221;&#8221; row_type=&#8221;row&#8221; use_row_as_full_screen_section=&#8221;no&#8221; type=&#8221;full_width&#8221; angled_section=&#8221;no&#8221; text_align=&#8221;left&#8221; background_image_as_pattern=&#8221;without_pattern&#8221;][vc_column][\/vc_column][\/vc_row]<\/p>\n<\/section>","protected":false},"excerpt":{"rendered":"<p>[vc_row css_animation=&#8221;&#8221; row_type=&#8221;row&#8221; use_row_as_full_screen_section=&#8221;no&#8221; type=&#8221;grid&#8221; angled_section=&#8221;no&#8221; text_align=&#8221;left&#8221; background_image_as_pattern=&#8221;without_pattern&#8221; css=&#8221;.vc_custom_1477990979174{padding-top: 30px !important;padding-bottom: 30px !important;background-color: #ffffff !important;}&#8221;][vc_column width=&#8221;1\/3&#8243;][vc_single_image image=&#8221;476&#8243; img_size=&#8221;&#8221; alignment=&#8221;center&#8221; qode_css_animation=&#8221;&#8221;][\/vc_column][vc_column width=&#8221;1\/3&#8243;][\/vc_column][vc_column width=&#8221;1\/3&#8243;][\/vc_column][\/vc_row][vc_row css_animation=&#8221;&#8221; row_type=&#8221;row&#8221; use_row_as_full_screen_section=&#8221;no&#8221; type=&#8221;grid&#8221; angled_section=&#8221;no&#8221; text_align=&#8221;left&#8221; background_image_as_pattern=&#8221;without_pattern&#8221; css=&#8221;.vc_custom_1477990979174{padding-top: 30px !important;padding-bottom: 30px !important;background-color: #ffffff !important;}&#8221;][vc_column][vc_column_text] Estonian Business School (EBS), asutatud 1988. aastal, on vanim&#8230;<\/p>\n","protected":false},"author":1,"featured_media":0,"parent":0,"menu_order":0,"comment_status":"closed","ping_status":"closed","template":"full_width.php","meta":{"footnotes":""},"class_list":["post-1498","page","type-page","status-publish","hentry"],"_links":{"self":[{"href":"https:\/\/www.virtualskills.eu\/et\/wp-json\/wp\/v2\/pages\/1498","targetHints":{"allow":["GET"]}}],"collection":[{"href":"https:\/\/www.virtualskills.eu\/et\/wp-json\/wp\/v2\/pages"}],"about":[{"href":"https:\/\/www.virtualskills.eu\/et\/wp-json\/wp\/v2\/types\/page"}],"author":[{"embeddable":true,"href":"https:\/\/www.virtualskills.eu\/et\/wp-json\/wp\/v2\/users\/1"}],"replies":[{"embeddable":true,"href":"https:\/\/www.virtualskills.eu\/et\/wp-json\/wp\/v2\/comments?post=1498"}],"version-history":[{"count":1,"href":"https:\/\/www.virtualskills.eu\/et\/wp-json\/wp\/v2\/pages\/1498\/revisions"}],"predecessor-version":[{"id":1499,"href":"https:\/\/www.virtualskills.eu\/et\/wp-json\/wp\/v2\/pages\/1498\/revisions\/1499"}],"wp:attachment":[{"href":"https:\/\/www.virtualskills.eu\/et\/wp-json\/wp\/v2\/media?parent=1498"}],"curies":[{"name":"wp","href":"https:\/\/api.w.org\/{rel}","templated":true}]}}