{"id":1500,"date":"2022-12-08T13:40:57","date_gmt":"2022-12-08T13:40:57","guid":{"rendered":"https:\/\/www.virtualskills.eu\/lab\/"},"modified":"2023-02-08T18:45:00","modified_gmt":"2023-02-08T18:45:00","slug":"lab","status":"publish","type":"page","link":"https:\/\/www.virtualskills.eu\/et\/lab\/","title":{"rendered":"LAB"},"content":{"rendered":"<section class=\"wpb-content-wrapper\"><p>[vc_row css_animation=&#8221;&#8221; row_type=&#8221;row&#8221; use_row_as_full_screen_section=&#8221;no&#8221; type=&#8221;grid&#8221; angled_section=&#8221;no&#8221; text_align=&#8221;left&#8221; background_image_as_pattern=&#8221;without_pattern&#8221; css=&#8221;.vc_custom_1477990979174{padding-top: 30px !important;padding-bottom: 30px !important;background-color: #ffffff !important;}&#8221;][vc_column width=&#8221;1\/3&#8243;][vc_single_image image=&#8221;478&#8243; img_size=&#8221;&#8221; alignment=&#8221;center&#8221; qode_css_animation=&#8221;&#8221;][\/vc_column][vc_column width=&#8221;1\/3&#8243;][\/vc_column][vc_column width=&#8221;1\/3&#8243;][\/vc_column][\/vc_row][vc_row css_animation=&#8221;&#8221; row_type=&#8221;row&#8221; use_row_as_full_screen_section=&#8221;no&#8221; type=&#8221;grid&#8221; angled_section=&#8221;no&#8221; text_align=&#8221;left&#8221; background_image_as_pattern=&#8221;without_pattern&#8221; css=&#8221;.vc_custom_1477990979174{padding-top: 30px !important;padding-bottom: 30px !important;background-color: #ffffff !important;}&#8221;][vc_column][vc_column_text]<\/p>\n<div id=\"comp-kohojt6o\" class=\"_1Q9if _3bcaz\" data-testid=\"richTextElement\">\n<div id=\"comp-kohonn0i1\" class=\"_1Q9if _3bcaz\" data-testid=\"richTextElement\">\n<div id=\"comp-kohp0dri2\" class=\"_1Q9if _3bcaz\" data-testid=\"richTextElement\">\n<div id=\"comp-kohp6qxk2\" class=\"_1Q9if _3bcaz\" data-testid=\"richTextElement\">\n<p>LABi rakendusk\u00f5rgkool on loodud Lahti Rakendusk\u00f5rgkool (Lahti T\u00dc) ja Saimaa Rakendusk\u00f5rgkool (Saimia) \u00fchinemisel 1.1.2020. LAB on innovatsioonile, ettev\u00f5tlusele ja t\u00f6\u00f6stusele keskenduv k\u00f5rgkool. LAB tegutseb Lahtis ja Lappeenrantas ning pakub haridust v\u00f5rgu\u00fchenduseta ja veebikeskkonnas. LAB-is \u00f5pib 8500 \u00fcli\u00f5pilast ning 360 \u00f5petajat ja muud t\u00f6\u00f6tajat, mis teeb sellest Soome suuruselt kuuenda rakendusk\u00f5rgkooli.<\/p>\n<p>LAB-i erialad teadus-, arendus- ja innovatsiooni (TDI) valdkonnas on ringmajandus, disain, uuenduste kommertsialiseerimine ning tervise ja heaolu teenuste uuendused. LABi rakendusuuringute eesm\u00e4rk on leida, arendada ja toota uusi ja t\u00e4iustatud tooteid, tootmiss\u00fcsteeme, meetodeid ja teenuseid. Fookusvaldkonnad on integreeritud \u00f5petamisse, \u00f5ppimisse ja organisatsioonifilosoofiasse.<\/p>\n<p>LAB-i eesm\u00e4rk on arendada piirkondade t\u00f6\u00f6elu, ettev\u00f5tlust, piirkondlikku \u00f5ppe- ja innovatsioonikeskkonda ning edendada inimese ja keskkonna heaolu ning toetada rahvusvahelistumist. LAB edendab piirkondlikku konkurentsiv\u00f5imet tihedas koost\u00f6\u00f6s kohaliku t\u00f6\u00f6h\u00f5ivesektoriga ja pakub \u00f5pilastele multidistsiplinaarseid tegelikke t\u00f6\u00f6stusprojekte, millega t\u00f6\u00f6tada.<\/p>\n<p>LAB on innovaatiline partner teadusarenduste valdkonnas. Teadusarenduste maht on LAB-is\u00a0 ligikaudu 9 miljonit eurot aastas. Alates 2003. aastast on Lahti ja Saimaa k\u00f5rgkool osalenud sadades EL-i rahastatud projektides, nii riiklikes kui rahvusvahelistes, sh Erasmus+, struktuurifondid, Interreg Central Baltic, Interreg Europe, Interreg Baltic Sea Region jne.<\/p>\n<p>LAB-i asjatundlikkus tuleneb k\u00f5rgelt kvalifitseeritud t\u00f6\u00f6tajatest, tugevast taustast erinevates haridusvaldkondades, tugevatest regionaalsetest ja rahvusvahelistest v\u00f5rgustikest ning edukast koost\u00f6\u00f6st partneritega ja \u00e4rikontaktidest nii Soomes kui ka v\u00e4lismaal. Proaktiivse ja tulemusele orienteeritud hoiakuga LABi eesm\u00e4rk on luua uusi ja autentseid \u00f5pikeskkondi ning uudseid pedagoogilisi lahendusi. See t\u00e4hendab uusi tooteid ja teenuseid, uusi t\u00f6\u00f6meetodeid ja protsesse ning uusi t\u00f6\u00f6viise tulevikus. LAB on osa LUT Grupist, mille juhtorganisatsioonina tegutseb Lappeenranta Tehnika\u00fclikool LUT.<\/p>\n<\/div>\n<\/div>\n<\/div>\n<\/div>\n<p>[\/vc_column_text][\/vc_column][\/vc_row][vc_row css_animation=&#8221;&#8221; row_type=&#8221;row&#8221; use_row_as_full_screen_section=&#8221;no&#8221; type=&#8221;grid&#8221; angled_section=&#8221;no&#8221; text_align=&#8221;left&#8221; background_image_as_pattern=&#8221;without_pattern&#8221; css=&#8221;.vc_custom_1477990979174{padding-top: 30px !important;padding-bottom: 30px !important;background-color: #ffffff !important;}&#8221;][vc_column][vc_btn title=&#8221;Go to web&#8221; align=&#8221;right&#8221; link=&#8221;url:http%3A%2F%2Fwww.lab.fi%2F&#8221;][\/vc_column][\/vc_row][vc_row css_animation=&#8221;&#8221; row_type=&#8221;row&#8221; use_row_as_full_screen_section=&#8221;no&#8221; type=&#8221;full_width&#8221; angled_section=&#8221;no&#8221; text_align=&#8221;left&#8221; background_image_as_pattern=&#8221;without_pattern&#8221;][vc_column][\/vc_column][\/vc_row]<\/p>\n<\/section>","protected":false},"excerpt":{"rendered":"<p>[vc_row css_animation=&#8221;&#8221; row_type=&#8221;row&#8221; use_row_as_full_screen_section=&#8221;no&#8221; type=&#8221;grid&#8221; angled_section=&#8221;no&#8221; text_align=&#8221;left&#8221; background_image_as_pattern=&#8221;without_pattern&#8221; css=&#8221;.vc_custom_1477990979174{padding-top: 30px !important;padding-bottom: 30px !important;background-color: #ffffff !important;}&#8221;][vc_column width=&#8221;1\/3&#8243;][vc_single_image image=&#8221;478&#8243; img_size=&#8221;&#8221; alignment=&#8221;center&#8221; qode_css_animation=&#8221;&#8221;][\/vc_column][vc_column width=&#8221;1\/3&#8243;][\/vc_column][vc_column width=&#8221;1\/3&#8243;][\/vc_column][\/vc_row][vc_row css_animation=&#8221;&#8221; row_type=&#8221;row&#8221; use_row_as_full_screen_section=&#8221;no&#8221; type=&#8221;grid&#8221; angled_section=&#8221;no&#8221; text_align=&#8221;left&#8221; background_image_as_pattern=&#8221;without_pattern&#8221; css=&#8221;.vc_custom_1477990979174{padding-top: 30px !important;padding-bottom: 30px !important;background-color: #ffffff !important;}&#8221;][vc_column][vc_column_text] LABi rakendusk\u00f5rgkool on loodud Lahti Rakendusk\u00f5rgkool (Lahti T\u00dc) ja&#8230;<\/p>\n","protected":false},"author":1,"featured_media":0,"parent":0,"menu_order":0,"comment_status":"closed","ping_status":"closed","template":"full_width.php","meta":{"footnotes":""},"class_list":["post-1500","page","type-page","status-publish","hentry"],"_links":{"self":[{"href":"https:\/\/www.virtualskills.eu\/et\/wp-json\/wp\/v2\/pages\/1500","targetHints":{"allow":["GET"]}}],"collection":[{"href":"https:\/\/www.virtualskills.eu\/et\/wp-json\/wp\/v2\/pages"}],"about":[{"href":"https:\/\/www.virtualskills.eu\/et\/wp-json\/wp\/v2\/types\/page"}],"author":[{"embeddable":true,"href":"https:\/\/www.virtualskills.eu\/et\/wp-json\/wp\/v2\/users\/1"}],"replies":[{"embeddable":true,"href":"https:\/\/www.virtualskills.eu\/et\/wp-json\/wp\/v2\/comments?post=1500"}],"version-history":[{"count":2,"href":"https:\/\/www.virtualskills.eu\/et\/wp-json\/wp\/v2\/pages\/1500\/revisions"}],"predecessor-version":[{"id":1502,"href":"https:\/\/www.virtualskills.eu\/et\/wp-json\/wp\/v2\/pages\/1500\/revisions\/1502"}],"wp:attachment":[{"href":"https:\/\/www.virtualskills.eu\/et\/wp-json\/wp\/v2\/media?parent=1500"}],"curies":[{"name":"wp","href":"https:\/\/api.w.org\/{rel}","templated":true}]}}