{"id":1503,"date":"2022-12-08T13:42:56","date_gmt":"2022-12-08T13:42:56","guid":{"rendered":"https:\/\/www.virtualskills.eu\/swa\/"},"modified":"2023-02-08T18:48:36","modified_gmt":"2023-02-08T18:48:36","slug":"swa","status":"publish","type":"page","link":"https:\/\/www.virtualskills.eu\/et\/swa\/","title":{"rendered":"Targa T\u00f6\u00f6 \u00dching"},"content":{"rendered":"<section class=\"wpb-content-wrapper\"><p>[vc_row css_animation=&#8221;&#8221; row_type=&#8221;row&#8221; use_row_as_full_screen_section=&#8221;no&#8221; type=&#8221;grid&#8221; angled_section=&#8221;no&#8221; text_align=&#8221;left&#8221; background_image_as_pattern=&#8221;without_pattern&#8221; css=&#8221;.vc_custom_1477990979174{padding-top: 30px !important;padding-bottom: 30px !important;background-color: #ffffff !important;}&#8221;][vc_column width=&#8221;1\/3&#8243;][vc_single_image image=&#8221;480&#8243; img_size=&#8221;&#8221; alignment=&#8221;center&#8221; qode_css_animation=&#8221;&#8221;][\/vc_column][vc_column width=&#8221;1\/3&#8243;][\/vc_column][vc_column width=&#8221;1\/3&#8243;][\/vc_column][\/vc_row][vc_row css_animation=&#8221;&#8221; row_type=&#8221;row&#8221; use_row_as_full_screen_section=&#8221;no&#8221; type=&#8221;grid&#8221; angled_section=&#8221;no&#8221; text_align=&#8221;left&#8221; background_image_as_pattern=&#8221;without_pattern&#8221; css=&#8221;.vc_custom_1477990979174{padding-top: 30px !important;padding-bottom: 30px !important;background-color: #ffffff !important;}&#8221;][vc_column][vc_column_text]<\/p>\n<div id=\"comp-kohp9584\" class=\"_1Q9if _3bcaz\" data-testid=\"richTextElement\">\n<p>Targa T\u00f6\u00f6 \u00dching (Smartwork Association) on mittetulundus\u00fching, kes loob ja viib ellu\u00a0 infoseminare, koolitusi ja uuringuid eesm\u00e4rgiga kasvatada Eesti t\u00f6\u00f6turu paindlikkust ning konkurentsiv\u00f5imet.<\/p>\n<p>&nbsp;<\/p>\n<p>Targa t\u00f6\u00f6 all m\u00f5istame\u00a0 t\u00f6\u00f6korraldust, kus on arvestatud m\u00f5lema poole \u2013 t\u00f6\u00f6andja ja t\u00f6\u00f6v\u00f5tja \u2013 vajadusi, kus t\u00f6\u00f6tajatel on suurem vabadus, aga ka vastutus oma t\u00f6\u00f6 tulemuste eest. Targa t\u00f6\u00f6korralduse puhul valitakse t\u00f6\u00f6 aeg, koht ja viis vastavalt sellele, mis t\u00f6\u00f6 tulemuse seisukohalt k\u00f5ige otstarbekam on. Targal t\u00f6\u00f6tajal on olemas teadmised ja oskused, mis vastavad t\u00f6\u00f6turu vajadustele, ning v\u00f5imaldavad paindlikult t\u00f6\u00f6tada (n\u00e4iteks digip\u00e4devused, virtuaalse meeskonnat\u00f6\u00f6 p\u00e4devused, jms). Olulised m\u00e4rks\u00f5nad meile on paindlikkus, t\u00f6\u00f6- ja eraelu tasakaal, iseseisvus ja ettev\u00f5tlik suhtumine, samuti\u00a0 oskuslik kaasaegsete IKT vahendite kasutamine.<\/p>\n<p>Targa T\u00f6\u00f6 \u00dchingus peame oluliseks:<\/p>\n<ul>\n<li>Paindlike t\u00f6\u00f6suhete arengut, kus t\u00f6\u00f6suhte osapooled on v\u00f5rdsed partnerid ja k\u00f5iki t\u00f6\u00f6vorme koheldakse seaduse m\u00f5ttes v\u00f5rdselt.<\/li>\n<li>Targa t\u00f6\u00f6korralduse laiemat kasutust, kus oluline on t\u00f6\u00f6 v\u00e4ljund ja tulemus, ning, kus t\u00f6\u00f6 tegemise aeg ja koht valitakse t\u00f6\u00f6 iseloomu j\u00e4rgi.<\/li>\n<li>Inimeste potentsiaali k\u00f5ige paremini \u00e4ra kasutavat t\u00f6\u00f6elu korraldust, kus inimestel on suurem vabadus oma t\u00f6\u00f6tamise aja, koha ja viisi valikul, samuti ka suurem vastutus t\u00f6\u00f6 tulemuse ja oma karj\u00e4\u00e4ri eest.<\/li>\n<li>Kodanike p\u00e4devuste t\u00f5stmist, et nad saaksid osa v\u00f5tta kaasagsest t\u00f6\u00f6turust ja t\u00f6\u00f6korraldusest.<\/li>\n<\/ul>\n<p>Selleks, et arendada Eestis t\u00f6\u00f6turu paindlikkust ning kaasaegseks t\u00f6\u00f6ks vajalike komeptentse t\u00f6\u00f6tajate seas:<\/p>\n<ul>\n<li>Kogume kokku oskusteavet ning h\u00e4id n\u00e4iteid tarkade t\u00f6\u00f6v\u00f5tete poolest tipp-tasemel organisatsioonidelt nii Eestist kui maailmast.<\/li>\n<li>Kasvatame teadlikust paindlike t\u00f6\u00f6vormide osas tunnustades kord aastas \u201cKaugt\u00f6\u00f6 M\u00e4rgisega\u201d organisatsioone, kes juba rakendavad teadlikult ja targalt paindlike t\u00f6\u00f6vorme.<\/li>\n<li>Konsulteerime ja viime l\u00e4bi erinevaid koolitusi ja t\u00f6\u00f6tubasid paindlike t\u00f6\u00f6vormide teemal.<\/li>\n<\/ul>\n<p>Viime ellu koolitusi ja \u00fcmber\u00f5ppeprogramme, mis t\u00f5stavad kodanike digip\u00e4devusi ning konkurentsiv\u00f5imet t\u00f6\u00f6turul.<\/p>\n<\/div>\n<p>[\/vc_column_text][\/vc_column][\/vc_row][vc_row css_animation=&#8221;&#8221; row_type=&#8221;row&#8221; use_row_as_full_screen_section=&#8221;no&#8221; type=&#8221;grid&#8221; angled_section=&#8221;no&#8221; text_align=&#8221;left&#8221; background_image_as_pattern=&#8221;without_pattern&#8221; css=&#8221;.vc_custom_1477990979174{padding-top: 30px !important;padding-bottom: 30px !important;background-color: #ffffff !important;}&#8221;][vc_column][vc_btn title=&#8221;Go to web&#8221; align=&#8221;right&#8221; link=&#8221;url:http%3A%2F%2Fwww.smartwork.ee%2F&#8221;][\/vc_column][\/vc_row][vc_row css_animation=&#8221;&#8221; row_type=&#8221;row&#8221; use_row_as_full_screen_section=&#8221;no&#8221; type=&#8221;full_width&#8221; angled_section=&#8221;no&#8221; text_align=&#8221;left&#8221; background_image_as_pattern=&#8221;without_pattern&#8221;][vc_column][\/vc_column][\/vc_row]<\/p>\n<\/section>","protected":false},"excerpt":{"rendered":"<p>[vc_row css_animation=&#8221;&#8221; row_type=&#8221;row&#8221; use_row_as_full_screen_section=&#8221;no&#8221; type=&#8221;grid&#8221; angled_section=&#8221;no&#8221; text_align=&#8221;left&#8221; background_image_as_pattern=&#8221;without_pattern&#8221; css=&#8221;.vc_custom_1477990979174{padding-top: 30px !important;padding-bottom: 30px !important;background-color: #ffffff !important;}&#8221;][vc_column width=&#8221;1\/3&#8243;][vc_single_image image=&#8221;480&#8243; img_size=&#8221;&#8221; alignment=&#8221;center&#8221; qode_css_animation=&#8221;&#8221;][\/vc_column][vc_column width=&#8221;1\/3&#8243;][\/vc_column][vc_column width=&#8221;1\/3&#8243;][\/vc_column][\/vc_row][vc_row css_animation=&#8221;&#8221; row_type=&#8221;row&#8221; use_row_as_full_screen_section=&#8221;no&#8221; type=&#8221;grid&#8221; angled_section=&#8221;no&#8221; text_align=&#8221;left&#8221; background_image_as_pattern=&#8221;without_pattern&#8221; css=&#8221;.vc_custom_1477990979174{padding-top: 30px !important;padding-bottom: 30px !important;background-color: #ffffff !important;}&#8221;][vc_column][vc_column_text] Targa T\u00f6\u00f6 \u00dching (Smartwork Association) on mittetulundus\u00fching, kes loob&#8230;<\/p>\n","protected":false},"author":1,"featured_media":0,"parent":0,"menu_order":0,"comment_status":"closed","ping_status":"closed","template":"full_width.php","meta":{"footnotes":""},"class_list":["post-1503","page","type-page","status-publish","hentry"],"_links":{"self":[{"href":"https:\/\/www.virtualskills.eu\/et\/wp-json\/wp\/v2\/pages\/1503","targetHints":{"allow":["GET"]}}],"collection":[{"href":"https:\/\/www.virtualskills.eu\/et\/wp-json\/wp\/v2\/pages"}],"about":[{"href":"https:\/\/www.virtualskills.eu\/et\/wp-json\/wp\/v2\/types\/page"}],"author":[{"embeddable":true,"href":"https:\/\/www.virtualskills.eu\/et\/wp-json\/wp\/v2\/users\/1"}],"replies":[{"embeddable":true,"href":"https:\/\/www.virtualskills.eu\/et\/wp-json\/wp\/v2\/comments?post=1503"}],"version-history":[{"count":2,"href":"https:\/\/www.virtualskills.eu\/et\/wp-json\/wp\/v2\/pages\/1503\/revisions"}],"predecessor-version":[{"id":1505,"href":"https:\/\/www.virtualskills.eu\/et\/wp-json\/wp\/v2\/pages\/1503\/revisions\/1505"}],"wp:attachment":[{"href":"https:\/\/www.virtualskills.eu\/et\/wp-json\/wp\/v2\/media?parent=1503"}],"curies":[{"name":"wp","href":"https:\/\/api.w.org\/{rel}","templated":true}]}}