{"id":1506,"date":"2022-12-08T13:46:31","date_gmt":"2022-12-08T13:46:31","guid":{"rendered":"https:\/\/www.virtualskills.eu\/higher-school-of-economics-and-trade\/"},"modified":"2023-02-08T18:50:24","modified_gmt":"2023-02-08T18:50:24","slug":"higher-school-of-economics-and-trade","status":"publish","type":"page","link":"https:\/\/www.virtualskills.eu\/et\/higher-school-of-economics-and-trade\/","title":{"rendered":"Higher School of Economics and Trade"},"content":{"rendered":"<section class=\"wpb-content-wrapper\"><p>[vc_row css_animation=&#8221;&#8221; row_type=&#8221;row&#8221; use_row_as_full_screen_section=&#8221;no&#8221; type=&#8221;grid&#8221; angled_section=&#8221;no&#8221; text_align=&#8221;left&#8221; background_image_as_pattern=&#8221;without_pattern&#8221; css=&#8221;.vc_custom_1477990979174{padding-top: 30px !important;padding-bottom: 30px !important;background-color: #ffffff !important;}&#8221;][vc_column width=&#8221;1\/3&#8243;][vc_single_image image=&#8221;482&#8243; img_size=&#8221;&#8221; alignment=&#8221;center&#8221; qode_css_animation=&#8221;&#8221;][\/vc_column][vc_column width=&#8221;1\/3&#8243;][\/vc_column][vc_column width=&#8221;1\/3&#8243;][\/vc_column][\/vc_row][vc_row css_animation=&#8221;&#8221; row_type=&#8221;row&#8221; use_row_as_full_screen_section=&#8221;no&#8221; type=&#8221;grid&#8221; angled_section=&#8221;no&#8221; text_align=&#8221;left&#8221; background_image_as_pattern=&#8221;without_pattern&#8221; css=&#8221;.vc_custom_1477990979174{padding-top: 30px !important;padding-bottom: 30px !important;background-color: #ffffff !important;}&#8221;][vc_column][vc_column_text]<\/p>\n<div id=\"comp-kohpg6rs\" class=\"_1Q9if _3bcaz\" data-testid=\"richTextElement\">\n<p>Majandus- ja Kaubandusk\u00f5rgkool on \u00fcks Dubrovniku kutse\u00f5ppekeskustest, kus \u00f5pilased omandavad oma esimese kutse, et asuda t\u00f6\u00f6le. \u00d5pilastele, kes soovivad j\u00e4tkata \u00f5pinguid \u00fclikoolis, korraldab kool t\u00e4iendavaid tunde, et valmistada neid parimal viisil ette l\u00f5pueksamite sooritamiseks, tagades seel\u00e4bi vertikaalse edasip\u00e4\u00e4su soovitud \u00fclikoolidesse.<\/p>\n<p>Dubrovniku Majandus- ja Kaubandusk\u00f5rgkool pakub haridust l\u00e4bi nelja-aastaste programmide: majandus-, kaubandus- ja \u00e4risekret\u00e4r ning kolme aastaste programmide: kaupluse jaem\u00fc\u00fcjate programm.<\/p>\n<p>Koolil on pikaajalised haridustraditsioonid. 2018. aastal t\u00e4itus koolil 105. tegutsemisaasta. T\u00e4na \u00f5pib koolis 350 \u00f5pilast 18 klassis, ning koolil on 40 \u00f5petajat ja ci 50 t\u00f6\u00f6tajat. Meie \u00f5pilased vanuses 15-18 on saanud hariduse raamatupidamise, rahanduse, panganduse, kindlustuse, kaubanduse ja halduse valdkonnas. \u00d5pingute ajal julgustatakse tudengeid m\u00f5tlema ja looma oma ettev\u00f5tteid. Nad \u00f5pivad, kuidas alustada oma \u00e4ri, arendada \u00e4riideed ja t\u00f6\u00f6tada v\u00e4ljam\u00f5eldud toodetega, kuid tegeleda tegelike dokumentidega. Kool on osalenud mitmes Erasmus+ rahastatud projektis esimese keskkoolitoetuse saajana Dubrovniku piirkonnas.<\/p>\n<\/div>\n<p>[\/vc_column_text][\/vc_column][\/vc_row][vc_row css_animation=&#8221;&#8221; row_type=&#8221;row&#8221; use_row_as_full_screen_section=&#8221;no&#8221; type=&#8221;grid&#8221; angled_section=&#8221;no&#8221; text_align=&#8221;left&#8221; background_image_as_pattern=&#8221;without_pattern&#8221; css=&#8221;.vc_custom_1477990979174{padding-top: 30px !important;padding-bottom: 30px !important;background-color: #ffffff !important;}&#8221;][vc_column][vc_btn title=&#8221;Go to web&#8221; align=&#8221;right&#8221; link=&#8221;url:https%3A%2F%2Fekonomska-dubrovnik.com%2F&#8221;][\/vc_column][\/vc_row][vc_row css_animation=&#8221;&#8221; row_type=&#8221;row&#8221; use_row_as_full_screen_section=&#8221;no&#8221; type=&#8221;full_width&#8221; angled_section=&#8221;no&#8221; text_align=&#8221;left&#8221; background_image_as_pattern=&#8221;without_pattern&#8221;][vc_column][\/vc_column][\/vc_row]<\/p>\n<\/section>","protected":false},"excerpt":{"rendered":"<p>[vc_row css_animation=&#8221;&#8221; row_type=&#8221;row&#8221; use_row_as_full_screen_section=&#8221;no&#8221; type=&#8221;grid&#8221; angled_section=&#8221;no&#8221; text_align=&#8221;left&#8221; background_image_as_pattern=&#8221;without_pattern&#8221; css=&#8221;.vc_custom_1477990979174{padding-top: 30px !important;padding-bottom: 30px !important;background-color: #ffffff !important;}&#8221;][vc_column width=&#8221;1\/3&#8243;][vc_single_image image=&#8221;482&#8243; img_size=&#8221;&#8221; alignment=&#8221;center&#8221; qode_css_animation=&#8221;&#8221;][\/vc_column][vc_column width=&#8221;1\/3&#8243;][\/vc_column][vc_column width=&#8221;1\/3&#8243;][\/vc_column][\/vc_row][vc_row css_animation=&#8221;&#8221; row_type=&#8221;row&#8221; use_row_as_full_screen_section=&#8221;no&#8221; type=&#8221;grid&#8221; angled_section=&#8221;no&#8221; text_align=&#8221;left&#8221; background_image_as_pattern=&#8221;without_pattern&#8221; css=&#8221;.vc_custom_1477990979174{padding-top: 30px !important;padding-bottom: 30px !important;background-color: #ffffff !important;}&#8221;][vc_column][vc_column_text] Majandus- ja Kaubandusk\u00f5rgkool on \u00fcks Dubrovniku kutse\u00f5ppekeskustest, kus \u00f5pilased&#8230;<\/p>\n","protected":false},"author":1,"featured_media":0,"parent":0,"menu_order":0,"comment_status":"closed","ping_status":"closed","template":"full_width.php","meta":{"footnotes":""},"class_list":["post-1506","page","type-page","status-publish","hentry"],"_links":{"self":[{"href":"https:\/\/www.virtualskills.eu\/et\/wp-json\/wp\/v2\/pages\/1506","targetHints":{"allow":["GET"]}}],"collection":[{"href":"https:\/\/www.virtualskills.eu\/et\/wp-json\/wp\/v2\/pages"}],"about":[{"href":"https:\/\/www.virtualskills.eu\/et\/wp-json\/wp\/v2\/types\/page"}],"author":[{"embeddable":true,"href":"https:\/\/www.virtualskills.eu\/et\/wp-json\/wp\/v2\/users\/1"}],"replies":[{"embeddable":true,"href":"https:\/\/www.virtualskills.eu\/et\/wp-json\/wp\/v2\/comments?post=1506"}],"version-history":[{"count":2,"href":"https:\/\/www.virtualskills.eu\/et\/wp-json\/wp\/v2\/pages\/1506\/revisions"}],"predecessor-version":[{"id":1508,"href":"https:\/\/www.virtualskills.eu\/et\/wp-json\/wp\/v2\/pages\/1506\/revisions\/1508"}],"wp:attachment":[{"href":"https:\/\/www.virtualskills.eu\/et\/wp-json\/wp\/v2\/media?parent=1506"}],"curies":[{"name":"wp","href":"https:\/\/api.w.org\/{rel}","templated":true}]}}