{"id":1509,"date":"2022-12-08T13:47:35","date_gmt":"2022-12-08T13:47:35","guid":{"rendered":"https:\/\/www.virtualskills.eu\/ihf\/"},"modified":"2023-02-08T18:51:42","modified_gmt":"2023-02-08T18:51:42","slug":"ihf","status":"publish","type":"page","link":"https:\/\/www.virtualskills.eu\/et\/ihf\/","title":{"rendered":"Institut de Haute Formation aux Politiques Communautaires asbl"},"content":{"rendered":"<section class=\"wpb-content-wrapper\"><p>[vc_row css_animation=&#8221;&#8221; row_type=&#8221;row&#8221; use_row_as_full_screen_section=&#8221;no&#8221; type=&#8221;grid&#8221; angled_section=&#8221;no&#8221; text_align=&#8221;left&#8221; background_image_as_pattern=&#8221;without_pattern&#8221; css=&#8221;.vc_custom_1477990979174{padding-top: 30px !important;padding-bottom: 30px !important;background-color: #ffffff !important;}&#8221;][vc_column width=&#8221;1\/3&#8243;][vc_single_image image=&#8221;484&#8243; img_size=&#8221;&#8221; alignment=&#8221;center&#8221; qode_css_animation=&#8221;&#8221;][\/vc_column][vc_column width=&#8221;1\/3&#8243;][\/vc_column][vc_column width=&#8221;1\/3&#8243;][\/vc_column][\/vc_row][vc_row css_animation=&#8221;&#8221; row_type=&#8221;row&#8221; use_row_as_full_screen_section=&#8221;no&#8221; type=&#8221;grid&#8221; angled_section=&#8221;no&#8221; text_align=&#8221;left&#8221; background_image_as_pattern=&#8221;without_pattern&#8221; css=&#8221;.vc_custom_1477990979174{padding-top: 30px !important;padding-bottom: 30px !important;background-color: #ffffff !important;}&#8221;][vc_column][vc_column_text]<\/p>\n<div id=\"comp-kohpg6rs\" class=\"_1Q9if _3bcaz\" data-testid=\"richTextElement\">\n<p>Institut de Haute Formation aux Politiques Communautaires asbl, on 2003. aastal Br\u00fcsselis (Belgia) asutatud mittetulundus\u00fching. IHF-i peamine eesm\u00e4rk on arendada mittetulunduslikke organisatsioonide ja kohalikke omavalitsuste v\u00f5rgustike. Lisaks viib IHF l\u00e4bi koolitusi\u00a0 Euroopa poliitika teemadel, et levitada Euroopalikke v\u00e4\u00e4rtusi. Kursused keskenduvad EL poliitikale ja seadusandlusele, rahvusvahelistele suhetele ja projektijuhtimisele, edendades nii organisatsioonide v\u00f5imalusi osaleda EL-i rahastatavates programmides.<\/p>\n<p>IHF korraldab Br\u00fcsselisse \u00f5pper\u00fchmi noortele l\u00f5petajatele, kohalike omavalitsuste esindajatele, VKEdele, \u00fclikoolidele, jne. Alates 2004. aastast on IHF korraldanud enam kui 40 \u00f5ppevisiiti Br\u00fcsselisse enam kui 500 inimesele.<\/p>\n<p>IHF osaleb (assotsieerunud) partnerina EL-i rahastatud projektides, panustades peamiselt levitamistegevustesse. IHF koondab enda alla oskusteavet l\u00e4bi\u00a0 EL-i seadusandluse ja Euroopa institutsioonide tegevuse pideva j\u00e4lgimise, mida ta taas omakorda levitab l\u00e4bi koolituste ja konsultatsioonide. Lisaks aitab IHF organisatsioone partnerite otsimisel ja v\u00f5rgustike loomisel. IHF-il on lai kontaktide v\u00f5rgustik Euroopa Parlamendi liikmete, teiste Euroopa \u00fchenduste ja institutsioonidega, sidusr\u00fchmadega, tarbijar\u00fchmadega jne.<\/p>\n<\/div>\n<p>[\/vc_column_text][\/vc_column][\/vc_row][vc_row css_animation=&#8221;&#8221; row_type=&#8221;row&#8221; use_row_as_full_screen_section=&#8221;no&#8221; type=&#8221;grid&#8221; angled_section=&#8221;no&#8221; text_align=&#8221;left&#8221; background_image_as_pattern=&#8221;without_pattern&#8221; css=&#8221;.vc_custom_1477990979174{padding-top: 30px !important;padding-bottom: 30px !important;background-color: #ffffff !important;}&#8221;][vc_column][vc_btn title=&#8221;Go to web&#8221; align=&#8221;right&#8221; link=&#8221;url:https%3A%2F%2Fwww.ihfeurope.eu%2F&#8221;][\/vc_column][\/vc_row][vc_row css_animation=&#8221;&#8221; row_type=&#8221;row&#8221; use_row_as_full_screen_section=&#8221;no&#8221; type=&#8221;full_width&#8221; angled_section=&#8221;no&#8221; text_align=&#8221;left&#8221; background_image_as_pattern=&#8221;without_pattern&#8221;][vc_column][\/vc_column][\/vc_row]<\/p>\n<\/section>","protected":false},"excerpt":{"rendered":"<p>[vc_row css_animation=&#8221;&#8221; row_type=&#8221;row&#8221; use_row_as_full_screen_section=&#8221;no&#8221; type=&#8221;grid&#8221; angled_section=&#8221;no&#8221; text_align=&#8221;left&#8221; background_image_as_pattern=&#8221;without_pattern&#8221; css=&#8221;.vc_custom_1477990979174{padding-top: 30px !important;padding-bottom: 30px !important;background-color: #ffffff !important;}&#8221;][vc_column width=&#8221;1\/3&#8243;][vc_single_image image=&#8221;484&#8243; img_size=&#8221;&#8221; alignment=&#8221;center&#8221; qode_css_animation=&#8221;&#8221;][\/vc_column][vc_column width=&#8221;1\/3&#8243;][\/vc_column][vc_column width=&#8221;1\/3&#8243;][\/vc_column][\/vc_row][vc_row css_animation=&#8221;&#8221; row_type=&#8221;row&#8221; use_row_as_full_screen_section=&#8221;no&#8221; type=&#8221;grid&#8221; angled_section=&#8221;no&#8221; text_align=&#8221;left&#8221; background_image_as_pattern=&#8221;without_pattern&#8221; css=&#8221;.vc_custom_1477990979174{padding-top: 30px !important;padding-bottom: 30px !important;background-color: #ffffff !important;}&#8221;][vc_column][vc_column_text] Institut de Haute Formation aux Politiques Communautaires asbl, on&#8230;<\/p>\n","protected":false},"author":1,"featured_media":0,"parent":0,"menu_order":0,"comment_status":"closed","ping_status":"closed","template":"full_width.php","meta":{"footnotes":""},"class_list":["post-1509","page","type-page","status-publish","hentry"],"_links":{"self":[{"href":"https:\/\/www.virtualskills.eu\/et\/wp-json\/wp\/v2\/pages\/1509","targetHints":{"allow":["GET"]}}],"collection":[{"href":"https:\/\/www.virtualskills.eu\/et\/wp-json\/wp\/v2\/pages"}],"about":[{"href":"https:\/\/www.virtualskills.eu\/et\/wp-json\/wp\/v2\/types\/page"}],"author":[{"embeddable":true,"href":"https:\/\/www.virtualskills.eu\/et\/wp-json\/wp\/v2\/users\/1"}],"replies":[{"embeddable":true,"href":"https:\/\/www.virtualskills.eu\/et\/wp-json\/wp\/v2\/comments?post=1509"}],"version-history":[{"count":2,"href":"https:\/\/www.virtualskills.eu\/et\/wp-json\/wp\/v2\/pages\/1509\/revisions"}],"predecessor-version":[{"id":1511,"href":"https:\/\/www.virtualskills.eu\/et\/wp-json\/wp\/v2\/pages\/1509\/revisions\/1511"}],"wp:attachment":[{"href":"https:\/\/www.virtualskills.eu\/et\/wp-json\/wp\/v2\/media?parent=1509"}],"curies":[{"name":"wp","href":"https:\/\/api.w.org\/{rel}","templated":true}]}}