{"id":1512,"date":"2022-12-08T13:50:40","date_gmt":"2022-12-08T13:50:40","guid":{"rendered":"https:\/\/www.virtualskills.eu\/university-of-applied-sciences-of-the-grisons\/"},"modified":"2023-02-08T18:54:27","modified_gmt":"2023-02-08T18:54:27","slug":"fhgr","status":"publish","type":"page","link":"https:\/\/www.virtualskills.eu\/et\/fhgr\/","title":{"rendered":"Grisonsi rakendusteaduste \u00fclikool"},"content":{"rendered":"<section class=\"wpb-content-wrapper\"><p>[vc_row css_animation=&#8221;&#8221; row_type=&#8221;row&#8221; use_row_as_full_screen_section=&#8221;no&#8221; type=&#8221;grid&#8221; angled_section=&#8221;no&#8221; text_align=&#8221;left&#8221; background_image_as_pattern=&#8221;without_pattern&#8221; css=&#8221;.vc_custom_1477990979174{padding-top: 30px !important;padding-bottom: 30px !important;background-color: #ffffff !important;}&#8221;][vc_column width=&#8221;1\/3&#8243;][vc_single_image image=&#8221;493&#8243; img_size=&#8221;&#8221; alignment=&#8221;center&#8221; qode_css_animation=&#8221;&#8221;][\/vc_column][vc_column width=&#8221;1\/3&#8243;][\/vc_column][vc_column width=&#8221;1\/3&#8243;][\/vc_column][\/vc_row][vc_row css_animation=&#8221;&#8221; row_type=&#8221;row&#8221; use_row_as_full_screen_section=&#8221;no&#8221; type=&#8221;grid&#8221; angled_section=&#8221;no&#8221; text_align=&#8221;left&#8221; background_image_as_pattern=&#8221;without_pattern&#8221; css=&#8221;.vc_custom_1670507499281{padding-bottom: 30px !important;background-color: #ffffff !important;}&#8221; z_index=&#8221;&#8221;][vc_column][vc_column_text]<\/p>\n<div id=\"comp-kohpg6rs\" class=\"_1Q9if _3bcaz\" data-testid=\"richTextElement\">\n<p>Grisonsi rakendusteaduste \u00fclikool on uuenduslik ja ettev\u00f5tlik k\u00f5rgharidusasutus, kus \u00f5pib \u00fcle 2000 \u00fcli\u00f5pilase. \u00dclikool\u00a0 koolitab inimesi saama vastutustundlikeks ja oskuslikeks spetsialistideks ja juhtideks. Tugevate piirkondlike juurtega rakendusteaduste \u00fclikool meelitab Grisonsi oma k\u00fclalislahke \u00f5hkkonnaga \u00f5pilasi v\u00e4ljaspoolt kantonit ja isegi v\u00e4ljaspoolt \u0160veitsi.<\/p>\n<p>Grisonsi rakendusteaduste \u00fclikool pakub erinevaid bakalaureuse-, magistri- ja t\u00e4iend\u00f5ppe programme arhitektuuri, tsiviilehituse, digiteaduse, juhtimise, multimeedia tootmise, fotoonika, tehnoloogia ja turismi vallas. Samuti osaleb ettev\u00f5te aktiivselt rakendusuuringutes ja arendustegevuses ning pakub n\u00f5ustamis- ja muid teenuseid k\u00f5igis oma valdkondades. Grisonsi Rakendusk\u00f5rgkooli taseme nurgakiviks on Institutsionaalne akrediteerimine vastavalt \u0160veitsi k\u00f5rgharidussektori rahastamise ja koordineerimise f\u00f6deraalsele seadusele (HEdA), samuti nelja t\u00e4rni saamine EFQM Recognized for Excellence&#8217;i vastastikuse hindamise ja ISO 9001 ja ISO 29990 j\u00e4rgi. \u00dclikooli ajalugu ulatub 1963. aastasse.<\/p>\n<p>Grisonsi Rakendus\u00fclikool on oma strateegias m\u00e4\u00e4ratlenud kolm fookusvaldkonda ning teostab igas neist \u00f5ppet\u00f6\u00f6d, t\u00e4iend\u00f5pet, rakendusuuringuid ja n\u00f5ustamist. Nendeks valdkondadeks on tuleviku tehnoloogiad, eluskeskkond ja ettev\u00f5tlus.<\/p>\n<\/div>\n<p>[\/vc_column_text][\/vc_column][\/vc_row][vc_row css_animation=&#8221;&#8221; row_type=&#8221;row&#8221; use_row_as_full_screen_section=&#8221;no&#8221; type=&#8221;grid&#8221; angled_section=&#8221;no&#8221; text_align=&#8221;left&#8221; background_image_as_pattern=&#8221;without_pattern&#8221; css=&#8221;.vc_custom_1477990979174{padding-top: 30px !important;padding-bottom: 30px !important;background-color: #ffffff !important;}&#8221;][vc_column][vc_btn title=&#8221;Go to web&#8221; align=&#8221;right&#8221; link=&#8221;url:http%3A%2F%2Fwww.fhgr.ch%2F&#8221;][\/vc_column][\/vc_row][vc_row css_animation=&#8221;&#8221; row_type=&#8221;row&#8221; use_row_as_full_screen_section=&#8221;no&#8221; type=&#8221;full_width&#8221; angled_section=&#8221;no&#8221; text_align=&#8221;left&#8221; background_image_as_pattern=&#8221;without_pattern&#8221;][vc_column][\/vc_column][\/vc_row]<\/p>\n<\/section>","protected":false},"excerpt":{"rendered":"<p>[vc_row css_animation=&#8221;&#8221; row_type=&#8221;row&#8221; use_row_as_full_screen_section=&#8221;no&#8221; type=&#8221;grid&#8221; angled_section=&#8221;no&#8221; text_align=&#8221;left&#8221; background_image_as_pattern=&#8221;without_pattern&#8221; css=&#8221;.vc_custom_1477990979174{padding-top: 30px !important;padding-bottom: 30px !important;background-color: #ffffff !important;}&#8221;][vc_column width=&#8221;1\/3&#8243;][vc_single_image image=&#8221;493&#8243; img_size=&#8221;&#8221; alignment=&#8221;center&#8221; qode_css_animation=&#8221;&#8221;][\/vc_column][vc_column width=&#8221;1\/3&#8243;][\/vc_column][vc_column width=&#8221;1\/3&#8243;][\/vc_column][\/vc_row][vc_row css_animation=&#8221;&#8221; row_type=&#8221;row&#8221; use_row_as_full_screen_section=&#8221;no&#8221; type=&#8221;grid&#8221; angled_section=&#8221;no&#8221; text_align=&#8221;left&#8221; background_image_as_pattern=&#8221;without_pattern&#8221; css=&#8221;.vc_custom_1670507499281{padding-bottom: 30px !important;background-color: #ffffff !important;}&#8221; z_index=&#8221;&#8221;][vc_column][vc_column_text] Grisonsi rakendusteaduste \u00fclikool on uuenduslik ja ettev\u00f5tlik k\u00f5rgharidusasutus, kus \u00f5pib&#8230;<\/p>\n","protected":false},"author":1,"featured_media":0,"parent":0,"menu_order":0,"comment_status":"closed","ping_status":"closed","template":"full_width.php","meta":{"footnotes":""},"class_list":["post-1512","page","type-page","status-publish","hentry"],"_links":{"self":[{"href":"https:\/\/www.virtualskills.eu\/et\/wp-json\/wp\/v2\/pages\/1512","targetHints":{"allow":["GET"]}}],"collection":[{"href":"https:\/\/www.virtualskills.eu\/et\/wp-json\/wp\/v2\/pages"}],"about":[{"href":"https:\/\/www.virtualskills.eu\/et\/wp-json\/wp\/v2\/types\/page"}],"author":[{"embeddable":true,"href":"https:\/\/www.virtualskills.eu\/et\/wp-json\/wp\/v2\/users\/1"}],"replies":[{"embeddable":true,"href":"https:\/\/www.virtualskills.eu\/et\/wp-json\/wp\/v2\/comments?post=1512"}],"version-history":[{"count":3,"href":"https:\/\/www.virtualskills.eu\/et\/wp-json\/wp\/v2\/pages\/1512\/revisions"}],"predecessor-version":[{"id":1515,"href":"https:\/\/www.virtualskills.eu\/et\/wp-json\/wp\/v2\/pages\/1512\/revisions\/1515"}],"wp:attachment":[{"href":"https:\/\/www.virtualskills.eu\/et\/wp-json\/wp\/v2\/media?parent=1512"}],"curies":[{"name":"wp","href":"https:\/\/api.w.org\/{rel}","templated":true}]}}