{"id":1518,"date":"2022-12-08T21:50:17","date_gmt":"2022-12-08T21:50:17","guid":{"rendered":"https:\/\/www.virtualskills.eu\/project\/"},"modified":"2023-02-08T19:14:42","modified_gmt":"2023-02-08T19:14:42","slug":"projekt","status":"publish","type":"page","link":"https:\/\/www.virtualskills.eu\/et\/projekt\/","title":{"rendered":"Projekt"},"content":{"rendered":"<section class=\"wpb-content-wrapper\"><p>[vc_row css_animation=&#8221;&#8221; row_type=&#8221;row&#8221; use_row_as_full_screen_section=&#8221;no&#8221; type=&#8221;grid&#8221; angled_section=&#8221;no&#8221; text_align=&#8221;left&#8221; background_image_as_pattern=&#8221;without_pattern&#8221; css=&#8221;.vc_custom_1481534274629{padding-bottom: 40px !important;}&#8221;][vc_column offset=&#8221;vc_col-lg-6 vc_col-md-6&#8243;][vc_empty_space][vc_column_text]<strong>VIBESist l\u00e4hemalt:<\/strong>[\/vc_column_text][vc_column_text]<\/p>\n<div id=\"comp-kot69plq\" class=\"_1Q9if _3bcaz\" data-testid=\"richTextElement\">\n<p>VIBES (Virtual Business Skills Empowerment) k\u00e4sitleb oskusi, mis on olulised noorte Eurooplaste tulevase t\u00f6\u00f6alase konkurentsiv\u00f5ime suurendamiseks digitaalajastul. Neid oksusi v\u00f5ib kokkuv\u00f5tlikult kutsuda v\u00f5imeks t\u00f6\u00f6tada virtuaalsetes ja mitmekultuurilistes meeskondades. Veelgi enam, selle asemel, et koolitada inimesi olemasolevate rollide jaoks, mis kiiresti vananevad, on VIBES-i eesm\u00e4rk arendada ettev\u00f5tlikku suhtumist ja k\u00e4itumist. Ettev\u00f5tlik suhtumine ja k\u00e4itumise all peame silmas v\u00f5imet esilekerkivatele v\u00f5imalustele reageerida arendamaks organisatsioonide konkurentsieeliseid; koost\u00f6\u00f6suutlikkust; v\u00f5rgustike loomise oskust; kohanemisoskust ning oskust v\u00e4lja t\u00f6\u00f6tada uusi ja innovaatilisi lahendusi kasutades selleks meeskonnat\u00f6\u00f6 eeliseid.<\/p>\n<p>Seitsmest asutusest koosnev meeskond Horvaatiast, Eestist, Soomest, Belgiast ja \u0160veitsist kombineerib partnerriikidest p\u00e4rit parimaid praktikaid, et t\u00f6\u00f6tada v\u00e4lja ja pakkuda \u00f5ppe- ja koolitusmooduleid virtuaalsete meeskondade v\u00f5imekuse arendamiseks koos \u00f5pitulemuste, meetodite ja hindamiskriteeriumite kirjeldustega. Lisaks luuakse virtuaalne koost\u00f6\u00f6ruum \u00f5ppematerjalide, kogemuste ja ideede jagamiseks, et edendada kultuuridevahelist koost\u00f6\u00f6d ning \u00f5petamiskogemuste ja teadmiste vahetamist.<\/p>\n<\/div>\n<p>[\/vc_column_text][\/vc_column][vc_column offset=&#8221;vc_col-lg-6 vc_col-md-6&#8243;]<div class=\"qode-accordion-holder clearfix qode-accordion qode-initial \">\n\t<h5 class=\"clearfix qode-title-holder\">\n<span class=\"qode-tab-title\">\n\t\t\t<span class=\"qode-tab-title-icon\">\n\t\t\t<span aria-hidden=\"true\" class=\"qode_icon_font_elegant arrow_left-right \" ><\/span>\t\t<\/span>\n\t    <span class=\"qode-tab-title-inner\">\n        Ettev\u00f5tte kaasamine    <\/span>\n<\/span>\n<span class=\"qode-accordion-mark\">\n    <span class=\"qode-accordion-mark-icon\">\n        <span class=\"icon_plus\"><\/span>\n        <span class=\"icon_minus-06\"><\/span>\n    <\/span>\n<\/span>\n<\/h5>\n<div  class=\"qode-accordion-content qode-acc-title-with-icon\" style=\"background-image: url(https:\/\/www.virtualskills.eu\/wp-content\/uploads\/2016\/09\/accordion-1.jpg); padding: 19px 73px 39px 60px\">\n    <div class=\"qode-accordion-content-inner\">\n        [vc_column_text]<span style=\"color: #ffffff;\">VIBES raames loodi sidemed \u00e4rimaailmaga, et luua kursuse sisu, mis on t\u00e4nap\u00e4evases \u00e4rimaailmas relevantne. <\/span>[\/vc_column_text][vc_empty_space height=&#8221;23px&#8221;]<a  itemprop=\"url\" href=\"https:\/\/www.virtualskills.eu\/et\/ettevotte-kaasamine\/\" target=\"_self\"  class=\"qbutton  small right white default  qode-button-shadow\" style=\"\">Explore<\/a>    <\/div>\n<\/div><h5 class=\"clearfix qode-title-holder\">\n<span class=\"qode-tab-title\">\n\t\t\t<span class=\"qode-tab-title-icon\">\n\t\t\t<span aria-hidden=\"true\" class=\"qode_icon_font_elegant arrow_left-up \" ><\/span>\t\t<\/span>\n\t    <span class=\"qode-tab-title-inner\">\n        VIBES content development    <\/span>\n<\/span>\n<span class=\"qode-accordion-mark\">\n    <span class=\"qode-accordion-mark-icon\">\n        <span class=\"icon_plus\"><\/span>\n        <span class=\"icon_minus-06\"><\/span>\n    <\/span>\n<\/span>\n<\/h5>\n<div  class=\"qode-accordion-content qode-acc-title-with-icon\" style=\"background-image: url(https:\/\/www.virtualskills.eu\/wp-content\/uploads\/2016\/09\/accordion-4.jpg); padding: 19px 73px 39px 60px\">\n    <div class=\"qode-accordion-content-inner\">\n        [vc_column_text]<span style=\"color: #ffffff;\">VIBES develops the recommended skills for working in multicultural virtual teams by creating the educational content and processes which can be adapted for different levels of stakeholders in various contexts. <\/span>[\/vc_column_text][vc_empty_space height=&#8221;23px&#8221;]<a  itemprop=\"url\" href=\"https:\/\/www.virtualskills.eu\/vibes-content-development\/\" target=\"_self\"  class=\"qbutton  small right white default  qode-button-shadow\" style=\"\">Explore<\/a>    <\/div>\n<\/div><h5 class=\"clearfix qode-title-holder\">\n<span class=\"qode-tab-title\">\n\t\t\t<span class=\"qode-tab-title-icon\">\n\t\t\t<span aria-hidden=\"true\" class=\"qode_icon_font_elegant arrow_expand_alt \" ><\/span>\t\t<\/span>\n\t    <span class=\"qode-tab-title-inner\">\n        VIBESi koost\u00f6\u00f6platvorm    <\/span>\n<\/span>\n<span class=\"qode-accordion-mark\">\n    <span class=\"qode-accordion-mark-icon\">\n        <span class=\"icon_plus\"><\/span>\n        <span class=\"icon_minus-06\"><\/span>\n    <\/span>\n<\/span>\n<\/h5>\n<div  class=\"qode-accordion-content qode-acc-title-with-icon\" style=\"background-image: url(https:\/\/www.virtualskills.eu\/wp-content\/uploads\/2016\/09\/accordion-3.jpg); padding: 19px 73px 39px 60px\">\n    <div class=\"qode-accordion-content-inner\">\n        [vc_column_text]<span style=\"color: #ffffff;\">d\u00fcnaamiline platvorm VIBES kodulehel v\u00f5imaldab mitte ainult k\u00e4tte saada hariduslikku sisu, vaid selle loomisesse ka ise panustada. <\/span>[\/vc_column_text][vc_empty_space height=&#8221;23px&#8221;]<a  itemprop=\"url\" href=\"https:\/\/www.virtualskills.eu\/et\/vibesi-koostooplatvorm\/\" target=\"_self\"  class=\"qbutton  small right white default  qode-button-shadow\" style=\"\">Explore<\/a>    <\/div>\n<\/div><h5 class=\"clearfix qode-title-holder\">\n<span class=\"qode-tab-title\">\n\t\t\t<span class=\"qode-tab-title-icon\">\n\t\t\t<span aria-hidden=\"true\" class=\"qode_icon_font_elegant arrow_left-down \" ><\/span>\t\t<\/span>\n\t    <span class=\"qode-tab-title-inner\">\n        VIBES p\u00e4devuste uuring    <\/span>\n<\/span>\n<span class=\"qode-accordion-mark\">\n    <span class=\"qode-accordion-mark-icon\">\n        <span class=\"icon_plus\"><\/span>\n        <span class=\"icon_minus-06\"><\/span>\n    <\/span>\n<\/span>\n<\/h5>\n<div  class=\"qode-accordion-content qode-acc-title-with-icon\" style=\"background-image: url(https:\/\/www.virtualskills.eu\/wp-content\/uploads\/2016\/09\/accordion-1.jpg); padding: 19px 73px 39px 60px\">\n    <div class=\"qode-accordion-content-inner\">\n        [vc_column_text]<span style=\"color: #ffffff;\">Enne VIBES projekti algust olid teadmised virtuaalse meeskonna p\u00e4devuste osas piiritletud. <\/span>[\/vc_column_text][vc_empty_space height=&#8221;23px&#8221;]<a  itemprop=\"url\" href=\"https:\/\/www.virtualskills.eu\/et\/vibes-padevuste-uuring\/\" target=\"_self\"  class=\"qbutton  small right white default  qode-button-shadow\" style=\"\">Explore<\/a>    <\/div>\n<\/div><h5 class=\"clearfix qode-title-holder\">\n<span class=\"qode-tab-title\">\n\t\t\t<span class=\"qode-tab-title-icon\">\n\t\t\t<span aria-hidden=\"true\" class=\"qode_icon_font_elegant arrow_move \" ><\/span>\t\t<\/span>\n\t    <span class=\"qode-tab-title-inner\">\n        VIBES competence mapping    <\/span>\n<\/span>\n<span class=\"qode-accordion-mark\">\n    <span class=\"qode-accordion-mark-icon\">\n        <span class=\"icon_plus\"><\/span>\n        <span class=\"icon_minus-06\"><\/span>\n    <\/span>\n<\/span>\n<\/h5>\n<div  class=\"qode-accordion-content qode-acc-title-with-icon\" style=\"background-image: url(https:\/\/www.virtualskills.eu\/wp-content\/uploads\/2016\/09\/accordion.jpg); padding: 19px 73px 39px 60px\">\n    <div class=\"qode-accordion-content-inner\">\n        [vc_column_text]<span style=\"color: #ffffff;\">As a first concrete step in project implementation VIBES team will perform comprehensive mapping of country and pan-European practices in building of virtual team working skills at high-school, university and adult education levels. <\/span>[\/vc_column_text][vc_empty_space height=&#8221;23px&#8221;]<a  itemprop=\"url\" href=\"https:\/\/www.virtualskills.eu\/vibes-competence-mapping\/\" target=\"_self\"  class=\"qbutton  small right white default  qode-button-shadow\" style=\"\">Explore<\/a>    <\/div>\n<\/div><\/div>[\/vc_column][\/vc_row][vc_row css_animation=&#8221;&#8221; row_type=&#8221;row&#8221; use_row_as_full_screen_section=&#8221;no&#8221; type=&#8221;full_width&#8221; angled_section=&#8221;no&#8221; text_align=&#8221;left&#8221; background_image_as_pattern=&#8221;without_pattern&#8221;][vc_column][vc_column_text][\/vc_column_text][\/vc_column][\/vc_row]<\/p>\n<\/section>","protected":false},"excerpt":{"rendered":"<p>[vc_row css_animation=&#8221;&#8221; row_type=&#8221;row&#8221; use_row_as_full_screen_section=&#8221;no&#8221; type=&#8221;grid&#8221; angled_section=&#8221;no&#8221; text_align=&#8221;left&#8221; background_image_as_pattern=&#8221;without_pattern&#8221; css=&#8221;.vc_custom_1481534274629{padding-bottom: 40px !important;}&#8221;][vc_column offset=&#8221;vc_col-lg-6 vc_col-md-6&#8243;][vc_empty_space][vc_column_text]VIBESist l\u00e4hemalt:[\/vc_column_text][vc_column_text] VIBES (Virtual Business Skills Empowerment) k\u00e4sitleb oskusi, mis on olulised noorte Eurooplaste tulevase t\u00f6\u00f6alase konkurentsiv\u00f5ime suurendamiseks digitaalajastul. Neid oksusi v\u00f5ib kokkuv\u00f5tlikult kutsuda v\u00f5imeks t\u00f6\u00f6tada virtuaalsetes ja mitmekultuurilistes meeskondades. Veelgi enam, selle&#8230;<\/p>\n","protected":false},"author":1,"featured_media":0,"parent":0,"menu_order":0,"comment_status":"closed","ping_status":"closed","template":"full_width.php","meta":{"footnotes":""},"class_list":["post-1518","page","type-page","status-publish","hentry"],"_links":{"self":[{"href":"https:\/\/www.virtualskills.eu\/et\/wp-json\/wp\/v2\/pages\/1518","targetHints":{"allow":["GET"]}}],"collection":[{"href":"https:\/\/www.virtualskills.eu\/et\/wp-json\/wp\/v2\/pages"}],"about":[{"href":"https:\/\/www.virtualskills.eu\/et\/wp-json\/wp\/v2\/types\/page"}],"author":[{"embeddable":true,"href":"https:\/\/www.virtualskills.eu\/et\/wp-json\/wp\/v2\/users\/1"}],"replies":[{"embeddable":true,"href":"https:\/\/www.virtualskills.eu\/et\/wp-json\/wp\/v2\/comments?post=1518"}],"version-history":[{"count":6,"href":"https:\/\/www.virtualskills.eu\/et\/wp-json\/wp\/v2\/pages\/1518\/revisions"}],"predecessor-version":[{"id":1532,"href":"https:\/\/www.virtualskills.eu\/et\/wp-json\/wp\/v2\/pages\/1518\/revisions\/1532"}],"wp:attachment":[{"href":"https:\/\/www.virtualskills.eu\/et\/wp-json\/wp\/v2\/media?parent=1518"}],"curies":[{"name":"wp","href":"https:\/\/api.w.org\/{rel}","templated":true}]}}