{"id":1522,"date":"2022-12-08T21:34:23","date_gmt":"2022-12-08T21:34:23","guid":{"rendered":"https:\/\/www.virtualskills.eu\/vibes-company-engagement\/"},"modified":"2023-02-08T19:07:05","modified_gmt":"2023-02-08T19:07:05","slug":"ettevotte-kaasamine","status":"publish","type":"page","link":"https:\/\/www.virtualskills.eu\/et\/ettevotte-kaasamine\/","title":{"rendered":"Ettev\u00f5tte kaasamine"},"content":{"rendered":"<section class=\"wpb-content-wrapper\"><p>[vc_row css_animation=&#8221;&#8221; row_type=&#8221;row&#8221; use_row_as_full_screen_section=&#8221;no&#8221; type=&#8221;grid&#8221; angled_section=&#8221;no&#8221; text_align=&#8221;left&#8221; background_image_as_pattern=&#8221;without_pattern&#8221; css=&#8221;.vc_custom_1477990979174{padding-top: 30px !important;padding-bottom: 30px !important;background-color: #ffffff !important;}&#8221;][vc_column width=&#8221;1\/3&#8243;][vc_single_image image=&#8221;553&#8243; img_size=&#8221;&#8221; alignment=&#8221;center&#8221; qode_css_animation=&#8221;&#8221;][\/vc_column][vc_column width=&#8221;1\/3&#8243;][\/vc_column][vc_column width=&#8221;1\/3&#8243;][\/vc_column][\/vc_row][vc_row css_animation=&#8221;&#8221; row_type=&#8221;row&#8221; use_row_as_full_screen_section=&#8221;no&#8221; type=&#8221;grid&#8221; angled_section=&#8221;no&#8221; text_align=&#8221;left&#8221; background_image_as_pattern=&#8221;without_pattern&#8221; css=&#8221;.vc_custom_1477990979174{padding-top: 30px !important;padding-bottom: 30px !important;background-color: #ffffff !important;}&#8221;][vc_column][vc_column_text]<\/p>\n<div id=\"comp-kohojt6o\" class=\"_1Q9if _3bcaz\" data-testid=\"richTextElement\">\n<div id=\"comp-kohonn0i1\" class=\"_1Q9if _3bcaz\" data-testid=\"richTextElement\">\n<div id=\"comp-kohp0dri2\" class=\"_1Q9if _3bcaz\" data-testid=\"richTextElement\">\n<div id=\"comp-kohp6qxk2\" class=\"_1Q9if _3bcaz\" data-testid=\"richTextElement\">\n<div id=\"comp-kohqko6d4\" class=\"_1Q9if _3bcaz\" data-testid=\"richTextElement\">\n<p>VIBES raames loodi sidemed \u00e4rimaailmaga, et luua kursuse sisu, mis on t\u00e4nap\u00e4evases \u00e4rimaailmas relevantne. Nii viidi esimeses projekti etapis l\u00e4bi intervjuud ekspertide ja proffessionaalidega, kes t\u00f6\u00f6tavad igap\u00e4evaselt multikultuursetes virtuaalsetes meeskondades. Saadud tulemuste baasil loodi virtuaalse meeskonnat\u00f6\u00f6 p\u00e4devuste raamistik, mille peale ehitati kursuse sisu ja metoodika, ehk \u00f5ppematerjalid.<\/p>\n<p>VIBES-i \u00f5ppematerjalid koondati d\u00fcnaamilisse veebiplatvormi, kuhu on v\u00f5imalik kaasata spetsialiste nii \u00fclikoolidest, kui ettev\u00f5tetest.\u00a0 Sel viisil pakub VIBES teedrajavat \u00fcleeuroopalist kultuuridevahelist virtuaalse meeskonnat\u00f6\u00f6 v\u00f5imete koolitust ja vabalt k\u00e4ttesaadava sisu pakkumist haridus-\/koolitussisu laiendamiseks erinevates kooli- ja \u00e4rikontekstides.<\/p>\n<\/div>\n<\/div>\n<\/div>\n<\/div>\n<\/div>\n<p>[\/vc_column_text][\/vc_column][\/vc_row][vc_row css_animation=&#8221;&#8221; row_type=&#8221;row&#8221; use_row_as_full_screen_section=&#8221;no&#8221; type=&#8221;full_width&#8221; angled_section=&#8221;no&#8221; text_align=&#8221;left&#8221; background_image_as_pattern=&#8221;without_pattern&#8221;][vc_column][\/vc_column][\/vc_row]<\/p>\n<\/section>","protected":false},"excerpt":{"rendered":"<p>[vc_row css_animation=&#8221;&#8221; row_type=&#8221;row&#8221; use_row_as_full_screen_section=&#8221;no&#8221; type=&#8221;grid&#8221; angled_section=&#8221;no&#8221; text_align=&#8221;left&#8221; background_image_as_pattern=&#8221;without_pattern&#8221; css=&#8221;.vc_custom_1477990979174{padding-top: 30px !important;padding-bottom: 30px !important;background-color: #ffffff !important;}&#8221;][vc_column width=&#8221;1\/3&#8243;][vc_single_image image=&#8221;553&#8243; img_size=&#8221;&#8221; alignment=&#8221;center&#8221; qode_css_animation=&#8221;&#8221;][\/vc_column][vc_column width=&#8221;1\/3&#8243;][\/vc_column][vc_column width=&#8221;1\/3&#8243;][\/vc_column][\/vc_row][vc_row css_animation=&#8221;&#8221; row_type=&#8221;row&#8221; use_row_as_full_screen_section=&#8221;no&#8221; type=&#8221;grid&#8221; angled_section=&#8221;no&#8221; text_align=&#8221;left&#8221; background_image_as_pattern=&#8221;without_pattern&#8221; css=&#8221;.vc_custom_1477990979174{padding-top: 30px !important;padding-bottom: 30px !important;background-color: #ffffff !important;}&#8221;][vc_column][vc_column_text] VIBES raames loodi sidemed \u00e4rimaailmaga, et luua kursuse sisu,&#8230;<\/p>\n","protected":false},"author":1,"featured_media":0,"parent":0,"menu_order":0,"comment_status":"closed","ping_status":"closed","template":"full_width.php","meta":{"footnotes":""},"class_list":["post-1522","page","type-page","status-publish","hentry"],"_links":{"self":[{"href":"https:\/\/www.virtualskills.eu\/et\/wp-json\/wp\/v2\/pages\/1522","targetHints":{"allow":["GET"]}}],"collection":[{"href":"https:\/\/www.virtualskills.eu\/et\/wp-json\/wp\/v2\/pages"}],"about":[{"href":"https:\/\/www.virtualskills.eu\/et\/wp-json\/wp\/v2\/types\/page"}],"author":[{"embeddable":true,"href":"https:\/\/www.virtualskills.eu\/et\/wp-json\/wp\/v2\/users\/1"}],"replies":[{"embeddable":true,"href":"https:\/\/www.virtualskills.eu\/et\/wp-json\/wp\/v2\/comments?post=1522"}],"version-history":[{"count":2,"href":"https:\/\/www.virtualskills.eu\/et\/wp-json\/wp\/v2\/pages\/1522\/revisions"}],"predecessor-version":[{"id":1524,"href":"https:\/\/www.virtualskills.eu\/et\/wp-json\/wp\/v2\/pages\/1522\/revisions\/1524"}],"wp:attachment":[{"href":"https:\/\/www.virtualskills.eu\/et\/wp-json\/wp\/v2\/media?parent=1522"}],"curies":[{"name":"wp","href":"https:\/\/api.w.org\/{rel}","templated":true}]}}