{"id":1526,"date":"2022-12-08T21:29:57","date_gmt":"2022-12-08T21:29:57","guid":{"rendered":"https:\/\/www.virtualskills.eu\/vibes-business-survey\/"},"modified":"2023-02-08T19:10:52","modified_gmt":"2023-02-08T19:10:52","slug":"vibes-padevuste-uuring","status":"publish","type":"page","link":"https:\/\/www.virtualskills.eu\/et\/vibes-padevuste-uuring\/","title":{"rendered":"VIBES p\u00e4devuste uuring"},"content":{"rendered":"<section class=\"wpb-content-wrapper\"><p>[vc_row css_animation=&#8221;&#8221; row_type=&#8221;row&#8221; use_row_as_full_screen_section=&#8221;no&#8221; type=&#8221;grid&#8221; angled_section=&#8221;no&#8221; text_align=&#8221;left&#8221; background_image_as_pattern=&#8221;without_pattern&#8221; css=&#8221;.vc_custom_1477990979174{padding-top: 30px !important;padding-bottom: 30px !important;background-color: #ffffff !important;}&#8221;][vc_column width=&#8221;1\/3&#8243;][vc_single_image image=&#8221;553&#8243; img_size=&#8221;&#8221; alignment=&#8221;center&#8221; qode_css_animation=&#8221;&#8221;][\/vc_column][vc_column width=&#8221;1\/3&#8243;][\/vc_column][vc_column width=&#8221;1\/3&#8243;][\/vc_column][\/vc_row][vc_row css_animation=&#8221;&#8221; row_type=&#8221;row&#8221; use_row_as_full_screen_section=&#8221;no&#8221; type=&#8221;grid&#8221; angled_section=&#8221;no&#8221; text_align=&#8221;left&#8221; background_image_as_pattern=&#8221;without_pattern&#8221; css=&#8221;.vc_custom_1477990979174{padding-top: 30px !important;padding-bottom: 30px !important;background-color: #ffffff !important;}&#8221;][vc_column][vc_column_text]<\/p>\n<div id=\"comp-kohojt6o\" class=\"_1Q9if _3bcaz\" data-testid=\"richTextElement\">\n<div id=\"comp-kohonn0i1\" class=\"_1Q9if _3bcaz\" data-testid=\"richTextElement\">\n<div id=\"comp-kohp0dri2\" class=\"_1Q9if _3bcaz\" data-testid=\"richTextElement\">\n<div id=\"comp-kohp6qxk2\" class=\"_1Q9if _3bcaz\" data-testid=\"richTextElement\">\n<div id=\"comp-kohqko6d4\" class=\"_1Q9if _3bcaz\" data-testid=\"richTextElement\">\n<div id=\"comp-kohqw96l1\" class=\"_1Q9if _3bcaz\" data-testid=\"richTextElement\">\n<p>Enne VIBES projekti algust olid teadmised virtuaalse meeskonna p\u00e4devuste osas piiritletud. Kuigi m\u00f5ned katsed virtuaalse meeskonnat\u00f6\u00f6 p\u00e4devusi kaardistada eksiteerisid &#8211; ei andnud need terviklikku pilti kaasaegsetes ja tulevikuvaates olulistest p\u00e4devustest. Olemasolevate teadmusressursside probleem seisnes selles, et nende loomisel on kasutatud peamiselt \u00fclalt-alla kvantitatiivset l\u00e4henemist, mille baasilt on keeruline kui mitte v\u00f5imatu teha j\u00e4reldusi tulevikus vajatavate virtuaalse meeskonnat\u00f6\u00f6 oskuste kohta. Vaja on ajakohast ja tulevikku vaatavat teavet, kuna nii digitehnoloogiad kui ka nende juurutamine organisatsiooni protsessidesse eesm\u00e4rgiga luua uusi \u00e4riv\u00f5imalusi muutuvad kiiresti.<\/p>\n<p>Euroopa raamistik \u201cDigiComp\u201d annab \u00fcldise arusaama vajalikest digitaalse koost\u00f6\u00f6 oskustest, kuid vaja on p\u00f5hjalikumaid ja s\u00fcgavamaid teadmisi, eriti pandeemiaj\u00e4rgses maailmas, kus h\u00fcbriidt\u00f6\u00f6 on saanud paljude organisattsioonide lahutamatuks ja paratamatuks osaks. Seet\u00f5tttu l\u00f5imegi VIBES projekti esimeses faasis virtuaalse meeskonnat\u00f6\u00f6 p\u00e4devuste raamistiku. Virtuaalsete meeskonnat\u00f6\u00f6oskuste v\u00e4ljaselgitamiseks viisime l\u00e4bi kvalitatiivse uuringu, mis v\u00f5imaldas s\u00fcgavamalt m\u00f5ista, milliseid p\u00e4devusi oodatakse t\u00e4nastelt ja tulevastelt spetsialistidelt virtuaalse meeskonnat\u00f6\u00f6 kontekstis.<\/p>\n<p>Uuringu tulemused v\u00f5imaldasid konsortsiumil luua uudse \u00f5ppesisu ja metoodika \u00f5ppijate virtuaalse meeskonnat\u00f6\u00f6 v\u00f5imete arendamiseks. Loodud \u00f5ppesisu on vabalt k\u00e4tte saadav k\u00f5igile VIBES platvormi kaudu.<\/p>\n<\/div>\n<\/div>\n<\/div>\n<\/div>\n<\/div>\n<\/div>\n<p>[\/vc_column_text][\/vc_column][\/vc_row][vc_row css_animation=&#8221;&#8221; row_type=&#8221;row&#8221; use_row_as_full_screen_section=&#8221;no&#8221; type=&#8221;full_width&#8221; angled_section=&#8221;no&#8221; text_align=&#8221;left&#8221; background_image_as_pattern=&#8221;without_pattern&#8221;][vc_column][\/vc_column][\/vc_row]<\/p>\n<\/section>","protected":false},"excerpt":{"rendered":"<p>[vc_row css_animation=&#8221;&#8221; row_type=&#8221;row&#8221; use_row_as_full_screen_section=&#8221;no&#8221; type=&#8221;grid&#8221; angled_section=&#8221;no&#8221; text_align=&#8221;left&#8221; background_image_as_pattern=&#8221;without_pattern&#8221; css=&#8221;.vc_custom_1477990979174{padding-top: 30px !important;padding-bottom: 30px !important;background-color: #ffffff !important;}&#8221;][vc_column width=&#8221;1\/3&#8243;][vc_single_image image=&#8221;553&#8243; img_size=&#8221;&#8221; alignment=&#8221;center&#8221; qode_css_animation=&#8221;&#8221;][\/vc_column][vc_column width=&#8221;1\/3&#8243;][\/vc_column][vc_column width=&#8221;1\/3&#8243;][\/vc_column][\/vc_row][vc_row css_animation=&#8221;&#8221; row_type=&#8221;row&#8221; use_row_as_full_screen_section=&#8221;no&#8221; type=&#8221;grid&#8221; angled_section=&#8221;no&#8221; text_align=&#8221;left&#8221; background_image_as_pattern=&#8221;without_pattern&#8221; css=&#8221;.vc_custom_1477990979174{padding-top: 30px !important;padding-bottom: 30px !important;background-color: #ffffff !important;}&#8221;][vc_column][vc_column_text] Enne VIBES projekti algust olid teadmised virtuaalse meeskonna p\u00e4devuste&#8230;<\/p>\n","protected":false},"author":1,"featured_media":0,"parent":0,"menu_order":0,"comment_status":"closed","ping_status":"closed","template":"full_width.php","meta":{"footnotes":""},"class_list":["post-1526","page","type-page","status-publish","hentry"],"_links":{"self":[{"href":"https:\/\/www.virtualskills.eu\/et\/wp-json\/wp\/v2\/pages\/1526","targetHints":{"allow":["GET"]}}],"collection":[{"href":"https:\/\/www.virtualskills.eu\/et\/wp-json\/wp\/v2\/pages"}],"about":[{"href":"https:\/\/www.virtualskills.eu\/et\/wp-json\/wp\/v2\/types\/page"}],"author":[{"embeddable":true,"href":"https:\/\/www.virtualskills.eu\/et\/wp-json\/wp\/v2\/users\/1"}],"replies":[{"embeddable":true,"href":"https:\/\/www.virtualskills.eu\/et\/wp-json\/wp\/v2\/comments?post=1526"}],"version-history":[{"count":2,"href":"https:\/\/www.virtualskills.eu\/et\/wp-json\/wp\/v2\/pages\/1526\/revisions"}],"predecessor-version":[{"id":1527,"href":"https:\/\/www.virtualskills.eu\/et\/wp-json\/wp\/v2\/pages\/1526\/revisions\/1527"}],"wp:attachment":[{"href":"https:\/\/www.virtualskills.eu\/et\/wp-json\/wp\/v2\/media?parent=1526"}],"curies":[{"name":"wp","href":"https:\/\/api.w.org\/{rel}","templated":true}]}}