{"id":1530,"date":"2022-12-08T21:31:01","date_gmt":"2022-12-08T21:31:01","guid":{"rendered":"https:\/\/www.virtualskills.eu\/vibes-collaborative-platform\/"},"modified":"2023-02-08T19:13:29","modified_gmt":"2023-02-08T19:13:29","slug":"vibesi-koostooplatvorm","status":"publish","type":"page","link":"https:\/\/www.virtualskills.eu\/et\/vibesi-koostooplatvorm\/","title":{"rendered":"VIBESi koost\u00f6\u00f6platvorm"},"content":{"rendered":"<section class=\"wpb-content-wrapper\"><p>[vc_row css_animation=&#8221;&#8221; row_type=&#8221;row&#8221; use_row_as_full_screen_section=&#8221;no&#8221; type=&#8221;grid&#8221; angled_section=&#8221;no&#8221; text_align=&#8221;left&#8221; background_image_as_pattern=&#8221;without_pattern&#8221; css=&#8221;.vc_custom_1477990979174{padding-top: 30px !important;padding-bottom: 30px !important;background-color: #ffffff !important;}&#8221;][vc_column width=&#8221;1\/3&#8243;][vc_single_image image=&#8221;553&#8243; img_size=&#8221;&#8221; alignment=&#8221;center&#8221; qode_css_animation=&#8221;&#8221;][\/vc_column][vc_column width=&#8221;1\/3&#8243;][\/vc_column][vc_column width=&#8221;1\/3&#8243;][\/vc_column][\/vc_row][vc_row css_animation=&#8221;&#8221; row_type=&#8221;row&#8221; use_row_as_full_screen_section=&#8221;no&#8221; type=&#8221;grid&#8221; angled_section=&#8221;no&#8221; text_align=&#8221;left&#8221; background_image_as_pattern=&#8221;without_pattern&#8221; css=&#8221;.vc_custom_1477990979174{padding-top: 30px !important;padding-bottom: 30px !important;background-color: #ffffff !important;}&#8221;][vc_column][vc_column_text]<\/p>\n<div id=\"comp-kohojt6o\" class=\"_1Q9if _3bcaz\" data-testid=\"richTextElement\">\n<div id=\"comp-kohonn0i1\" class=\"_1Q9if _3bcaz\" data-testid=\"richTextElement\">\n<div id=\"comp-kohp0dri2\" class=\"_1Q9if _3bcaz\" data-testid=\"richTextElement\">\n<div id=\"comp-kohp6qxk2\" class=\"_1Q9if _3bcaz\" data-testid=\"richTextElement\">\n<div id=\"comp-kohqko6d4\" class=\"_1Q9if _3bcaz\" data-testid=\"richTextElement\">\n<div id=\"comp-kohr95q3\" class=\"_1Q9if _3bcaz\" data-testid=\"richTextElement\">\n<div id=\"comp-kohrnryd2\" class=\"_1Q9if _3bcaz\" data-testid=\"richTextElement\">\n<p>VIBESi koost\u00f6\u00f6platvorm: d\u00fcnaamiline platvorm VIBES kodulehel v\u00f5imaldab mitte ainult k\u00e4tte saada hariduslikku sisu, vaid selle loomisesse ka ise panustada. See on ette n\u00e4htud \u00f5ppiva organisatsioonina, kuhu on kaasatud ka kolmandad osapooled, kes on huvitatud\u00a0 virtuaalsete digioskuste arendamisest agiilsete \u00f5pperessursside vahetamise kaudu. Ekspertteadmiste vahetamise eesm\u00e4rk on edendada virtuaalset koost\u00f6\u00f6d kultuuridevahelistes meeskondades.<\/p>\n<p>Interaktsioonistruktuurid loodi disainim\u00f5tlemise meetodeid kasutades. Loodud platvormi peamine eesm\u00e4rk on luua, s\u00e4ilitada ja pidevalt t\u00e4iustada ajakohast \u00f5ppesisu\u00a0 ja t\u00f6\u00f6riistu. VIBES platvormil vahetatakse n\u00e4iteid tegelikest v\u00e4ljakutsetest t\u00f6\u00f6turul ja nende lahendamise viisidest.\u00a0 \u00d5ppej\u00f5ud ja ettev\u00f5tted kaasatakse treenerite, juhtumite ja stsenaariumide loojatena. \u00d5pilastel on samuti v\u00f5imalus kaasa r\u00e4\u00e4kida ja anda omapoolne sisend peamise sihtr\u00fchmana &#8211; jagades oma \u00f5piootusi ja kogemusi.<\/p>\n<\/div>\n<\/div>\n<\/div>\n<\/div>\n<\/div>\n<\/div>\n<\/div>\n<p>[\/vc_column_text][\/vc_column][\/vc_row][vc_row css_animation=&#8221;&#8221; row_type=&#8221;row&#8221; use_row_as_full_screen_section=&#8221;no&#8221; type=&#8221;full_width&#8221; angled_section=&#8221;no&#8221; text_align=&#8221;left&#8221; background_image_as_pattern=&#8221;without_pattern&#8221;][vc_column][\/vc_column][\/vc_row]<\/p>\n<\/section>","protected":false},"excerpt":{"rendered":"<p>[vc_row css_animation=&#8221;&#8221; row_type=&#8221;row&#8221; use_row_as_full_screen_section=&#8221;no&#8221; type=&#8221;grid&#8221; angled_section=&#8221;no&#8221; text_align=&#8221;left&#8221; background_image_as_pattern=&#8221;without_pattern&#8221; css=&#8221;.vc_custom_1477990979174{padding-top: 30px !important;padding-bottom: 30px !important;background-color: #ffffff !important;}&#8221;][vc_column width=&#8221;1\/3&#8243;][vc_single_image image=&#8221;553&#8243; img_size=&#8221;&#8221; alignment=&#8221;center&#8221; qode_css_animation=&#8221;&#8221;][\/vc_column][vc_column width=&#8221;1\/3&#8243;][\/vc_column][vc_column width=&#8221;1\/3&#8243;][\/vc_column][\/vc_row][vc_row css_animation=&#8221;&#8221; row_type=&#8221;row&#8221; use_row_as_full_screen_section=&#8221;no&#8221; type=&#8221;grid&#8221; angled_section=&#8221;no&#8221; text_align=&#8221;left&#8221; background_image_as_pattern=&#8221;without_pattern&#8221; css=&#8221;.vc_custom_1477990979174{padding-top: 30px !important;padding-bottom: 30px !important;background-color: #ffffff !important;}&#8221;][vc_column][vc_column_text] VIBESi koost\u00f6\u00f6platvorm: d\u00fcnaamiline platvorm VIBES kodulehel v\u00f5imaldab mitte ainult&#8230;<\/p>\n","protected":false},"author":1,"featured_media":0,"parent":0,"menu_order":0,"comment_status":"closed","ping_status":"closed","template":"full_width.php","meta":{"footnotes":""},"class_list":["post-1530","page","type-page","status-publish","hentry"],"_links":{"self":[{"href":"https:\/\/www.virtualskills.eu\/et\/wp-json\/wp\/v2\/pages\/1530","targetHints":{"allow":["GET"]}}],"collection":[{"href":"https:\/\/www.virtualskills.eu\/et\/wp-json\/wp\/v2\/pages"}],"about":[{"href":"https:\/\/www.virtualskills.eu\/et\/wp-json\/wp\/v2\/types\/page"}],"author":[{"embeddable":true,"href":"https:\/\/www.virtualskills.eu\/et\/wp-json\/wp\/v2\/users\/1"}],"replies":[{"embeddable":true,"href":"https:\/\/www.virtualskills.eu\/et\/wp-json\/wp\/v2\/comments?post=1530"}],"version-history":[{"count":1,"href":"https:\/\/www.virtualskills.eu\/et\/wp-json\/wp\/v2\/pages\/1530\/revisions"}],"predecessor-version":[{"id":1531,"href":"https:\/\/www.virtualskills.eu\/et\/wp-json\/wp\/v2\/pages\/1530\/revisions\/1531"}],"wp:attachment":[{"href":"https:\/\/www.virtualskills.eu\/et\/wp-json\/wp\/v2\/media?parent=1530"}],"curies":[{"name":"wp","href":"https:\/\/api.w.org\/{rel}","templated":true}]}}