{"id":1309,"date":"2022-12-08T12:10:29","date_gmt":"2022-12-08T12:10:29","guid":{"rendered":"https:\/\/www.virtualskills.eu\/motivation\/"},"modified":"2023-02-05T15:51:57","modified_gmt":"2023-02-05T15:51:57","slug":"lahtokohdat","status":"publish","type":"page","link":"https:\/\/www.virtualskills.eu\/fi\/lahtokohdat\/","title":{"rendered":"L\u00e4ht\u00f6kohdat"},"content":{"rendered":"<section class=\"wpb-content-wrapper\"><p>[vc_row css_animation=&#8221;&#8221; row_type=&#8221;row&#8221; use_row_as_full_screen_section=&#8221;no&#8221; type=&#8221;grid&#8221; angled_section=&#8221;no&#8221; text_align=&#8221;left&#8221; background_image_as_pattern=&#8221;without_pattern&#8221; css=&#8221;.vc_custom_1477991881291{padding-top: 84px !important;}&#8221;][vc_column offset=&#8221;vc_col-lg-6 vc_col-md-6&#8243;][vc_empty_space height=&#8221;8px&#8221;][vc_single_image image=&#8221;176&#8243; img_size=&#8221;full&#8221; qode_css_animation=&#8221;&#8221;][vc_empty_space height=&#8221;45px&#8221;][\/vc_column][vc_column offset=&#8221;vc_col-lg-6 vc_col-md-6&#8243;][vc_column_text]Taidosta ty\u00f6skennell\u00e4 virtuaalisissa tiimeiss\u00e4 on tullut yksi ty\u00f6el\u00e4m\u00e4n perustaito. Virtuaalisesti toimivat tiimit kohtaavan monenlaisia haasteita ty\u00f6skentelyss\u00e4\u00e4n. Haasteena on esimerkiksi luottamuksen rakentumisen puute. Kehonkielen ja ilmeiden puuttuessa on konfliktien ratkaiseminen usein haastavampaa kuin perinteisiss\u00e4 tiimeiss\u00e4. My\u00f6s eristyneisyyden tunnetta esiintyy usein. Monikulttuurisuus aiheuttaa haasteita yritysviestinn\u00e4ss\u00e4 itsest\u00e4\u00e4nkin ja n\u00e4m\u00e4 korostuvat entisest\u00e4\u00e4n virtuaalisissa tiimeiss\u00e4. Virtuaalisissa tiimeiss\u00e4 ty\u00f6skentelevill\u00e4 tulee my\u00f6s olla riitt\u00e4v\u00e4 tekninen osaamisen, jotta kommunikointi sujuu tehokkaasti ryhm\u00e4n j\u00e4senten v\u00e4lill\u00e4.<\/p>\n<p><span class=\"color_12\">\u00a0<\/span>[\/vc_column_text][\/vc_column][\/vc_row][vc_row css_animation=&#8221;&#8221; row_type=&#8221;row&#8221; use_row_as_full_screen_section=&#8221;no&#8221; type=&#8221;grid&#8221; angled_section=&#8221;no&#8221; text_align=&#8221;left&#8221; background_image_as_pattern=&#8221;without_pattern&#8221; css=&#8221;.vc_custom_1670501966051{padding-top: 20px !important;}&#8221; z_index=&#8221;&#8221;][vc_column offset=&#8221;vc_col-lg-6 vc_col-md-6&#8243;][vc_column_text]<\/p>\n<div id=\"comp-kohmztr0\" class=\"_1ncY2\">\n<p>2018 tehty Flexjobs-tutkimus osoitti, ett\u00e4 et\u00e4ty\u00f6 oli kasvanut 22 prosenttia vuodesta 2017 vuoteen 2018. Noin kolmasosa kaikista Yhdysvalloissa ty\u00f6skentelevist\u00e4 ty\u00f6skentelee et\u00e4n\u00e4 virtuaalisissa tiimeiss\u00e4.<\/p>\n<p>Covid-19-pandemian alettua virtuaalisista tiimeist\u00e4 on tullut normaali toimintapa.<\/p>\n<p>Digitaalista muutosta k\u00e4sitell\u00e4\u00e4n kyll\u00e4 korkeakouluissa ja lukioissa, mutta selke\u00e4 virtuaalisten taitojen rakentaminen ty\u00f6el\u00e4m\u00e4\u00e4 varten puuttuu. T\u00e4m\u00e4 ei ole sin\u00e4ns\u00e4 yll\u00e4tt\u00e4v\u00e4\u00e4, sill\u00e4 tarvittavien taitojen tuntemus on viel\u00e4 v\u00e4h\u00e4ist\u00e4. Eurooppalaisen yhteiskunnan menestymiseksi digiaikana on t\u00e4rke\u00e4\u00e4 antaa opiskelijoille ev\u00e4it\u00e4 virtuaalisissa ja monikulttuurisissa tiimeiss\u00e4 ty\u00f6skentelyyn.<\/p>\n<\/div>\n<p>[\/vc_column_text][\/vc_column][vc_column offset=&#8221;vc_col-lg-6 vc_col-md-6&#8243;][vc_empty_space height=&#8221;8px&#8221;][vc_single_image image=&#8221;185&#8243; img_size=&#8221;full&#8221; qode_css_animation=&#8221;&#8221;][vc_empty_space height=&#8221;45px&#8221;][\/vc_column][\/vc_row]<\/p>\n<\/section>","protected":false},"excerpt":{"rendered":"<p>[vc_row css_animation=&#8221;&#8221; row_type=&#8221;row&#8221; use_row_as_full_screen_section=&#8221;no&#8221; type=&#8221;grid&#8221; angled_section=&#8221;no&#8221; text_align=&#8221;left&#8221; background_image_as_pattern=&#8221;without_pattern&#8221; css=&#8221;.vc_custom_1477991881291{padding-top: 84px !important;}&#8221;][vc_column offset=&#8221;vc_col-lg-6 vc_col-md-6&#8243;][vc_empty_space height=&#8221;8px&#8221;][vc_single_image image=&#8221;176&#8243; img_size=&#8221;full&#8221; qode_css_animation=&#8221;&#8221;][vc_empty_space height=&#8221;45px&#8221;][\/vc_column][vc_column offset=&#8221;vc_col-lg-6 vc_col-md-6&#8243;][vc_column_text]Taidosta ty\u00f6skennell\u00e4 virtuaalisissa tiimeiss\u00e4 on tullut yksi ty\u00f6el\u00e4m\u00e4n perustaito. Virtuaalisesti toimivat tiimit kohtaavan monenlaisia haasteita ty\u00f6skentelyss\u00e4\u00e4n. Haasteena on esimerkiksi luottamuksen rakentumisen puute. Kehonkielen ja ilmeiden puuttuessa&#8230;<\/p>\n","protected":false},"author":1,"featured_media":0,"parent":0,"menu_order":0,"comment_status":"closed","ping_status":"closed","template":"full_width.php","meta":{"footnotes":""},"class_list":["post-1309","page","type-page","status-publish","hentry"],"_links":{"self":[{"href":"https:\/\/www.virtualskills.eu\/fi\/wp-json\/wp\/v2\/pages\/1309","targetHints":{"allow":["GET"]}}],"collection":[{"href":"https:\/\/www.virtualskills.eu\/fi\/wp-json\/wp\/v2\/pages"}],"about":[{"href":"https:\/\/www.virtualskills.eu\/fi\/wp-json\/wp\/v2\/types\/page"}],"author":[{"embeddable":true,"href":"https:\/\/www.virtualskills.eu\/fi\/wp-json\/wp\/v2\/users\/1"}],"replies":[{"embeddable":true,"href":"https:\/\/www.virtualskills.eu\/fi\/wp-json\/wp\/v2\/comments?post=1309"}],"version-history":[{"count":2,"href":"https:\/\/www.virtualskills.eu\/fi\/wp-json\/wp\/v2\/pages\/1309\/revisions"}],"predecessor-version":[{"id":1313,"href":"https:\/\/www.virtualskills.eu\/fi\/wp-json\/wp\/v2\/pages\/1309\/revisions\/1313"}],"wp:attachment":[{"href":"https:\/\/www.virtualskills.eu\/fi\/wp-json\/wp\/v2\/media?parent=1309"}],"curies":[{"name":"wp","href":"https:\/\/api.w.org\/{rel}","templated":true}]}}