{"id":1314,"date":"2022-12-08T12:25:10","date_gmt":"2022-12-08T12:25:10","guid":{"rendered":"https:\/\/www.virtualskills.eu\/consortium\/"},"modified":"2023-02-05T18:37:27","modified_gmt":"2023-02-05T18:37:27","slug":"konsortio","status":"publish","type":"page","link":"https:\/\/www.virtualskills.eu\/fi\/konsortio\/","title":{"rendered":"Konsortio"},"content":{"rendered":"<section class=\"wpb-content-wrapper\"><p>[vc_row css_animation=&#8221;&#8221; row_type=&#8221;row&#8221; use_row_as_full_screen_section=&#8221;no&#8221; type=&#8221;grid&#8221; angled_section=&#8221;no&#8221; text_align=&#8221;left&#8221; background_image_as_pattern=&#8221;without_pattern&#8221; css=&#8221;.vc_custom_1477990979174{padding-top: 30px !important;padding-bottom: 30px !important;background-color: #ffffff !important;}&#8221;][vc_column][vc_column_text]<\/p>\n<div id=\"comp-kohojt6o\" class=\"_1Q9if _3bcaz\" data-testid=\"richTextElement\">\n<p class=\"font_8\"><img loading=\"lazy\" decoding=\"async\" class=\"wp-image-402 alignleft\" src=\"https:\/\/www.virtualskills.eu\/wp-content\/uploads\/2022\/12\/VIBES-logos-300x161.png\" alt=\"\" width=\"201\" height=\"108\" srcset=\"https:\/\/www.virtualskills.eu\/wp-content\/uploads\/2022\/12\/VIBES-logos-300x161.png 300w, https:\/\/www.virtualskills.eu\/wp-content\/uploads\/2022\/12\/VIBES-logos.png 370w\" sizes=\"auto, (max-width: 201px) 100vw, 201px\" \/><\/p>\n<p>Konsortio koostuu 7 partnerista 5 eri maasta (HR, FI, EE, BE, SUI), jotka kaikki ovat kokeneita projektiosaajia. T\u00e4m\u00e4n kansainv\u00e4lisen ja poikkitieteellisen hankkeen etu on se, ett\u00e4 voimme k\u00e4ytt\u00e4\u00e4 kunkin maan parhaita k\u00e4yt\u00e4nt\u00f6j\u00e4, jakaa ja kehitt\u00e4\u00e4 niit\u00e4 edelleen.<\/p>\n<p>Tavoitteenamme on tukea kahta kohdealuetta luomalla innovatiivisia l\u00e4hestymistapoja yhteisty\u00f6valmiuksien tukemiseen, verkostoitumismahdollisuuksia sek\u00e4 innovaatioiden ja strategisten taitojen kehitt\u00e4mist\u00e4. Ensimm\u00e4inen tavoitteemme on pyrki\u00e4 kehitt\u00e4m\u00e4\u00e4n opiskelijoiden innovaatio- ja yritt\u00e4jyysvalmiuksia ja toinen pyrki\u00e4 tukemaan n\u00e4iden valmiuksien laajentamista pk-yrityskentt\u00e4\u00e4n, joka tarvitsee lis\u00e4\u00e4 innovatiivisia yritt\u00e4ji\u00e4. Konsortion tavoitteena on kehitt\u00e4\u00e4 innovatiivisia virtuaalitiimej\u00e4 niin, ett\u00e4 syntyy uusia liiketoimintamahdollisuuksia. Yksil\u00f6tasolla kehittyy osaamista, joka mukautuu ja joustaa tarpeen mukaan ja synnytt\u00e4\u00e4 uutta liiketoimintaa.<\/p>\n<p>Tavoitteemme ei ole kouluttaa ihmisi\u00e4 nopeasti vanhentuviin nykyisiin rooleihin, vaan kehitt\u00e4\u00e4 yritt\u00e4j\u00e4m\u00e4ist\u00e4 asennetta ja ymm\u00e4rryst\u00e4 siit\u00e4, ett\u00e4 yksil\u00f6n ja organisaation valmiuksien jatkuvaa kehitt\u00e4mist\u00e4 tarvitaan. Uskomme, ett\u00e4 yksil\u00f6n kykyjen kehitt\u00e4minen virtuaalisiin kansainv\u00e4lisiin tiimeihin osallistumiseksi on oikea l\u00e4hestymistapa kest\u00e4v\u00e4\u00e4n taloudelliseen kehitykseen.<\/p><\/div>\n<p>[\/vc_column_text][\/vc_column][\/vc_row][vc_row css_animation=&#8221;&#8221; row_type=&#8221;row&#8221; use_row_as_full_screen_section=&#8221;no&#8221; type=&#8221;grid&#8221; angled_section=&#8221;no&#8221; text_align=&#8221;left&#8221; background_image_as_pattern=&#8221;without_pattern&#8221; css=&#8221;.vc_custom_1477990979174{padding-top: 30px !important;padding-bottom: 30px !important;background-color: #ffffff !important;}&#8221;][vc_column width=&#8221;1\/3&#8243;][vc_single_image image=&#8221;474&#8243; img_size=&#8221;&#8221; alignment=&#8221;center&#8221; onclick=&#8221;custom_link&#8221; qode_css_animation=&#8221;&#8221; link=&#8221;https:\/\/www.virtualskills.eu\/fi\/unidu\/&#8221;][\/vc_column][vc_column width=&#8221;1\/3&#8243;][vc_single_image image=&#8221;476&#8243; img_size=&#8221;&#8221; alignment=&#8221;center&#8221; onclick=&#8221;custom_link&#8221; qode_css_animation=&#8221;&#8221; link=&#8221;https:\/\/www.virtualskills.eu\/fi\/ebs\/&#8221;][\/vc_column][vc_column width=&#8221;1\/3&#8243;][vc_single_image image=&#8221;478&#8243; img_size=&#8221;&#8221; alignment=&#8221;center&#8221; onclick=&#8221;custom_link&#8221; qode_css_animation=&#8221;&#8221; link=&#8221;https:\/\/www.virtualskills.eu\/fi\/lab\/&#8221;][\/vc_column][\/vc_row][vc_row css_animation=&#8221;&#8221; row_type=&#8221;row&#8221; use_row_as_full_screen_section=&#8221;no&#8221; type=&#8221;grid&#8221; angled_section=&#8221;no&#8221; text_align=&#8221;left&#8221; background_image_as_pattern=&#8221;without_pattern&#8221; css=&#8221;.vc_custom_1477990979174{padding-top: 30px !important;padding-bottom: 30px !important;background-color: #ffffff !important;}&#8221;][vc_column width=&#8221;1\/3&#8243;][vc_single_image image=&#8221;480&#8243; img_size=&#8221;&#8221; alignment=&#8221;center&#8221; onclick=&#8221;custom_link&#8221; qode_css_animation=&#8221;&#8221; link=&#8221;https:\/\/www.virtualskills.eu\/fi\/swa\/&#8221;][\/vc_column][vc_column width=&#8221;1\/3&#8243;][vc_single_image image=&#8221;482&#8243; img_size=&#8221;&#8221; alignment=&#8221;center&#8221; onclick=&#8221;custom_link&#8221; qode_css_animation=&#8221;&#8221; link=&#8221;https:\/\/www.virtualskills.eu\/fi\/ekonomska-i-trgovacka-skola-dubrovnik\/&#8221;][\/vc_column][vc_column width=&#8221;1\/3&#8243;][vc_single_image image=&#8221;484&#8243; img_size=&#8221;&#8221; alignment=&#8221;center&#8221; onclick=&#8221;custom_link&#8221; qode_css_animation=&#8221;&#8221; css=&#8221;.vc_custom_1675622068434{padding-top: 30px !important;}&#8221; link=&#8221;https:\/\/www.virtualskills.eu\/fi\/ihf\/&#8221;][\/vc_column][\/vc_row][vc_row css_animation=&#8221;&#8221; row_type=&#8221;row&#8221; use_row_as_full_screen_section=&#8221;no&#8221; type=&#8221;grid&#8221; angled_section=&#8221;no&#8221; text_align=&#8221;left&#8221; background_image_as_pattern=&#8221;without_pattern&#8221; css=&#8221;.vc_custom_1477990979174{padding-top: 30px !important;padding-bottom: 30px !important;background-color: #ffffff !important;}&#8221;][vc_column][vc_single_image image=&#8221;493&#8243; img_size=&#8221;&#8221; alignment=&#8221;center&#8221; onclick=&#8221;custom_link&#8221; qode_css_animation=&#8221;&#8221; link=&#8221;https:\/\/www.virtualskills.eu\/fi\/fachhochschule-graubunden-ammattikorkeakoulu\/&#8221;][\/vc_column][\/vc_row][vc_row css_animation=&#8221;&#8221; row_type=&#8221;row&#8221; use_row_as_full_screen_section=&#8221;no&#8221; type=&#8221;full_width&#8221; angled_section=&#8221;no&#8221; text_align=&#8221;left&#8221; background_image_as_pattern=&#8221;without_pattern&#8221;][vc_column][\/vc_column][\/vc_row]<\/p>\n<\/section>","protected":false},"excerpt":{"rendered":"<p>[vc_row css_animation=&#8221;&#8221; row_type=&#8221;row&#8221; use_row_as_full_screen_section=&#8221;no&#8221; type=&#8221;grid&#8221; angled_section=&#8221;no&#8221; text_align=&#8221;left&#8221; background_image_as_pattern=&#8221;without_pattern&#8221; css=&#8221;.vc_custom_1477990979174{padding-top: 30px !important;padding-bottom: 30px !important;background-color: #ffffff !important;}&#8221;][vc_column][vc_column_text] Konsortio koostuu 7 partnerista 5 eri maasta (HR, FI, EE, BE, SUI), jotka kaikki ovat kokeneita projektiosaajia. T\u00e4m\u00e4n kansainv\u00e4lisen ja poikkitieteellisen hankkeen etu on se, ett\u00e4 voimme k\u00e4ytt\u00e4\u00e4 kunkin maan&#8230;<\/p>\n","protected":false},"author":1,"featured_media":0,"parent":0,"menu_order":0,"comment_status":"closed","ping_status":"closed","template":"full_width.php","meta":{"footnotes":""},"class_list":["post-1314","page","type-page","status-publish","hentry"],"_links":{"self":[{"href":"https:\/\/www.virtualskills.eu\/fi\/wp-json\/wp\/v2\/pages\/1314","targetHints":{"allow":["GET"]}}],"collection":[{"href":"https:\/\/www.virtualskills.eu\/fi\/wp-json\/wp\/v2\/pages"}],"about":[{"href":"https:\/\/www.virtualskills.eu\/fi\/wp-json\/wp\/v2\/types\/page"}],"author":[{"embeddable":true,"href":"https:\/\/www.virtualskills.eu\/fi\/wp-json\/wp\/v2\/users\/1"}],"replies":[{"embeddable":true,"href":"https:\/\/www.virtualskills.eu\/fi\/wp-json\/wp\/v2\/comments?post=1314"}],"version-history":[{"count":9,"href":"https:\/\/www.virtualskills.eu\/fi\/wp-json\/wp\/v2\/pages\/1314\/revisions"}],"predecessor-version":[{"id":1356,"href":"https:\/\/www.virtualskills.eu\/fi\/wp-json\/wp\/v2\/pages\/1314\/revisions\/1356"}],"wp:attachment":[{"href":"https:\/\/www.virtualskills.eu\/fi\/wp-json\/wp\/v2\/media?parent=1314"}],"curies":[{"name":"wp","href":"https:\/\/api.w.org\/{rel}","templated":true}]}}