{"id":1319,"date":"2022-12-08T12:15:24","date_gmt":"2022-12-08T12:15:24","guid":{"rendered":"https:\/\/www.virtualskills.eu\/objectives\/"},"modified":"2023-02-05T15:57:49","modified_gmt":"2023-02-05T15:57:49","slug":"tavoitteet","status":"publish","type":"page","link":"https:\/\/www.virtualskills.eu\/fi\/tavoitteet\/","title":{"rendered":"Tavoitteet"},"content":{"rendered":"<section class=\"wpb-content-wrapper\"><p>[vc_row css_animation=&#8221;&#8221; row_type=&#8221;row&#8221; use_row_as_full_screen_section=&#8221;no&#8221; type=&#8221;grid&#8221; angled_section=&#8221;no&#8221; text_align=&#8221;left&#8221; background_image_as_pattern=&#8221;without_pattern&#8221; css=&#8221;.vc_custom_1477930468034{padding-top: 81px !important;}&#8221;][vc_column offset=&#8221;vc_col-lg-6 vc_col-md-6&#8243;][vc_empty_space height=&#8221;8px&#8221;][vc_single_image image=&#8221;186&#8243; img_size=&#8221;full&#8221; qode_css_animation=&#8221;&#8221;][vc_empty_space height=&#8221;45px&#8221;][\/vc_column][vc_column offset=&#8221;vc_col-lg-6 vc_col-md-6&#8243;][vc_column_text]Olemassa olevissa koulutuksissa koulutetaan jonkin verran taitoja, joita VIBESin on tarkoitus edist\u00e4\u00e4. T\u00e4ll\u00e4 hetkell\u00e4 ei kuitenkaan n\u00e4yt\u00e4 olevan sellaista opetussis\u00e4lt\u00f6\u00e4, joka olisi tarkoitettu erityisesti virtuaalisissa monikulttuurisissa tiimeiss\u00e4 tarvittavien taitojen rakentamiseen.<\/p>\n<p>VIBES korjaa t\u00e4m\u00e4n puutteen kehitt\u00e4m\u00e4ll\u00e4 vapaasti k\u00e4ytett\u00e4viss\u00e4 olevaa koulutusmateriaalia, joka antaa kohderyhm\u00e4llemme, opiskelijoille ja lukiolaisille, virtuaaliryhmiss\u00e4 ty\u00f6skentelemiseen tarvittavat taidot.<\/p>\n<p>VIBES sis\u00e4lt\u00e4\u00e4 useita eri osia: virtuaaliymp\u00e4rist\u00f6, monikulttuuriset ryhm\u00e4t, tiimity\u00f6, akateemisen maailman ja yritysten mentorointi ja vapaasti k\u00e4ytett\u00e4viss\u00e4 oleva sis\u00e4lt\u00f6.<\/p>\n<p>VIBES tuottaa k\u00e4yt\u00e4nn\u00f6nl\u00e4heist\u00e4 ja helposti sovellettavaa sis\u00e4lt\u00f6\u00e4 opetukseen. N\u00e4m\u00e4 taidot ovat v\u00e4ltt\u00e4m\u00e4tt\u00f6mi\u00e4 opiskelijoille digiaikana ty\u00f6llistymiseen.<\/p>\n<p><span class=\"color_12\">\u00a0<\/span>[\/vc_column_text][\/vc_column][\/vc_row][vc_row css_animation=&#8221;&#8221; row_type=&#8221;row&#8221; use_row_as_full_screen_section=&#8221;no&#8221; type=&#8221;grid&#8221; angled_section=&#8221;no&#8221; text_align=&#8221;left&#8221; background_image_as_pattern=&#8221;without_pattern&#8221; css=&#8221;.vc_custom_1670501941371{padding-top: 20px !important;padding-bottom: 81px !important;}&#8221; z_index=&#8221;&#8221;][vc_column offset=&#8221;vc_col-lg-6 vc_col-md-6&#8243;][vc_column_text]<\/p>\n<div class=\"\" data-mesh-id=\"comp-kohq4bioinlineContent\" data-testid=\"inline-content\">\n<div data-mesh-id=\"comp-kohq4bioinlineContent-gridContainer\" data-testid=\"mesh-container-content\">\n<div id=\"comp-kohq4bjj3\" class=\"_1Q9if _3bcaz\" data-testid=\"richTextElement\">\n<h3 class=\"font_7\"><span class=\"color_12\">VIBES:<\/span><\/h3>\n<ul>\n<li class=\"font_8\">Kartoittaa tarvittavat taidot virtuaaliryhmiss\u00e4 ty\u00f6skentelyyn. Kartoituksessa hy\u00f6dynnet\u00e4\u00e4n partnereiden yritysyhteyksi\u00e4.<\/li>\n<li class=\"font_8\">Tarjoaa maakohtaisen ja EU:n laajuisen yhteenvedon virtuaalisten tiimitaitojen nykytilasta korkeakouluissa ja lukioissa.<\/li>\n<li class=\"font_8\">Kehitt\u00e4\u00e4 verkossa toimivaa monikielist\u00e4 opetussis\u00e4lt\u00f6\u00e4, jonka tarkoituksena on antaa kohderyhm\u00e4lle valmiudet ty\u00f6skennell\u00e4 virtuaalitiimeiss\u00e4.<\/li>\n<li class=\"font_8\">Suunnittelee ja luo virtuaalisen avoimen yhteisty\u00f6tilan (OER), joka koostuu kahdesta osasta. Toinen on suunnattu ohjaajille ja opettajille ja toinen koostuu opetussis\u00e4ll\u00f6st\u00e4.<\/li>\n<li class=\"font_8\">Kehitt\u00e4\u00e4 ohjeet luodun sis\u00e4ll\u00f6n soveltamiseksi erilaisiin tilanteisiin<\/li>\n<li class=\"font_8\">Suorittaa tuotetun materiaalin testauksen ja validoinnin virtuaalisten monikulttuuristen ryhmien otokselle yritysel\u00e4m\u00e4ss\u00e4.<\/li>\n<\/ul>\n<\/div>\n<\/div>\n<\/div>\n<p>[\/vc_column_text][\/vc_column][vc_column offset=&#8221;vc_col-lg-6 vc_col-md-6&#8243;][vc_empty_space height=&#8221;8px&#8221;][vc_single_image image=&#8221;187&#8243; img_size=&#8221;full&#8221; qode_css_animation=&#8221;&#8221;][vc_empty_space height=&#8221;45px&#8221;][\/vc_column][\/vc_row]<\/p>\n<\/section>","protected":false},"excerpt":{"rendered":"<p>[vc_row css_animation=&#8221;&#8221; row_type=&#8221;row&#8221; use_row_as_full_screen_section=&#8221;no&#8221; type=&#8221;grid&#8221; angled_section=&#8221;no&#8221; text_align=&#8221;left&#8221; background_image_as_pattern=&#8221;without_pattern&#8221; css=&#8221;.vc_custom_1477930468034{padding-top: 81px !important;}&#8221;][vc_column offset=&#8221;vc_col-lg-6 vc_col-md-6&#8243;][vc_empty_space height=&#8221;8px&#8221;][vc_single_image image=&#8221;186&#8243; img_size=&#8221;full&#8221; qode_css_animation=&#8221;&#8221;][vc_empty_space height=&#8221;45px&#8221;][\/vc_column][vc_column offset=&#8221;vc_col-lg-6 vc_col-md-6&#8243;][vc_column_text]Olemassa olevissa koulutuksissa koulutetaan jonkin verran taitoja, joita VIBESin on tarkoitus edist\u00e4\u00e4. T\u00e4ll\u00e4 hetkell\u00e4 ei kuitenkaan n\u00e4yt\u00e4 olevan sellaista opetussis\u00e4lt\u00f6\u00e4, joka olisi tarkoitettu erityisesti virtuaalisissa monikulttuurisissa&#8230;<\/p>\n","protected":false},"author":1,"featured_media":0,"parent":0,"menu_order":0,"comment_status":"closed","ping_status":"closed","template":"full_width.php","meta":{"footnotes":""},"class_list":["post-1319","page","type-page","status-publish","hentry"],"_links":{"self":[{"href":"https:\/\/www.virtualskills.eu\/fi\/wp-json\/wp\/v2\/pages\/1319","targetHints":{"allow":["GET"]}}],"collection":[{"href":"https:\/\/www.virtualskills.eu\/fi\/wp-json\/wp\/v2\/pages"}],"about":[{"href":"https:\/\/www.virtualskills.eu\/fi\/wp-json\/wp\/v2\/types\/page"}],"author":[{"embeddable":true,"href":"https:\/\/www.virtualskills.eu\/fi\/wp-json\/wp\/v2\/users\/1"}],"replies":[{"embeddable":true,"href":"https:\/\/www.virtualskills.eu\/fi\/wp-json\/wp\/v2\/comments?post=1319"}],"version-history":[{"count":3,"href":"https:\/\/www.virtualskills.eu\/fi\/wp-json\/wp\/v2\/pages\/1319\/revisions"}],"predecessor-version":[{"id":1323,"href":"https:\/\/www.virtualskills.eu\/fi\/wp-json\/wp\/v2\/pages\/1319\/revisions\/1323"}],"wp:attachment":[{"href":"https:\/\/www.virtualskills.eu\/fi\/wp-json\/wp\/v2\/media?parent=1319"}],"curies":[{"name":"wp","href":"https:\/\/api.w.org\/{rel}","templated":true}]}}