{"id":1328,"date":"2022-12-08T13:30:46","date_gmt":"2022-12-08T13:30:46","guid":{"rendered":"https:\/\/www.virtualskills.eu\/unidu\/"},"modified":"2023-02-05T18:23:17","modified_gmt":"2023-02-05T18:23:17","slug":"unidu","status":"publish","type":"page","link":"https:\/\/www.virtualskills.eu\/fi\/unidu\/","title":{"rendered":"Dubrovnikin yliopisto"},"content":{"rendered":"<section class=\"wpb-content-wrapper\"><p>[vc_row css_animation=&#8221;&#8221; row_type=&#8221;row&#8221; use_row_as_full_screen_section=&#8221;no&#8221; type=&#8221;grid&#8221; angled_section=&#8221;no&#8221; text_align=&#8221;left&#8221; background_image_as_pattern=&#8221;without_pattern&#8221; css=&#8221;.vc_custom_1477990979174{padding-top: 30px !important;padding-bottom: 30px !important;background-color: #ffffff !important;}&#8221;][vc_column width=&#8221;1\/3&#8243;][vc_single_image image=&#8221;474&#8243; img_size=&#8221;&#8221; alignment=&#8221;center&#8221; qode_css_animation=&#8221;&#8221;][\/vc_column][vc_column width=&#8221;1\/3&#8243;][\/vc_column][vc_column width=&#8221;1\/3&#8243;][vc_single_image image=&#8221;507&#8243; img_size=&#8221;250&#215;74&#8243; alignment=&#8221;center&#8221; qode_css_animation=&#8221;&#8221;][\/vc_column][\/vc_row][vc_row css_animation=&#8221;&#8221; row_type=&#8221;row&#8221; use_row_as_full_screen_section=&#8221;no&#8221; type=&#8221;grid&#8221; angled_section=&#8221;no&#8221; text_align=&#8221;left&#8221; background_image_as_pattern=&#8221;without_pattern&#8221; css=&#8221;.vc_custom_1477990979174{padding-top: 30px !important;padding-bottom: 30px !important;background-color: #ffffff !important;}&#8221;][vc_column][vc_column_text]Dubrovnikin yliopisto on vuonna 2003 perustettu julkinen yliopisto, joka sijaitsee Dubrovnikissa, Kroatiassa. Se koostuu seitsem\u00e4st\u00e4 osastosta, joissa ty\u00f6skentelee 257 ty\u00f6ntekij\u00e4\u00e4, joista 90:ll\u00e4 on tohtorin tutkinto. Sen taloustieteiden laitos (DEB) perustettiin vuonna 1970 Dubrovnikin matkailun ja ulkomaankaupan tiedekunnaksi. Yliopiston visio ja missio on tulla kansainv\u00e4lisesti tunnustetuksi laitokseksi, joka osallistuu aktiivisesti paikalliseen, kansalliseen ja kansainv\u00e4liseen akateemiseen yhteis\u00f6\u00f6n korkealaatuisten standardien mukaisen koulutuksen ja tieteellisen ty\u00f6n kautta. Nyky\u00e4\u00e4n DEB on mukana useissa hankkeissa ja koulutustoimissa, joiden tarkoituksena on ymm\u00e4rt\u00e4\u00e4 digitaalinen muutos ja miten se muuttaa ihmisten elintapoja ja ty\u00f6skentely\u00e4 sek\u00e4 rakentaa opiskelijoiden ty\u00f6llistyvyystaitoja.<\/p>\n<p>DEB:ss\u00e4 toimii my\u00f6s digitaalisen muutoksen tutkimuskeskus CREDO, joka osallistuu aktiivisesti projektitoimintaan. CREDO osallistuu digitaalisen yritt\u00e4jyyden taitojen rakentamiseen Erasmus + -strategisten kumppanuushankkeiden kautta Inspiroiva digitaalinen yritt\u00e4jyys &#8211; IDEA, E + SLEM -yritt\u00e4jyyskasvatus virtuaalikoulutuksen ja ESSENCEn kautta. Sill\u00e4 on my\u00f6s kokemusta yliopistojen ja teollisuuden yhteisty\u00f6n rakentamisesta CBHE-toiminnan kautta koordinaattorin ja kumppanin roolissa. CREDO on Erasmus + CBHE -hankkeen ELEGANT koordinaattori, joka kehitt\u00e4\u00e4 Jordanian ja Libanonin ICT-yliopistojen toimialakohtaisia koulutusk\u00e4yt\u00e4nt\u00f6j\u00e4 opiskelijoiden taitojen vahvistamiseksi.<\/p>\n<p>CREDOn henkil\u00f6st\u00f6 on mukana ESR:n rahoittamassa E4-hankkeessa, jonka tavoitteena on parantaa korkeakoulutuksen laatua ja tehokkuutta kehitt\u00e4m\u00e4ll\u00e4 ja k\u00e4ytt\u00e4m\u00e4ll\u00e4 nykyaikaisia opetusmenetelmi\u00e4, sek\u00e4 Opera II -hankkeella, jonka tarkoituksena on vahvistaa tiede- ja liike-el\u00e4m\u00e4n yhteisty\u00f6t\u00e4 ty\u00f6markkinoiden tarpeiden arvioinnissa ja henkil\u00f6st\u00f6resurssien kehitt\u00e4misess\u00e4 Kroatiassa. Vuosien mittaan nykyiset CREDO-j\u00e4senet ovat olleet mukana luomassa ja toteuttamassa elinik\u00e4isen oppimisen malleja, joiden tarkoituksena on parantaa tutkinnon suorittaneiden ja ty\u00f6tt\u00f6mien ty\u00f6llisyystaitoja. Sen tutkijat ovat julkaisseet tutkimusaiheisiin liittyvi\u00e4 aiheita maailman johtavissa taloustieteen lehdiss\u00e4, kuten European Economic Review, Journal of Business Research, Small Business Economics, Journal of Technology Transfer, Research Policy, Technovatoin tai Regional Studies.<\/p>\n<p>Sijaintimme Kroatiassa on tuonut runsaasti kokemusta opetussuunnitelmien nykyaikaistamisesta ja ohjelmien mukauttamisesta vastaamaan paremmin ty\u00f6markkinoiden tarpeita myrskyis\u00e4ss\u00e4 siirtym\u00e4vaiheessa.<br \/>\n[\/vc_column_text][\/vc_column][\/vc_row][vc_row css_animation=&#8221;&#8221; row_type=&#8221;row&#8221; use_row_as_full_screen_section=&#8221;no&#8221; type=&#8221;grid&#8221; angled_section=&#8221;no&#8221; text_align=&#8221;left&#8221; background_image_as_pattern=&#8221;without_pattern&#8221; css=&#8221;.vc_custom_1477990979174{padding-top: 30px !important;padding-bottom: 30px !important;background-color: #ffffff !important;}&#8221;][vc_column][vc_btn title=&#8221;Go to web&#8221; align=&#8221;right&#8221; link=&#8221;url:https%3A%2F%2Fcredo.unidu.hr%2Findex.php%2Fen%2F&#8221;][\/vc_column][\/vc_row][vc_row css_animation=&#8221;&#8221; row_type=&#8221;row&#8221; use_row_as_full_screen_section=&#8221;no&#8221; type=&#8221;full_width&#8221; angled_section=&#8221;no&#8221; text_align=&#8221;left&#8221; background_image_as_pattern=&#8221;without_pattern&#8221;][vc_column][\/vc_column][\/vc_row]<\/p>\n<\/section>","protected":false},"excerpt":{"rendered":"<p>[vc_row css_animation=&#8221;&#8221; row_type=&#8221;row&#8221; use_row_as_full_screen_section=&#8221;no&#8221; type=&#8221;grid&#8221; angled_section=&#8221;no&#8221; text_align=&#8221;left&#8221; background_image_as_pattern=&#8221;without_pattern&#8221; css=&#8221;.vc_custom_1477990979174{padding-top: 30px !important;padding-bottom: 30px !important;background-color: #ffffff !important;}&#8221;][vc_column width=&#8221;1\/3&#8243;][vc_single_image image=&#8221;474&#8243; img_size=&#8221;&#8221; alignment=&#8221;center&#8221; qode_css_animation=&#8221;&#8221;][\/vc_column][vc_column width=&#8221;1\/3&#8243;][\/vc_column][vc_column width=&#8221;1\/3&#8243;][vc_single_image image=&#8221;507&#8243; img_size=&#8221;250&#215;74&#8243; alignment=&#8221;center&#8221; qode_css_animation=&#8221;&#8221;][\/vc_column][\/vc_row][vc_row css_animation=&#8221;&#8221; row_type=&#8221;row&#8221; use_row_as_full_screen_section=&#8221;no&#8221; type=&#8221;grid&#8221; angled_section=&#8221;no&#8221; text_align=&#8221;left&#8221; background_image_as_pattern=&#8221;without_pattern&#8221; css=&#8221;.vc_custom_1477990979174{padding-top: 30px !important;padding-bottom: 30px !important;background-color: #ffffff !important;}&#8221;][vc_column][vc_column_text]Dubrovnikin yliopisto on vuonna 2003 perustettu&#8230;<\/p>\n","protected":false},"author":1,"featured_media":0,"parent":0,"menu_order":0,"comment_status":"closed","ping_status":"closed","template":"full_width.php","meta":{"footnotes":""},"class_list":["post-1328","page","type-page","status-publish","hentry"],"_links":{"self":[{"href":"https:\/\/www.virtualskills.eu\/fi\/wp-json\/wp\/v2\/pages\/1328","targetHints":{"allow":["GET"]}}],"collection":[{"href":"https:\/\/www.virtualskills.eu\/fi\/wp-json\/wp\/v2\/pages"}],"about":[{"href":"https:\/\/www.virtualskills.eu\/fi\/wp-json\/wp\/v2\/types\/page"}],"author":[{"embeddable":true,"href":"https:\/\/www.virtualskills.eu\/fi\/wp-json\/wp\/v2\/users\/1"}],"replies":[{"embeddable":true,"href":"https:\/\/www.virtualskills.eu\/fi\/wp-json\/wp\/v2\/comments?post=1328"}],"version-history":[{"count":2,"href":"https:\/\/www.virtualskills.eu\/fi\/wp-json\/wp\/v2\/pages\/1328\/revisions"}],"predecessor-version":[{"id":1331,"href":"https:\/\/www.virtualskills.eu\/fi\/wp-json\/wp\/v2\/pages\/1328\/revisions\/1331"}],"wp:attachment":[{"href":"https:\/\/www.virtualskills.eu\/fi\/wp-json\/wp\/v2\/media?parent=1328"}],"curies":[{"name":"wp","href":"https:\/\/api.w.org\/{rel}","templated":true}]}}