{"id":1332,"date":"2022-12-08T13:38:15","date_gmt":"2022-12-08T13:38:15","guid":{"rendered":"https:\/\/www.virtualskills.eu\/ebs\/"},"modified":"2023-02-05T18:25:52","modified_gmt":"2023-02-05T18:25:52","slug":"ebs","status":"publish","type":"page","link":"https:\/\/www.virtualskills.eu\/fi\/ebs\/","title":{"rendered":"Estonian Business School (EBS)"},"content":{"rendered":"<section class=\"wpb-content-wrapper\"><p>[vc_row css_animation=&#8221;&#8221; row_type=&#8221;row&#8221; use_row_as_full_screen_section=&#8221;no&#8221; type=&#8221;grid&#8221; angled_section=&#8221;no&#8221; text_align=&#8221;left&#8221; background_image_as_pattern=&#8221;without_pattern&#8221; css=&#8221;.vc_custom_1477990979174{padding-top: 30px !important;padding-bottom: 30px !important;background-color: #ffffff !important;}&#8221;][vc_column width=&#8221;1\/3&#8243;][vc_single_image image=&#8221;476&#8243; img_size=&#8221;&#8221; alignment=&#8221;center&#8221; qode_css_animation=&#8221;&#8221;][\/vc_column][vc_column width=&#8221;1\/3&#8243;][\/vc_column][vc_column width=&#8221;1\/3&#8243;][\/vc_column][\/vc_row][vc_row css_animation=&#8221;&#8221; row_type=&#8221;row&#8221; use_row_as_full_screen_section=&#8221;no&#8221; type=&#8221;grid&#8221; angled_section=&#8221;no&#8221; text_align=&#8221;left&#8221; background_image_as_pattern=&#8221;without_pattern&#8221; css=&#8221;.vc_custom_1477990979174{padding-top: 30px !important;padding-bottom: 30px !important;background-color: #ffffff !important;}&#8221;][vc_column][vc_column_text]Estonian Business School (EBS) on Baltian vanhin yksityinen kauppakorkeakoulu, joka perustettiin vuonna 1988. Yliopisto on SA Estonian Business Schoolin (voittoa tavoittelematon s\u00e4\u00e4ti\u00f6) omistama itsen\u00e4inen yksityinen kauppakorkeakoulu, joka on taloudellisesti itsen\u00e4inen ja saa vain v\u00e4h\u00e4n valtion rahoitusta. Yliopisto tarjoaa kandidaatin, maisterin ja tohtorin tutkintoja.<\/p>\n<p>Kansainv\u00e4lisen oppimiskokemuksen tarjoaminen on olennainen osa EBS-strategiaa. Viron kansainv\u00e4lisimp\u00e4n\u00e4 yliopistona pyrimme lis\u00e4\u00e4m\u00e4\u00e4n kansainv\u00e4list\u00e4 liikkuvuutta, vahvistamaan yhteisty\u00f6t\u00e4 akateemisten ja yrityskumppaneiden kanssa sek\u00e4 parantamaan my\u00f6s opiskelijoiden liikkuvuutta. EBS on my\u00f6s aktiivisesti mukana kansainv\u00e4lisiss\u00e4 kehitysyhteisty\u00f6hankkeissa.<\/p>\n<p>Opetuksessa ja tutkimuksessa EBS luottaa kauppakorkeakoulujen, liike-el\u00e4m\u00e4n ja julkisen sektorin kumppanuusverkostoonsa sek\u00e4 Virossa ett\u00e4 ulkomailla. EBS: n toimintaa ohjaavat etiikan, vastuullisuuden ja kest\u00e4vyyden periaatteet. EBS:ll\u00e4 on 61 kumppaniyliopistoa 30 maassa. Kandidaattiohjelmissa kumppaneiden kokonaism\u00e4\u00e4r\u00e4 on 57, joista 29:ll\u00e4 on v\u00e4hint\u00e4\u00e4n yksi johtavista institutionaalisista akkreditoinnista, joko EQUIS tai AACSB. Lis\u00e4ksi 12:lla kumppanilla on EPAS-ohjelman akkreditointi. 10 kumppanilla on ns. Triple Crown -status.<br \/>\n[\/vc_column_text][\/vc_column][\/vc_row][vc_row css_animation=&#8221;&#8221; row_type=&#8221;row&#8221; use_row_as_full_screen_section=&#8221;no&#8221; type=&#8221;grid&#8221; angled_section=&#8221;no&#8221; text_align=&#8221;left&#8221; background_image_as_pattern=&#8221;without_pattern&#8221; css=&#8221;.vc_custom_1477990979174{padding-top: 30px !important;padding-bottom: 30px !important;background-color: #ffffff !important;}&#8221;][vc_column][vc_btn title=&#8221;Go to web&#8221; align=&#8221;right&#8221; link=&#8221;url:https%3A%2F%2Febs.ee%2F&#8221;][\/vc_column][\/vc_row][vc_row css_animation=&#8221;&#8221; row_type=&#8221;row&#8221; use_row_as_full_screen_section=&#8221;no&#8221; type=&#8221;full_width&#8221; angled_section=&#8221;no&#8221; text_align=&#8221;left&#8221; background_image_as_pattern=&#8221;without_pattern&#8221;][vc_column][\/vc_column][\/vc_row]<\/p>\n<\/section>","protected":false},"excerpt":{"rendered":"<p>[vc_row css_animation=&#8221;&#8221; row_type=&#8221;row&#8221; use_row_as_full_screen_section=&#8221;no&#8221; type=&#8221;grid&#8221; angled_section=&#8221;no&#8221; text_align=&#8221;left&#8221; background_image_as_pattern=&#8221;without_pattern&#8221; css=&#8221;.vc_custom_1477990979174{padding-top: 30px !important;padding-bottom: 30px !important;background-color: #ffffff !important;}&#8221;][vc_column width=&#8221;1\/3&#8243;][vc_single_image image=&#8221;476&#8243; img_size=&#8221;&#8221; alignment=&#8221;center&#8221; qode_css_animation=&#8221;&#8221;][\/vc_column][vc_column width=&#8221;1\/3&#8243;][\/vc_column][vc_column width=&#8221;1\/3&#8243;][\/vc_column][\/vc_row][vc_row css_animation=&#8221;&#8221; row_type=&#8221;row&#8221; use_row_as_full_screen_section=&#8221;no&#8221; type=&#8221;grid&#8221; angled_section=&#8221;no&#8221; text_align=&#8221;left&#8221; background_image_as_pattern=&#8221;without_pattern&#8221; css=&#8221;.vc_custom_1477990979174{padding-top: 30px !important;padding-bottom: 30px !important;background-color: #ffffff !important;}&#8221;][vc_column][vc_column_text]Estonian Business School (EBS) on Baltian vanhin yksityinen kauppakorkeakoulu, joka&#8230;<\/p>\n","protected":false},"author":1,"featured_media":0,"parent":0,"menu_order":0,"comment_status":"closed","ping_status":"closed","template":"full_width.php","meta":{"footnotes":""},"class_list":["post-1332","page","type-page","status-publish","hentry"],"_links":{"self":[{"href":"https:\/\/www.virtualskills.eu\/fi\/wp-json\/wp\/v2\/pages\/1332","targetHints":{"allow":["GET"]}}],"collection":[{"href":"https:\/\/www.virtualskills.eu\/fi\/wp-json\/wp\/v2\/pages"}],"about":[{"href":"https:\/\/www.virtualskills.eu\/fi\/wp-json\/wp\/v2\/types\/page"}],"author":[{"embeddable":true,"href":"https:\/\/www.virtualskills.eu\/fi\/wp-json\/wp\/v2\/users\/1"}],"replies":[{"embeddable":true,"href":"https:\/\/www.virtualskills.eu\/fi\/wp-json\/wp\/v2\/comments?post=1332"}],"version-history":[{"count":2,"href":"https:\/\/www.virtualskills.eu\/fi\/wp-json\/wp\/v2\/pages\/1332\/revisions"}],"predecessor-version":[{"id":1335,"href":"https:\/\/www.virtualskills.eu\/fi\/wp-json\/wp\/v2\/pages\/1332\/revisions\/1335"}],"wp:attachment":[{"href":"https:\/\/www.virtualskills.eu\/fi\/wp-json\/wp\/v2\/media?parent=1332"}],"curies":[{"name":"wp","href":"https:\/\/api.w.org\/{rel}","templated":true}]}}