{"id":1336,"date":"2022-12-08T13:40:57","date_gmt":"2022-12-08T13:40:57","guid":{"rendered":"https:\/\/www.virtualskills.eu\/lab\/"},"modified":"2023-02-05T18:27:19","modified_gmt":"2023-02-05T18:27:19","slug":"lab","status":"publish","type":"page","link":"https:\/\/www.virtualskills.eu\/fi\/lab\/","title":{"rendered":"LAB-ammattikorkeakoulu"},"content":{"rendered":"<section class=\"wpb-content-wrapper\"><p>[vc_row css_animation=&#8221;&#8221; row_type=&#8221;row&#8221; use_row_as_full_screen_section=&#8221;no&#8221; type=&#8221;grid&#8221; angled_section=&#8221;no&#8221; text_align=&#8221;left&#8221; background_image_as_pattern=&#8221;without_pattern&#8221; css=&#8221;.vc_custom_1477990979174{padding-top: 30px !important;padding-bottom: 30px !important;background-color: #ffffff !important;}&#8221;][vc_column width=&#8221;1\/3&#8243;][vc_single_image image=&#8221;478&#8243; img_size=&#8221;&#8221; alignment=&#8221;center&#8221; qode_css_animation=&#8221;&#8221;][\/vc_column][vc_column width=&#8221;1\/3&#8243;][\/vc_column][vc_column width=&#8221;1\/3&#8243;][\/vc_column][\/vc_row][vc_row css_animation=&#8221;&#8221; row_type=&#8221;row&#8221; use_row_as_full_screen_section=&#8221;no&#8221; type=&#8221;grid&#8221; angled_section=&#8221;no&#8221; text_align=&#8221;left&#8221; background_image_as_pattern=&#8221;without_pattern&#8221; css=&#8221;.vc_custom_1477990979174{padding-top: 30px !important;padding-bottom: 30px !important;background-color: #ffffff !important;}&#8221;][vc_column][vc_column_text]Lab-ammattikorkeakoulu on uusi korkeakoulu. Lahden ammattikorkeakoulu ja Saimaan ammattikorkeakoulu yhdistyiv\u00e4t 1.1.2020 ja muodostivat yhdess\u00e4 LABin.<br \/>\nLAB on korkeakoulu, joka keskittyy innovaatioihin, yritystoimintaan ja teollisuuteen. Se toimii Lahdessa ja Lappeenrannassa ja tarjoaa koulutusta my\u00f6s verkkokampuksella. LABilla on 8 500 opiskelijaa ja 360 opettajaa ja muuta henkil\u00f6kuntaa ja se on Suomen kuudenneksi suurin ammattikorkeakoulu.<\/p>\n<p>Tutkimuksen, kehityksen ja innovaatioiden (TKI) erikoisaloja ovat kiertotalous, muotoilu, innovaatioiden kaupallistaminen ja palveluinnovaatiot terveyden ja hyvinvoinnin alalla. LABin tutkimustoiminnan tavoitteena on l\u00f6yt\u00e4\u00e4, kehitt\u00e4\u00e4 ja tuottaa uusia ja parannettuja tuotteita, tuotantoj\u00e4rjestelmi\u00e4, menetelmi\u00e4 ja palveluja. Painopistealueet on integroitu opetukseen..<\/p>\n<p>LABin tavoitteena on kehitt\u00e4\u00e4 toimialueensa ty\u00f6el\u00e4m\u00e4\u00e4, yritt\u00e4jyytt\u00e4, alueellista oppimis- ja innovaatioymp\u00e4rist\u00f6\u00e4, edist\u00e4\u00e4 yksil\u00f6n ja ymp\u00e4rist\u00f6n hyvinvointia sek\u00e4 tukea kansainv\u00e4listymist\u00e4. LAB edist\u00e4\u00e4 alueellista kilpailukyky\u00e4 l\u00e4heisess\u00e4 yhteisty\u00f6ss\u00e4 paikallisen yrityssektorin kanssa ja tarjoaa opiskelijoille monialaisia ty\u00f6el\u00e4m\u00e4l\u00e4ht\u00f6isi\u00e4 projekteja.<\/p>\n<p>LAB on innovatiivinen kumppani TKI-toiminnassa. TKI-toiminnan volyymi on noin 9 miljoonaa euroa vuodessa. Vuodesta 2003 l\u00e4htien Lahden ammattikorkeakoulu ja Saimaan ammattikorkeakoulu ovat osallistuneet satoihin EU:n rahoittamiin sek\u00e4 kansallisiin ett\u00e4 kansainv\u00e4lisiin hankkeisiin, mukaan lukien Erasmus +, rakennerahastot, Interreg Central Baltic, Interreg Europe, Interreg Baltic Sea Region jne<\/p>\n<p>LABin asiantuntemus syntyy korkeasti koulutetusta henkil\u00f6st\u00f6st\u00e4, vankasta taustasta monilla koulutusaloilla, vahvoista alueellisista ja kansainv\u00e4lisist\u00e4 verkostoista sek\u00e4 onnistuneesta yhteisty\u00f6st\u00e4 kumppaneiden kanssa ja yrityskontakteista sek\u00e4 Suomessa ett\u00e4 ulkomailla. Proaktiivisella ja tuloshakuisella asenteella LABin kansainv\u00e4lisell\u00e4 toiminnalla pyrit\u00e4\u00e4n tuottamaan uusia ja aitoja oppimistilanteita ja innovatiivisia pedagogisia ratkaisuja. T\u00e4m\u00e4 tarkoittaa uusia innovaatioita, uusia tuotteita ja palveluita, uusia ty\u00f6skentelymetodeja ja prosesseja sek\u00e4 uusia tapoja ty\u00f6skennell\u00e4 tulevaisuudessa.<\/p>\n<p>LAB on osa LUT-konsernia, jonka p\u00e4\u00e4organisaationa toimii Lappeenrannan teknillinen yliopisto.<br \/>\n[\/vc_column_text][\/vc_column][\/vc_row][vc_row css_animation=&#8221;&#8221; row_type=&#8221;row&#8221; use_row_as_full_screen_section=&#8221;no&#8221; type=&#8221;grid&#8221; angled_section=&#8221;no&#8221; text_align=&#8221;left&#8221; background_image_as_pattern=&#8221;without_pattern&#8221; css=&#8221;.vc_custom_1477990979174{padding-top: 30px !important;padding-bottom: 30px !important;background-color: #ffffff !important;}&#8221;][vc_column][vc_btn title=&#8221;Go to web&#8221; align=&#8221;right&#8221; link=&#8221;url:http%3A%2F%2Fwww.lab.fi%2F&#8221;][\/vc_column][\/vc_row][vc_row css_animation=&#8221;&#8221; row_type=&#8221;row&#8221; use_row_as_full_screen_section=&#8221;no&#8221; type=&#8221;full_width&#8221; angled_section=&#8221;no&#8221; text_align=&#8221;left&#8221; background_image_as_pattern=&#8221;without_pattern&#8221;][vc_column][\/vc_column][\/vc_row]<\/p>\n<\/section>","protected":false},"excerpt":{"rendered":"<p>[vc_row css_animation=&#8221;&#8221; row_type=&#8221;row&#8221; use_row_as_full_screen_section=&#8221;no&#8221; type=&#8221;grid&#8221; angled_section=&#8221;no&#8221; text_align=&#8221;left&#8221; background_image_as_pattern=&#8221;without_pattern&#8221; css=&#8221;.vc_custom_1477990979174{padding-top: 30px !important;padding-bottom: 30px !important;background-color: #ffffff !important;}&#8221;][vc_column width=&#8221;1\/3&#8243;][vc_single_image image=&#8221;478&#8243; img_size=&#8221;&#8221; alignment=&#8221;center&#8221; qode_css_animation=&#8221;&#8221;][\/vc_column][vc_column width=&#8221;1\/3&#8243;][\/vc_column][vc_column width=&#8221;1\/3&#8243;][\/vc_column][\/vc_row][vc_row css_animation=&#8221;&#8221; row_type=&#8221;row&#8221; use_row_as_full_screen_section=&#8221;no&#8221; type=&#8221;grid&#8221; angled_section=&#8221;no&#8221; text_align=&#8221;left&#8221; background_image_as_pattern=&#8221;without_pattern&#8221; css=&#8221;.vc_custom_1477990979174{padding-top: 30px !important;padding-bottom: 30px !important;background-color: #ffffff !important;}&#8221;][vc_column][vc_column_text]Lab-ammattikorkeakoulu on uusi korkeakoulu. Lahden ammattikorkeakoulu ja Saimaan ammattikorkeakoulu yhdistyiv\u00e4t&#8230;<\/p>\n","protected":false},"author":1,"featured_media":0,"parent":0,"menu_order":0,"comment_status":"closed","ping_status":"closed","template":"full_width.php","meta":{"footnotes":""},"class_list":["post-1336","page","type-page","status-publish","hentry"],"_links":{"self":[{"href":"https:\/\/www.virtualskills.eu\/fi\/wp-json\/wp\/v2\/pages\/1336","targetHints":{"allow":["GET"]}}],"collection":[{"href":"https:\/\/www.virtualskills.eu\/fi\/wp-json\/wp\/v2\/pages"}],"about":[{"href":"https:\/\/www.virtualskills.eu\/fi\/wp-json\/wp\/v2\/types\/page"}],"author":[{"embeddable":true,"href":"https:\/\/www.virtualskills.eu\/fi\/wp-json\/wp\/v2\/users\/1"}],"replies":[{"embeddable":true,"href":"https:\/\/www.virtualskills.eu\/fi\/wp-json\/wp\/v2\/comments?post=1336"}],"version-history":[{"count":3,"href":"https:\/\/www.virtualskills.eu\/fi\/wp-json\/wp\/v2\/pages\/1336\/revisions"}],"predecessor-version":[{"id":1340,"href":"https:\/\/www.virtualskills.eu\/fi\/wp-json\/wp\/v2\/pages\/1336\/revisions\/1340"}],"wp:attachment":[{"href":"https:\/\/www.virtualskills.eu\/fi\/wp-json\/wp\/v2\/media?parent=1336"}],"curies":[{"name":"wp","href":"https:\/\/api.w.org\/{rel}","templated":true}]}}