{"id":1341,"date":"2022-12-08T13:42:56","date_gmt":"2022-12-08T13:42:56","guid":{"rendered":"https:\/\/www.virtualskills.eu\/swa\/"},"modified":"2023-02-05T18:29:36","modified_gmt":"2023-02-05T18:29:36","slug":"swa","status":"publish","type":"page","link":"https:\/\/www.virtualskills.eu\/fi\/swa\/","title":{"rendered":"Smartwork Association"},"content":{"rendered":"<section class=\"wpb-content-wrapper\"><p>[vc_row css_animation=&#8221;&#8221; row_type=&#8221;row&#8221; use_row_as_full_screen_section=&#8221;no&#8221; type=&#8221;grid&#8221; angled_section=&#8221;no&#8221; text_align=&#8221;left&#8221; background_image_as_pattern=&#8221;without_pattern&#8221; css=&#8221;.vc_custom_1477990979174{padding-top: 30px !important;padding-bottom: 30px !important;background-color: #ffffff !important;}&#8221;][vc_column width=&#8221;1\/3&#8243;][vc_single_image image=&#8221;480&#8243; img_size=&#8221;&#8221; alignment=&#8221;center&#8221; qode_css_animation=&#8221;&#8221;][\/vc_column][vc_column width=&#8221;1\/3&#8243;][\/vc_column][vc_column width=&#8221;1\/3&#8243;][\/vc_column][\/vc_row][vc_row css_animation=&#8221;&#8221; row_type=&#8221;row&#8221; use_row_as_full_screen_section=&#8221;no&#8221; type=&#8221;grid&#8221; angled_section=&#8221;no&#8221; text_align=&#8221;left&#8221; background_image_as_pattern=&#8221;without_pattern&#8221; css=&#8221;.vc_custom_1477990979174{padding-top: 30px !important;padding-bottom: 30px !important;background-color: #ffffff !important;}&#8221;][vc_column][vc_column_text]Vuonna 2007 perustettu Smartwork Association (NGO) edustaa \u00e4lykk\u00e4it\u00e4 ja nykyaikaisia ty\u00f6menetelmi\u00e4. Smartworkin teht\u00e4v\u00e4n\u00e4 on edist\u00e4\u00e4 \u00e4lyk\u00e4st\u00e4 ty\u00f6t\u00e4, mukaan lukien et\u00e4ty\u00f6 Virossa, jotta ihmiset voivat ty\u00f6skennell\u00e4 heille sopivassa muodossa ja paikassa. Eri toimintojen avulla edist\u00e4mme Viron ty\u00f6markkinoiden joustavuutta ja sopeutumiskyky\u00e4 vastaamaan paremmin ulkoisen ymp\u00e4rist\u00f6n vaatimuksiin (esim. globalisaatio, teknologian ja tieto- ja viestint\u00e4tekniikan kehitys, ty\u00f6ntekij\u00f6iden odotusten muutokset, lis\u00e4\u00e4ntynyt kilpailu lahjakkuuksista jne.).<\/p>\n<p>Smartworkilla arvostamme:<\/p>\n<ul>\n<li>\u00a0\u00c4lykk\u00e4it\u00e4 ty\u00f6menetelmi\u00e4, joissa painotetaan ty\u00f6n lopputulosta, ei aikaa ja paikkaa ty\u00f6n suorittamiselle<\/li>\n<li>\u00a0Ty\u00f6ntekij\u00f6iden itsen\u00e4isyytt\u00e4 (mukaan lukien joustavuus valita, miten, milloin ja miss\u00e4 ty\u00f6 suoritetaan)<\/li>\n<li>Nykyaikaisia johtamisk\u00e4yt\u00e4nt\u00f6j\u00e4<\/li>\n<li>Tieto- ja viestint\u00e4tekniikan kehitt\u00e4misen mahdollisuuksien ja hy\u00f6tyjen maksimointia<\/li>\n<\/ul>\n<p>P\u00e4\u00e4toimialaamme ovat:<\/p>\n<ul>\n<li>Parhaiden k\u00e4yt\u00e4nt\u00f6jen ker\u00e4\u00e4minen eri organisaatioilta ymp\u00e4ri maailmaa ja niiden jakaminen paikallisten organisaatioiden kanssa.<\/li>\n<li>Tutkimuksen tekeminen yhteisty\u00f6ss\u00e4 yliopistojen kanssa virolaisten organisaatioiden nykytilan kartoittamiseksi \u00e4lykk\u00e4iden ty\u00f6tapojen k\u00e4ytt\u00e4misen suhteen. Ty\u00f6ntekij\u00f6iden nykyiset ja tulevat tarpeet heid\u00e4n osaamisessaan.<\/li>\n<li>Nykyisten ja tulevien johtajien ja ty\u00f6ntekij\u00f6iden osaamisen kehitt\u00e4minen.<\/li>\n<li>Osallistuminen EU:n, paikallishallinnon ja \/ tai yksityisten organisaatioiden rahoittamiin kansainv\u00e4lisiin ja paikallisiin hankkeisiin.<\/li>\n<\/ul>\n<p>[\/vc_column_text][\/vc_column][\/vc_row][vc_row css_animation=&#8221;&#8221; row_type=&#8221;row&#8221; use_row_as_full_screen_section=&#8221;no&#8221; type=&#8221;grid&#8221; angled_section=&#8221;no&#8221; text_align=&#8221;left&#8221; background_image_as_pattern=&#8221;without_pattern&#8221; css=&#8221;.vc_custom_1477990979174{padding-top: 30px !important;padding-bottom: 30px !important;background-color: #ffffff !important;}&#8221;][vc_column][vc_btn title=&#8221;Go to web&#8221; align=&#8221;right&#8221; link=&#8221;url:http%3A%2F%2Fwww.smartwork.ee%2F&#8221;][\/vc_column][\/vc_row][vc_row css_animation=&#8221;&#8221; row_type=&#8221;row&#8221; use_row_as_full_screen_section=&#8221;no&#8221; type=&#8221;full_width&#8221; angled_section=&#8221;no&#8221; text_align=&#8221;left&#8221; background_image_as_pattern=&#8221;without_pattern&#8221;][vc_column][\/vc_column][\/vc_row]<\/p>\n<\/section>","protected":false},"excerpt":{"rendered":"<p>[vc_row css_animation=&#8221;&#8221; row_type=&#8221;row&#8221; use_row_as_full_screen_section=&#8221;no&#8221; type=&#8221;grid&#8221; angled_section=&#8221;no&#8221; text_align=&#8221;left&#8221; background_image_as_pattern=&#8221;without_pattern&#8221; css=&#8221;.vc_custom_1477990979174{padding-top: 30px !important;padding-bottom: 30px !important;background-color: #ffffff !important;}&#8221;][vc_column width=&#8221;1\/3&#8243;][vc_single_image image=&#8221;480&#8243; img_size=&#8221;&#8221; alignment=&#8221;center&#8221; qode_css_animation=&#8221;&#8221;][\/vc_column][vc_column width=&#8221;1\/3&#8243;][\/vc_column][vc_column width=&#8221;1\/3&#8243;][\/vc_column][\/vc_row][vc_row css_animation=&#8221;&#8221; row_type=&#8221;row&#8221; use_row_as_full_screen_section=&#8221;no&#8221; type=&#8221;grid&#8221; angled_section=&#8221;no&#8221; text_align=&#8221;left&#8221; background_image_as_pattern=&#8221;without_pattern&#8221; css=&#8221;.vc_custom_1477990979174{padding-top: 30px !important;padding-bottom: 30px !important;background-color: #ffffff !important;}&#8221;][vc_column][vc_column_text]Vuonna 2007 perustettu Smartwork Association (NGO) edustaa \u00e4lykk\u00e4it\u00e4 ja nykyaikaisia&#8230;<\/p>\n","protected":false},"author":1,"featured_media":0,"parent":0,"menu_order":0,"comment_status":"closed","ping_status":"closed","template":"full_width.php","meta":{"footnotes":""},"class_list":["post-1341","page","type-page","status-publish","hentry"],"_links":{"self":[{"href":"https:\/\/www.virtualskills.eu\/fi\/wp-json\/wp\/v2\/pages\/1341","targetHints":{"allow":["GET"]}}],"collection":[{"href":"https:\/\/www.virtualskills.eu\/fi\/wp-json\/wp\/v2\/pages"}],"about":[{"href":"https:\/\/www.virtualskills.eu\/fi\/wp-json\/wp\/v2\/types\/page"}],"author":[{"embeddable":true,"href":"https:\/\/www.virtualskills.eu\/fi\/wp-json\/wp\/v2\/users\/1"}],"replies":[{"embeddable":true,"href":"https:\/\/www.virtualskills.eu\/fi\/wp-json\/wp\/v2\/comments?post=1341"}],"version-history":[{"count":1,"href":"https:\/\/www.virtualskills.eu\/fi\/wp-json\/wp\/v2\/pages\/1341\/revisions"}],"predecessor-version":[{"id":1343,"href":"https:\/\/www.virtualskills.eu\/fi\/wp-json\/wp\/v2\/pages\/1341\/revisions\/1343"}],"wp:attachment":[{"href":"https:\/\/www.virtualskills.eu\/fi\/wp-json\/wp\/v2\/media?parent=1341"}],"curies":[{"name":"wp","href":"https:\/\/api.w.org\/{rel}","templated":true}]}}