{"id":1344,"date":"2022-12-08T13:46:31","date_gmt":"2022-12-08T13:46:31","guid":{"rendered":"https:\/\/www.virtualskills.eu\/higher-school-of-economics-and-trade\/"},"modified":"2023-02-05T18:33:06","modified_gmt":"2023-02-05T18:33:06","slug":"ekonomska-i-trgovacka-skola-dubrovnik","status":"publish","type":"page","link":"https:\/\/www.virtualskills.eu\/fi\/ekonomska-i-trgovacka-skola-dubrovnik\/","title":{"rendered":"Ekonomska i trgova\u010dka \u0161kola Dubrovnik"},"content":{"rendered":"<section class=\"wpb-content-wrapper\"><p>[vc_row css_animation=&#8221;&#8221; row_type=&#8221;row&#8221; use_row_as_full_screen_section=&#8221;no&#8221; type=&#8221;grid&#8221; angled_section=&#8221;no&#8221; text_align=&#8221;left&#8221; background_image_as_pattern=&#8221;without_pattern&#8221; css=&#8221;.vc_custom_1477990979174{padding-top: 30px !important;padding-bottom: 30px !important;background-color: #ffffff !important;}&#8221;][vc_column width=&#8221;1\/3&#8243;][vc_single_image image=&#8221;482&#8243; img_size=&#8221;&#8221; alignment=&#8221;center&#8221; qode_css_animation=&#8221;&#8221;][\/vc_column][vc_column width=&#8221;1\/3&#8243;][\/vc_column][vc_column width=&#8221;1\/3&#8243;][\/vc_column][\/vc_row][vc_row css_animation=&#8221;&#8221; row_type=&#8221;row&#8221; use_row_as_full_screen_section=&#8221;no&#8221; type=&#8221;grid&#8221; angled_section=&#8221;no&#8221; text_align=&#8221;left&#8221; background_image_as_pattern=&#8221;without_pattern&#8221; css=&#8221;.vc_custom_1477990979174{padding-top: 30px !important;padding-bottom: 30px !important;background-color: #ffffff !important;}&#8221;][vc_column][vc_column_text]Koulu on yksi Dubrovnikin ammatillisista oppilaitoksista. Niille opiskelijoille, jotka haluavat jatkaa opintojaan yliopistotasolla, koulu j\u00e4rjest\u00e4\u00e4 lis\u00e4tunteja varmistaakseen siirtymisen haluttuun yliopistoon.<\/p>\n<p>Koulumme koulutusohjelmat ovat nelivuotisia.<\/p>\n<p>Koulullamme on pitk\u00e4t perinteet koulutuksessa ja se on vuonna 1913 perustetun koulun j\u00e4lkel\u00e4inen. Vuonna 2018 t\u00e4ytimme 105 vuotta. Koulussamme on 350 oppilasta 18:ssa luokassa, 40 opettajaa, yhteens\u00e4 50 ty\u00f6ntekij\u00e4\u00e4. 15-18-vuotiaat opiskelijamme ty\u00f6llistyv\u00e4t kirjanpito-, rahoitus-, pankki-, vakuutus-, kauppa- ja hallintot\u00f6ihin. Opiskelujen aikana opiskelijoita kannustetaan yritt\u00e4jyyteen. He oppivat yrityksen perustamisen, liikeidean kehitt\u00e4misen ja ty\u00f6skentelemisen kuvitteellisten tuotteiden kanssa todellisten asiakirjojen kera. Meill\u00e4 on my\u00f6s puhekoulutusta viestint\u00e4taitojen kehitt\u00e4miseksi. Koulu on osallistunut useisiin Erasmus + hankkeisiin.[\/vc_column_text][\/vc_column][\/vc_row][vc_row css_animation=&#8221;&#8221; row_type=&#8221;row&#8221; use_row_as_full_screen_section=&#8221;no&#8221; type=&#8221;grid&#8221; angled_section=&#8221;no&#8221; text_align=&#8221;left&#8221; background_image_as_pattern=&#8221;without_pattern&#8221; css=&#8221;.vc_custom_1477990979174{padding-top: 30px !important;padding-bottom: 30px !important;background-color: #ffffff !important;}&#8221;][vc_column][vc_btn title=&#8221;Go to web&#8221; align=&#8221;right&#8221; link=&#8221;url:https%3A%2F%2Fekonomska-dubrovnik.com%2F&#8221;][\/vc_column][\/vc_row][vc_row css_animation=&#8221;&#8221; row_type=&#8221;row&#8221; use_row_as_full_screen_section=&#8221;no&#8221; type=&#8221;full_width&#8221; angled_section=&#8221;no&#8221; text_align=&#8221;left&#8221; background_image_as_pattern=&#8221;without_pattern&#8221;][vc_column][\/vc_column][\/vc_row]<\/p>\n<\/section>","protected":false},"excerpt":{"rendered":"<p>[vc_row css_animation=&#8221;&#8221; row_type=&#8221;row&#8221; use_row_as_full_screen_section=&#8221;no&#8221; type=&#8221;grid&#8221; angled_section=&#8221;no&#8221; text_align=&#8221;left&#8221; background_image_as_pattern=&#8221;without_pattern&#8221; css=&#8221;.vc_custom_1477990979174{padding-top: 30px !important;padding-bottom: 30px !important;background-color: #ffffff !important;}&#8221;][vc_column width=&#8221;1\/3&#8243;][vc_single_image image=&#8221;482&#8243; img_size=&#8221;&#8221; alignment=&#8221;center&#8221; qode_css_animation=&#8221;&#8221;][\/vc_column][vc_column width=&#8221;1\/3&#8243;][\/vc_column][vc_column width=&#8221;1\/3&#8243;][\/vc_column][\/vc_row][vc_row css_animation=&#8221;&#8221; row_type=&#8221;row&#8221; use_row_as_full_screen_section=&#8221;no&#8221; type=&#8221;grid&#8221; angled_section=&#8221;no&#8221; text_align=&#8221;left&#8221; background_image_as_pattern=&#8221;without_pattern&#8221; css=&#8221;.vc_custom_1477990979174{padding-top: 30px !important;padding-bottom: 30px !important;background-color: #ffffff !important;}&#8221;][vc_column][vc_column_text]Koulu on yksi Dubrovnikin ammatillisista oppilaitoksista. Niille opiskelijoille, jotka haluavat&#8230;<\/p>\n","protected":false},"author":1,"featured_media":0,"parent":0,"menu_order":0,"comment_status":"closed","ping_status":"closed","template":"full_width.php","meta":{"footnotes":""},"class_list":["post-1344","page","type-page","status-publish","hentry"],"_links":{"self":[{"href":"https:\/\/www.virtualskills.eu\/fi\/wp-json\/wp\/v2\/pages\/1344","targetHints":{"allow":["GET"]}}],"collection":[{"href":"https:\/\/www.virtualskills.eu\/fi\/wp-json\/wp\/v2\/pages"}],"about":[{"href":"https:\/\/www.virtualskills.eu\/fi\/wp-json\/wp\/v2\/types\/page"}],"author":[{"embeddable":true,"href":"https:\/\/www.virtualskills.eu\/fi\/wp-json\/wp\/v2\/users\/1"}],"replies":[{"embeddable":true,"href":"https:\/\/www.virtualskills.eu\/fi\/wp-json\/wp\/v2\/comments?post=1344"}],"version-history":[{"count":3,"href":"https:\/\/www.virtualskills.eu\/fi\/wp-json\/wp\/v2\/pages\/1344\/revisions"}],"predecessor-version":[{"id":1348,"href":"https:\/\/www.virtualskills.eu\/fi\/wp-json\/wp\/v2\/pages\/1344\/revisions\/1348"}],"wp:attachment":[{"href":"https:\/\/www.virtualskills.eu\/fi\/wp-json\/wp\/v2\/media?parent=1344"}],"curies":[{"name":"wp","href":"https:\/\/api.w.org\/{rel}","templated":true}]}}