{"id":1349,"date":"2022-12-08T13:47:35","date_gmt":"2022-12-08T13:47:35","guid":{"rendered":"https:\/\/www.virtualskills.eu\/ihf\/"},"modified":"2023-02-05T18:34:56","modified_gmt":"2023-02-05T18:34:56","slug":"ihf","status":"publish","type":"page","link":"https:\/\/www.virtualskills.eu\/fi\/ihf\/","title":{"rendered":"IHF, Institut de Haute Formation aux Politiques Communautaires"},"content":{"rendered":"<section class=\"wpb-content-wrapper\"><p>[vc_row css_animation=&#8221;&#8221; row_type=&#8221;row&#8221; use_row_as_full_screen_section=&#8221;no&#8221; type=&#8221;grid&#8221; angled_section=&#8221;no&#8221; text_align=&#8221;left&#8221; background_image_as_pattern=&#8221;without_pattern&#8221; css=&#8221;.vc_custom_1477990979174{padding-top: 30px !important;padding-bottom: 30px !important;background-color: #ffffff !important;}&#8221;][vc_column width=&#8221;1\/3&#8243;][vc_single_image image=&#8221;484&#8243; img_size=&#8221;&#8221; alignment=&#8221;center&#8221; qode_css_animation=&#8221;&#8221;][\/vc_column][vc_column width=&#8221;1\/3&#8243;][\/vc_column][vc_column width=&#8221;1\/3&#8243;][\/vc_column][\/vc_row][vc_row css_animation=&#8221;&#8221; row_type=&#8221;row&#8221; use_row_as_full_screen_section=&#8221;no&#8221; type=&#8221;grid&#8221; angled_section=&#8221;no&#8221; text_align=&#8221;left&#8221; background_image_as_pattern=&#8221;without_pattern&#8221; css=&#8221;.vc_custom_1477990979174{padding-top: 30px !important;padding-bottom: 30px !important;background-color: #ffffff !important;}&#8221;][vc_column][vc_column_text]IHF, Institut de Haute Formation aux Politiques Communautaires asbl, on voittoa tavoittelematon j\u00e4rjest\u00f6, joka on perustettu Brysseliin (Belgia) vuonna 2003.<\/p>\n<p>IHF:n p\u00e4\u00e4tavoitteena on auttaa yhteis\u00f6j\u00e4 (my\u00f6s voittoa tavoittelemattomia yhteis\u00f6j\u00e4 ja viranomaisia) laajempaan kansainv\u00e4liseen yhteisty\u00f6h\u00f6n toteuttamalla r\u00e4\u00e4t\u00e4l\u00f6ity\u00e4 koulutusta eurooppalaisista k\u00e4yt\u00e4nn\u00f6ist\u00e4 ja eurooppalaisista arvoista.<\/p>\n<p>Yksi keino tavoitteen saavuttamiseksi on eurooppalaisten hankkeiden kehitt\u00e4miseen r\u00e4\u00e4t\u00e4l\u00f6ityjen kurssien ja seminaarien j\u00e4rjest\u00e4minen. Kurssit keskittyv\u00e4t EU:n politiikkaan ja lains\u00e4\u00e4d\u00e4nt\u00f6\u00f6n, kansainv\u00e4lisiin suhteisiin ja projektinhallintaan ja ne parantavat mahdollisuuksia osallistua EU:n rahoittamiin ohjelmiin.<\/p>\n<p>IHF j\u00e4rjest\u00e4\u00e4 my\u00f6s opintoryhmi\u00e4 Brysseliin. Ryhmi\u00e4 on tutkinnon suorittaneille nuorille, paikallisviranomaisten edustajille, pk-yrityksille, yliopistoille ja tarkoituksena on edist\u00e4\u00e4 liikkuvuutta eri koulutustasoilla. Vuodesta 2004 IHF on j\u00e4rjest\u00e4nyt yli 40 opintovierailua Brysseliin yli 500 henkil\u00f6lle.<\/p>\n<p>IHF on osallistunut partnerina aikaisempiin EU:n rahoittamiin hankkeisiin l\u00e4hinn\u00e4 julkaisutoimintaan ja tulosten jakamiseen osallistumalla. IHF seuraa jatkuvasti EU:n lains\u00e4\u00e4d\u00e4nt\u00f6\u00e4 ja EU:n toimintaa ja tiedottaa siit\u00e4 ja auttaa verkostojen luomisessa.<\/p>\n<p>Sijainti Brysseliss\u00e4 on mahdollistanut EU tasolla tiedon jakamisen parlamentin j\u00e4senten, eurooppalaisten j\u00e4rjest\u00f6jen, toimijoiden, sidosryhmien, kuluttajaryhmien jne. kautta.<br \/>\n[\/vc_column_text][\/vc_column][\/vc_row][vc_row css_animation=&#8221;&#8221; row_type=&#8221;row&#8221; use_row_as_full_screen_section=&#8221;no&#8221; type=&#8221;grid&#8221; angled_section=&#8221;no&#8221; text_align=&#8221;left&#8221; background_image_as_pattern=&#8221;without_pattern&#8221; css=&#8221;.vc_custom_1477990979174{padding-top: 30px !important;padding-bottom: 30px !important;background-color: #ffffff !important;}&#8221;][vc_column][vc_btn title=&#8221;Go to web&#8221; align=&#8221;right&#8221; link=&#8221;url:https%3A%2F%2Fwww.ihfeurope.eu%2F&#8221;][\/vc_column][\/vc_row][vc_row css_animation=&#8221;&#8221; row_type=&#8221;row&#8221; use_row_as_full_screen_section=&#8221;no&#8221; type=&#8221;full_width&#8221; angled_section=&#8221;no&#8221; text_align=&#8221;left&#8221; background_image_as_pattern=&#8221;without_pattern&#8221;][vc_column][\/vc_column][\/vc_row]<\/p>\n<\/section>","protected":false},"excerpt":{"rendered":"<p>[vc_row css_animation=&#8221;&#8221; row_type=&#8221;row&#8221; use_row_as_full_screen_section=&#8221;no&#8221; type=&#8221;grid&#8221; angled_section=&#8221;no&#8221; text_align=&#8221;left&#8221; background_image_as_pattern=&#8221;without_pattern&#8221; css=&#8221;.vc_custom_1477990979174{padding-top: 30px !important;padding-bottom: 30px !important;background-color: #ffffff !important;}&#8221;][vc_column width=&#8221;1\/3&#8243;][vc_single_image image=&#8221;484&#8243; img_size=&#8221;&#8221; alignment=&#8221;center&#8221; qode_css_animation=&#8221;&#8221;][\/vc_column][vc_column width=&#8221;1\/3&#8243;][\/vc_column][vc_column width=&#8221;1\/3&#8243;][\/vc_column][\/vc_row][vc_row css_animation=&#8221;&#8221; row_type=&#8221;row&#8221; use_row_as_full_screen_section=&#8221;no&#8221; type=&#8221;grid&#8221; angled_section=&#8221;no&#8221; text_align=&#8221;left&#8221; background_image_as_pattern=&#8221;without_pattern&#8221; css=&#8221;.vc_custom_1477990979174{padding-top: 30px !important;padding-bottom: 30px !important;background-color: #ffffff !important;}&#8221;][vc_column][vc_column_text]IHF, Institut de Haute Formation aux Politiques Communautaires asbl, on&#8230;<\/p>\n","protected":false},"author":1,"featured_media":0,"parent":0,"menu_order":0,"comment_status":"closed","ping_status":"closed","template":"full_width.php","meta":{"footnotes":""},"class_list":["post-1349","page","type-page","status-publish","hentry"],"_links":{"self":[{"href":"https:\/\/www.virtualskills.eu\/fi\/wp-json\/wp\/v2\/pages\/1349","targetHints":{"allow":["GET"]}}],"collection":[{"href":"https:\/\/www.virtualskills.eu\/fi\/wp-json\/wp\/v2\/pages"}],"about":[{"href":"https:\/\/www.virtualskills.eu\/fi\/wp-json\/wp\/v2\/types\/page"}],"author":[{"embeddable":true,"href":"https:\/\/www.virtualskills.eu\/fi\/wp-json\/wp\/v2\/users\/1"}],"replies":[{"embeddable":true,"href":"https:\/\/www.virtualskills.eu\/fi\/wp-json\/wp\/v2\/comments?post=1349"}],"version-history":[{"count":3,"href":"https:\/\/www.virtualskills.eu\/fi\/wp-json\/wp\/v2\/pages\/1349\/revisions"}],"predecessor-version":[{"id":1353,"href":"https:\/\/www.virtualskills.eu\/fi\/wp-json\/wp\/v2\/pages\/1349\/revisions\/1353"}],"wp:attachment":[{"href":"https:\/\/www.virtualskills.eu\/fi\/wp-json\/wp\/v2\/media?parent=1349"}],"curies":[{"name":"wp","href":"https:\/\/api.w.org\/{rel}","templated":true}]}}