{"id":1354,"date":"2022-12-08T13:50:40","date_gmt":"2022-12-08T13:50:40","guid":{"rendered":"https:\/\/www.virtualskills.eu\/university-of-applied-sciences-of-the-grisons\/"},"modified":"2023-02-05T18:38:52","modified_gmt":"2023-02-05T18:38:52","slug":"fachhochschule-graubunden-ammattikorkeakoulu","status":"publish","type":"page","link":"https:\/\/www.virtualskills.eu\/fi\/fachhochschule-graubunden-ammattikorkeakoulu\/","title":{"rendered":"Fachhochschule Graubunden ammattikorkeakoulu"},"content":{"rendered":"<section class=\"wpb-content-wrapper\"><p>[vc_row css_animation=&#8221;&#8221; row_type=&#8221;row&#8221; use_row_as_full_screen_section=&#8221;no&#8221; type=&#8221;grid&#8221; angled_section=&#8221;no&#8221; text_align=&#8221;left&#8221; background_image_as_pattern=&#8221;without_pattern&#8221; css=&#8221;.vc_custom_1477990979174{padding-top: 30px !important;padding-bottom: 30px !important;background-color: #ffffff !important;}&#8221;][vc_column width=&#8221;1\/3&#8243;][vc_single_image image=&#8221;493&#8243; img_size=&#8221;&#8221; alignment=&#8221;center&#8221; qode_css_animation=&#8221;&#8221;][\/vc_column][vc_column width=&#8221;1\/3&#8243;][\/vc_column][vc_column width=&#8221;1\/3&#8243;][\/vc_column][\/vc_row][vc_row css_animation=&#8221;&#8221; row_type=&#8221;row&#8221; use_row_as_full_screen_section=&#8221;no&#8221; type=&#8221;grid&#8221; angled_section=&#8221;no&#8221; text_align=&#8221;left&#8221; background_image_as_pattern=&#8221;without_pattern&#8221; css=&#8221;.vc_custom_1670507499281{padding-bottom: 30px !important;background-color: #ffffff !important;}&#8221; z_index=&#8221;&#8221;][vc_column][vc_column_text]Grisonsin ammattikorkeakoulu on innovatiivinen ja yritt\u00e4j\u00e4henkinen korkeakoulu, jossa on yli 2000 opiskelijaa. Se kouluttaa ihmisi\u00e4 vastuullisiksi ja ammattitaitoisiksi ammattilaisiksi ja johtajiksi. Ammattikorkeakouluna, jolla on vahvat alueelliset juuret, Grisonsin ammattikorkeakoulu houkuttelee vieraita kantonin ulkopuolelta ja my\u00f6s Sveitsin ulkopuolelta. Tutkimuksen avulla se edist\u00e4\u00e4 innovaatioiden, tiedon ja ratkaisujen kehitt\u00e4mist\u00e4 yhteiskunnassa. Grisonsin ammattikorkeakoulu tarjoaa erilaisia kandidaatti-, maisteri- ja jatko-opinto-ohjelmia. Se on my\u00f6s aktiivisesti mukana tutkimus- ja kehitystoiminnassa ja tarjoaa konsultointia ja muita palveluja kaikilla tieteenaloillaan. Institutionaalinen akkreditointi Sveitsin korkeakoulusektorin rahoitusta ja koordinointia koskevan liittovaltion lain (HEdA) mukaisesti sek\u00e4 nelj\u00e4n t\u00e4hden saaminen osana ISO 9001- ja ISO 29990 -standardien mukaista \u201dEFQM Recognized for Excellence\u201d -vertaisarviointia ja sertifiointia. luovat perustan Grisonsin ammattikorkeakoulun kehitykselle. Graub\u00fcndenin innovatiivinen ammattikorkeakoulu on ollut osa It\u00e4-Sveitsin ammattikorkeakoulua (FHO Ostschweiz) vuodesta 2000. Yliopiston historia juontaa juurensa vuoteen 1963.<\/p>\n<p>Grisonsin ammattikorkeakoulun strategiassa on kolme painopistealuetta ja n\u00e4iss\u00e4 on opetusta, jatkokoulutusta, soveltavaa tutkimusta ja konsultointia.<br \/>\n[\/vc_column_text][\/vc_column][\/vc_row][vc_row css_animation=&#8221;&#8221; row_type=&#8221;row&#8221; use_row_as_full_screen_section=&#8221;no&#8221; type=&#8221;grid&#8221; angled_section=&#8221;no&#8221; text_align=&#8221;left&#8221; background_image_as_pattern=&#8221;without_pattern&#8221; css=&#8221;.vc_custom_1477990979174{padding-top: 30px !important;padding-bottom: 30px !important;background-color: #ffffff !important;}&#8221;][vc_column][vc_btn title=&#8221;Go to web&#8221; align=&#8221;right&#8221; link=&#8221;url:http%3A%2F%2Fwww.fhgr.ch%2F&#8221;][\/vc_column][\/vc_row][vc_row css_animation=&#8221;&#8221; row_type=&#8221;row&#8221; use_row_as_full_screen_section=&#8221;no&#8221; type=&#8221;full_width&#8221; angled_section=&#8221;no&#8221; text_align=&#8221;left&#8221; background_image_as_pattern=&#8221;without_pattern&#8221;][vc_column][\/vc_column][\/vc_row]<\/p>\n<\/section>","protected":false},"excerpt":{"rendered":"<p>[vc_row css_animation=&#8221;&#8221; row_type=&#8221;row&#8221; use_row_as_full_screen_section=&#8221;no&#8221; type=&#8221;grid&#8221; angled_section=&#8221;no&#8221; text_align=&#8221;left&#8221; background_image_as_pattern=&#8221;without_pattern&#8221; css=&#8221;.vc_custom_1477990979174{padding-top: 30px !important;padding-bottom: 30px !important;background-color: #ffffff !important;}&#8221;][vc_column width=&#8221;1\/3&#8243;][vc_single_image image=&#8221;493&#8243; img_size=&#8221;&#8221; alignment=&#8221;center&#8221; qode_css_animation=&#8221;&#8221;][\/vc_column][vc_column width=&#8221;1\/3&#8243;][\/vc_column][vc_column width=&#8221;1\/3&#8243;][\/vc_column][\/vc_row][vc_row css_animation=&#8221;&#8221; row_type=&#8221;row&#8221; use_row_as_full_screen_section=&#8221;no&#8221; type=&#8221;grid&#8221; angled_section=&#8221;no&#8221; text_align=&#8221;left&#8221; background_image_as_pattern=&#8221;without_pattern&#8221; css=&#8221;.vc_custom_1670507499281{padding-bottom: 30px !important;background-color: #ffffff !important;}&#8221; z_index=&#8221;&#8221;][vc_column][vc_column_text]Grisonsin ammattikorkeakoulu on innovatiivinen ja yritt\u00e4j\u00e4henkinen korkeakoulu, jossa on yli 2000&#8230;<\/p>\n","protected":false},"author":1,"featured_media":0,"parent":0,"menu_order":0,"comment_status":"closed","ping_status":"closed","template":"full_width.php","meta":{"footnotes":""},"class_list":["post-1354","page","type-page","status-publish","hentry"],"_links":{"self":[{"href":"https:\/\/www.virtualskills.eu\/fi\/wp-json\/wp\/v2\/pages\/1354","targetHints":{"allow":["GET"]}}],"collection":[{"href":"https:\/\/www.virtualskills.eu\/fi\/wp-json\/wp\/v2\/pages"}],"about":[{"href":"https:\/\/www.virtualskills.eu\/fi\/wp-json\/wp\/v2\/types\/page"}],"author":[{"embeddable":true,"href":"https:\/\/www.virtualskills.eu\/fi\/wp-json\/wp\/v2\/users\/1"}],"replies":[{"embeddable":true,"href":"https:\/\/www.virtualskills.eu\/fi\/wp-json\/wp\/v2\/comments?post=1354"}],"version-history":[{"count":2,"href":"https:\/\/www.virtualskills.eu\/fi\/wp-json\/wp\/v2\/pages\/1354\/revisions"}],"predecessor-version":[{"id":1357,"href":"https:\/\/www.virtualskills.eu\/fi\/wp-json\/wp\/v2\/pages\/1354\/revisions\/1357"}],"wp:attachment":[{"href":"https:\/\/www.virtualskills.eu\/fi\/wp-json\/wp\/v2\/media?parent=1354"}],"curies":[{"name":"wp","href":"https:\/\/api.w.org\/{rel}","templated":true}]}}