{"id":1358,"date":"2022-12-08T21:50:17","date_gmt":"2022-12-08T21:50:17","guid":{"rendered":"https:\/\/www.virtualskills.eu\/project\/"},"modified":"2023-02-05T19:01:07","modified_gmt":"2023-02-05T19:01:07","slug":"projekti","status":"publish","type":"page","link":"https:\/\/www.virtualskills.eu\/fi\/projekti\/","title":{"rendered":"Projekti"},"content":{"rendered":"<section class=\"wpb-content-wrapper\"><p>[vc_row css_animation=&#8221;&#8221; row_type=&#8221;row&#8221; use_row_as_full_screen_section=&#8221;no&#8221; type=&#8221;grid&#8221; angled_section=&#8221;no&#8221; text_align=&#8221;left&#8221; background_image_as_pattern=&#8221;without_pattern&#8221; css=&#8221;.vc_custom_1481534274629{padding-bottom: 40px !important;}&#8221;][vc_column offset=&#8221;vc_col-lg-6 vc_col-md-6&#8243;][vc_empty_space][vc_column_text]<\/p>\n<div id=\"comp-kot69plq\" class=\"_1Q9if _3bcaz\" data-testid=\"richTextElement\">\n<p>VIBES (Virtual Business Skills Empowerment) edist\u00e4\u00e4 \u200b\u200b kyky\u00e4 ty\u00f6skennell\u00e4 virtuaalisissa ja monikulttuurisissa tiimeiss\u00e4. N\u00e4m\u00e4 taidot ovat t\u00e4rkeit\u00e4 nuorten eurooppalaisten tulevaisuuden ty\u00f6llistymisen kannalta digiaikana.<\/p>\n<p>Nykyisiin nopeasti vanheneviin rooleihin kouluttamisen sijaan VIBES pyrkii kehitt\u00e4m\u00e4\u00e4n yritt\u00e4jyysasennetta ja ymm\u00e4rryst\u00e4 jatkuvan oppimisen v\u00e4ltt\u00e4m\u00e4tt\u00f6myydest\u00e4.<\/p>\n<p>Innovatiivinen yhteisty\u00f6t\u00e4 hy\u00f6dynt\u00e4v\u00e4 l\u00e4hestymistapa kehitt\u00e4\u00e4 yhteisty\u00f6taitoja ja luo uusia liiketoimintamahdollisuuksia.<\/p>\n<p>Seitsem\u00e4n oppilaitoksen joukko Kroatiasta, Virosta, Suomesta, Belgiasta ja Sveitsist\u00e4 hy\u00f6dynt\u00e4\u00e4 kunkin maan parhaita k\u00e4yt\u00e4nt\u00f6j\u00e4 kehitt\u00e4m\u00e4\u00e4n ja tuottamaan opinto- ja koulutusmoduuleja virtuaaliryhmien valmiuksien rakentamiseksi sek\u00e4 prosessikuvauksia oppimistuloksista ja -menetelmist\u00e4 sek\u00e4 tuki- ja arviointimenetelmi\u00e4. Projektissa luodaan virtuaalinen alusta oppimateriaalien, kokemusten ja ideoiden jakamiseksi kulttuurienv\u00e4lisen yhteisty\u00f6n ja opetuskokemuksen ja tiedon vaihdon edist\u00e4miseksi. Moduulimme voivat toimia apuna my\u00f6s pk-yrityksille.<\/p>\n<\/div>\n<p>[\/vc_column_text][\/vc_column][vc_column offset=&#8221;vc_col-lg-6 vc_col-md-6&#8243;]<div class=\"qode-accordion-holder clearfix qode-accordion qode-initial \">\n\t<h5 class=\"clearfix qode-title-holder\">\n<span class=\"qode-tab-title\">\n\t\t\t<span class=\"qode-tab-title-icon\">\n\t\t\t<span aria-hidden=\"true\" class=\"qode_icon_font_elegant arrow_left-right \" ><\/span>\t\t<\/span>\n\t    <span class=\"qode-tab-title-inner\">\n        Yritysyhteisty\u00f6    <\/span>\n<\/span>\n<span class=\"qode-accordion-mark\">\n    <span class=\"qode-accordion-mark-icon\">\n        <span class=\"icon_plus\"><\/span>\n        <span class=\"icon_minus-06\"><\/span>\n    <\/span>\n<\/span>\n<\/h5>\n<div  class=\"qode-accordion-content qode-acc-title-with-icon\" style=\"background-image: url(https:\/\/www.virtualskills.eu\/wp-content\/uploads\/2016\/09\/accordion-1.jpg); padding: 19px 73px 39px 60px\">\n    <div class=\"qode-accordion-content-inner\">\n        [vc_column_text]<span style=\"color: #ffffff;\">Yritysyhteisty\u00f6n avulla saadaan tarvittavaa n\u00e4kemyst\u00e4, testausta ja validointia ja sen perusteella voidaan hienos\u00e4\u00e4t\u00e4\u00e4 sis\u00e4lt\u00f6\u00e4. <\/span>[\/vc_column_text][vc_empty_space height=&#8221;23px&#8221;]<a  itemprop=\"url\" href=\"https:\/\/www.virtualskills.eu\/fi\/yritysyhteistyo\/\" target=\"_self\"  class=\"qbutton  small right white default  qode-button-shadow\" style=\"\">Explore<\/a>    <\/div>\n<\/div><h5 class=\"clearfix qode-title-holder\">\n<span class=\"qode-tab-title\">\n\t\t\t<span class=\"qode-tab-title-icon\">\n\t\t\t<span aria-hidden=\"true\" class=\"qode_icon_font_elegant arrow_left-up \" ><\/span>\t\t<\/span>\n\t    <span class=\"qode-tab-title-inner\">\n        Sis\u00e4ll\u00f6n tuottaminen    <\/span>\n<\/span>\n<span class=\"qode-accordion-mark\">\n    <span class=\"qode-accordion-mark-icon\">\n        <span class=\"icon_plus\"><\/span>\n        <span class=\"icon_minus-06\"><\/span>\n    <\/span>\n<\/span>\n<\/h5>\n<div  class=\"qode-accordion-content qode-acc-title-with-icon\" style=\"background-image: url(https:\/\/www.virtualskills.eu\/wp-content\/uploads\/2016\/09\/accordion-4.jpg); padding: 19px 73px 39px 60px\">\n    <div class=\"qode-accordion-content-inner\">\n        [vc_column_text]<span style=\"color: #ffffff;\">VIBESissa kehitet\u00e4\u00e4n taitoja ty\u00f6skennell\u00e4 monikulttuurisissa virtuaaliryhmiss\u00e4 luomalla opetussis\u00e4lt\u00f6j\u00e4, jotka voidaan mukauttaa eri sidosryhmille ja eri tilanteisiin. <\/span>[\/vc_column_text][vc_empty_space height=&#8221;23px&#8221;]<a  itemprop=\"url\" href=\"https:\/\/www.virtualskills.eu\/fi\/sisallon-tuottaminen\/\" target=\"_self\"  class=\"qbutton  small right white default  qode-button-shadow\" style=\"\">Explore<\/a>    <\/div>\n<\/div><h5 class=\"clearfix qode-title-holder\">\n<span class=\"qode-tab-title\">\n\t\t\t<span class=\"qode-tab-title-icon\">\n\t\t\t<span aria-hidden=\"true\" class=\"qode_icon_font_elegant arrow_expand_alt \" ><\/span>\t\t<\/span>\n\t    <span class=\"qode-tab-title-inner\">\n        Yhteisty\u00f6alusta    <\/span>\n<\/span>\n<span class=\"qode-accordion-mark\">\n    <span class=\"qode-accordion-mark-icon\">\n        <span class=\"icon_plus\"><\/span>\n        <span class=\"icon_minus-06\"><\/span>\n    <\/span>\n<\/span>\n<\/h5>\n<div  class=\"qode-accordion-content qode-acc-title-with-icon\" style=\"background-image: url(https:\/\/www.virtualskills.eu\/wp-content\/uploads\/2016\/09\/accordion-3.jpg); padding: 19px 73px 39px 60px\">\n    <div class=\"qode-accordion-content-inner\">\n        [vc_column_text]<span style=\"color: #ffffff;\">Alusta suunnitellaan avoimeksi digitaaliseksi virtuaalisten taitojen oppimiskeskukseksi. <\/span>[\/vc_column_text][vc_empty_space height=&#8221;23px&#8221;]<a  itemprop=\"url\" href=\"https:\/\/www.virtualskills.eu\/fi\/yhteistyoalusta\/\" target=\"_self\"  class=\"qbutton  small right white default  qode-button-shadow\" style=\"\">Explore<\/a>    <\/div>\n<\/div><h5 class=\"clearfix qode-title-holder\">\n<span class=\"qode-tab-title\">\n\t\t\t<span class=\"qode-tab-title-icon\">\n\t\t\t<span aria-hidden=\"true\" class=\"qode_icon_font_elegant arrow_left-down \" ><\/span>\t\t<\/span>\n\t    <span class=\"qode-tab-title-inner\">\n        Yritystutkimus    <\/span>\n<\/span>\n<span class=\"qode-accordion-mark\">\n    <span class=\"qode-accordion-mark-icon\">\n        <span class=\"icon_plus\"><\/span>\n        <span class=\"icon_minus-06\"><\/span>\n    <\/span>\n<\/span>\n<\/h5>\n<div  class=\"qode-accordion-content qode-acc-title-with-icon\" style=\"background-image: url(https:\/\/www.virtualskills.eu\/wp-content\/uploads\/2016\/09\/accordion-1.jpg); padding: 19px 73px 39px 60px\">\n    <div class=\"qode-accordion-content-inner\">\n        [vc_column_text]<span style=\"color: #ffffff;\">Tietoisuus virtuaalisen tiimity\u00f6n vaatimista valmiuksista on vasta v\u00e4h\u00e4ist\u00e4.<br \/>\nT\u00e4h\u00e4nastisen tutkimuksen ongelmana on se, ett\u00e4 ei ole tutkittu millaisia virtuaalisia taitoja tarvitaan tulevaisuudessa.<br \/>\n<\/span>[\/vc_column_text][vc_empty_space height=&#8221;23px&#8221;]<a  itemprop=\"url\" href=\"https:\/\/www.virtualskills.eu\/fi\/yritystutkimus\/\" target=\"_self\"  class=\"qbutton  small right white default  qode-button-shadow\" style=\"\">Explore<\/a>    <\/div>\n<\/div><h5 class=\"clearfix qode-title-holder\">\n<span class=\"qode-tab-title\">\n\t\t\t<span class=\"qode-tab-title-icon\">\n\t\t\t<span aria-hidden=\"true\" class=\"qode_icon_font_elegant arrow_move \" ><\/span>\t\t<\/span>\n\t    <span class=\"qode-tab-title-inner\">\n        Osaamiskartoi-tukset    <\/span>\n<\/span>\n<span class=\"qode-accordion-mark\">\n    <span class=\"qode-accordion-mark-icon\">\n        <span class=\"icon_plus\"><\/span>\n        <span class=\"icon_minus-06\"><\/span>\n    <\/span>\n<\/span>\n<\/h5>\n<div  class=\"qode-accordion-content qode-acc-title-with-icon\" style=\"background-image: url(https:\/\/www.virtualskills.eu\/wp-content\/uploads\/2016\/09\/accordion.jpg); padding: 19px 73px 39px 60px\">\n    <div class=\"qode-accordion-content-inner\">\n        [vc_column_text]<span style=\"color: #ffffff;\">Aluksi hankkeessa tehd\u00e4\u00e4n kattava kartoitus maakohtaisista ja yleiseurooppalaisista k\u00e4yt\u00e4nn\u00f6ist\u00e4 virtuaalisten tiimity\u00f6taitojen opettamisessa. <\/span>[\/vc_column_text][vc_empty_space height=&#8221;23px&#8221;]<a  itemprop=\"url\" href=\"https:\/\/www.virtualskills.eu\/fi\/osaamiskartoi-tukset\/\" target=\"_self\"  class=\"qbutton  small right white default  qode-button-shadow\" style=\"\">Explore<\/a>    <\/div>\n<\/div><\/div>[\/vc_column][\/vc_row][vc_row css_animation=&#8221;&#8221; row_type=&#8221;row&#8221; use_row_as_full_screen_section=&#8221;no&#8221; type=&#8221;full_width&#8221; angled_section=&#8221;no&#8221; text_align=&#8221;left&#8221; background_image_as_pattern=&#8221;without_pattern&#8221;][vc_column][vc_column_text][\/vc_column_text][\/vc_column][\/vc_row]<\/p>\n<\/section>","protected":false},"excerpt":{"rendered":"<p>[vc_row css_animation=&#8221;&#8221; row_type=&#8221;row&#8221; use_row_as_full_screen_section=&#8221;no&#8221; type=&#8221;grid&#8221; angled_section=&#8221;no&#8221; text_align=&#8221;left&#8221; background_image_as_pattern=&#8221;without_pattern&#8221; css=&#8221;.vc_custom_1481534274629{padding-bottom: 40px !important;}&#8221;][vc_column offset=&#8221;vc_col-lg-6 vc_col-md-6&#8243;][vc_empty_space][vc_column_text] VIBES (Virtual Business Skills Empowerment) edist\u00e4\u00e4 \u200b\u200b kyky\u00e4 ty\u00f6skennell\u00e4 virtuaalisissa ja monikulttuurisissa tiimeiss\u00e4. N\u00e4m\u00e4 taidot ovat t\u00e4rkeit\u00e4 nuorten eurooppalaisten tulevaisuuden ty\u00f6llistymisen kannalta digiaikana. Nykyisiin nopeasti vanheneviin rooleihin kouluttamisen sijaan VIBES pyrkii kehitt\u00e4m\u00e4\u00e4n&#8230;<\/p>\n","protected":false},"author":1,"featured_media":0,"parent":0,"menu_order":0,"comment_status":"closed","ping_status":"closed","template":"full_width.php","meta":{"footnotes":""},"class_list":["post-1358","page","type-page","status-publish","hentry"],"_links":{"self":[{"href":"https:\/\/www.virtualskills.eu\/fi\/wp-json\/wp\/v2\/pages\/1358","targetHints":{"allow":["GET"]}}],"collection":[{"href":"https:\/\/www.virtualskills.eu\/fi\/wp-json\/wp\/v2\/pages"}],"about":[{"href":"https:\/\/www.virtualskills.eu\/fi\/wp-json\/wp\/v2\/types\/page"}],"author":[{"embeddable":true,"href":"https:\/\/www.virtualskills.eu\/fi\/wp-json\/wp\/v2\/users\/1"}],"replies":[{"embeddable":true,"href":"https:\/\/www.virtualskills.eu\/fi\/wp-json\/wp\/v2\/comments?post=1358"}],"version-history":[{"count":8,"href":"https:\/\/www.virtualskills.eu\/fi\/wp-json\/wp\/v2\/pages\/1358\/revisions"}],"predecessor-version":[{"id":1382,"href":"https:\/\/www.virtualskills.eu\/fi\/wp-json\/wp\/v2\/pages\/1358\/revisions\/1382"}],"wp:attachment":[{"href":"https:\/\/www.virtualskills.eu\/fi\/wp-json\/wp\/v2\/media?parent=1358"}],"curies":[{"name":"wp","href":"https:\/\/api.w.org\/{rel}","templated":true}]}}