{"id":1367,"date":"2022-12-08T21:29:57","date_gmt":"2022-12-08T21:29:57","guid":{"rendered":"https:\/\/www.virtualskills.eu\/vibes-business-survey\/"},"modified":"2023-02-05T18:50:57","modified_gmt":"2023-02-05T18:50:57","slug":"yritystutkimus","status":"publish","type":"page","link":"https:\/\/www.virtualskills.eu\/fi\/yritystutkimus\/","title":{"rendered":"Yritystutkimus"},"content":{"rendered":"<section class=\"wpb-content-wrapper\"><p>[vc_row css_animation=&#8221;&#8221; row_type=&#8221;row&#8221; use_row_as_full_screen_section=&#8221;no&#8221; type=&#8221;grid&#8221; angled_section=&#8221;no&#8221; text_align=&#8221;left&#8221; background_image_as_pattern=&#8221;without_pattern&#8221; css=&#8221;.vc_custom_1477990979174{padding-top: 30px !important;padding-bottom: 30px !important;background-color: #ffffff !important;}&#8221;][vc_column width=&#8221;1\/3&#8243;][vc_single_image image=&#8221;553&#8243; img_size=&#8221;&#8221; alignment=&#8221;center&#8221; qode_css_animation=&#8221;&#8221;][\/vc_column][vc_column width=&#8221;1\/3&#8243;][\/vc_column][vc_column width=&#8221;1\/3&#8243;][\/vc_column][\/vc_row][vc_row css_animation=&#8221;&#8221; row_type=&#8221;row&#8221; use_row_as_full_screen_section=&#8221;no&#8221; type=&#8221;grid&#8221; angled_section=&#8221;no&#8221; text_align=&#8221;left&#8221; background_image_as_pattern=&#8221;without_pattern&#8221; css=&#8221;.vc_custom_1477990979174{padding-top: 30px !important;padding-bottom: 30px !important;background-color: #ffffff !important;}&#8221;][vc_column][vc_column_text]<\/p>\n<div id=\"comp-kohojt6o\" class=\"_1Q9if _3bcaz\" data-testid=\"richTextElement\">\n<div id=\"comp-kohonn0i1\" class=\"_1Q9if _3bcaz\" data-testid=\"richTextElement\">\n<div id=\"comp-kohp0dri2\" class=\"_1Q9if _3bcaz\" data-testid=\"richTextElement\">\n<div id=\"comp-kohp6qxk2\" class=\"_1Q9if _3bcaz\" data-testid=\"richTextElement\">\n<div id=\"comp-kohqko6d4\" class=\"_1Q9if _3bcaz\" data-testid=\"richTextElement\">\n<div id=\"comp-kohqw96l1\" class=\"_1Q9if _3bcaz\" data-testid=\"richTextElement\">\n<p>Tietoisuus virtuaalisen tiimity\u00f6n vaatimista valmiuksista on vasta v\u00e4h\u00e4ist\u00e4.<\/p>\n<p>T\u00e4h\u00e4nastisen tutkimuksen ongelmana on se, ett\u00e4 ei ole tutkittu millaisia virtuaalisia taitoja tarvitaan tulevaisuudessa.<\/p>\n<p>Tarvitaan siis ajantasaista ja tulevaisuuteen suuntautuvaa tietoa nopeasti muuttuvasta digitaalisesta toimintaymp\u00e4rist\u00f6st\u00e4.<\/p>\n<p>\u201dDigiComp&#8221; tarjoaa tietoa tarvittavista digitaalisista yhteisty\u00f6taidoista, mutta tarvitaan viel\u00e4 kattavampaa ja syv\u00e4llisemp\u00e4\u00e4 tiet\u00e4myst\u00e4, erityisesti virtuaalisen tiimity\u00f6skentelyn osaamisen suhteen osana digitaalista liiketoimintaymp\u00e4rist\u00f6\u00e4. VIBES kehitt\u00e4\u00e4 virtuaalisen tiimity\u00f6skentelykehyksen ja metodologian. Tarvittavien tiimity\u00f6taitojen tunnistamiseksi tehd\u00e4\u00e4n tutkimus yritysten parissa. Sen avulla ymm\u00e4rret\u00e4\u00e4n paremmin, millaisia valmiuksia tarvitaan nykyp\u00e4iv\u00e4n liiketoimintaymp\u00e4rist\u00f6ss\u00e4.<\/p>\n<p>Tutkimuksen tulokset mahdollistavat uudenlaisen opetussis\u00e4ll\u00f6n luomisen. Samoin niiden perusteella voidaan kehitt\u00e4\u00e4 menetelmi\u00e4 parantaa virtuaalisia tiimity\u00f6taitoja tulevaisuuden kansainv\u00e4lisen ty\u00f6voiman keskuudessa sek\u00e4 luoda uusia liiketoimintamahdollisuuksia. Oppilaitokset ja muut sidosryhm\u00e4t voivat hy\u00f6dynt\u00e4\u00e4 tuloksia sek\u00e4 hankkeen aikana ett\u00e4 sen j\u00e4lkeen.<\/p>\n<\/div>\n<\/div>\n<\/div>\n<\/div>\n<\/div>\n<\/div>\n<p>[\/vc_column_text][\/vc_column][\/vc_row][vc_row css_animation=&#8221;&#8221; row_type=&#8221;row&#8221; use_row_as_full_screen_section=&#8221;no&#8221; type=&#8221;full_width&#8221; angled_section=&#8221;no&#8221; text_align=&#8221;left&#8221; background_image_as_pattern=&#8221;without_pattern&#8221;][vc_column][\/vc_column][\/vc_row]<\/p>\n<\/section>","protected":false},"excerpt":{"rendered":"<p>[vc_row css_animation=&#8221;&#8221; row_type=&#8221;row&#8221; use_row_as_full_screen_section=&#8221;no&#8221; type=&#8221;grid&#8221; angled_section=&#8221;no&#8221; text_align=&#8221;left&#8221; background_image_as_pattern=&#8221;without_pattern&#8221; css=&#8221;.vc_custom_1477990979174{padding-top: 30px !important;padding-bottom: 30px !important;background-color: #ffffff !important;}&#8221;][vc_column width=&#8221;1\/3&#8243;][vc_single_image image=&#8221;553&#8243; img_size=&#8221;&#8221; alignment=&#8221;center&#8221; qode_css_animation=&#8221;&#8221;][\/vc_column][vc_column width=&#8221;1\/3&#8243;][\/vc_column][vc_column width=&#8221;1\/3&#8243;][\/vc_column][\/vc_row][vc_row css_animation=&#8221;&#8221; row_type=&#8221;row&#8221; use_row_as_full_screen_section=&#8221;no&#8221; type=&#8221;grid&#8221; angled_section=&#8221;no&#8221; text_align=&#8221;left&#8221; background_image_as_pattern=&#8221;without_pattern&#8221; css=&#8221;.vc_custom_1477990979174{padding-top: 30px !important;padding-bottom: 30px !important;background-color: #ffffff !important;}&#8221;][vc_column][vc_column_text] Tietoisuus virtuaalisen tiimity\u00f6n vaatimista valmiuksista on vasta v\u00e4h\u00e4ist\u00e4. T\u00e4h\u00e4nastisen&#8230;<\/p>\n","protected":false},"author":1,"featured_media":0,"parent":0,"menu_order":0,"comment_status":"closed","ping_status":"closed","template":"full_width.php","meta":{"footnotes":""},"class_list":["post-1367","page","type-page","status-publish","hentry"],"_links":{"self":[{"href":"https:\/\/www.virtualskills.eu\/fi\/wp-json\/wp\/v2\/pages\/1367","targetHints":{"allow":["GET"]}}],"collection":[{"href":"https:\/\/www.virtualskills.eu\/fi\/wp-json\/wp\/v2\/pages"}],"about":[{"href":"https:\/\/www.virtualskills.eu\/fi\/wp-json\/wp\/v2\/types\/page"}],"author":[{"embeddable":true,"href":"https:\/\/www.virtualskills.eu\/fi\/wp-json\/wp\/v2\/users\/1"}],"replies":[{"embeddable":true,"href":"https:\/\/www.virtualskills.eu\/fi\/wp-json\/wp\/v2\/comments?post=1367"}],"version-history":[{"count":3,"href":"https:\/\/www.virtualskills.eu\/fi\/wp-json\/wp\/v2\/pages\/1367\/revisions"}],"predecessor-version":[{"id":1370,"href":"https:\/\/www.virtualskills.eu\/fi\/wp-json\/wp\/v2\/pages\/1367\/revisions\/1370"}],"wp:attachment":[{"href":"https:\/\/www.virtualskills.eu\/fi\/wp-json\/wp\/v2\/media?parent=1367"}],"curies":[{"name":"wp","href":"https:\/\/api.w.org\/{rel}","templated":true}]}}