{"id":1371,"date":"2022-12-08T21:33:36","date_gmt":"2022-12-08T21:33:36","guid":{"rendered":"https:\/\/www.virtualskills.eu\/vibes-content-development\/"},"modified":"2023-02-05T18:53:35","modified_gmt":"2023-02-05T18:53:35","slug":"sisallon-tuottaminen","status":"publish","type":"page","link":"https:\/\/www.virtualskills.eu\/fi\/sisallon-tuottaminen\/","title":{"rendered":"Sis\u00e4ll\u00f6n tuottaminen"},"content":{"rendered":"<section class=\"wpb-content-wrapper\"><p>[vc_row css_animation=&#8221;&#8221; row_type=&#8221;row&#8221; use_row_as_full_screen_section=&#8221;no&#8221; type=&#8221;grid&#8221; angled_section=&#8221;no&#8221; text_align=&#8221;left&#8221; background_image_as_pattern=&#8221;without_pattern&#8221; css=&#8221;.vc_custom_1477990979174{padding-top: 30px !important;padding-bottom: 30px !important;background-color: #ffffff !important;}&#8221;][vc_column width=&#8221;1\/3&#8243;][vc_single_image image=&#8221;553&#8243; img_size=&#8221;&#8221; alignment=&#8221;center&#8221; qode_css_animation=&#8221;&#8221;][\/vc_column][vc_column width=&#8221;1\/3&#8243;][\/vc_column][vc_column width=&#8221;1\/3&#8243;][\/vc_column][\/vc_row][vc_row css_animation=&#8221;&#8221; row_type=&#8221;row&#8221; use_row_as_full_screen_section=&#8221;no&#8221; type=&#8221;grid&#8221; angled_section=&#8221;no&#8221; text_align=&#8221;left&#8221; background_image_as_pattern=&#8221;without_pattern&#8221; css=&#8221;.vc_custom_1477990979174{padding-top: 30px !important;padding-bottom: 30px !important;background-color: #ffffff !important;}&#8221;][vc_column][vc_column_text]<\/p>\n<div id=\"comp-kohojt6o\" class=\"_1Q9if _3bcaz\" data-testid=\"richTextElement\">\n<div id=\"comp-kohonn0i1\" class=\"_1Q9if _3bcaz\" data-testid=\"richTextElement\">\n<div id=\"comp-kohp0dri2\" class=\"_1Q9if _3bcaz\" data-testid=\"richTextElement\">\n<div id=\"comp-kohp6qxk2\" class=\"_1Q9if _3bcaz\" data-testid=\"richTextElement\">\n<div id=\"comp-kohqko6d4\" class=\"_1Q9if _3bcaz\" data-testid=\"richTextElement\">\n<div id=\"comp-kohr95q3\" class=\"_1Q9if _3bcaz\" data-testid=\"richTextElement\">\n<p>VIBESissa kehitet\u00e4\u00e4n taitoja ty\u00f6skennell\u00e4 monikulttuurisissa virtuaaliryhmiss\u00e4 luomalla opetussis\u00e4lt\u00f6j\u00e4, jotka voidaan mukauttaa eri sidosryhmille ja eri tilanteisiin. Opetussis\u00e4ll\u00f6t testataan yhteisty\u00f6ss\u00e4 hankkeen toimijoiden kanssa. Luomalla yhdess\u00e4 materiaalit ja prosessit saamme rakennettua polun kaikkien koulutustasojen v\u00e4lille.<\/p>\n<p>Erasmus +: n periaatteiden mukaisesti kaikki oppilaitokset voivat k\u00e4ytt\u00e4\u00e4 luotuja moduuleja ja laajentaa tai muokata niiden sis\u00e4lt\u00f6\u00e4 erilaisiin opetustilanteisiin sopiviksi.<\/p>\n<p>Luotujen kurssien ja moduulien tarkoitus ei ole toimia uutena \u201dk\u00e4sikirjana\u201d, vaan pikemminkin kehitt\u00e4\u00e4 opiskelijoiden luovaa ja kriittist\u00e4 ajattelua mm. uusien liiketoimintakonseptien luomiseksi ja kehitt\u00e4miseksi. Materiaalit ovat monik\u00e4ytt\u00f6isi\u00e4 ja niiss\u00e4 k\u00e4sitell\u00e4\u00e4n my\u00f6s ns. soft skills -taitoja, jotka ovat v\u00e4ltt\u00e4m\u00e4tt\u00f6mi\u00e4 my\u00f6s virtuaalisesti toimittaessa.<\/p>\n<\/div>\n<\/div>\n<\/div>\n<\/div>\n<\/div>\n<\/div>\n<p>[\/vc_column_text][\/vc_column][\/vc_row][vc_row css_animation=&#8221;&#8221; row_type=&#8221;row&#8221; use_row_as_full_screen_section=&#8221;no&#8221; type=&#8221;full_width&#8221; angled_section=&#8221;no&#8221; text_align=&#8221;left&#8221; background_image_as_pattern=&#8221;without_pattern&#8221;][vc_column][\/vc_column][\/vc_row]<\/p>\n<\/section>","protected":false},"excerpt":{"rendered":"<p>[vc_row css_animation=&#8221;&#8221; row_type=&#8221;row&#8221; use_row_as_full_screen_section=&#8221;no&#8221; type=&#8221;grid&#8221; angled_section=&#8221;no&#8221; text_align=&#8221;left&#8221; background_image_as_pattern=&#8221;without_pattern&#8221; css=&#8221;.vc_custom_1477990979174{padding-top: 30px !important;padding-bottom: 30px !important;background-color: #ffffff !important;}&#8221;][vc_column width=&#8221;1\/3&#8243;][vc_single_image image=&#8221;553&#8243; img_size=&#8221;&#8221; alignment=&#8221;center&#8221; qode_css_animation=&#8221;&#8221;][\/vc_column][vc_column width=&#8221;1\/3&#8243;][\/vc_column][vc_column width=&#8221;1\/3&#8243;][\/vc_column][\/vc_row][vc_row css_animation=&#8221;&#8221; row_type=&#8221;row&#8221; use_row_as_full_screen_section=&#8221;no&#8221; type=&#8221;grid&#8221; angled_section=&#8221;no&#8221; text_align=&#8221;left&#8221; background_image_as_pattern=&#8221;without_pattern&#8221; css=&#8221;.vc_custom_1477990979174{padding-top: 30px !important;padding-bottom: 30px !important;background-color: #ffffff !important;}&#8221;][vc_column][vc_column_text] VIBESissa kehitet\u00e4\u00e4n taitoja ty\u00f6skennell\u00e4 monikulttuurisissa virtuaaliryhmiss\u00e4 luomalla opetussis\u00e4lt\u00f6j\u00e4, jotka&#8230;<\/p>\n","protected":false},"author":1,"featured_media":0,"parent":0,"menu_order":0,"comment_status":"closed","ping_status":"closed","template":"full_width.php","meta":{"footnotes":""},"class_list":["post-1371","page","type-page","status-publish","hentry"],"_links":{"self":[{"href":"https:\/\/www.virtualskills.eu\/fi\/wp-json\/wp\/v2\/pages\/1371","targetHints":{"allow":["GET"]}}],"collection":[{"href":"https:\/\/www.virtualskills.eu\/fi\/wp-json\/wp\/v2\/pages"}],"about":[{"href":"https:\/\/www.virtualskills.eu\/fi\/wp-json\/wp\/v2\/types\/page"}],"author":[{"embeddable":true,"href":"https:\/\/www.virtualskills.eu\/fi\/wp-json\/wp\/v2\/users\/1"}],"replies":[{"embeddable":true,"href":"https:\/\/www.virtualskills.eu\/fi\/wp-json\/wp\/v2\/comments?post=1371"}],"version-history":[{"count":1,"href":"https:\/\/www.virtualskills.eu\/fi\/wp-json\/wp\/v2\/pages\/1371\/revisions"}],"predecessor-version":[{"id":1372,"href":"https:\/\/www.virtualskills.eu\/fi\/wp-json\/wp\/v2\/pages\/1371\/revisions\/1372"}],"wp:attachment":[{"href":"https:\/\/www.virtualskills.eu\/fi\/wp-json\/wp\/v2\/media?parent=1371"}],"curies":[{"name":"wp","href":"https:\/\/api.w.org\/{rel}","templated":true}]}}