{"id":1379,"date":"2022-12-08T21:34:23","date_gmt":"2022-12-08T21:34:23","guid":{"rendered":"https:\/\/www.virtualskills.eu\/vibes-company-engagement\/"},"modified":"2023-02-05T19:00:16","modified_gmt":"2023-02-05T19:00:16","slug":"yritysyhteistyo","status":"publish","type":"page","link":"https:\/\/www.virtualskills.eu\/fi\/yritysyhteistyo\/","title":{"rendered":"Yritysyhteisty\u00f6"},"content":{"rendered":"<section class=\"wpb-content-wrapper\"><p>[vc_row css_animation=&#8221;&#8221; row_type=&#8221;row&#8221; use_row_as_full_screen_section=&#8221;no&#8221; type=&#8221;grid&#8221; angled_section=&#8221;no&#8221; text_align=&#8221;left&#8221; background_image_as_pattern=&#8221;without_pattern&#8221; css=&#8221;.vc_custom_1477990979174{padding-top: 30px !important;padding-bottom: 30px !important;background-color: #ffffff !important;}&#8221;][vc_column width=&#8221;1\/3&#8243;][vc_single_image image=&#8221;553&#8243; img_size=&#8221;&#8221; alignment=&#8221;center&#8221; qode_css_animation=&#8221;&#8221;][\/vc_column][vc_column width=&#8221;1\/3&#8243;][\/vc_column][vc_column width=&#8221;1\/3&#8243;][\/vc_column][\/vc_row][vc_row css_animation=&#8221;&#8221; row_type=&#8221;row&#8221; use_row_as_full_screen_section=&#8221;no&#8221; type=&#8221;grid&#8221; angled_section=&#8221;no&#8221; text_align=&#8221;left&#8221; background_image_as_pattern=&#8221;without_pattern&#8221; css=&#8221;.vc_custom_1477990979174{padding-top: 30px !important;padding-bottom: 30px !important;background-color: #ffffff !important;}&#8221;][vc_column][vc_column_text]Yritysyhteisty\u00f6n avulla saadaan tarvittavaa n\u00e4kemyst\u00e4, testausta ja validointia ja sen perusteella voidaan hienos\u00e4\u00e4t\u00e4\u00e4 sis\u00e4lt\u00f6\u00e4. Opiskelijat ja oppilaat ovat alustan ensimm\u00e4inen k\u00e4ytt\u00e4j\u00e4ryhm\u00e4, mutta jatkossa sit\u00e4 voivat k\u00e4ytt\u00e4\u00e4 my\u00f6s eri alojen ammattilaiset ja yritykset laajasti. Kaikki tieto on vapaasti kaikkien halukkaiden k\u00e4ytett\u00e4viss\u00e4. VIBESin tuottama tieto ja koulutus ovat uraauurtavaa yleiseurooppalaista kulttuurienv\u00e4list\u00e4 koulutusta oppilaitoksille ja yrityksille. Vastaava alusta ja koulutus on puuttunut t\u00e4h\u00e4n saakka t\u00e4ysin.[\/vc_column_text][\/vc_column][\/vc_row][vc_row css_animation=&#8221;&#8221; row_type=&#8221;row&#8221; use_row_as_full_screen_section=&#8221;no&#8221; type=&#8221;full_width&#8221; angled_section=&#8221;no&#8221; text_align=&#8221;left&#8221; background_image_as_pattern=&#8221;without_pattern&#8221;][vc_column][\/vc_column][\/vc_row]<\/p>\n<\/section>","protected":false},"excerpt":{"rendered":"<p>[vc_row css_animation=&#8221;&#8221; row_type=&#8221;row&#8221; use_row_as_full_screen_section=&#8221;no&#8221; type=&#8221;grid&#8221; angled_section=&#8221;no&#8221; text_align=&#8221;left&#8221; background_image_as_pattern=&#8221;without_pattern&#8221; css=&#8221;.vc_custom_1477990979174{padding-top: 30px !important;padding-bottom: 30px !important;background-color: #ffffff !important;}&#8221;][vc_column width=&#8221;1\/3&#8243;][vc_single_image image=&#8221;553&#8243; img_size=&#8221;&#8221; alignment=&#8221;center&#8221; qode_css_animation=&#8221;&#8221;][\/vc_column][vc_column width=&#8221;1\/3&#8243;][\/vc_column][vc_column width=&#8221;1\/3&#8243;][\/vc_column][\/vc_row][vc_row css_animation=&#8221;&#8221; row_type=&#8221;row&#8221; use_row_as_full_screen_section=&#8221;no&#8221; type=&#8221;grid&#8221; angled_section=&#8221;no&#8221; text_align=&#8221;left&#8221; background_image_as_pattern=&#8221;without_pattern&#8221; css=&#8221;.vc_custom_1477990979174{padding-top: 30px !important;padding-bottom: 30px !important;background-color: #ffffff !important;}&#8221;][vc_column][vc_column_text]Yritysyhteisty\u00f6n avulla saadaan tarvittavaa n\u00e4kemyst\u00e4, testausta ja validointia ja sen&#8230;<\/p>\n","protected":false},"author":1,"featured_media":0,"parent":0,"menu_order":0,"comment_status":"closed","ping_status":"closed","template":"full_width.php","meta":{"footnotes":""},"class_list":["post-1379","page","type-page","status-publish","hentry"],"_links":{"self":[{"href":"https:\/\/www.virtualskills.eu\/fi\/wp-json\/wp\/v2\/pages\/1379","targetHints":{"allow":["GET"]}}],"collection":[{"href":"https:\/\/www.virtualskills.eu\/fi\/wp-json\/wp\/v2\/pages"}],"about":[{"href":"https:\/\/www.virtualskills.eu\/fi\/wp-json\/wp\/v2\/types\/page"}],"author":[{"embeddable":true,"href":"https:\/\/www.virtualskills.eu\/fi\/wp-json\/wp\/v2\/users\/1"}],"replies":[{"embeddable":true,"href":"https:\/\/www.virtualskills.eu\/fi\/wp-json\/wp\/v2\/comments?post=1379"}],"version-history":[{"count":2,"href":"https:\/\/www.virtualskills.eu\/fi\/wp-json\/wp\/v2\/pages\/1379\/revisions"}],"predecessor-version":[{"id":1381,"href":"https:\/\/www.virtualskills.eu\/fi\/wp-json\/wp\/v2\/pages\/1379\/revisions\/1381"}],"wp:attachment":[{"href":"https:\/\/www.virtualskills.eu\/fi\/wp-json\/wp\/v2\/media?parent=1379"}],"curies":[{"name":"wp","href":"https:\/\/api.w.org\/{rel}","templated":true}]}}