{"id":1215,"date":"2022-12-08T12:25:10","date_gmt":"2022-12-08T12:25:10","guid":{"rendered":"https:\/\/www.virtualskills.eu\/consortium\/"},"modified":"2023-02-05T13:14:21","modified_gmt":"2023-02-05T13:14:21","slug":"konzorcij","status":"publish","type":"page","link":"https:\/\/www.virtualskills.eu\/hr\/konzorcij\/","title":{"rendered":"Konzorcij"},"content":{"rendered":"<section class=\"wpb-content-wrapper\"><p>[vc_row css_animation=&#8221;&#8221; row_type=&#8221;row&#8221; use_row_as_full_screen_section=&#8221;no&#8221; type=&#8221;grid&#8221; angled_section=&#8221;no&#8221; text_align=&#8221;left&#8221; background_image_as_pattern=&#8221;without_pattern&#8221; css=&#8221;.vc_custom_1477990979174{padding-top: 30px !important;padding-bottom: 30px !important;background-color: #ffffff !important;}&#8221;][vc_column][vc_column_text]<\/p>\n<div id=\"comp-kohojt6o\" class=\"_1Q9if _3bcaz\" data-testid=\"richTextElement\">\n<p><img loading=\"lazy\" decoding=\"async\" class=\" wp-image-1093 alignleft\" src=\"https:\/\/www.virtualskills.eu\/wp-content\/uploads\/2022\/12\/VIBES-logos-300x161.png\" alt=\"\" width=\"203\" height=\"109\" srcset=\"https:\/\/www.virtualskills.eu\/wp-content\/uploads\/2022\/12\/VIBES-logos-300x161.png 300w, https:\/\/www.virtualskills.eu\/wp-content\/uploads\/2022\/12\/VIBES-logos.png 370w\" sizes=\"auto, (max-width: 203px) 100vw, 203px\" \/>Konzorcij \u010dini 7 partnera iz 5 zemalja (HR, FI, EE, BE, SUI) koji posjeduju relevantne vje\u0161tine i kompetencije za u\u010dinkovitu i djelotvornu provedbu projektnih aktivnosti. Glavna prednost ovog transnacionalnog interdisciplinarnog projekta je \u0161to mo\u017eemo koristiti &#8220;najbolju praksu&#8221; iz svake zemlje te dijeliti i razvijati suradni\u010dke pristupe izgradnji virtualnih timova.<\/p>\n<p>&nbsp;<\/p>\n<p>Zajedni\u010dkim stvaranjem inovativnih pristupa za podr\u0161ku mogu\u0107nostima suradnje, mogu\u0107nostima umre\u017eavanja te razvoju inovacija i strate\u0161kih vje\u0161tina, na\u0161 je cilj podr\u017eati dva ciljana podru\u010dja. Prvo, cilj nam je razviti inovacijske i poduzetni\u010dke sposobnosti studenata, a drugo, cilj nam je podr\u017eati pro\u0161irenje ovih mogu\u0107nosti i modula kao potencijalnih razvojnih resursa za mala i srednja poduze\u0107a koja trebaju inovativne intra-poduzetnike. Konzorcij ima za cilj razviti i pro\u0161iriti inovativne virtualne timove za stvaranje novih poduzetni\u010dkih poslovnih mogu\u0107nosti i prilika, uz razvoj odr\u017eivijeg individualnog skupa vje\u0161tina koji se mo\u017ee lak\u0161e prilagoditi i stvoriti nove tr\u017ei\u0161ne prilike.<\/p>\n<p>&nbsp;<\/p>\n<p>Nije nam cilj osposobiti ljude za postoje\u0107e uloge koje brzo zastarijevaju, ve\u0107 razvijati poduzetni\u010dki stav kako bismo razumjeli da je kao odgovor na novonastale prilike potrebna stalna evolucija individualnih i organizacijskih sposobnosti. Vjerujemo da je pobolj\u0161anje sposobnosti pojedinaca za u\u010dinkovito sudjelovanje u virtualnim transnacionalnim timovima logi\u010dan pristup odr\u017eivom gospodarskom razvoju.<\/p>\n<\/div>\n<p>[\/vc_column_text][\/vc_column][\/vc_row][vc_row css_animation=&#8221;&#8221; row_type=&#8221;row&#8221; use_row_as_full_screen_section=&#8221;no&#8221; type=&#8221;grid&#8221; angled_section=&#8221;no&#8221; text_align=&#8221;left&#8221; background_image_as_pattern=&#8221;without_pattern&#8221; css=&#8221;.vc_custom_1477990979174{padding-top: 30px !important;padding-bottom: 30px !important;background-color: #ffffff !important;}&#8221;][vc_column width=&#8221;1\/3&#8243;][vc_single_image image=&#8221;474&#8243; img_size=&#8221;&#8221; alignment=&#8221;center&#8221; onclick=&#8221;custom_link&#8221; qode_css_animation=&#8221;&#8221; link=&#8221;https:\/\/www.virtualskills.eu\/hr\/unidu\/&#8221;][\/vc_column][vc_column width=&#8221;1\/3&#8243;][vc_single_image image=&#8221;476&#8243; img_size=&#8221;&#8221; alignment=&#8221;center&#8221; onclick=&#8221;custom_link&#8221; qode_css_animation=&#8221;&#8221; link=&#8221;https:\/\/www.virtualskills.eu\/hr\/ebs\/&#8221;][\/vc_column][vc_column width=&#8221;1\/3&#8243;][vc_single_image image=&#8221;478&#8243; img_size=&#8221;&#8221; alignment=&#8221;center&#8221; onclick=&#8221;custom_link&#8221; qode_css_animation=&#8221;&#8221; link=&#8221;https:\/\/www.virtualskills.eu\/hr\/lab\/&#8221;][\/vc_column][\/vc_row][vc_row css_animation=&#8221;&#8221; row_type=&#8221;row&#8221; use_row_as_full_screen_section=&#8221;no&#8221; type=&#8221;grid&#8221; angled_section=&#8221;no&#8221; text_align=&#8221;left&#8221; background_image_as_pattern=&#8221;without_pattern&#8221; css=&#8221;.vc_custom_1477990979174{padding-top: 30px !important;padding-bottom: 30px !important;background-color: #ffffff !important;}&#8221;][vc_column width=&#8221;1\/3&#8243;][vc_single_image image=&#8221;480&#8243; img_size=&#8221;&#8221; alignment=&#8221;center&#8221; onclick=&#8221;custom_link&#8221; qode_css_animation=&#8221;&#8221; link=&#8221;https:\/\/www.virtualskills.eu\/hr\/swa\/&#8221;][\/vc_column][vc_column width=&#8221;1\/3&#8243;][vc_single_image image=&#8221;482&#8243; img_size=&#8221;&#8221; alignment=&#8221;center&#8221; onclick=&#8221;custom_link&#8221; qode_css_animation=&#8221;&#8221; link=&#8221;https:\/\/www.virtualskills.eu\/hr\/ekonomska-i-trgovacka-skola\/&#8221;][\/vc_column][vc_column width=&#8221;1\/3&#8243;][vc_single_image image=&#8221;484&#8243; img_size=&#8221;&#8221; alignment=&#8221;center&#8221; onclick=&#8221;custom_link&#8221; qode_css_animation=&#8221;&#8221; css=&#8221;.vc_custom_1675602684080{padding-top: 30px !important;}&#8221; link=&#8221;https:\/\/www.virtualskills.eu\/hr\/ihf\/&#8221;][\/vc_column][\/vc_row][vc_row css_animation=&#8221;&#8221; row_type=&#8221;row&#8221; use_row_as_full_screen_section=&#8221;no&#8221; type=&#8221;grid&#8221; angled_section=&#8221;no&#8221; text_align=&#8221;left&#8221; background_image_as_pattern=&#8221;without_pattern&#8221; css=&#8221;.vc_custom_1477990979174{padding-top: 30px !important;padding-bottom: 30px !important;background-color: #ffffff !important;}&#8221;][vc_column][vc_single_image image=&#8221;493&#8243; img_size=&#8221;&#8221; alignment=&#8221;center&#8221; onclick=&#8221;custom_link&#8221; qode_css_animation=&#8221;&#8221; link=&#8221;https:\/\/www.virtualskills.eu\/hr\/sveuciliste-primijenjenih-znanosti-u-grisonsu\/&#8221;][\/vc_column][\/vc_row][vc_row css_animation=&#8221;&#8221; row_type=&#8221;row&#8221; use_row_as_full_screen_section=&#8221;no&#8221; type=&#8221;full_width&#8221; angled_section=&#8221;no&#8221; text_align=&#8221;left&#8221; background_image_as_pattern=&#8221;without_pattern&#8221;][vc_column][\/vc_column][\/vc_row]<\/p>\n<\/section>","protected":false},"excerpt":{"rendered":"<p>[vc_row css_animation=&#8221;&#8221; row_type=&#8221;row&#8221; use_row_as_full_screen_section=&#8221;no&#8221; type=&#8221;grid&#8221; angled_section=&#8221;no&#8221; text_align=&#8221;left&#8221; background_image_as_pattern=&#8221;without_pattern&#8221; css=&#8221;.vc_custom_1477990979174{padding-top: 30px !important;padding-bottom: 30px !important;background-color: #ffffff !important;}&#8221;][vc_column][vc_column_text] Konzorcij \u010dini 7 partnera iz 5 zemalja (HR, FI, EE, BE, SUI) koji posjeduju relevantne vje\u0161tine i kompetencije za u\u010dinkovitu i djelotvornu provedbu projektnih aktivnosti. Glavna prednost ovog transnacionalnog interdisciplinarnog&#8230;<\/p>\n","protected":false},"author":1,"featured_media":0,"parent":0,"menu_order":0,"comment_status":"closed","ping_status":"closed","template":"full_width.php","meta":{"footnotes":""},"class_list":["post-1215","page","type-page","status-publish","hentry"],"_links":{"self":[{"href":"https:\/\/www.virtualskills.eu\/hr\/wp-json\/wp\/v2\/pages\/1215","targetHints":{"allow":["GET"]}}],"collection":[{"href":"https:\/\/www.virtualskills.eu\/hr\/wp-json\/wp\/v2\/pages"}],"about":[{"href":"https:\/\/www.virtualskills.eu\/hr\/wp-json\/wp\/v2\/types\/page"}],"author":[{"embeddable":true,"href":"https:\/\/www.virtualskills.eu\/hr\/wp-json\/wp\/v2\/users\/1"}],"replies":[{"embeddable":true,"href":"https:\/\/www.virtualskills.eu\/hr\/wp-json\/wp\/v2\/comments?post=1215"}],"version-history":[{"count":5,"href":"https:\/\/www.virtualskills.eu\/hr\/wp-json\/wp\/v2\/pages\/1215\/revisions"}],"predecessor-version":[{"id":1243,"href":"https:\/\/www.virtualskills.eu\/hr\/wp-json\/wp\/v2\/pages\/1215\/revisions\/1243"}],"wp:attachment":[{"href":"https:\/\/www.virtualskills.eu\/hr\/wp-json\/wp\/v2\/media?parent=1215"}],"curies":[{"name":"wp","href":"https:\/\/api.w.org\/{rel}","templated":true}]}}