{"id":1220,"date":"2022-12-08T13:30:46","date_gmt":"2022-12-08T13:30:46","guid":{"rendered":"https:\/\/www.virtualskills.eu\/unidu\/"},"modified":"2023-02-05T12:52:05","modified_gmt":"2023-02-05T12:52:05","slug":"unidu","status":"publish","type":"page","link":"https:\/\/www.virtualskills.eu\/hr\/unidu\/","title":{"rendered":"Sveu\u010dili\u0161te u Dubrovniku"},"content":{"rendered":"<section class=\"wpb-content-wrapper\"><p>[vc_row css_animation=&#8221;&#8221; row_type=&#8221;row&#8221; use_row_as_full_screen_section=&#8221;no&#8221; type=&#8221;grid&#8221; angled_section=&#8221;no&#8221; text_align=&#8221;left&#8221; background_image_as_pattern=&#8221;without_pattern&#8221; css=&#8221;.vc_custom_1477990979174{padding-top: 30px !important;padding-bottom: 30px !important;background-color: #ffffff !important;}&#8221;][vc_column width=&#8221;1\/3&#8243;][vc_single_image image=&#8221;474&#8243; img_size=&#8221;&#8221; alignment=&#8221;center&#8221; qode_css_animation=&#8221;&#8221;][\/vc_column][vc_column width=&#8221;1\/3&#8243;][\/vc_column][vc_column width=&#8221;1\/3&#8243;][vc_single_image image=&#8221;507&#8243; img_size=&#8221;250&#215;74&#8243; alignment=&#8221;center&#8221; qode_css_animation=&#8221;&#8221;][\/vc_column][\/vc_row][vc_row css_animation=&#8221;&#8221; row_type=&#8221;row&#8221; use_row_as_full_screen_section=&#8221;no&#8221; type=&#8221;grid&#8221; angled_section=&#8221;no&#8221; text_align=&#8221;left&#8221; background_image_as_pattern=&#8221;without_pattern&#8221; css=&#8221;.vc_custom_1477990979174{padding-top: 30px !important;padding-bottom: 30px !important;background-color: #ffffff !important;}&#8221;][vc_column][vc_column_text]<\/p>\n<div id=\"comp-kohojt6o\" class=\"_1Q9if _3bcaz\" data-testid=\"richTextElement\">\n<div id=\"comp-kohonn0i1\" class=\"_1Q9if _3bcaz\" data-testid=\"richTextElement\">Sveu\u010dili\u0161te u Dubrovniku je javno sveu\u010dili\u0161te osnovano 2003. i smje\u0161teno u Dubrovniku, Hrvatska. Sastoji se od sedam odjela s 257 zaposlenika od kojih je 90 doktora znanosti. Njegov Odjel za ekonomiju i poslovnu ekonomiju (EPE) osnovan je 1970. godine kao Fakultet za turizam i vanjsku trgovinu Dubrovnik. Vizija i misija Sveu\u010dili\u0161ta je postati me\u0111unarodno priznata institucija koja aktivno doprinosi lokalnoj, nacionalnoj i me\u0111unarodnoj akademskoj zajednici kroz obrazovanje i znanstveni rad uskla\u0111en s najvi\u0161im standardima izvrsnosti. Danas je EPE uklju\u010den u nekoliko projekata i obrazovnih aktivnosti usmjerenih na razumijevanje digitalne transformacije i kako ona mijenja na\u010din na koji ljudi \u017eive i rade, kao i na izgradnju vje\u0161tina zapo\u0161ljivosti me\u0111u studentima.<\/div>\n<div data-testid=\"richTextElement\">\n<p>U sklopu EPE-a djeluje i Centar za istra\u017eivanje digitalne transformacije CREDO. CREDO \u0107e svojim vje\u0161tinama i znanjem aktivno doprinijeti aktivnostima projekta. CREDO je uklju\u010den u aktivnosti izgradnje vje\u0161tina u podru\u010dju digitalnog poduzetni\u0161tva kroz Erasmus+ projekte strate\u0161kog partnerstva Inspiring digital entrepreneurship \u2013 IDEA, E+SLEM Entrepreneural Self-Leadership Education through Virtual Training i ESSENCE. Tako\u0111er ima iskustvo u izgradnji suradnje izme\u0111u sveu\u010dili\u0161ta i gospodarstva kroz CBHE aktivnosti u ulozi koordinatora i partnera. CREDO je koordinator Erasmus+ CBHE projekta ELEGANT koji razvija industrijske obrazovne prakse ICT sveu\u010dili\u0161ta u Jordanu i Libanonu s ciljem ja\u010danja studentskih transverzalnih vje\u0161tina.<\/p>\n<p>Eksperti CREDO-a uklju\u010deni su u projekt E4 financiran od strane Europskog socijalnog fonda koji ima za cilj pobolj\u0161ati kvalitetu, relevantnost i u\u010dinkovitost visokog obrazovanja kroz razvoj i kori\u0161tenje suvremenih nastavnih metoda te projekt Opera II usmjeren na ja\u010danje suradnje znanosti i gospodarstva u procjeni potreba tr\u017ei\u0161ta rada i razvoj ljudskih resursa u Hrvatskoj. Tijekom godina, sada\u0161nji \u010dlanovi CREDO-a bili su uklju\u010deni u kreiranje i izvo\u0111enje programa cjelo\u017eivotnog u\u010denja s ciljem pove\u0107anja vje\u0161tina zapo\u0161ljivosti diplomiranih i nezaposlenih osoba. Njegovi istra\u017eiva\u010di objavili su svoja istra\u017eivanja o temama relevantnim za temu projekta u vode\u0107im svjetskim znanstvenim \u010dasopisima iz podru\u010dja ekonomije kao \u0161to su European Economic Review, Journal of Business Research, Small Business Economics, Journal of Technology Transfer, Research Policy, Technovation i Regional Studies.<\/p>\n<p>Budu\u0107i da se nalazi u Hrvatskoj, ima bogato iskustvo u modernizaciji nastavnih planova i programa i prilagodbi svojih programa kako bi bolje slu\u017eili potrebama tr\u017ei\u0161ta rada u turbulentnom tranzicijskom okru\u017eenju.<\/p>\n<\/div>\n<\/div>\n<p>[\/vc_column_text][\/vc_column][\/vc_row][vc_row css_animation=&#8221;&#8221; row_type=&#8221;row&#8221; use_row_as_full_screen_section=&#8221;no&#8221; type=&#8221;grid&#8221; angled_section=&#8221;no&#8221; text_align=&#8221;left&#8221; background_image_as_pattern=&#8221;without_pattern&#8221; css=&#8221;.vc_custom_1477990979174{padding-top: 30px !important;padding-bottom: 30px !important;background-color: #ffffff !important;}&#8221;][vc_column][vc_btn title=&#8221;Go to web&#8221; align=&#8221;right&#8221; link=&#8221;url:https%3A%2F%2Fcredo.unidu.hr%2Findex.php%2Fen%2F&#8221;][\/vc_column][\/vc_row][vc_row css_animation=&#8221;&#8221; row_type=&#8221;row&#8221; use_row_as_full_screen_section=&#8221;no&#8221; type=&#8221;full_width&#8221; angled_section=&#8221;no&#8221; text_align=&#8221;left&#8221; background_image_as_pattern=&#8221;without_pattern&#8221;][vc_column][\/vc_column][\/vc_row]<\/p>\n<\/section>","protected":false},"excerpt":{"rendered":"<p>[vc_row css_animation=&#8221;&#8221; row_type=&#8221;row&#8221; use_row_as_full_screen_section=&#8221;no&#8221; type=&#8221;grid&#8221; angled_section=&#8221;no&#8221; text_align=&#8221;left&#8221; background_image_as_pattern=&#8221;without_pattern&#8221; css=&#8221;.vc_custom_1477990979174{padding-top: 30px !important;padding-bottom: 30px !important;background-color: #ffffff !important;}&#8221;][vc_column width=&#8221;1\/3&#8243;][vc_single_image image=&#8221;474&#8243; img_size=&#8221;&#8221; alignment=&#8221;center&#8221; qode_css_animation=&#8221;&#8221;][\/vc_column][vc_column width=&#8221;1\/3&#8243;][\/vc_column][vc_column width=&#8221;1\/3&#8243;][vc_single_image image=&#8221;507&#8243; img_size=&#8221;250&#215;74&#8243; alignment=&#8221;center&#8221; qode_css_animation=&#8221;&#8221;][\/vc_column][\/vc_row][vc_row css_animation=&#8221;&#8221; row_type=&#8221;row&#8221; use_row_as_full_screen_section=&#8221;no&#8221; type=&#8221;grid&#8221; angled_section=&#8221;no&#8221; text_align=&#8221;left&#8221; background_image_as_pattern=&#8221;without_pattern&#8221; css=&#8221;.vc_custom_1477990979174{padding-top: 30px !important;padding-bottom: 30px !important;background-color: #ffffff !important;}&#8221;][vc_column][vc_column_text] Sveu\u010dili\u0161te u Dubrovniku je javno&#8230;<\/p>\n","protected":false},"author":1,"featured_media":0,"parent":0,"menu_order":0,"comment_status":"closed","ping_status":"closed","template":"full_width.php","meta":{"footnotes":""},"class_list":["post-1220","page","type-page","status-publish","hentry"],"_links":{"self":[{"href":"https:\/\/www.virtualskills.eu\/hr\/wp-json\/wp\/v2\/pages\/1220","targetHints":{"allow":["GET"]}}],"collection":[{"href":"https:\/\/www.virtualskills.eu\/hr\/wp-json\/wp\/v2\/pages"}],"about":[{"href":"https:\/\/www.virtualskills.eu\/hr\/wp-json\/wp\/v2\/types\/page"}],"author":[{"embeddable":true,"href":"https:\/\/www.virtualskills.eu\/hr\/wp-json\/wp\/v2\/users\/1"}],"replies":[{"embeddable":true,"href":"https:\/\/www.virtualskills.eu\/hr\/wp-json\/wp\/v2\/comments?post=1220"}],"version-history":[{"count":2,"href":"https:\/\/www.virtualskills.eu\/hr\/wp-json\/wp\/v2\/pages\/1220\/revisions"}],"predecessor-version":[{"id":1222,"href":"https:\/\/www.virtualskills.eu\/hr\/wp-json\/wp\/v2\/pages\/1220\/revisions\/1222"}],"wp:attachment":[{"href":"https:\/\/www.virtualskills.eu\/hr\/wp-json\/wp\/v2\/media?parent=1220"}],"curies":[{"name":"wp","href":"https:\/\/api.w.org\/{rel}","templated":true}]}}