{"id":1223,"date":"2022-12-08T13:38:15","date_gmt":"2022-12-08T13:38:15","guid":{"rendered":"https:\/\/www.virtualskills.eu\/ebs\/"},"modified":"2023-02-05T12:54:05","modified_gmt":"2023-02-05T12:54:05","slug":"ebs","status":"publish","type":"page","link":"https:\/\/www.virtualskills.eu\/hr\/ebs\/","title":{"rendered":"Estonian Business School (EBS)"},"content":{"rendered":"<section class=\"wpb-content-wrapper\"><p>[vc_row css_animation=&#8221;&#8221; row_type=&#8221;row&#8221; use_row_as_full_screen_section=&#8221;no&#8221; type=&#8221;grid&#8221; angled_section=&#8221;no&#8221; text_align=&#8221;left&#8221; background_image_as_pattern=&#8221;without_pattern&#8221; css=&#8221;.vc_custom_1477990979174{padding-top: 30px !important;padding-bottom: 30px !important;background-color: #ffffff !important;}&#8221;][vc_column width=&#8221;1\/3&#8243;][vc_single_image image=&#8221;476&#8243; img_size=&#8221;&#8221; alignment=&#8221;center&#8221; qode_css_animation=&#8221;&#8221;][\/vc_column][vc_column width=&#8221;1\/3&#8243;][\/vc_column][vc_column width=&#8221;1\/3&#8243;][\/vc_column][\/vc_row][vc_row css_animation=&#8221;&#8221; row_type=&#8221;row&#8221; use_row_as_full_screen_section=&#8221;no&#8221; type=&#8221;grid&#8221; angled_section=&#8221;no&#8221; text_align=&#8221;left&#8221; background_image_as_pattern=&#8221;without_pattern&#8221; css=&#8221;.vc_custom_1477990979174{padding-top: 30px !important;padding-bottom: 30px !important;background-color: #ffffff !important;}&#8221;][vc_column][vc_column_text]EBS: Estonian Business School (EBS) je najstarija privatna poslovna \u0161kola na Baltiku osnovana 1988. Kao samostalna privatna poslovna \u0161kola u vlasni\u0161tvu SA Estonian Business School (neprofitna zaklada) sveu\u010dili\u0161te je financijski neovisno i prima samo ograni\u010dena sredstva od dr\u017eave za financiranje istra\u017eiva\u010dke baze. Kao poslovna \u0161kola na stalnom sveu\u010dili\u0161tu, EBS nudi preddiplomske programe, magisterije i doktorate u studijskoj grupi poslovanja i administracije.<\/p>\n<p>Me\u0111unarodno iskustvo u\u010denja sastavni je dio EBS strategije. Kao najja\u010de me\u0111unarodno sveu\u010dili\u0161te u Estoniji, svjesno i strate\u0161ki te\u017ei pove\u0107anju udjela me\u0111unarodnih predava\u010da i njihovoj mobilnosti, ja\u010danju suradnje s akademskim i korporativnim partnerima te pobolj\u0161anju mobilnosti studenata. EBS je tako\u0111er aktivno uklju\u010den u me\u0111unarodne projekte.<\/p>\n<p>U nastavi i istra\u017eivanju, EBS se oslanja na mre\u017eu kontakata i partnerstva s poslovnim \u0161kolama, poslovnom zajednicom i javnim sektorom u Estoniji, kao i u inozemstvu. Aktivnosti EBS-a vode se na\u010delima etike, odgovornosti i odr\u017eivosti. EBS ima 61 partnersko sveu\u010dili\u0161te u 30 zemalja. Za prvostupni\u010dke programe, ukupan broj partnera je 57, od kojih 29 partnera posjeduje najmanje jednu od vode\u0107ih institucionalnih akreditacija, bilo EQUIS ili AACSB. Osim toga, akreditaciju EPAS programa posjeduje 12 partnera. 10 partnera ima tzv. \u201cTriple Crown\u201dstatus.[\/vc_column_text][\/vc_column][\/vc_row][vc_row css_animation=&#8221;&#8221; row_type=&#8221;row&#8221; use_row_as_full_screen_section=&#8221;no&#8221; type=&#8221;grid&#8221; angled_section=&#8221;no&#8221; text_align=&#8221;left&#8221; background_image_as_pattern=&#8221;without_pattern&#8221; css=&#8221;.vc_custom_1477990979174{padding-top: 30px !important;padding-bottom: 30px !important;background-color: #ffffff !important;}&#8221;][vc_column][vc_btn title=&#8221;Go to web&#8221; align=&#8221;right&#8221; link=&#8221;url:https%3A%2F%2Febs.ee%2F&#8221;][\/vc_column][\/vc_row][vc_row css_animation=&#8221;&#8221; row_type=&#8221;row&#8221; use_row_as_full_screen_section=&#8221;no&#8221; type=&#8221;full_width&#8221; angled_section=&#8221;no&#8221; text_align=&#8221;left&#8221; background_image_as_pattern=&#8221;without_pattern&#8221;][vc_column][\/vc_column][\/vc_row]<\/p>\n<\/section>","protected":false},"excerpt":{"rendered":"<p>[vc_row css_animation=&#8221;&#8221; row_type=&#8221;row&#8221; use_row_as_full_screen_section=&#8221;no&#8221; type=&#8221;grid&#8221; angled_section=&#8221;no&#8221; text_align=&#8221;left&#8221; background_image_as_pattern=&#8221;without_pattern&#8221; css=&#8221;.vc_custom_1477990979174{padding-top: 30px !important;padding-bottom: 30px !important;background-color: #ffffff !important;}&#8221;][vc_column width=&#8221;1\/3&#8243;][vc_single_image image=&#8221;476&#8243; img_size=&#8221;&#8221; alignment=&#8221;center&#8221; qode_css_animation=&#8221;&#8221;][\/vc_column][vc_column width=&#8221;1\/3&#8243;][\/vc_column][vc_column width=&#8221;1\/3&#8243;][\/vc_column][\/vc_row][vc_row css_animation=&#8221;&#8221; row_type=&#8221;row&#8221; use_row_as_full_screen_section=&#8221;no&#8221; type=&#8221;grid&#8221; angled_section=&#8221;no&#8221; text_align=&#8221;left&#8221; background_image_as_pattern=&#8221;without_pattern&#8221; css=&#8221;.vc_custom_1477990979174{padding-top: 30px !important;padding-bottom: 30px !important;background-color: #ffffff !important;}&#8221;][vc_column][vc_column_text]EBS: Estonian Business School (EBS) je najstarija privatna poslovna \u0161kola&#8230;<\/p>\n","protected":false},"author":1,"featured_media":0,"parent":0,"menu_order":0,"comment_status":"closed","ping_status":"closed","template":"full_width.php","meta":{"footnotes":""},"class_list":["post-1223","page","type-page","status-publish","hentry"],"_links":{"self":[{"href":"https:\/\/www.virtualskills.eu\/hr\/wp-json\/wp\/v2\/pages\/1223","targetHints":{"allow":["GET"]}}],"collection":[{"href":"https:\/\/www.virtualskills.eu\/hr\/wp-json\/wp\/v2\/pages"}],"about":[{"href":"https:\/\/www.virtualskills.eu\/hr\/wp-json\/wp\/v2\/types\/page"}],"author":[{"embeddable":true,"href":"https:\/\/www.virtualskills.eu\/hr\/wp-json\/wp\/v2\/users\/1"}],"replies":[{"embeddable":true,"href":"https:\/\/www.virtualskills.eu\/hr\/wp-json\/wp\/v2\/comments?post=1223"}],"version-history":[{"count":1,"href":"https:\/\/www.virtualskills.eu\/hr\/wp-json\/wp\/v2\/pages\/1223\/revisions"}],"predecessor-version":[{"id":1224,"href":"https:\/\/www.virtualskills.eu\/hr\/wp-json\/wp\/v2\/pages\/1223\/revisions\/1224"}],"wp:attachment":[{"href":"https:\/\/www.virtualskills.eu\/hr\/wp-json\/wp\/v2\/media?parent=1223"}],"curies":[{"name":"wp","href":"https:\/\/api.w.org\/{rel}","templated":true}]}}