{"id":1225,"date":"2022-12-08T13:40:57","date_gmt":"2022-12-08T13:40:57","guid":{"rendered":"https:\/\/www.virtualskills.eu\/lab\/"},"modified":"2023-02-05T12:57:01","modified_gmt":"2023-02-05T12:57:01","slug":"lab","status":"publish","type":"page","link":"https:\/\/www.virtualskills.eu\/hr\/lab\/","title":{"rendered":"LAB sveu\u010dili\u0161te primijenjenih znanosti"},"content":{"rendered":"<section class=\"wpb-content-wrapper\"><p>[vc_row css_animation=&#8221;&#8221; row_type=&#8221;row&#8221; use_row_as_full_screen_section=&#8221;no&#8221; type=&#8221;grid&#8221; angled_section=&#8221;no&#8221; text_align=&#8221;left&#8221; background_image_as_pattern=&#8221;without_pattern&#8221; css=&#8221;.vc_custom_1477990979174{padding-top: 30px !important;padding-bottom: 30px !important;background-color: #ffffff !important;}&#8221;][vc_column width=&#8221;1\/3&#8243;][vc_single_image image=&#8221;478&#8243; img_size=&#8221;&#8221; alignment=&#8221;center&#8221; qode_css_animation=&#8221;&#8221;][\/vc_column][vc_column width=&#8221;1\/3&#8243;][\/vc_column][vc_column width=&#8221;1\/3&#8243;][\/vc_column][\/vc_row][vc_row css_animation=&#8221;&#8221; row_type=&#8221;row&#8221; use_row_as_full_screen_section=&#8221;no&#8221; type=&#8221;grid&#8221; angled_section=&#8221;no&#8221; text_align=&#8221;left&#8221; background_image_as_pattern=&#8221;without_pattern&#8221; css=&#8221;.vc_custom_1477990979174{padding-top: 30px !important;padding-bottom: 30px !important;background-color: #ffffff !important;}&#8221;][vc_column][vc_column_text]LAB sveu\u010dili\u0161te primijenjenih znanosti potpuno je nova institucija. Sveu\u010dili\u0161te primijenjenih znanosti Lahti (Lahti UAS) i Sveu\u010dili\u0161te primijenjenih znanosti (Saimaa) spojili su se 1.1.2020., te zajedno osnivaju LAB. LAB je visoko\u0161kolska ustanova usmjerena na inovacije, poslovanje i industriju. Djeluje u Lahtiju i Lappeenranti te pru\u017ea obrazovanje u offline i online okru\u017eenju. LAB ima 8 500 studenata i 360 nastavnika i drugog osoblja, \u0161to ga \u010dini \u0161estim najve\u0107im sveu\u010dili\u0161tem primijenjenih znanosti u Finskoj.<\/p>\n<p>Specijalnosti u podru\u010dju istra\u017eivanja, razvoja i inovacija (RDI) su kru\u017ena ekonomija, dizajn, komercijalizacija inovacija i inovacije usluga za zdravlje i dobrobit. Aktivnosti primijenjenog istra\u017eivanja LAB-a usmjerene su na pronala\u017eenje, razvoj i proizvodnju novih i pobolj\u0161anih proizvoda, proizvodnih sustava, metoda i usluga. Podru\u010dja fokusa integrirana su u pou\u010davanje, u\u010denje i organizacijsku filozofiju.<\/p>\n<p>Cilj LAB-a je razviti regionalno radno okru\u017eenje, poduzetni\u0161tvo, regionalno okru\u017eenje za u\u010denje i inovacije, te unaprijediti dobrobit pojedinca i okoli\u0161a, te kona\u010dno podr\u017eati internacionalizaciju. LAB promi\u010de regionalnu konkurentnost u bliskoj suradnji s lokalnim sektorom zapo\u0161ljavanja i studentima pru\u017ea multidisciplinarne industrijske projekte na kojima mogu raditi.<\/p>\n<p>LAB je inovativni partner u podru\u010dju istra\u017eivanja i razvoja (RDI). RDI volumen iznosi oko 9 milijuna eura godi\u0161nje. Od 2003. Lahti UAS i Saimaa UAS su sudjelovali u stotinama projekata koje financira EU, kako nacionalnih tako i me\u0111unarodnih, uklju\u010duju\u0107i Erasmus+, Strukturne fondove, Interreg Central Baltic, Interreg Europe, Interreg Baltic Sea Region itd.<\/p>\n<p>Stru\u010dnost LAB-a proizlazi iz visokokvalificiranog osoblja, bogatog iskustva u razli\u010ditim obrazovnim podru\u010djima, jakih regionalnih i me\u0111unarodnih mre\u017ea te uspje\u0161ne suradnje s partnerima i poslovnih kontakata u Finskoj i inozemstvu. S proaktivnim stavom usmjerenim na rezultate, me\u0111unarodne aktivnosti LAB-a usmjerene su na stvaranje novih i autenti\u010dnih situacija u\u010denja i inovativnih pedago\u0161kih rje\u0161enja. To zna\u010di nove inovacije, nove proizvode i usluge, nove radne metode i procese te nove na\u010dine rada u budu\u0107nosti.<\/p>\n<p>LAB je zajedno s Lappeenranta University of Technology LUT dio LUT grupe koja djeluje kao glavna organizacija.<br \/>\n[\/vc_column_text][\/vc_column][\/vc_row][vc_row css_animation=&#8221;&#8221; row_type=&#8221;row&#8221; use_row_as_full_screen_section=&#8221;no&#8221; type=&#8221;grid&#8221; angled_section=&#8221;no&#8221; text_align=&#8221;left&#8221; background_image_as_pattern=&#8221;without_pattern&#8221; css=&#8221;.vc_custom_1477990979174{padding-top: 30px !important;padding-bottom: 30px !important;background-color: #ffffff !important;}&#8221;][vc_column][vc_btn title=&#8221;Go to web&#8221; align=&#8221;right&#8221; link=&#8221;url:http%3A%2F%2Fwww.lab.fi%2F&#8221;][\/vc_column][\/vc_row][vc_row css_animation=&#8221;&#8221; row_type=&#8221;row&#8221; use_row_as_full_screen_section=&#8221;no&#8221; type=&#8221;full_width&#8221; angled_section=&#8221;no&#8221; text_align=&#8221;left&#8221; background_image_as_pattern=&#8221;without_pattern&#8221;][vc_column][\/vc_column][\/vc_row]<\/p>\n<\/section>","protected":false},"excerpt":{"rendered":"<p>[vc_row css_animation=&#8221;&#8221; row_type=&#8221;row&#8221; use_row_as_full_screen_section=&#8221;no&#8221; type=&#8221;grid&#8221; angled_section=&#8221;no&#8221; text_align=&#8221;left&#8221; background_image_as_pattern=&#8221;without_pattern&#8221; css=&#8221;.vc_custom_1477990979174{padding-top: 30px !important;padding-bottom: 30px !important;background-color: #ffffff !important;}&#8221;][vc_column width=&#8221;1\/3&#8243;][vc_single_image image=&#8221;478&#8243; img_size=&#8221;&#8221; alignment=&#8221;center&#8221; qode_css_animation=&#8221;&#8221;][\/vc_column][vc_column width=&#8221;1\/3&#8243;][\/vc_column][vc_column width=&#8221;1\/3&#8243;][\/vc_column][\/vc_row][vc_row css_animation=&#8221;&#8221; row_type=&#8221;row&#8221; use_row_as_full_screen_section=&#8221;no&#8221; type=&#8221;grid&#8221; angled_section=&#8221;no&#8221; text_align=&#8221;left&#8221; background_image_as_pattern=&#8221;without_pattern&#8221; css=&#8221;.vc_custom_1477990979174{padding-top: 30px !important;padding-bottom: 30px !important;background-color: #ffffff !important;}&#8221;][vc_column][vc_column_text]LAB sveu\u010dili\u0161te primijenjenih znanosti potpuno je nova institucija. Sveu\u010dili\u0161te primijenjenih&#8230;<\/p>\n","protected":false},"author":1,"featured_media":0,"parent":0,"menu_order":0,"comment_status":"closed","ping_status":"closed","template":"full_width.php","meta":{"footnotes":""},"class_list":["post-1225","page","type-page","status-publish","hentry"],"_links":{"self":[{"href":"https:\/\/www.virtualskills.eu\/hr\/wp-json\/wp\/v2\/pages\/1225","targetHints":{"allow":["GET"]}}],"collection":[{"href":"https:\/\/www.virtualskills.eu\/hr\/wp-json\/wp\/v2\/pages"}],"about":[{"href":"https:\/\/www.virtualskills.eu\/hr\/wp-json\/wp\/v2\/types\/page"}],"author":[{"embeddable":true,"href":"https:\/\/www.virtualskills.eu\/hr\/wp-json\/wp\/v2\/users\/1"}],"replies":[{"embeddable":true,"href":"https:\/\/www.virtualskills.eu\/hr\/wp-json\/wp\/v2\/comments?post=1225"}],"version-history":[{"count":2,"href":"https:\/\/www.virtualskills.eu\/hr\/wp-json\/wp\/v2\/pages\/1225\/revisions"}],"predecessor-version":[{"id":1227,"href":"https:\/\/www.virtualskills.eu\/hr\/wp-json\/wp\/v2\/pages\/1225\/revisions\/1227"}],"wp:attachment":[{"href":"https:\/\/www.virtualskills.eu\/hr\/wp-json\/wp\/v2\/media?parent=1225"}],"curies":[{"name":"wp","href":"https:\/\/api.w.org\/{rel}","templated":true}]}}