{"id":1229,"date":"2022-12-08T13:42:56","date_gmt":"2022-12-08T13:42:56","guid":{"rendered":"https:\/\/www.virtualskills.eu\/swa\/"},"modified":"2023-02-05T13:00:23","modified_gmt":"2023-02-05T13:00:23","slug":"swa","status":"publish","type":"page","link":"https:\/\/www.virtualskills.eu\/hr\/swa\/","title":{"rendered":"Udruga Smartwork"},"content":{"rendered":"<section class=\"wpb-content-wrapper\"><p>[vc_row css_animation=&#8221;&#8221; row_type=&#8221;row&#8221; use_row_as_full_screen_section=&#8221;no&#8221; type=&#8221;grid&#8221; angled_section=&#8221;no&#8221; text_align=&#8221;left&#8221; background_image_as_pattern=&#8221;without_pattern&#8221; css=&#8221;.vc_custom_1477990979174{padding-top: 30px !important;padding-bottom: 30px !important;background-color: #ffffff !important;}&#8221;][vc_column width=&#8221;1\/3&#8243;][vc_single_image image=&#8221;480&#8243; img_size=&#8221;&#8221; alignment=&#8221;center&#8221; qode_css_animation=&#8221;&#8221;][\/vc_column][vc_column width=&#8221;1\/3&#8243;][\/vc_column][vc_column width=&#8221;1\/3&#8243;][\/vc_column][\/vc_row][vc_row css_animation=&#8221;&#8221; row_type=&#8221;row&#8221; use_row_as_full_screen_section=&#8221;no&#8221; type=&#8221;grid&#8221; angled_section=&#8221;no&#8221; text_align=&#8221;left&#8221; background_image_as_pattern=&#8221;without_pattern&#8221; css=&#8221;.vc_custom_1477990979174{padding-top: 30px !important;padding-bottom: 30px !important;background-color: #ffffff !important;}&#8221;][vc_column][vc_column_text]<\/p>\n<div id=\"comp-kohp9584\" class=\"_1Q9if _3bcaz\" data-testid=\"richTextElement\">\n<p>Osnovana 2007. godine, udruga Smartwork (NGO) zala\u017ee se za pametne i suvremene prakse rada. Misija udruge Smartwork je promicanje pametnog rada, uklju\u010duju\u0107i rad na daljinu u Estoniji kako bi se ljudima omogu\u0107ilo da rade u obliku i na mjestu koje im odgovara. Kroz razli\u010dite aktivnosti pridonosi pobolj\u0161anju fleksibilnosti i prilagodljivosti estonskog tr\u017ei\u0161ta rada kako bi se bolje suo\u010dio sa zahtjevima koji dolaze iz vanjskog okru\u017eenja (npr. globalizacija, razvoj tehnologija i ICT-a, promjene u o\u010dekivanjima zaposlenika, pove\u0107ana konkurencija za talente itd.).<\/p>\n<p>U Smartworku cijenimo:<\/p>\n<ul>\n<li>Pametne radne prakse op\u0107enito, gdje je naglasak na ishodu rada, a ne na vremenu i mjestu gdje je posao obavljen;<\/li>\n<li>Autonomiju zaposlenika (uklju\u010duju\u0107i fleksibilnost u odabiru kako, kada i gdje \u0107e se posao obavljati)<\/li>\n<li>Upravlja\u010dke prakse temeljene na ulozi, vrijednosti i kompetencijama;<\/li>\n<li>Maksimiziranje potencijala i koristi od razvoja ICT-a;<\/li>\n<li>Na\u0161e glavne aktivnosti uklju\u010duju:<\/li>\n<li>Prikupljanje najboljih praksi iz razli\u010ditih organizacija diljem svijeta i njihovo dijeljenje s na\u0161im lokalnim organizacijama;<\/li>\n<li>Provo\u0111enje istra\u017eivanja u suradnji sa sveu\u010dili\u0161tima kako bi se mapiralo trenutno stanje u estonskim organizacijama u pogledu kori\u0161tenja pametnih radnih praksi; te trenutne i budu\u0107e potrebe u pogledu kompetencija zaposlenika;<\/li>\n<li>Razvoj kompetencija sada\u0161njih i budu\u0107ih menad\u017eera i zaposlenika;<\/li>\n<li>Vo\u0111enje i sudjelovanje u razli\u010ditim me\u0111unarodnim i lokalnim projektima koje financira EU, lokalne vlasti i\/ili privatne organizacije.<\/li>\n<\/ul>\n<\/div>\n<p>[\/vc_column_text][\/vc_column][\/vc_row][vc_row css_animation=&#8221;&#8221; row_type=&#8221;row&#8221; use_row_as_full_screen_section=&#8221;no&#8221; type=&#8221;grid&#8221; angled_section=&#8221;no&#8221; text_align=&#8221;left&#8221; background_image_as_pattern=&#8221;without_pattern&#8221; css=&#8221;.vc_custom_1477990979174{padding-top: 30px !important;padding-bottom: 30px !important;background-color: #ffffff !important;}&#8221;][vc_column][vc_btn title=&#8221;Go to web&#8221; align=&#8221;right&#8221; link=&#8221;url:http%3A%2F%2Fwww.smartwork.ee%2F&#8221;][\/vc_column][\/vc_row][vc_row css_animation=&#8221;&#8221; row_type=&#8221;row&#8221; use_row_as_full_screen_section=&#8221;no&#8221; type=&#8221;full_width&#8221; angled_section=&#8221;no&#8221; text_align=&#8221;left&#8221; background_image_as_pattern=&#8221;without_pattern&#8221;][vc_column][\/vc_column][\/vc_row]<\/p>\n<\/section>","protected":false},"excerpt":{"rendered":"<p>[vc_row css_animation=&#8221;&#8221; row_type=&#8221;row&#8221; use_row_as_full_screen_section=&#8221;no&#8221; type=&#8221;grid&#8221; angled_section=&#8221;no&#8221; text_align=&#8221;left&#8221; background_image_as_pattern=&#8221;without_pattern&#8221; css=&#8221;.vc_custom_1477990979174{padding-top: 30px !important;padding-bottom: 30px !important;background-color: #ffffff !important;}&#8221;][vc_column width=&#8221;1\/3&#8243;][vc_single_image image=&#8221;480&#8243; img_size=&#8221;&#8221; alignment=&#8221;center&#8221; qode_css_animation=&#8221;&#8221;][\/vc_column][vc_column width=&#8221;1\/3&#8243;][\/vc_column][vc_column width=&#8221;1\/3&#8243;][\/vc_column][\/vc_row][vc_row css_animation=&#8221;&#8221; row_type=&#8221;row&#8221; use_row_as_full_screen_section=&#8221;no&#8221; type=&#8221;grid&#8221; angled_section=&#8221;no&#8221; text_align=&#8221;left&#8221; background_image_as_pattern=&#8221;without_pattern&#8221; css=&#8221;.vc_custom_1477990979174{padding-top: 30px !important;padding-bottom: 30px !important;background-color: #ffffff !important;}&#8221;][vc_column][vc_column_text] Osnovana 2007. godine, udruga Smartwork (NGO) zala\u017ee se za&#8230;<\/p>\n","protected":false},"author":1,"featured_media":0,"parent":0,"menu_order":0,"comment_status":"closed","ping_status":"closed","template":"full_width.php","meta":{"footnotes":""},"class_list":["post-1229","page","type-page","status-publish","hentry"],"_links":{"self":[{"href":"https:\/\/www.virtualskills.eu\/hr\/wp-json\/wp\/v2\/pages\/1229","targetHints":{"allow":["GET"]}}],"collection":[{"href":"https:\/\/www.virtualskills.eu\/hr\/wp-json\/wp\/v2\/pages"}],"about":[{"href":"https:\/\/www.virtualskills.eu\/hr\/wp-json\/wp\/v2\/types\/page"}],"author":[{"embeddable":true,"href":"https:\/\/www.virtualskills.eu\/hr\/wp-json\/wp\/v2\/users\/1"}],"replies":[{"embeddable":true,"href":"https:\/\/www.virtualskills.eu\/hr\/wp-json\/wp\/v2\/comments?post=1229"}],"version-history":[{"count":1,"href":"https:\/\/www.virtualskills.eu\/hr\/wp-json\/wp\/v2\/pages\/1229\/revisions"}],"predecessor-version":[{"id":1230,"href":"https:\/\/www.virtualskills.eu\/hr\/wp-json\/wp\/v2\/pages\/1229\/revisions\/1230"}],"wp:attachment":[{"href":"https:\/\/www.virtualskills.eu\/hr\/wp-json\/wp\/v2\/media?parent=1229"}],"curies":[{"name":"wp","href":"https:\/\/api.w.org\/{rel}","templated":true}]}}