{"id":1233,"date":"2022-12-08T13:46:31","date_gmt":"2022-12-08T13:46:31","guid":{"rendered":"https:\/\/www.virtualskills.eu\/higher-school-of-economics-and-trade\/"},"modified":"2023-02-05T13:05:33","modified_gmt":"2023-02-05T13:05:33","slug":"ekonomska-i-trgovacka-skola","status":"publish","type":"page","link":"https:\/\/www.virtualskills.eu\/hr\/ekonomska-i-trgovacka-skola\/","title":{"rendered":"Ekonomska i trgova\u010dka \u0161kola"},"content":{"rendered":"<section class=\"wpb-content-wrapper\"><p>[vc_row css_animation=&#8221;&#8221; row_type=&#8221;row&#8221; use_row_as_full_screen_section=&#8221;no&#8221; type=&#8221;grid&#8221; angled_section=&#8221;no&#8221; text_align=&#8221;left&#8221; background_image_as_pattern=&#8221;without_pattern&#8221; css=&#8221;.vc_custom_1477990979174{padding-top: 30px !important;padding-bottom: 30px !important;background-color: #ffffff !important;}&#8221;][vc_column width=&#8221;1\/3&#8243;][vc_single_image image=&#8221;482&#8243; img_size=&#8221;&#8221; alignment=&#8221;center&#8221; qode_css_animation=&#8221;&#8221;][\/vc_column][vc_column width=&#8221;1\/3&#8243;][\/vc_column][vc_column width=&#8221;1\/3&#8243;][\/vc_column][\/vc_row][vc_row css_animation=&#8221;&#8221; row_type=&#8221;row&#8221; use_row_as_full_screen_section=&#8221;no&#8221; type=&#8221;grid&#8221; angled_section=&#8221;no&#8221; text_align=&#8221;left&#8221; background_image_as_pattern=&#8221;without_pattern&#8221; css=&#8221;.vc_custom_1477990979174{padding-top: 30px !important;padding-bottom: 30px !important;background-color: #ffffff !important;}&#8221;][vc_column][vc_column_text]<\/p>\n<div id=\"comp-kohpg6rs\" class=\"_1Q9if _3bcaz\" data-testid=\"richTextElement\">\n<p>Ekonomska i trgova\u010dka \u0161kola jedno je od sredi\u0161ta srednjo\u0161kolskog strukovnog obrazovanja u Dubrovniku, \u0161to zna\u010di da u\u010denici stje\u010du svoje prvo zanimanje koje im omogu\u0107uje uklju\u010divanje na tr\u017ei\u0161te rada. Za u\u010denike koji \u017eele nastaviti studij na sveu\u010dili\u0161noj razini, \u0161kola organizira dopunsku nastavu kako bi ih \u0161to bolje pripremila za polaganje zavr\u0161nih ispita, \u010dime jam\u010di vertikalni prolaz do \u017eeljenih sveu\u010dili\u0161ta.<\/p>\n<p>Na\u0161a \u0161kola nudi obrazovanje za \u010detverogodi\u0161nje programe: ekonomija, trgovina i poslovni tajnik te 3-godi\u0161nji program za pomo\u0107nog prodava\u010da (trgovac). Kako bismo obogatili raznolikost programa, prije nekoliko godina uveli smo op\u0107i ekonomski smjer gimnazijskog programa. \u0160kola tako\u0111er ima licencu Ministarstva obrazovanja RH za srednjo\u0161kolski pravni program. Svaki od ovih programa sastoji se od op\u0107eg i stru\u010dnog kurikuluma.<\/p>\n<p>Na\u0161a \u0161kola ima dugu tradiciju u obrazovanju. Pravni je sljedbenik \u0161kole osnovane 1913. godine. 2018. godine proslavili smo 105 godina postojanja. Danas na\u0161u \u0161kolu poha\u0111a 350 u\u010denika u 18 odjeljenja, imamo 40 nastavnika te ukupno 50 zaposlenika. Na\u0161i polaznici u dobi od 15-18 godina obrazuju se za rad u ra\u010dunovodstvu, financijama, bankarstvu, osiguranju, trgovini i administraciji. Tijekom studija u\u010denike se poti\u010de na razmi\u0161ljanje i stvaranje vlastitih poduze\u0107a. U\u010de kako pokrenuti svoj posao, razviti poslovnu ideju i raditi sa zami\u0161ljenim proizvodima, ali baratati stvarnim dokumentima. Imamo program \u0161kole govorni\u0161tva za razvoj komunikacijskih vje\u0161tina. Ovaj program je razvijen od strane IPA EU fondova. \u0160kola je sudjelovala u nekoliko projekata financiranih iz programa Erasmus+ kao prva srednjo\u0161kolska korisnica u dubrova\u010dkoj regiji.<\/p>\n<\/div>\n<p>[\/vc_column_text][\/vc_column][\/vc_row][vc_row css_animation=&#8221;&#8221; row_type=&#8221;row&#8221; use_row_as_full_screen_section=&#8221;no&#8221; type=&#8221;grid&#8221; angled_section=&#8221;no&#8221; text_align=&#8221;left&#8221; background_image_as_pattern=&#8221;without_pattern&#8221; css=&#8221;.vc_custom_1477990979174{padding-top: 30px !important;padding-bottom: 30px !important;background-color: #ffffff !important;}&#8221;][vc_column][vc_btn title=&#8221;Go to web&#8221; align=&#8221;right&#8221; link=&#8221;url:https%3A%2F%2Fekonomska-dubrovnik.com%2F&#8221;][\/vc_column][\/vc_row][vc_row css_animation=&#8221;&#8221; row_type=&#8221;row&#8221; use_row_as_full_screen_section=&#8221;no&#8221; type=&#8221;full_width&#8221; angled_section=&#8221;no&#8221; text_align=&#8221;left&#8221; background_image_as_pattern=&#8221;without_pattern&#8221;][vc_column][\/vc_column][\/vc_row]<\/p>\n<\/section>","protected":false},"excerpt":{"rendered":"<p>[vc_row css_animation=&#8221;&#8221; row_type=&#8221;row&#8221; use_row_as_full_screen_section=&#8221;no&#8221; type=&#8221;grid&#8221; angled_section=&#8221;no&#8221; text_align=&#8221;left&#8221; background_image_as_pattern=&#8221;without_pattern&#8221; css=&#8221;.vc_custom_1477990979174{padding-top: 30px !important;padding-bottom: 30px !important;background-color: #ffffff !important;}&#8221;][vc_column width=&#8221;1\/3&#8243;][vc_single_image image=&#8221;482&#8243; img_size=&#8221;&#8221; alignment=&#8221;center&#8221; qode_css_animation=&#8221;&#8221;][\/vc_column][vc_column width=&#8221;1\/3&#8243;][\/vc_column][vc_column width=&#8221;1\/3&#8243;][\/vc_column][\/vc_row][vc_row css_animation=&#8221;&#8221; row_type=&#8221;row&#8221; use_row_as_full_screen_section=&#8221;no&#8221; type=&#8221;grid&#8221; angled_section=&#8221;no&#8221; text_align=&#8221;left&#8221; background_image_as_pattern=&#8221;without_pattern&#8221; css=&#8221;.vc_custom_1477990979174{padding-top: 30px !important;padding-bottom: 30px !important;background-color: #ffffff !important;}&#8221;][vc_column][vc_column_text] Ekonomska i trgova\u010dka \u0161kola jedno je od sredi\u0161ta srednjo\u0161kolskog&#8230;<\/p>\n","protected":false},"author":1,"featured_media":0,"parent":0,"menu_order":0,"comment_status":"closed","ping_status":"closed","template":"full_width.php","meta":{"footnotes":""},"class_list":["post-1233","page","type-page","status-publish","hentry"],"_links":{"self":[{"href":"https:\/\/www.virtualskills.eu\/hr\/wp-json\/wp\/v2\/pages\/1233","targetHints":{"allow":["GET"]}}],"collection":[{"href":"https:\/\/www.virtualskills.eu\/hr\/wp-json\/wp\/v2\/pages"}],"about":[{"href":"https:\/\/www.virtualskills.eu\/hr\/wp-json\/wp\/v2\/types\/page"}],"author":[{"embeddable":true,"href":"https:\/\/www.virtualskills.eu\/hr\/wp-json\/wp\/v2\/users\/1"}],"replies":[{"embeddable":true,"href":"https:\/\/www.virtualskills.eu\/hr\/wp-json\/wp\/v2\/comments?post=1233"}],"version-history":[{"count":1,"href":"https:\/\/www.virtualskills.eu\/hr\/wp-json\/wp\/v2\/pages\/1233\/revisions"}],"predecessor-version":[{"id":1236,"href":"https:\/\/www.virtualskills.eu\/hr\/wp-json\/wp\/v2\/pages\/1233\/revisions\/1236"}],"wp:attachment":[{"href":"https:\/\/www.virtualskills.eu\/hr\/wp-json\/wp\/v2\/media?parent=1233"}],"curies":[{"name":"wp","href":"https:\/\/api.w.org\/{rel}","templated":true}]}}