{"id":1237,"date":"2022-12-08T13:47:35","date_gmt":"2022-12-08T13:47:35","guid":{"rendered":"https:\/\/www.virtualskills.eu\/ihf\/"},"modified":"2023-02-05T13:06:54","modified_gmt":"2023-02-05T13:06:54","slug":"ihf","status":"publish","type":"page","link":"https:\/\/www.virtualskills.eu\/hr\/ihf\/","title":{"rendered":"Institut de Haute Formation"},"content":{"rendered":"<section class=\"wpb-content-wrapper\"><p>[vc_row css_animation=&#8221;&#8221; row_type=&#8221;row&#8221; use_row_as_full_screen_section=&#8221;no&#8221; type=&#8221;grid&#8221; angled_section=&#8221;no&#8221; text_align=&#8221;left&#8221; background_image_as_pattern=&#8221;without_pattern&#8221; css=&#8221;.vc_custom_1477990979174{padding-top: 30px !important;padding-bottom: 30px !important;background-color: #ffffff !important;}&#8221;][vc_column width=&#8221;1\/3&#8243;][vc_single_image image=&#8221;484&#8243; img_size=&#8221;&#8221; alignment=&#8221;center&#8221; qode_css_animation=&#8221;&#8221;][\/vc_column][vc_column width=&#8221;1\/3&#8243;][\/vc_column][vc_column width=&#8221;1\/3&#8243;][\/vc_column][\/vc_row][vc_row css_animation=&#8221;&#8221; row_type=&#8221;row&#8221; use_row_as_full_screen_section=&#8221;no&#8221; type=&#8221;grid&#8221; angled_section=&#8221;no&#8221; text_align=&#8221;left&#8221; background_image_as_pattern=&#8221;without_pattern&#8221; css=&#8221;.vc_custom_1477990979174{padding-top: 30px !important;padding-bottom: 30px !important;background-color: #ffffff !important;}&#8221;][vc_column][vc_column_text]IHF: IHF, Institut de Haute Formation aux Politiques Communautaires asbl, je neprofitna organizacija osnovana u Bruxellesu (Belgija) 2003. godine.<br \/>\nGlavni cilj IHF-a je pru\u017eiti zajednici (uklju\u010duju\u0107i neprofitne i lokalne vlasti) pomo\u0107 za razvoj \u0161ire me\u0111unarodne suradnje kroz aktivnosti specijalizirane obuke o europskim politikama i \u0161irenju europskih vrijednosti.<\/p>\n<p>Jedan od na\u010dina za postizanje ovog cilja je organizacija visokospecijaliziranih te\u010dajeva i seminara usmjerenih na razvoj europskih projekata. Te\u010dajevi su usmjereni na politike i zakonodavstvo EU-a, me\u0111unarodne odnose i upravljanje projektima, promi\u010du\u0107i mogu\u0107nost sudjelovanja u programima koje financira EU.<\/p>\n<p>IHF tako\u0111er organizira studijske grupe u Bruxellesu za mlade diplomante, predstavnike lokalnih vlasti, mala i srednja poduze\u0107a, sveu\u010dili\u0161ta, promi\u010du\u0107i aktivnosti mobilnosti na razli\u010ditim razinama obuke. Od 2004. IHF je organizirao vi\u0161e od 40 studijskih posjeta Bruxellesu za vi\u0161e od 500 ljudi.<\/p>\n<p>IHF je sudjelovao kao pridru\u017eeni partner u prethodnim projektima koje je financirala EU, pridonose\u0107i uglavnom aktivnostima diseminacije i eksploatacije. Daljnju pomo\u0107 IHF pru\u017ea kontinuiranim pra\u0107enjem zakonodavstva EU i aktivnosti europskih institucija te posljedi\u010dnim \u0161irenjem povezanih informacija, pomo\u0107i u tra\u017eenju partnera i izgradnji mre\u017ea.<br \/>\nZahvaljuju\u0107i svojoj prisutnosti u Bruxellesu, IHF asbl stekao je relevantno iskustvo u organizaciji aktivnosti diseminacije i valorizacije na razini EU-a, kroz kontakte sa zastupnicima u Europskom parlamentu, drugim europskim udrugama i institucijama, dionicima, skupinama potro\u0161a\u010da itd.<br \/>\n[\/vc_column_text][\/vc_column][\/vc_row][vc_row css_animation=&#8221;&#8221; row_type=&#8221;row&#8221; use_row_as_full_screen_section=&#8221;no&#8221; type=&#8221;grid&#8221; angled_section=&#8221;no&#8221; text_align=&#8221;left&#8221; background_image_as_pattern=&#8221;without_pattern&#8221; css=&#8221;.vc_custom_1477990979174{padding-top: 30px !important;padding-bottom: 30px !important;background-color: #ffffff !important;}&#8221;][vc_column][vc_btn title=&#8221;Go to web&#8221; align=&#8221;right&#8221; link=&#8221;url:https%3A%2F%2Fwww.ihfeurope.eu%2F&#8221;][\/vc_column][\/vc_row][vc_row css_animation=&#8221;&#8221; row_type=&#8221;row&#8221; use_row_as_full_screen_section=&#8221;no&#8221; type=&#8221;full_width&#8221; angled_section=&#8221;no&#8221; text_align=&#8221;left&#8221; background_image_as_pattern=&#8221;without_pattern&#8221;][vc_column][\/vc_column][\/vc_row]<\/p>\n<\/section>","protected":false},"excerpt":{"rendered":"<p>[vc_row css_animation=&#8221;&#8221; row_type=&#8221;row&#8221; use_row_as_full_screen_section=&#8221;no&#8221; type=&#8221;grid&#8221; angled_section=&#8221;no&#8221; text_align=&#8221;left&#8221; background_image_as_pattern=&#8221;without_pattern&#8221; css=&#8221;.vc_custom_1477990979174{padding-top: 30px !important;padding-bottom: 30px !important;background-color: #ffffff !important;}&#8221;][vc_column width=&#8221;1\/3&#8243;][vc_single_image image=&#8221;484&#8243; img_size=&#8221;&#8221; alignment=&#8221;center&#8221; qode_css_animation=&#8221;&#8221;][\/vc_column][vc_column width=&#8221;1\/3&#8243;][\/vc_column][vc_column width=&#8221;1\/3&#8243;][\/vc_column][\/vc_row][vc_row css_animation=&#8221;&#8221; row_type=&#8221;row&#8221; use_row_as_full_screen_section=&#8221;no&#8221; type=&#8221;grid&#8221; angled_section=&#8221;no&#8221; text_align=&#8221;left&#8221; background_image_as_pattern=&#8221;without_pattern&#8221; css=&#8221;.vc_custom_1477990979174{padding-top: 30px !important;padding-bottom: 30px !important;background-color: #ffffff !important;}&#8221;][vc_column][vc_column_text]IHF: IHF, Institut de Haute Formation aux Politiques Communautaires asbl,&#8230;<\/p>\n","protected":false},"author":1,"featured_media":0,"parent":0,"menu_order":0,"comment_status":"closed","ping_status":"closed","template":"full_width.php","meta":{"footnotes":""},"class_list":["post-1237","page","type-page","status-publish","hentry"],"_links":{"self":[{"href":"https:\/\/www.virtualskills.eu\/hr\/wp-json\/wp\/v2\/pages\/1237","targetHints":{"allow":["GET"]}}],"collection":[{"href":"https:\/\/www.virtualskills.eu\/hr\/wp-json\/wp\/v2\/pages"}],"about":[{"href":"https:\/\/www.virtualskills.eu\/hr\/wp-json\/wp\/v2\/types\/page"}],"author":[{"embeddable":true,"href":"https:\/\/www.virtualskills.eu\/hr\/wp-json\/wp\/v2\/users\/1"}],"replies":[{"embeddable":true,"href":"https:\/\/www.virtualskills.eu\/hr\/wp-json\/wp\/v2\/comments?post=1237"}],"version-history":[{"count":1,"href":"https:\/\/www.virtualskills.eu\/hr\/wp-json\/wp\/v2\/pages\/1237\/revisions"}],"predecessor-version":[{"id":1238,"href":"https:\/\/www.virtualskills.eu\/hr\/wp-json\/wp\/v2\/pages\/1237\/revisions\/1238"}],"wp:attachment":[{"href":"https:\/\/www.virtualskills.eu\/hr\/wp-json\/wp\/v2\/media?parent=1237"}],"curies":[{"name":"wp","href":"https:\/\/api.w.org\/{rel}","templated":true}]}}