{"id":1244,"date":"2022-12-08T12:15:24","date_gmt":"2022-12-08T12:15:24","guid":{"rendered":"https:\/\/www.virtualskills.eu\/objectives\/"},"modified":"2023-02-05T13:17:34","modified_gmt":"2023-02-05T13:17:34","slug":"ciljevi","status":"publish","type":"page","link":"https:\/\/www.virtualskills.eu\/hr\/ciljevi\/","title":{"rendered":"Ciljevi"},"content":{"rendered":"<section class=\"wpb-content-wrapper\"><p>[vc_row css_animation=&#8221;&#8221; row_type=&#8221;row&#8221; use_row_as_full_screen_section=&#8221;no&#8221; type=&#8221;grid&#8221; angled_section=&#8221;no&#8221; text_align=&#8221;left&#8221; background_image_as_pattern=&#8221;without_pattern&#8221; css=&#8221;.vc_custom_1477930468034{padding-top: 81px !important;}&#8221;][vc_column offset=&#8221;vc_col-lg-6 vc_col-md-6&#8243;][vc_empty_space height=&#8221;8px&#8221;][vc_single_image image=&#8221;186&#8243; img_size=&#8221;full&#8221; qode_css_animation=&#8221;&#8221;][vc_empty_space height=&#8221;45px&#8221;][\/vc_column][vc_column offset=&#8221;vc_col-lg-6 vc_col-md-6&#8243;][vc_column_text]<span class=\"color_12\">Postoje\u0107i obrazovni programi usmjereni su na svaku od vje\u0161tina definiranu kroz VIBES pojedina\u010dno ili na neke njihove kombinacije, ali trenutno ne postoji obrazovni sadr\u017eaj usmjeren na izgradnju vje\u0161tina za rad posebno u virtualnim multikulturalnim timovima. VIBES \u0107e popuniti ovu prazninu razvijanjem i besplatnom dostupno\u0161\u0107u prepoznatljivog obrazovnog i trening sadr\u017eaja koji \u0107e na\u0161u ciljanu skupinu, studente i srednjo\u0161kolce, opremiti vje\u0161tinama relevantnim za rad u virtualnim timovima. Postoji nekoliko karakteristi\u010dnih komponenti VIBES-a kao \u0161to su virtualno okru\u017eenje, multikulturalni timovi, sastav tima koji uklju\u010duje sveu\u010dili\u0161no i srednjo\u0161kolsko obrazovane sudionike, mentorstvo iz akademske i poslovne zajednice, besplatno dostupni resursi za primjenu u drugim dru\u0161tveno-ekonomskim kontekstima. Kombinacijom ovih komponenti VIBES \u0107e proizvesti obrazovni sadr\u017eaj koji je vrlo realisti\u010dan i primjenjiv u uvjetima stvarnog svijeta pru\u017eaju\u0107i ciljnoj skupini vje\u0161tine neophodne za njihovu zapo\u0161ljivost u digitalnoj eri.<\/span>[\/vc_column_text][\/vc_column][\/vc_row][vc_row css_animation=&#8221;&#8221; row_type=&#8221;row&#8221; use_row_as_full_screen_section=&#8221;no&#8221; type=&#8221;grid&#8221; angled_section=&#8221;no&#8221; text_align=&#8221;left&#8221; background_image_as_pattern=&#8221;without_pattern&#8221; css=&#8221;.vc_custom_1670501941371{padding-top: 20px !important;padding-bottom: 81px !important;}&#8221; z_index=&#8221;&#8221;][vc_column offset=&#8221;vc_col-lg-6 vc_col-md-6&#8243;][vc_column_text]<\/p>\n<div class=\"\" data-mesh-id=\"comp-kohq4bioinlineContent\" data-testid=\"inline-content\">\n<div data-mesh-id=\"comp-kohq4bioinlineContent-gridContainer\" data-testid=\"mesh-container-content\">\n<div id=\"comp-kohq4bjj3\" class=\"_1Q9if _3bcaz\" data-testid=\"richTextElement\">\n<h3 class=\"font_7\"><span class=\"color_12\">VIBES \u0107e:<\/span><\/h3>\n<ul>\n<li class=\"font_8\">Omogu\u0107iti mapiranje potreba za vje\u0161tinama za rad u virtualnim timovima me\u0111u organizacijama koriste\u0107i veze NGO-a i malih i srednjih poduze\u0107a uklju\u010denih u projekt.<\/li>\n<li class=\"font_8\">Osigurati detaljno mapiranje pristupa razvoju virtualnih timskih vje\u0161tina u visoko\u0161kolskim ustanovama i srednjim \u0161kolama na razini zemlje i cijele EU<\/li>\n<li class=\"font_8\">Razvijati online vi\u0161ejezi\u010dne obrazovne sadr\u017eaje s ciljem osna\u017eivanja ciljne skupine vje\u0161tinama za rad u virtualnim timovima<\/li>\n<li class=\"font_8\">Osmisliti i pokrenuti virtualni prostor za suradnju na platformi otvorenog koda u obliku otvorenog obrazovnog resursa (OER) koji \u0107e se sastojati od dva bloka. Jedan je namijenjen instruktorima za ja\u010danje njihovih kompetencija za izgradnju virtualnih timskih vje\u0161tina, a drugi s edukativnim sadr\u017eajem za samoprocjenu vlastitih virtualnih timskih vje\u0161tina.<\/li>\n<li class=\"font_8\">Razviti smjernice za primjenu kreiranog sadr\u017eaja u razli\u010ditim dru\u0161tveno-ekonomskim kontekstima<\/li>\n<li class=\"font_8\">Omogu\u0107iti testiranje i validaciju rezultata projekta na uzorku virtualnih multikulturalnih timova pod nadzorom mentora iz akademske zajednice i gospodarstva.<\/li>\n<\/ul>\n<\/div>\n<\/div>\n<\/div>\n<p>[\/vc_column_text][\/vc_column][vc_column offset=&#8221;vc_col-lg-6 vc_col-md-6&#8243;][vc_empty_space height=&#8221;8px&#8221;][vc_single_image image=&#8221;187&#8243; img_size=&#8221;full&#8221; qode_css_animation=&#8221;&#8221;][vc_empty_space height=&#8221;45px&#8221;][\/vc_column][\/vc_row]<\/p>\n<\/section>","protected":false},"excerpt":{"rendered":"<p>[vc_row css_animation=&#8221;&#8221; row_type=&#8221;row&#8221; use_row_as_full_screen_section=&#8221;no&#8221; type=&#8221;grid&#8221; angled_section=&#8221;no&#8221; text_align=&#8221;left&#8221; background_image_as_pattern=&#8221;without_pattern&#8221; css=&#8221;.vc_custom_1477930468034{padding-top: 81px !important;}&#8221;][vc_column offset=&#8221;vc_col-lg-6 vc_col-md-6&#8243;][vc_empty_space height=&#8221;8px&#8221;][vc_single_image image=&#8221;186&#8243; img_size=&#8221;full&#8221; qode_css_animation=&#8221;&#8221;][vc_empty_space height=&#8221;45px&#8221;][\/vc_column][vc_column offset=&#8221;vc_col-lg-6 vc_col-md-6&#8243;][vc_column_text]Postoje\u0107i obrazovni programi usmjereni su na svaku od vje\u0161tina definiranu kroz VIBES pojedina\u010dno ili na neke njihove kombinacije, ali trenutno ne postoji obrazovni sadr\u017eaj usmjeren na&#8230;<\/p>\n","protected":false},"author":1,"featured_media":0,"parent":0,"menu_order":0,"comment_status":"closed","ping_status":"closed","template":"full_width.php","meta":{"footnotes":""},"class_list":["post-1244","page","type-page","status-publish","hentry"],"_links":{"self":[{"href":"https:\/\/www.virtualskills.eu\/hr\/wp-json\/wp\/v2\/pages\/1244","targetHints":{"allow":["GET"]}}],"collection":[{"href":"https:\/\/www.virtualskills.eu\/hr\/wp-json\/wp\/v2\/pages"}],"about":[{"href":"https:\/\/www.virtualskills.eu\/hr\/wp-json\/wp\/v2\/types\/page"}],"author":[{"embeddable":true,"href":"https:\/\/www.virtualskills.eu\/hr\/wp-json\/wp\/v2\/users\/1"}],"replies":[{"embeddable":true,"href":"https:\/\/www.virtualskills.eu\/hr\/wp-json\/wp\/v2\/comments?post=1244"}],"version-history":[{"count":2,"href":"https:\/\/www.virtualskills.eu\/hr\/wp-json\/wp\/v2\/pages\/1244\/revisions"}],"predecessor-version":[{"id":1246,"href":"https:\/\/www.virtualskills.eu\/hr\/wp-json\/wp\/v2\/pages\/1244\/revisions\/1246"}],"wp:attachment":[{"href":"https:\/\/www.virtualskills.eu\/hr\/wp-json\/wp\/v2\/media?parent=1244"}],"curies":[{"name":"wp","href":"https:\/\/api.w.org\/{rel}","templated":true}]}}