{"id":1258,"date":"2022-12-08T21:50:17","date_gmt":"2022-12-08T21:50:17","guid":{"rendered":"https:\/\/www.virtualskills.eu\/project\/"},"modified":"2023-02-08T09:10:16","modified_gmt":"2023-02-08T09:10:16","slug":"projekt","status":"publish","type":"page","link":"https:\/\/www.virtualskills.eu\/hr\/projekt\/","title":{"rendered":"Projekt"},"content":{"rendered":"<section class=\"wpb-content-wrapper\"><p>[vc_row css_animation=&#8221;&#8221; row_type=&#8221;row&#8221; use_row_as_full_screen_section=&#8221;no&#8221; type=&#8221;grid&#8221; angled_section=&#8221;no&#8221; text_align=&#8221;left&#8221; background_image_as_pattern=&#8221;without_pattern&#8221; css=&#8221;.vc_custom_1481534274629{padding-bottom: 40px !important;}&#8221;][vc_column offset=&#8221;vc_col-lg-6 vc_col-md-6&#8243;][vc_empty_space][vc_column_text]<\/p>\n<h3>O <strong>VIBES-u<\/strong><\/h3>\n<p>[\/vc_column_text][vc_column_text]VIBES (Virtual Business Skills Empowerment) bavi se dvjema vrstama vje\u0161tina relevantnih za budu\u0107u zapo\u0161ljivost mladih Europljana u digitalnoj eri: Sposobnost rada u virtualnim i multikulturalnim timovima. Umjesto da obu\u010dava ljude za postoje\u0107e uloge koje brzo zastarijevaju, VIBES ima za cilj razvijanje poduzetni\u010dkog stava kako bi se razumjelo da je kao odgovor na nove prilike stalna evolucija individualnih i organizacijskih sposobnosti potrebna. Zajedni\u010dko stvaranje inovativnih pristupa razvoju suradni\u010dkih sposobnosti, mogu\u0107nosti umre\u017eavanja i razvoja inovacija i strate\u0161kih vje\u0161tina omogu\u0107it \u0107e odr\u017eiviji individualni skup vje\u0161tina koji se mo\u017ee lak\u0161e prilagoditi i stvoriti prilike na tr\u017ei\u0161tu u nastajanju.<\/p>\n<p>Tim od sedam institucija iz Hrvatske, Estonije, Finske, Belgije i \u0160vicarske oslanjat \u0107e se na najbolje prakse iz svake zemlje kako bi razvio i isporu\u010dio module studija i obuke za izgradnju sposobnosti virtualnih timova s opisima procesa ishoda u\u010denja i metoda kao integriranih procesa , alate za podr\u0161ku te metode i kriterije procjene. Stvorit \u0107e se virtualni prostor za suradnju i za razmjenu materijala za u\u010denje, iskustava i ideja kako bi se promicala me\u0111ukulturalna suradnja i razmjena nastavnog iskustva i znanja. Na\u0161i moduli mogu poslu\u017eiti kao potencijalni razvojni resursi za mala i srednja poduze\u0107a u potrazi za inovativnim intrapoduzetnicima.<br \/>\n[\/vc_column_text][\/vc_column][vc_column offset=&#8221;vc_col-lg-6 vc_col-md-6&#8243;]<div class=\"qode-accordion-holder clearfix qode-accordion qode-initial \">\n\t<h5 class=\"clearfix qode-title-holder\">\n<span class=\"qode-tab-title\">\n\t\t\t<span class=\"qode-tab-title-icon\">\n\t\t\t<span aria-hidden=\"true\" class=\"qode_icon_font_elegant arrow_left-right \" ><\/span>\t\t<\/span>\n\t    <span class=\"qode-tab-title-inner\">\n        VIBES suradnja s poslovnim sektorom    <\/span>\n<\/span>\n<span class=\"qode-accordion-mark\">\n    <span class=\"qode-accordion-mark-icon\">\n        <span class=\"icon_plus\"><\/span>\n        <span class=\"icon_minus-06\"><\/span>\n    <\/span>\n<\/span>\n<\/h5>\n<div  class=\"qode-accordion-content qode-acc-title-with-icon\" style=\"background-image: url(https:\/\/www.virtualskills.eu\/wp-content\/uploads\/2016\/09\/accordion-1.jpg); padding: 19px 73px 39px 60px\">\n    <div class=\"qode-accordion-content-inner\">\n        [vc_column_text]<span style=\"color: #ffffff;\">Prvi dio aktivnosti obuke odvijat \u0107e se u okviru redovnih aktivnosti visokih u\u010dili\u0161ta uklju\u010denih u VIBES. Uspostavit \u0107e se veze s poslovnim svijetom kako bi se dovela relevantna poduze\u0107a i profesionalci koji \u0107e se baviti coachingom. <\/span>[\/vc_column_text][vc_empty_space height=&#8221;23px&#8221;]<a  itemprop=\"url\" href=\"https:\/\/www.virtualskills.eu\/hr\/vibes-suradnja-s-poslovnim-sektorom\/\" target=\"_self\"  class=\"qbutton  small right white default  qode-button-shadow\" style=\"\">Explore<\/a>    <\/div>\n<\/div><h5 class=\"clearfix qode-title-holder\">\n<span class=\"qode-tab-title\">\n\t\t\t<span class=\"qode-tab-title-icon\">\n\t\t\t<span aria-hidden=\"true\" class=\"qode_icon_font_elegant arrow_left-up \" ><\/span>\t\t<\/span>\n\t    <span class=\"qode-tab-title-inner\">\n        Razvoj VIBES sadr\u017eaja    <\/span>\n<\/span>\n<span class=\"qode-accordion-mark\">\n    <span class=\"qode-accordion-mark-icon\">\n        <span class=\"icon_plus\"><\/span>\n        <span class=\"icon_minus-06\"><\/span>\n    <\/span>\n<\/span>\n<\/h5>\n<div  class=\"qode-accordion-content qode-acc-title-with-icon\" style=\"background-image: url(https:\/\/www.virtualskills.eu\/wp-content\/uploads\/2016\/09\/accordion-4.jpg); padding: 19px 73px 39px 60px\">\n    <div class=\"qode-accordion-content-inner\">\n        [vc_column_text]<span style=\"color: #ffffff;\">VIBES razvija preporu\u010dene vje\u0161tine za rad u multikulturalnim virtualnim timovima stvaranjem obrazovnog sadr\u017eaja i procesa koji se mogu prilagoditi razli\u010ditim razinama dionika u razli\u010ditim kontekstima. <\/span>[\/vc_column_text][vc_empty_space height=&#8221;23px&#8221;]<a  itemprop=\"url\" href=\"https:\/\/www.virtualskills.eu\/hr\/razvoj-vibes-sadrzaja\/\" target=\"_self\"  class=\"qbutton  small right white default  qode-button-shadow\" style=\"\">Explore<\/a>    <\/div>\n<\/div><h5 class=\"clearfix qode-title-holder\">\n<span class=\"qode-tab-title\">\n\t\t\t<span class=\"qode-tab-title-icon\">\n\t\t\t<span aria-hidden=\"true\" class=\"qode_icon_font_elegant arrow_expand_alt \" ><\/span>\t\t<\/span>\n\t    <span class=\"qode-tab-title-inner\">\n        VIBES platforma za suradnju    <\/span>\n<\/span>\n<span class=\"qode-accordion-mark\">\n    <span class=\"qode-accordion-mark-icon\">\n        <span class=\"icon_plus\"><\/span>\n        <span class=\"icon_minus-06\"><\/span>\n    <\/span>\n<\/span>\n<\/h5>\n<div  class=\"qode-accordion-content qode-acc-title-with-icon\" style=\"background-image: url(https:\/\/www.virtualskills.eu\/wp-content\/uploads\/2016\/09\/accordion-3.jpg); padding: 19px 73px 39px 60px\">\n    <div class=\"qode-accordion-content-inner\">\n        [vc_column_text]<span style=\"color: #ffffff;\">Platforma \u0107e biti dizajnirana kao platforma otvorenih obrazovnih resursa, digitalno sredi\u0161te u\u010denja o virtualnim vje\u0161tinama. <\/span>[\/vc_column_text][vc_empty_space height=&#8221;23px&#8221;]<a  itemprop=\"url\" href=\"https:\/\/www.virtualskills.eu\/hr\/vibes-platforma-za-suradnju\/\" target=\"_self\"  class=\"qbutton  small right white default  qode-button-shadow\" style=\"\">Explore<\/a>    <\/div>\n<\/div><h5 class=\"clearfix qode-title-holder\">\n<span class=\"qode-tab-title\">\n\t\t\t<span class=\"qode-tab-title-icon\">\n\t\t\t<span aria-hidden=\"true\" class=\"qode_icon_font_elegant arrow_left-down \" ><\/span>\t\t<\/span>\n\t    <span class=\"qode-tab-title-inner\">\n        VIBES ispitivanje mnijenja poslovnog sektora    <\/span>\n<\/span>\n<span class=\"qode-accordion-mark\">\n    <span class=\"qode-accordion-mark-icon\">\n        <span class=\"icon_plus\"><\/span>\n        <span class=\"icon_minus-06\"><\/span>\n    <\/span>\n<\/span>\n<\/h5>\n<div  class=\"qode-accordion-content qode-acc-title-with-icon\" style=\"background-image: url(https:\/\/www.virtualskills.eu\/wp-content\/uploads\/2016\/09\/accordion-1.jpg); padding: 19px 73px 39px 60px\">\n    <div class=\"qode-accordion-content-inner\">\n        [vc_column_text]<span style=\"color: #ffffff;\">Trenutno je znanje o sposobnostima virtualnog timskog rada jo\u0161 uvijek u ranoj fazi razvoja<\/span>[\/vc_column_text][vc_empty_space height=&#8221;23px&#8221;]<a  itemprop=\"url\" href=\"https:\/\/www.virtualskills.eu\/vibes-business-survey\/\" target=\"_self\"  class=\"qbutton  small right white default  qode-button-shadow\" style=\"\">Explore<\/a>    <\/div>\n<\/div><h5 class=\"clearfix qode-title-holder\">\n<span class=\"qode-tab-title\">\n\t\t\t<span class=\"qode-tab-title-icon\">\n\t\t\t<span aria-hidden=\"true\" class=\"qode_icon_font_elegant arrow_move \" ><\/span>\t\t<\/span>\n\t    <span class=\"qode-tab-title-inner\">\n        Znanje o sposobnostima virtualnog timskog rada    <\/span>\n<\/span>\n<span class=\"qode-accordion-mark\">\n    <span class=\"qode-accordion-mark-icon\">\n        <span class=\"icon_plus\"><\/span>\n        <span class=\"icon_minus-06\"><\/span>\n    <\/span>\n<\/span>\n<\/h5>\n<div  class=\"qode-accordion-content qode-acc-title-with-icon\" style=\"background-image: url(https:\/\/www.virtualskills.eu\/wp-content\/uploads\/2016\/09\/accordion.jpg); padding: 19px 73px 39px 60px\">\n    <div class=\"qode-accordion-content-inner\">\n        [vc_column_text]<span style=\"color: #ffffff;\">Znanje o sposobnostima virtualnog timskog rada jo\u0161 je uvijek u ranoj fazi razvoja. <\/span>[\/vc_column_text][vc_empty_space height=&#8221;23px&#8221;]<a  itemprop=\"url\" href=\"https:\/\/www.virtualskills.eu\/hr\/znanje-o-sposobnostima-virtualnog-timskog-rada\/\" target=\"_self\"  class=\"qbutton  small right white default  qode-button-shadow\" style=\"\">Explore<\/a>    <\/div>\n<\/div><\/div>[\/vc_column][\/vc_row][vc_row css_animation=&#8221;&#8221; row_type=&#8221;row&#8221; use_row_as_full_screen_section=&#8221;no&#8221; type=&#8221;full_width&#8221; angled_section=&#8221;no&#8221; text_align=&#8221;left&#8221; background_image_as_pattern=&#8221;without_pattern&#8221;][vc_column][vc_column_text][\/vc_column_text][\/vc_column][\/vc_row]<\/p>\n<\/section>","protected":false},"excerpt":{"rendered":"<p>[vc_row css_animation=&#8221;&#8221; row_type=&#8221;row&#8221; use_row_as_full_screen_section=&#8221;no&#8221; type=&#8221;grid&#8221; angled_section=&#8221;no&#8221; text_align=&#8221;left&#8221; background_image_as_pattern=&#8221;without_pattern&#8221; css=&#8221;.vc_custom_1481534274629{padding-bottom: 40px !important;}&#8221;][vc_column offset=&#8221;vc_col-lg-6 vc_col-md-6&#8243;][vc_empty_space][vc_column_text] O VIBES-u [\/vc_column_text][vc_column_text]VIBES (Virtual Business Skills Empowerment) bavi se dvjema vrstama vje\u0161tina relevantnih za budu\u0107u zapo\u0161ljivost mladih Europljana u digitalnoj eri: Sposobnost rada u virtualnim i multikulturalnim timovima. Umjesto da obu\u010dava ljude&#8230;<\/p>\n","protected":false},"author":1,"featured_media":0,"parent":0,"menu_order":0,"comment_status":"closed","ping_status":"closed","template":"full_width.php","meta":{"footnotes":""},"class_list":["post-1258","page","type-page","status-publish","hentry"],"_links":{"self":[{"href":"https:\/\/www.virtualskills.eu\/hr\/wp-json\/wp\/v2\/pages\/1258","targetHints":{"allow":["GET"]}}],"collection":[{"href":"https:\/\/www.virtualskills.eu\/hr\/wp-json\/wp\/v2\/pages"}],"about":[{"href":"https:\/\/www.virtualskills.eu\/hr\/wp-json\/wp\/v2\/types\/page"}],"author":[{"embeddable":true,"href":"https:\/\/www.virtualskills.eu\/hr\/wp-json\/wp\/v2\/users\/1"}],"replies":[{"embeddable":true,"href":"https:\/\/www.virtualskills.eu\/hr\/wp-json\/wp\/v2\/comments?post=1258"}],"version-history":[{"count":9,"href":"https:\/\/www.virtualskills.eu\/hr\/wp-json\/wp\/v2\/pages\/1258\/revisions"}],"predecessor-version":[{"id":1416,"href":"https:\/\/www.virtualskills.eu\/hr\/wp-json\/wp\/v2\/pages\/1258\/revisions\/1416"}],"wp:attachment":[{"href":"https:\/\/www.virtualskills.eu\/hr\/wp-json\/wp\/v2\/media?parent=1258"}],"curies":[{"name":"wp","href":"https:\/\/api.w.org\/{rel}","templated":true}]}}